{"id":1674,"date":"2012-02-23T12:23:37","date_gmt":"2012-02-23T11:23:37","guid":{"rendered":"http:\/\/czk-cakovec.hr\/?page_id=1674"},"modified":"2012-02-23T12:23:37","modified_gmt":"2012-02-23T11:23:37","slug":"ipa-projekt","status":"publish","type":"page","link":"https:\/\/czk-cakovec.hr\/saturn\/ipa-projekt\/","title":{"rendered":"IPA projekt"},"content":{"rendered":"<h3 style=\"text-align: center;\">WORKS PROCUREMENT NOTICE \/ OBJAVA NABAVE RADOVA<\/h3>\n<p>&nbsp;<\/p>\n<p>&nbsp;<\/p>\n<h4 style=\"text-align: center;\">Renovation of wardrobes in Cultural Centre of \u010cakovec \/ Adaptacija garderoba u Centru za kulturu \u010cakovec<\/h4>\n<p>&nbsp;<\/p>\n<h4 style=\"text-align: center;\">Cultural Centre of \u010cakovec &#8211; \u010cakovec, Me\u0111imurje County, Croatia \/ Centar za kulturu \u010cakovec &#8211; \u010cakovec, Me\u0111imurska \u017eupanija, Hrvatska<\/h4>\n<p>&nbsp;<\/p>\n<p>&nbsp;<\/p>\n<p><strong>1. Publication Reference \/ Broja natje\u010daja<\/strong><\/p>\n<p style=\"text-align: left; padding-left: 60px;\">01\/2012<\/p>\n<p><strong>2. Procedure \/ Postupak<\/strong><\/p>\n<p style=\"text-align: left; padding-left: 60px;\">Competetive Negotiated Procedure \/ Postupak pregovaranja s konkurentskim subjektima<\/p>\n<p><strong>3. Programme \/ Program<\/strong><\/p>\n<p style=\"padding-left: 60px;\">IPA Component II: Hungary-Croatia Cross-Border Cooperation Programme 2007-2013 \/ IPA komponenta II: Prekograni\u010dni program Ma\u0111arska-Hrvatska 2007-2013<\/p>\n<p><strong>4. Financing \/ Financiranje<\/strong><\/p>\n<p style=\"padding-left: 60px;\">Budget line \/ Prora\u010dunska linija<\/p>\n<p><strong>5. Contracting Authority \/ Ugovaratelj<\/strong><\/p>\n<p style=\"text-align: left; padding-left: 60px;\">Cultural Centre of \u010cakovec \/ Centar za kulturu \u010cakovec<br \/>\nTrg Republike bb<br \/>\n40 000 \u010cakovec<\/p>\n<p style=\"text-align: center;\"><strong>CONTRACT SPECIFICATIONS \/ SPECIFIKACIJA UGOVORA<\/strong><\/p>\n<p><strong>6. Description of the contract \/ Opis ugovora<\/strong><\/p>\n<p style=\"padding-left: 60px;\">Performing the construction and craft works, and the adaptation od space in the Cultural Centre in \u010cakovec &#8211; wardrobes and sanitary facilities \/ Izvo\u0111enje gra\u0111evinskih i obrtni\u010dkih radova na adaptaciji prostora u Centru za kulturu \u010cakovec &#8211; garderobe i sanitarni \u010dvorovi<\/p>\n<p><strong>7. Number and titles of lots \/ Broj i naziv grupa\u00a0<\/strong><\/p>\n<p style=\"padding-left: 60px;\">The works are not divided into lots \/ Radovi nisu podijeljeni u lotove<\/p>\n<p>&nbsp;<\/p>\n<p>&nbsp;<\/p>\n<table width=\"90%\">\n<tbody>\n<tr>\n<td style=\"text-align: center;\">\n<h4>Questions \/ Pitanja<\/h4>\n<\/td>\n<td style=\"text-align: center;\">\n<h4>Answers \/ Odgovori<\/h4>\n<\/td>\n<\/tr>\n<\/tbody>\n<\/table>\n<p>&nbsp;<\/p>\n<p>&nbsp;<\/p>\n<hr \/>\n<p>&nbsp;<\/p>\n<p><img loading=\"lazy\" decoding=\"async\" class=\"alignleft size-full wp-image-1685\" title=\"jaune\" src=\"http:\/\/czk-cakovec.hr\/wp-content\/uploads\/2012\/02\/jaune.jpg\" alt=\"\" width=\"100\" height=\"68\" \/>The project is co-financed by the European Union through the hungary-Croatia IPA Cross-border Co-operation Programme \/ Projekt sufinancira Europska unija u sklopu IPA prekograni\u010dnog programa Ma\u0111arska \/ Hrvatska<\/p>\n","protected":false},"excerpt":{"rendered":"<p>WORKS PROCUREMENT NOTICE \/ OBJAVA NABAVE RADOVA &nbsp; &nbsp; Renovation of wardrobes in Cultural Centre of \u010cakovec \/ Adaptacija garderoba u Centru za kulturu \u010cakovec &nbsp; Cultural Centre of \u010cakovec &#8211; \u010cakovec, Me\u0111imurje County, Croatia \/ Centar za kulturu \u010cakovec &#8211; \u010cakovec, Me\u0111imurska \u017eupanija, Hrvatska &nbsp; &nbsp; 1. Publication Reference \/ Broja natje\u010daja 01\/2012 2. Procedure \/ Postupak Competetive Negotiated [&hellip;]<\/p>\n","protected":false},"author":1,"featured_media":0,"parent":0,"menu_order":0,"comment_status":"closed","ping_status":"closed","template":"","meta":{"inline_featured_image":false,"footnotes":""},"class_list":["post-1674","page","type-page","status-publish","hentry"],"ulaznica_data":null,"_links":{"self":[{"href":"https:\/\/czk-cakovec.hr\/saturn\/wp-json\/wp\/v2\/pages\/1674","targetHints":{"allow":["GET"]}}],"collection":[{"href":"https:\/\/czk-cakovec.hr\/saturn\/wp-json\/wp\/v2\/pages"}],"about":[{"href":"https:\/\/czk-cakovec.hr\/saturn\/wp-json\/wp\/v2\/types\/page"}],"author":[{"embeddable":true,"href":"https:\/\/czk-cakovec.hr\/saturn\/wp-json\/wp\/v2\/users\/1"}],"replies":[{"embeddable":true,"href":"https:\/\/czk-cakovec.hr\/saturn\/wp-json\/wp\/v2\/comments?post=1674"}],"version-history":[{"count":0,"href":"https:\/\/czk-cakovec.hr\/saturn\/wp-json\/wp\/v2\/pages\/1674\/revisions"}],"wp:attachment":[{"href":"https:\/\/czk-cakovec.hr\/saturn\/wp-json\/wp\/v2\/media?parent=1674"}],"curies":[{"name":"wp","href":"https:\/\/api.w.org\/{rel}","templated":true}]}}