{"id":25,"date":"2017-06-14T21:44:09","date_gmt":"2017-06-14T21:44:09","guid":{"rendered":"http:\/\/demo.curlythemes.com\/theatrewp\/?page_id=25"},"modified":"2025-09-10T12:12:49","modified_gmt":"2025-09-10T10:12:49","slug":"o-nama","status":"publish","type":"page","link":"https:\/\/czk-cakovec.hr\/saturn\/o-nama\/","title":{"rendered":"O nama"},"content":{"rendered":"<div class=\"wpb-content-wrapper\">[vc_row full_width=&#8221;stretch_row&#8221; curly_bg_repeat=&#8221;bg-no-repeat&#8221; curly_bg_position=&#8221;bg-pos-center-bottom&#8221; curly_padding=&#8221;content-padding-lg&#8221; css=&#8221;.vc_custom_1728287412791{padding-top: 15% !important;background-image: url(https:\/\/czk-cakovec.hr\/wp-content\/uploads\/2024\/10\/dvorana_fade_poz.jpg?id=45085) !important;background-position: center !important;background-repeat: no-repeat !important;background-size: cover !important;}&#8221;][vc_column width=&#8221;1\/2&#8243;][vc_column_text css=&#8221;&#8221;]\n<h1 class=\"special-title display-1\">O Centru<\/h1>\n[\/vc_column_text][vc_empty_space height=&#8221;&#8221; el_class=&#8221;xtd-spacer&#8211;lg&#8221;][vc_column_text css=&#8221;&#8221;]\n<p class=\"lead lead-lg\">Od osnutka 1981. godine, nastoje\u0107i u potpunosti opravdati svoj \u0161irok i sveobuhvatan naziv, Centar za kulturu u \u010cakovcu razvija razli\u010dite izvorne manifestacije i programe te organizira brojne nastupe gostuju\u0107ih izvo\u0111a\u010da.<\/p>\n[\/vc_column_text][\/vc_column][vc_column width=&#8221;5\/12&#8243; offset=&#8221;vc_col-sm-offset-1&#8243;][vc_single_image image=&#8221;45604&#8243; img_size=&#8221;large&#8221; style=&#8221;xtd-shadow&#8211;large-hard&#8221; onclick=&#8221;link_image&#8221; css_animation=&#8221;fadeIn&#8221; css=&#8221;&#8221; el_class=&#8221;xtd-offset-frame&#8221;][\/vc_column][\/vc_row][vc_row full_width=&#8221;stretch_row&#8221; curly_bg_repeat=&#8221;bg-no-repeat&#8221; curly_bg_position=&#8221;bg-pos-center-bottom&#8221; curly_bg_parallax=&#8221;true&#8221; curly_padding=&#8221;content-padding-lg&#8221; css=&#8221;.vc_custom_1497610370674{background-image: url(https:\/\/czk-cakovec.hr\/wp-content\/uploads\/2017\/06\/staatsoperwien2-3.jpg?id=57) !important;background-position: center !important;background-repeat: no-repeat !important;background-size: cover !important;}&#8221; el_id=&#8221;about-us&#8221;][vc_column width=&#8221;5\/6&#8243; offset=&#8221;vc_col-sm-offset-1&#8243;]<div class='xtd-timeline '><div class='xtd-timeline__item' data-title='Centar za kulturu'>[vc_single_image image=&#8221;45606&#8243; img_size=&#8221;large&#8221; style=&#8221;xtd-shadow&#8211;large-hard&#8221; onclick=&#8221;link_image&#8221; css_animation=&#8221;fadeIn&#8221; css=&#8221;&#8221; el_class=&#8221;xtd-offset-frame&#8221;][vc_column_text css=&#8221;.vc_custom_1736330656850{margin-top: -6em !important;}&#8221; el_class=&#8221;z-index&#8211;2&#8243;]<strong class=\"font-family--h1 display-1\">dvorana<\/strong>[\/vc_column_text][vc_empty_space][vc_column_text css=&#8221;&#8221;]\n<p class=\"lead-sm h1--font-family\">U dvorani Centra za kulturu odr\u017eavaju se raznoliki kazali\u0161ni, baletni i glazbeni programi. Najdulju tradiciju ima Tribina \u010cakovec \u010detvrtkom koja kroz jesensko zimsku i proljetnu sezonu objedinjuje programe uklju\u010duju\u0107i kazali\u0161te, film i glazbene programe. Vikendom se prikazuju filmovi, a dugogodi\u0161nju filmsku tradiciju \u010dini i Dje\u010dja filmska tribina koja se odr\u017eava subotom i nedjeljom.<\/p>\n[\/vc_column_text]<\/div><div class='xtd-timeline__item' data-title='kinematografija'>[vc_single_image image=&#8221;46305&#8243; img_size=&#8221;full&#8221; style=&#8221;xtd-shadow&#8211;large-hard&#8221; css=&#8221;&#8221; el_class=&#8221;xtd-offset-frame&#8221;][vc_column_text css=&#8221;.vc_custom_1728285611070{margin-top: -6em !important;}&#8221; el_class=&#8221;z-index&#8211;2&#8243;]<span style=\"color: #bbbdbd;\"><strong class=\"font-family--h1 display-1\">film<\/strong><\/span>[\/vc_column_text][vc_empty_space][vc_column_text css=&#8221;&#8221;]\n<p class=\"lead-sm h1--font-family\">Vezano uz film spomenimo jo\u0161 \u00a0Me\u0111unarodnu reviju filmova za djecu\u00a0 koju Centar od 2013. organizira \u00a0svake godine \u00a0po\u010detkom o\u017eujka. Hrvatsku mre\u017eu neovisnih kinoprikaziva\u010da je 2014. osnovalo 27 \u00a0kinoprikaziva\u010da me\u0111u kojima i na\u0161e kino, kako bi oja\u010dali polo\u017eaj neovisnih kina unutar same filmske djelatnosti te pokrenuli i razvijali filmsku kulturu u svim njezinim oblicima diljem Hrvatske.<\/p>\n<p>Centar u suradnji sa Pu\u010dkim otvorenim u\u010dili\u0161tem Novska i Pu\u010dkim otvorenim u\u010dili\u0161tem Samobor, provodi projekt Moje malo kino (engl. Back to the Local CInema) od 2022. godine, uz potporu Creative Europe \/ MEDIA.<\/p>\n<p>Kino Centra postalo je \u010dlan najva\u017enije europske asocijacije kina \u2013 EUROPA CINEMAS zaklju\u010dkom stru\u010dne \u00a0komisije odr\u017eane u Parizu 20.4.2016. godine. Od svibnja 2016. kino je \u010dlan i ECFA-e (European Children\u2019s Film Association) koja promovira dje\u010dji film i film za djecu, te joj je glavni cilj \u0161to ve\u0107i broj djece upoznati s europskim filmom.[\/vc_column_text]<\/div><div class='xtd-timeline__item' data-title='Likovne umjetnosti'>[vc_single_image image=&#8221;46295&#8243; img_size=&#8221;large&#8221; style=&#8221;xtd-shadow&#8211;large-hard&#8221; onclick=&#8221;link_image&#8221; css_animation=&#8221;fadeIn&#8221; css=&#8221;&#8221; el_class=&#8221;xtd-offset-frame&#8221;][vc_column_text css=&#8221;.vc_custom_1728285714151{margin-top: -6em !important;}&#8221; el_class=&#8221;z-index&#8211;2&#8243;]<span style=\"color: #f9ac00;\"><strong class=\"font-family--h1 display-1\">izlo\u017ebe<\/strong><\/span>[\/vc_column_text][vc_empty_space][vc_column_text css=&#8221;&#8221;]\n<p class=\"lead-sm h1--font-family\">U izlo\u017ebenom prostoru, koji ima status dr\u017eavne galerije, svoje radove izla\u017eu poznati i cijenjeni likovni umjetnici.<\/p>\n<p>Galerija Centra za kulturu uvr\u0161tena je na popis relevantnih galerija i izlo\u017ebenih prostora u Republici Hrvatskoj. Rezultat je to programa koji sustavno prati recentnu produkciju likovnih umjetnika na lokalnoj, regionalnoj, nacionalnoj, a novije vrijeme i na internacionalnoj razini.[\/vc_column_text]<\/div><div class='xtd-timeline__item' data-title='Scenske umjetnosti'>[vc_single_image image=&#8221;45112&#8243; img_size=&#8221;large&#8221; style=&#8221;xtd-shadow&#8211;large-hard&#8221; css=&#8221;.vc_custom_1728301773620{margin-right: -6rem !important;}&#8221; el_class=&#8221;xtd-offset-frame&#8221;][vc_column_text css=&#8221;.vc_custom_1728285868166{margin-top: -6em !important;}&#8221; el_class=&#8221;z-index&#8211;2&#8243;]<span style=\"color: #ee76aa;\"><strong class=\"font-family--h1 display-1\">kazali\u0161te<\/strong><\/span>[\/vc_column_text][vc_empty_space][vc_column_text css=&#8221;&#8221;]\n<p class=\"lead-sm h1--font-family\">Centar je sve\u010dano otvoren 29. studenoga 1981. godine uz koncert Zagreba\u010dkih simfoni\u010dara i Zbora Radio-televizije Zagreb pod ravnanjem Igora Kuljeri\u0107a. Prva kazali\u0161na predstava odigrana je dva mjeseca kasnije \u2013 bila je to dramatizacija Krle\u017einog romana Banket u Blitvi u izvedbi zagreba\u010dkog Hrvatskog narodnog kazali\u0161ta u re\u017eiji Georgija Para.<\/p>\n<p>Najdulju tradiciju imaju Tribina \u010cakovec \u010detvrtkom i Majski muzi\u010dki memorijal Josip \u0160tolcer Slavenski.[\/vc_column_text]<\/div><div class='xtd-timeline__item' data-title=''>[vc_single_image image=&#8221;46318&#8243; img_size=&#8221;large&#8221; style=&#8221;xtd-shadow&#8211;large-hard&#8221; css=&#8221;.vc_custom_1736331882633{margin-right: -6rem !important;}&#8221; el_class=&#8221;xtd-offset-frame&#8221;][vc_column_text css=&#8221;.vc_custom_1736331548476{margin-top: -6em !important;}&#8221; el_class=&#8221;z-index&#8211;2&#8243;]<span style=\"color: #ee76aa;\"><strong class=\"font-family--h1 display-1\">kazali\u0161na dru\u017eina pinklec<\/strong><\/span>[\/vc_column_text][vc_empty_space][vc_column_text css=&#8221;&#8221;]\n<p class=\"lead-sm h1--font-family\">Kazali\u0161na dru\u017eina Pinklec profesionalno je kazali\u0161te za djecu i mlade, koje od 1987. godine djeluje pri Centru za kulturu \u010cakovec, a 2006. godine stekla je status profesionalne kazali\u0161ne dru\u017eine. Osniva\u010d i umjetni\u010dki ravnatelj kazali\u0161ta je Romano Bogdan. Kazali\u0161na dru\u017eina Pinklec kreira predstave namijenjene djeci i mladima do 18 godina. Kazali\u0161na dru\u017eina Pinklec okuplja stotinjak djece i mladih u Dramskom studiju \u201dDada\u201d te kroz nekoliko skupina unutar studija educira i odgaja djecu i mlade.<\/p>\n<p>\u010clanica je strukovnih udruga profesionalnih kazali\u0161ta: UNIMA-e (Svjetskog udru\u017eenja lutkara i lutkarskih kazali\u0161ta) i ASSITEJ-a (Svjetskog udru\u017eenja profesionalnih kazali\u0161ta za djecu i mlade).[\/vc_column_text]<\/div><div class='xtd-timeline__item' data-title='Glazba'>[vc_single_image image=&#8221;45607&#8243; img_size=&#8221;large&#8221; style=&#8221;xtd-shadow&#8211;large-hard&#8221; onclick=&#8221;link_image&#8221; css_animation=&#8221;fadeIn&#8221; css=&#8221;&#8221; el_class=&#8221;xtd-offset-frame&#8221;][vc_column_text css=&#8221;.vc_custom_1728287311285{margin-top: -6em !important;}&#8221; el_class=&#8221;z-index&#8211;2&#8243;]<span style=\"color: #f9ac00;\"><strong class=\"font-family--h1 display-1\"><span style=\"color: #6ec7d9;\">koncerti<\/span><\/strong><\/span>[\/vc_column_text][vc_column_text css=&#8221;&#8221;]\n<p class=\"lead-sm h1--font-family\">Najdulju tradiciju ima Majski muzi\u010dki memorijal Josip \u0160tolcer Slavenski. U Centru se odr\u017eava Jazz fair koji je s vremenom postao respektabilan festival i potvrda potrebe za takvom vrstom glazbe te je sve zapa\u017eeniji me\u0111u publikom. U Centru se odr\u017eavaju i tradicionalni Bo\u017ei\u0107ni koncert \u010dakove\u010dkih amatera i novogodi\u0161nji koncert Simfonijskog orkestra Hrvatske radiotelevizije pod vodstvom eminentnih dirigenata i u suradnji s poznatim solistima pjeva\u010dima.<\/p>\n[\/vc_column_text][vc_empty_space][vc_column_text css=&#8221;&#8221;][\/vc_column_text]<\/div><\/div>[\/vc_column][\/vc_row][vc_row full_width=&#8221;stretch_row&#8221; content_placement=&#8221;middle&#8221; curly_padding=&#8221;content-padding-lg&#8221; css=&#8221;.vc_custom_1497610380882{background-color: #1a1919 !important;}&#8221; el_id=&#8221;hire-space&#8221;][vc_column width=&#8221;7\/12&#8243;][vc_single_image image=&#8221;46310&#8243; img_size=&#8221;full&#8221; css=&#8221;.vc_custom_1736251606906{margin-bottom: 0px !important;}&#8221;][\/vc_column][vc_column width=&#8221;1\/3&#8243; offset=&#8221;vc_col-sm-offset-1&#8243;][vc_empty_space height=&#8221;&#8221; el_class=&#8221;xtd-spacer&#8221;][vc_column_text css=&#8221;&#8221;]\n<h2 class=\"special-title\">Najam prostora<\/h2>\n<h4>Dvorana<\/h4>\n<p>U dvorani Centra za kulturu za najam su dostupna 546 sjede\u0107a mjesta (455 parter, 101 balkon).<br \/>\nDvorana posjeduje pozornicu (\u0161irina 11m, dubina 15 m, visina 6 m), a amfiteatarski raspored sjedala svim sudionicima pru\u017ea nesmetano pra\u0107enje programa\/doga\u0111anja.<\/p>\n<h4>Mala scena Vinko Lisjak<\/h4>\n<p>Mala scena Vinko Lisjak je prostor u kojem se mogu odr\u017eavati koncerti, knji\u017eevne\/stand-up ve\u010deri, promocije knjiga, savjetovanja, tiskovne konferencije.<br \/>\nPrima 150 posjetitelja. Mogu\u0107nost organizacije ugostiteljske usluge.<\/p>\n<h4>Predvorje i Galerija<\/h4>\n<p>Pogodni su za izlo\u017ebe, tiskovne konferencije, promocije. Mogu\u0107nost organizacije ugostiteljske usluge u predvorju.<\/p>\n<p>TELEFON \/ <strong>(040) 311 488<\/strong><br \/>\nEMAIL\u00a0\/\u00a0<a href=\"#\"><strong>ravnatelj@czk-cakovec.hr<\/strong><\/a>[\/vc_column_text][vc_empty_space height=&#8221;&#8221; el_class=&#8221;xtd-spacer&#8221;][\/vc_column][\/vc_row]\n<\/div>","protected":false},"excerpt":{"rendered":"<p>[vc_row full_width=&#8221;stretch_row&#8221; curly_bg_repeat=&#8221;bg-no-repeat&#8221; curly_bg_position=&#8221;bg-pos-center-bottom&#8221; curly_padding=&#8221;content-padding-lg&#8221; css=&#8221;.vc_custom_1728287412791{padding-top: 15% !important;background-image: url(https:\/\/czk-cakovec.hr\/wp-content\/uploads\/2024\/10\/dvorana_fade_poz.jpg?id=45085) !important;background-position: center !important;background-repeat: no-repeat !important;background-size: cover !important;}&#8221;][vc_column width=&#8221;1\/2&#8243;][vc_column_text css=&#8221;&#8221;] O Centru [\/vc_column_text][vc_empty_space height=&#8221;&#8221; el_class=&#8221;xtd-spacer&#8211;lg&#8221;][vc_column_text css=&#8221;&#8221;] Od osnutka 1981. godine, nastoje\u0107i u potpunosti opravdati svoj \u0161irok i sveobuhvatan naziv, Centar za kulturu u \u010cakovcu razvija razli\u010dite izvorne manifestacije i programe te organizira brojne nastupe gostuju\u0107ih izvo\u0111a\u010da. [\/vc_column_text][\/vc_column][vc_column width=&#8221;5\/12&#8243; offset=&#8221;vc_col-sm-offset-1&#8243;][vc_single_image image=&#8221;45604&#8243; img_size=&#8221;large&#8221; style=&#8221;xtd-shadow&#8211;large-hard&#8221; [&hellip;]<\/p>\n","protected":false},"author":1,"featured_media":0,"parent":0,"menu_order":0,"comment_status":"closed","ping_status":"closed","template":"","meta":{"inline_featured_image":false,"footnotes":""},"class_list":["post-25","page","type-page","status-publish","hentry"],"ulaznica_data":null,"_links":{"self":[{"href":"https:\/\/czk-cakovec.hr\/saturn\/wp-json\/wp\/v2\/pages\/25","targetHints":{"allow":["GET"]}}],"collection":[{"href":"https:\/\/czk-cakovec.hr\/saturn\/wp-json\/wp\/v2\/pages"}],"about":[{"href":"https:\/\/czk-cakovec.hr\/saturn\/wp-json\/wp\/v2\/types\/page"}],"author":[{"embeddable":true,"href":"https:\/\/czk-cakovec.hr\/saturn\/wp-json\/wp\/v2\/users\/1"}],"replies":[{"embeddable":true,"href":"https:\/\/czk-cakovec.hr\/saturn\/wp-json\/wp\/v2\/comments?post=25"}],"version-history":[{"count":45,"href":"https:\/\/czk-cakovec.hr\/saturn\/wp-json\/wp\/v2\/pages\/25\/revisions"}],"predecessor-version":[{"id":47670,"href":"https:\/\/czk-cakovec.hr\/saturn\/wp-json\/wp\/v2\/pages\/25\/revisions\/47670"}],"wp:attachment":[{"href":"https:\/\/czk-cakovec.hr\/saturn\/wp-json\/wp\/v2\/media?parent=25"}],"curies":[{"name":"wp","href":"https:\/\/api.w.org\/{rel}","templated":true}]}}