{"id":25077,"date":"2018-10-08T21:38:39","date_gmt":"2018-10-08T19:38:39","guid":{"rendered":"http:\/\/czk-cakovec.hr\/?page_id=25077"},"modified":"2026-01-19T09:18:11","modified_gmt":"2026-01-19T08:18:11","slug":"pravila-privatnosti-i-prikupljanja-kolacica","status":"publish","type":"page","link":"https:\/\/czk-cakovec.hr\/saturn\/pravila-privatnosti-i-prikupljanja-kolacica\/","title":{"rendered":"Pravila privatnosti i prikupljanja kola\u010di\u0107a | Izjava o sigurnosti online pla\u0107anje"},"content":{"rendered":"<h1>Cookies<\/h1>\n<div class=\"page_content\">\n<p>Kako bi posjet ovoj internetskoj stranici bio \u0161to ugodniji, funkcionalniji i prakti\u010dniji, ova internet stranica sprema na va\u0161e ra\u010dunalo odre\u0111enu koli\u010dinu informacija, takozvanih\u00a0cookies\u00a0(kola\u010di\u0107i). Oni slu\u017ee da bi web stranica radila optimalno i kako bi se pobolj\u0161alo va\u0161e iskustvo pregledavanja i kori\u0161tenja. Posjetom i kori\u0161tenjem ove web stranice pristajete na upotrebu kola\u010di\u0107a koje je mogu\u0107e i blokirati. Nakon toga \u0107ete i dalje mo\u0107i pregledavati web stranicu, ali vam neke mogu\u0107nosti ne\u0107e biti dostupne.<\/p>\n<h2>\u0160to je cookies (kola\u010di\u0107)?<\/h2>\n<p>Kola\u010di\u0107 je dio informacija spremljenih na va\u0161e ra\u010dunalo, mobitel ili tablet, koje mogu biti dostavljene neposredno od strane web stranice koju posjetite (kola\u010di\u0107i od prve strane) ili u suradnji i za potrebe web stranice od tre\u0107e strane (kola\u010di\u0107i tre\u0107e strane). Kola\u010di\u0107i u pravilu spremaju va\u0161e postavke, postavke za web stranicu i sl. Nakon \u0161to opet otvorite web stranicu, va\u0161 internetski preglednik \u0161alje natrag kola\u010di\u0107e koji pripadaju ovoj web stranici. To omogu\u0107uje stranici da prika\u017ee informacije prilago\u0111ene va\u0161im potrebama. Kola\u010di\u0107i mogu imati \u0161irok raspon informacija, uklju\u010duju\u0107i i dio osobnih informacija. Takve informacije mogu biti spremljene jedino ako vi to omogu\u0107ite. Sama web stranica ne mo\u017ee dobiti pristup informacijama koje im niste dali te ne mogu pristupiti niti jednoj drugoj datoteci na va\u0161em ra\u010dunalu.<\/p>\n<h2>Kako ih onemogu\u0107iti?<\/h2>\n<p>\u017delite li onemogu\u0107iti spremanje kola\u010di\u0107a na svoje ra\u010dunalo, mo\u017eete to u\u010diniti. Sam \u010din blokiranja mogao bi imati negativan u\u010dinak na kori\u0161tenje web stranice. Kako bi isklju\u010dili kola\u010di\u0107e, potrebno je namjestiti postavke i konfiguracije va\u0161eg internetskog preglednika. U izborniku preglednika odaberite pomo\u0107 i informacije o kola\u010di\u0107ima te slijedite upute.<\/p>\n<h2>\u0160to su privremeni kola\u010di\u0107i?<\/h2>\n<p>Privremeni kola\u010di\u0107i ili kola\u010di\u0107i sesije uklanjaju se s ra\u010dunala po zatvaranju internet preglednika. Pomo\u0107u njih web-mjesta pohranjuju privremene podatke.<\/p>\n<h2>\u0160to su stalni kola\u010di\u0107i?<\/h2>\n<p>Stalni ili spremljeni kola\u010di\u0107i ostaju na ra\u010dunalu nakon zatvaranja programa internet preglednika. Pomo\u0107u njih web-mjesta pohranjuju podatke, kao \u0161to su ime za prijavu i lozinka, tako da se ne morate prijavljivati prilikom svakog posjeta odre\u0111enom mjestu.<\/p>\n<p>Vi\u0161e o kola\u010di\u0107ima mo\u017eete pro\u010ditati ovdje:<br \/><a class=\"outlink\" href=\"http:\/\/www.allaboutcookies.org\/\" target=\"_blank\" rel=\"noopener\">http:\/\/www.allaboutcookies.<wbr \/>org\/<\/a><br \/><a class=\"outlink\" href=\"http:\/\/www.youronlinechoices.com\/hr\/\" target=\"_blank\" rel=\"noopener\">http:\/\/www.youronlinechoices.<wbr \/>com\/hr\/<\/a><br \/><a class=\"outlink\" href=\"http:\/\/www.aboutads.info\/choices\/\" target=\"_blank\" rel=\"noopener\">http:\/\/www.aboutads.info\/<wbr \/>choices\/<\/a><\/p>\n<\/div>\n<p>\u00a0<\/p>\n\n\n<p><strong>Izjava o sigurnosti online pla\u0107anja <\/strong><\/p>\n\n\n\n<p>Pri pla\u0107anju na na\u0161oj web trgovini koristite CorvusPay \u2013 napredni sustav za siguran prihvat platnih kartica putem interneta. CorvusPay sustav osigurava potpunu tajnost Va\u0161ih karti\u010dnih i osobnih podataka ve\u0107 od trenutka kada ih upi\u0161ete u CorvusPay platni formular. Platni podaci proslje\u0111uju se \u0161ifrirano od Va\u0161eg web preglednika do banke koja je izdala Va\u0161u karticu. Na\u0161a trgovina nikada ne dolazi u kontakt s cjelovitim podacima o Va\u0161oj platnoj kartici. Tako\u0111er, podaci su nedostupni \u010dak i djelatnicima CorvusPay sustava. Izolirana jezgra samostalno prenosi i upravlja osjetljivim podacima, \u010duvaju\u0107i ih pri tom potpuno sigurnima. Formular za upis platnih podataka osiguran je SSL transportnom \u0161ifrom najve\u0107e pouzdanosti. Svi skladi\u0161teni podaci dodatno su za\u0161ti\u0107eni \u0161ifriranjem, kori\u0161tenjem kriptografskog ure\u0111aja certificiranog prema FIPS 140-2 Level 3 standardu. CorvusPay zadovoljava sve zahtjeve vezane uz sigurnost on-line pla\u0107anja propisane od strane vode\u0107ih karti\u010dnih brandova, odnosno posluje sukladno normi \u2013 PCI DSS Level 1 \u2013 najvi\u0161i sigurnosni standard industrije platnih kartica. Pri pla\u0107anju karticama uvr\u0161tenim u 3-D Secure program Va\u0161a banka uz valjanost same kartice dodatno potvr\u0111uje i Va\u0161 identitet pomo\u0107u tokena ili lozinke. Corvus Pay sve prikupljene informacije smatra tajnom i tretira ih u skladu s tim. Informacije se koriste isklju\u010divo u svrhe za koje su namijenjene. Va\u0161i osjetljivi podaci u potpunosti su sigurni, a njihova privatnost zajam\u010dena je najmodernijim za\u0161titnim mehanizmima. Prikupljaju se samo podaci nu\u017eni za obavljanje posla sukladno propisanim zahtjevnim procedurama za on-line pla\u0107anje. Sigurnosne kontrole i operativne procedure primijenjene na na\u0161u infrastrukturu osiguravaju trenutnu pouzdanost CorvusPay sustava. Uz to odr\u017eavanjem stroge kontrole pristupa, redovitim pra\u0107enjem sigurnosti i dubinskim provjerama za sprje\u010davanje ranjivosti mre\u017ee te planskim provo\u0111enjem odredbi o informacijskoj sigurnosti trajno odr\u017eavaju i unaprje\u0111uju stupanj sigurnosti sustava za\u0161titom Va\u0161ih karti\u010dnih podataka. Hvala \u0161to koristite CorvusPay! <\/p>\n\n\n\n<p><\/p>\n\n\n\n<p><strong>Security of Online Payments<\/strong> <\/p>\n\n\n\n<p>While conducting payments on our web shop you are using CorvusPay \u2013 an advanced system for secure acceptance of credit cards on the Internet. CorvusPay system ensures complete privacy of your credit card data and personal data from the moment you type them into the CorvusPay payment form. Data required for billing is forwarded encrypted from your web browser to the bank that issued your payment card. Our store never comes into contact with your sensitive payment card data. Similarly, CorvusPay operators cannot access your complete cardholder data. An isolated system core independently transmits and manages sensitive data while at the same time keeping it completely safe. The form for entering payment data is secured by an SSL transmission cipher of the greatest reliability. All stored data is additionally protected by hi-grade encryption, using hardware devices certified by FIPS 140 2 Level 3 standard. CorvusPay fulfills all of the requirements for safe online payment prescribed by the leading credit card brands, operating in compliance to the PCI DSS Level 1 standard &#8211; the highest security standard of the payment card industry. Payments made by cards enroled with the 3-D Secure program are further authenticated by the issuing bank, confirming your identity through the use of a token or a password. All information collected by Corvus Pay is considered a secret and treated accordingly. The information is used exclusively for the purposes for which they were intended. Your sensitive data is fully secure and it\u2019s privacy is guaranteed by the state of the art safeguard mechanisms. We collect only the data necessary for performing the work in accordance with the demanding prescribed procedures for online payment. Security controls and operating procedures applied within the CorvusPay infrastructure not only ensure current reliability of CorvusPay but permanently maintain and enhance the security levels of protecting your credit card information by maintaining strict access controls, regular security and in-depth system checks for preventing network vulnerabilities. Thank you for using CorvusPay!<\/p>\n","protected":false},"excerpt":{"rendered":"<p>Cookies Kako bi posjet ovoj internetskoj stranici bio \u0161to ugodniji, funkcionalniji i prakti\u010dniji, ova internet stranica sprema na va\u0161e ra\u010dunalo odre\u0111enu koli\u010dinu informacija, takozvanih\u00a0cookies\u00a0(kola\u010di\u0107i). Oni slu\u017ee da bi web stranica radila optimalno i kako bi se pobolj\u0161alo va\u0161e iskustvo pregledavanja i kori\u0161tenja. Posjetom i kori\u0161tenjem ove web stranice pristajete na upotrebu kola\u010di\u0107a koje je mogu\u0107e i blokirati. Nakon toga \u0107ete [&hellip;]<\/p>\n","protected":false},"author":1,"featured_media":0,"parent":0,"menu_order":0,"comment_status":"closed","ping_status":"closed","template":"","meta":{"inline_featured_image":false,"footnotes":""},"class_list":["post-25077","page","type-page","status-publish","hentry"],"ulaznica_data":null,"_links":{"self":[{"href":"https:\/\/czk-cakovec.hr\/saturn\/wp-json\/wp\/v2\/pages\/25077","targetHints":{"allow":["GET"]}}],"collection":[{"href":"https:\/\/czk-cakovec.hr\/saturn\/wp-json\/wp\/v2\/pages"}],"about":[{"href":"https:\/\/czk-cakovec.hr\/saturn\/wp-json\/wp\/v2\/types\/page"}],"author":[{"embeddable":true,"href":"https:\/\/czk-cakovec.hr\/saturn\/wp-json\/wp\/v2\/users\/1"}],"replies":[{"embeddable":true,"href":"https:\/\/czk-cakovec.hr\/saturn\/wp-json\/wp\/v2\/comments?post=25077"}],"version-history":[{"count":2,"href":"https:\/\/czk-cakovec.hr\/saturn\/wp-json\/wp\/v2\/pages\/25077\/revisions"}],"predecessor-version":[{"id":49729,"href":"https:\/\/czk-cakovec.hr\/saturn\/wp-json\/wp\/v2\/pages\/25077\/revisions\/49729"}],"wp:attachment":[{"href":"https:\/\/czk-cakovec.hr\/saturn\/wp-json\/wp\/v2\/media?parent=25077"}],"curies":[{"name":"wp","href":"https:\/\/api.w.org\/{rel}","templated":true}]}}