{"id":256,"date":"2011-11-03T19:51:27","date_gmt":"2011-11-03T18:51:27","guid":{"rendered":"http:\/\/czk-cakovec.hr\/?page_id=256"},"modified":"2025-09-29T11:21:17","modified_gmt":"2025-09-29T09:21:17","slug":"najam-prostora","status":"publish","type":"page","link":"https:\/\/czk-cakovec.hr\/saturn\/najam-prostora\/","title":{"rendered":"Najam prostora"},"content":{"rendered":"\n<p><strong>Dvorana<\/strong><\/p>\n\n\n\n<p>U dvorani Centra za kulturu za najam su dostupna 546 sjede\u0107a mjesta (445 parter, 101 balkon). <br>Dvorana posjeduje pozornicu (\u0161irina 11m, dubina 15 m, visina 6 m), a amfiteatarski raspored sjedala svim sudionicima pru\u017ea nesmetano pra\u0107enje programa\/doga\u0111anja.<\/p>\n\n\n\n<figure class=\"wp-block-image\"><a href=\"https:\/\/czk-cakovec.hr\/wp-content\/uploads\/2022\/05\/dvorana-czk-svibanj-2022.jpg\"><img decoding=\"async\" src=\"https:\/\/czk-cakovec.hr\/wp-content\/uploads\/2022\/05\/dvorana-czk-svibanj-2022.jpg\" alt=\"\" class=\"wp-image-35666\"\/><\/a><\/figure>\n\n\n\n<p><\/p>\n\n\n\n<p>&nbsp;<\/p>\n\n\n\n<p><strong>Mala scena Vinko Lisjak<\/strong><\/p>\n\n\n\n<p>Mala scena Vinko Lisjak je prostor u kojem se mogu odr\u017eavati koncerti, knji\u017eevne\/stand-up ve\u010deri, promocije knjiga, savjetovanja, tiskovne konferencije. Prima 150 posjetitelja.<br>Mogu\u0107nost organizacije ugostiteljske usluge.<\/p>\n\n\n\n<p><strong>Predvorje i Galerija Centra<\/strong><\/p>\n\n\n\n<figure class=\"wp-block-image\"><a href=\"https:\/\/czk-cakovec.hr\/wp-content\/uploads\/2022\/05\/galerija-centra-2022.jpg\"><img decoding=\"async\" src=\"https:\/\/czk-cakovec.hr\/wp-content\/uploads\/2022\/05\/galerija-centra-2022.jpg\" alt=\"\" class=\"wp-image-35668\"\/><\/a><\/figure>\n\n\n\n<p>Pogodni su za izlo\u017ebe, tiskovne konferencije, promocije&#8230;<\/p>\n\n\n\n<p>Mogu\u0107nost organizacije ugostiteljske usluge u predvorju.<\/p>\n\n\n\n<div data-wp-interactive=\"core\/file\" class=\"wp-block-file\"><object data-wp-bind--hidden=\"!state.hasPdfPreview\" hidden class=\"wp-block-file__embed\" data=\"https:\/\/czk-cakovec.hr\/wp-content\/uploads\/2025\/09\/CJENIK-USLUGA-KORISTENJA-PROSTORA-I-OPREME-25.9.2025.pdf\" type=\"application\/pdf\" style=\"width:100%;height:600px\" aria-label=\"Ugra\u0111eno CJENIK USLUGA KORI\u0160TENJA PROSTORA I OPREME 25.9.2025..\"><\/object><a id=\"wp-block-file--media-2f7f3525-011b-494d-a2f7-e087f321f837\" href=\"https:\/\/czk-cakovec.hr\/wp-content\/uploads\/2025\/09\/CJENIK-USLUGA-KORISTENJA-PROSTORA-I-OPREME-25.9.2025.pdf\">CJENIK USLUGA KORI\u0160TENJA PROSTORA I OPREME 25.9.2025.<\/a><a href=\"https:\/\/czk-cakovec.hr\/wp-content\/uploads\/2025\/09\/CJENIK-USLUGA-KORISTENJA-PROSTORA-I-OPREME-25.9.2025.pdf\" class=\"wp-block-file__button wp-element-button\" download aria-describedby=\"wp-block-file--media-2f7f3525-011b-494d-a2f7-e087f321f837\">Preuzmi<\/a><\/div>\n\n\n\n<p><\/p>\n\n\n\n<p><\/p>\n","protected":false},"excerpt":{"rendered":"<p>Dvorana U dvorani Centra za kulturu za najam su dostupna 546 sjede\u0107a mjesta (445 parter, 101 balkon). Dvorana posjeduje pozornicu (\u0161irina 11m, dubina 15 m, visina 6 m), a amfiteatarski raspored sjedala svim sudionicima pru\u017ea nesmetano pra\u0107enje programa\/doga\u0111anja. &nbsp; Mala scena Vinko Lisjak Mala scena Vinko Lisjak je prostor u kojem se mogu odr\u017eavati koncerti, knji\u017eevne\/stand-up ve\u010deri, promocije knjiga, savjetovanja, [&hellip;]<\/p>\n","protected":false},"author":1,"featured_media":11462,"parent":0,"menu_order":0,"comment_status":"closed","ping_status":"closed","template":"","meta":{"inline_featured_image":false,"footnotes":""},"class_list":["post-256","page","type-page","status-publish","has-post-thumbnail","hentry"],"ulaznica_data":null,"_links":{"self":[{"href":"https:\/\/czk-cakovec.hr\/saturn\/wp-json\/wp\/v2\/pages\/256","targetHints":{"allow":["GET"]}}],"collection":[{"href":"https:\/\/czk-cakovec.hr\/saturn\/wp-json\/wp\/v2\/pages"}],"about":[{"href":"https:\/\/czk-cakovec.hr\/saturn\/wp-json\/wp\/v2\/types\/page"}],"author":[{"embeddable":true,"href":"https:\/\/czk-cakovec.hr\/saturn\/wp-json\/wp\/v2\/users\/1"}],"replies":[{"embeddable":true,"href":"https:\/\/czk-cakovec.hr\/saturn\/wp-json\/wp\/v2\/comments?post=256"}],"version-history":[{"count":11,"href":"https:\/\/czk-cakovec.hr\/saturn\/wp-json\/wp\/v2\/pages\/256\/revisions"}],"predecessor-version":[{"id":47851,"href":"https:\/\/czk-cakovec.hr\/saturn\/wp-json\/wp\/v2\/pages\/256\/revisions\/47851"}],"wp:featuredmedia":[{"embeddable":true,"href":"https:\/\/czk-cakovec.hr\/saturn\/wp-json\/wp\/v2\/media\/11462"}],"wp:attachment":[{"href":"https:\/\/czk-cakovec.hr\/saturn\/wp-json\/wp\/v2\/media?parent=256"}],"curies":[{"name":"wp","href":"https:\/\/api.w.org\/{rel}","templated":true}]}}