{"id":262,"date":"2011-11-03T19:53:56","date_gmt":"2011-11-03T18:53:56","guid":{"rendered":"http:\/\/czk-cakovec.hr\/?page_id=262"},"modified":"2026-01-07T13:15:41","modified_gmt":"2026-01-07T12:15:41","slug":"blagajna","status":"publish","type":"page","link":"https:\/\/czk-cakovec.hr\/saturn\/blagajna\/","title":{"rendered":"Blagajna"},"content":{"rendered":"<ul>\n<li><strong>Telefon: 040 323 100<\/strong><\/li>\n<\/ul>\n<p><a href=\"mailto:blagajna@czk-cakovec.hr\">blagajna@czk-cakovec.hr<\/a><strong>\u00a0<\/strong><\/p>\n<p><strong>RADNO VRIJEME BLAGAJNE\u00a0\u00a0<\/strong><\/p>\n<ul>\n<li class=\"cvGsUA direction-ltr align-start para-style-body\"><span class=\"a_GcMg font-feature-liga-off font-feature-clig-off font-feature-calt-off text-decoration-none text-strikethrough-none\">ponedjeljak<\/span> \/ <span class=\"a_GcMg font-feature-liga-off font-feature-clig-off font-feature-calt-off text-decoration-none text-strikethrough-none\">10.00 &#8211; 12.00 i 17.00 &#8211; 20.00<\/span><\/li>\n<li class=\"cvGsUA direction-ltr align-start para-style-body\"><span class=\"a_GcMg font-feature-liga-off font-feature-clig-off font-feature-calt-off text-decoration-none text-strikethrough-none\">utorak<\/span> \/ <span class=\"a_GcMg font-feature-liga-off font-feature-clig-off font-feature-calt-off text-decoration-none text-strikethrough-none\">BLAGAJNA NE RADI<\/span><\/li>\n<li class=\"cvGsUA direction-ltr align-start para-style-body\"><span class=\"a_GcMg font-feature-liga-off font-feature-clig-off font-feature-calt-off text-decoration-none text-strikethrough-none\">srijeda<\/span> \/ <span class=\"a_GcMg font-feature-liga-off font-feature-clig-off font-feature-calt-off text-decoration-none text-strikethrough-none\">10.00 &#8211; 12.00 i 18.00 &#8211; 20.00<\/span><\/li>\n<li class=\"cvGsUA direction-ltr align-start para-style-body\"><span class=\"a_GcMg font-feature-liga-off font-feature-clig-off font-feature-calt-off text-decoration-none text-strikethrough-none\">\u010detvrtak<\/span> \/ <span class=\"a_GcMg font-feature-liga-off font-feature-clig-off font-feature-calt-off text-decoration-none text-strikethrough-none\">10.00 &#8211; 12.00 i 18.00 &#8211; 20.00<\/span><\/li>\n<li class=\"cvGsUA direction-ltr align-start para-style-body\"><span class=\"a_GcMg font-feature-liga-off font-feature-clig-off font-feature-calt-off text-decoration-none text-strikethrough-none\">petak<\/span> \/ <span class=\"a_GcMg font-feature-liga-off font-feature-clig-off font-feature-calt-off text-decoration-none text-strikethrough-none\">10.00 &#8211; 12.00 i 17.00 &#8211; 20.00<\/span><\/li>\n<li class=\"cvGsUA direction-ltr align-start para-style-body\"><span class=\"a_GcMg font-feature-liga-off font-feature-clig-off font-feature-calt-off text-decoration-none text-strikethrough-none\">subota<\/span> \/ <span class=\"a_GcMg font-feature-liga-off font-feature-clig-off font-feature-calt-off text-decoration-none text-strikethrough-none\">15.00 &#8211; 20.00<\/span><\/li>\n<li class=\"cvGsUA direction-ltr align-start para-style-body\"><span class=\"a_GcMg font-feature-liga-off font-feature-clig-off font-feature-calt-off text-decoration-none text-strikethrough-none\">nedjelja<\/span> \/ <span class=\"a_GcMg font-feature-liga-off font-feature-clig-off font-feature-calt-off text-decoration-none text-strikethrough-none\">15.00 &#8211; 20.00<\/span><\/li>\n<\/ul>\n<p><strong>Rezervacije NE primamo !<\/strong><\/p>\n<ul>\n<li><strong>ONLINE prodaja ulaznica\u00a0<\/strong><strong>za redovne programe Centra za kulturu \u010cakovec.<\/strong><\/li>\n<li><strong>Molimo da na vrijeme nabavite svoje ulaznice<\/strong> kako bi izbjegli nepotrebne gu\u017eve na blagajni \u010dija je posljedica ka\u0161njenje programa.<\/li>\n<li><strong>Ulaznice su uvijek dostupne najkasnije tjedan dana prije odr\u017eavanja programa i ONLINE.<\/strong><\/li>\n<li><strong>Molimo da ne kasnite <\/strong>&#8211; nakon po\u010detka programa vi\u0161e ne\u0107e biti mogu\u0107e u\u0107i u dvoranu niti vratiti kupljene ulaznice.<\/li>\n<li><strong>U skladu s odredbom \u010dlanka 86. stavak 1. to\u010dka 12. Zakona o za\u0161titi potro\u0161a\u010da, kupac nema pravo na jednostrani raskid ugovora (povrat ili zamjenu ulaznice).<\/strong><\/li>\n<li><strong>Kupac mo\u017ee ostvariti pravo na povrat sredstava isklju\u010divo u slu\u010daju otkazanog doga\u0111aja.<\/strong><\/li>\n<li><strong>Povrat je mogu\u0107 u roku 30 dana na mjestu gdje je ulaznica kupljena i na na\u010din kako je kupljena | napomena: naknadu od 1,00 \u20ac za kupovinu online ulaznica u slu\u010daju otkazivanja programa ne vra\u0107amo.\u00a0<\/strong><\/li>\n<li><strong>Sukladno \u010dlanku 10. Zakona o za\u0161titi potro\u0161a\u010da, svi pisani prigovori mogu se predati osobno u poslovnim prostorijama Centra ili putem elektroni\u010dke po\u0161te info@czk-cakovec.hr.<\/strong><\/li>\n<\/ul>\n<p><strong>Sve o na\u0161im programima na <a href=\"http:\/\/www.czk-cakovec.hr\">www.czk-cakovec.hr<\/a><\/strong><\/p>\n<p><a href=\"https:\/\/czk-cakovec.hr\/wp-content\/uploads\/2021\/11\/czk_logo_2021.png\"><img loading=\"lazy\" decoding=\"async\" class=\"alignnone wp-image-33891 size-medium\" src=\"https:\/\/czk-cakovec.hr\/wp-content\/uploads\/2021\/11\/czk_logo_2021-300x53.png\" alt=\"\" width=\"300\" height=\"53\" \/><\/a><\/p>\n<p><strong><u>CIJENE ULAZNICA\u00a0<\/u><\/strong><\/p>\n<ul>\n<li><strong>TRIBINA \u010cAKOVEC \u010cETVRTKOM: <\/strong><\/li>\n<\/ul>\n<p><strong>Kazali\u0161te <\/strong><\/p>\n<p>15,00 \u20ac<\/p>\n<p>12.00 \u20ac \/ u\u010denici (10 i vi\u0161e), studenti, umirovljenici, organizirani posjet (10 i vi\u0161e)<\/p>\n<p><strong>Film<\/strong><\/p>\n<p>5,00 \u20ac \/\u00a0 \u00a0premijera s gostima<\/p>\n<p>4,00 \u20ac \/\u00a0 projekcija bez gostiju<\/p>\n<p>3,00 \u20ac \/ u\u010denici (10 i vi\u0161e), studenti, umirovljenici, organizirani posjet (10 i vi\u0161e)<\/p>\n<ul>\n<li><strong>AMATERSKO KULTURNO STVARALA\u0160TVO<\/strong><\/li>\n<\/ul>\n<p>3,00 \u20ac &#8211; ve\u010deri amatera<\/p>\n<p>7,00 \u20ac Bo\u017ei\u0107ni koncert \u010dakove\u010dkih amatera<\/p>\n<p>nema popusta<\/p>\n<ul>\n<li><strong>KONCERTI<\/strong><\/li>\n<\/ul>\n<p>Tribina \u010c\u010c<\/p>\n<p>8,00 \u2013 12,00 \u20ac<\/p>\n<p>Koncerti u dvorani Zrinski \/ Scheier<\/p>\n<p>8,00 \u00a0\u20ac<\/p>\n<p>Mala scena \u201eVinko Lisjak\u201c<\/p>\n<p>5,00 \u20ac<\/p>\n<p>Programi u suradnji s Ministarstvom kulture i medija<\/p>\n<p>8,00 \u20ac<\/p>\n<p>Posebni programi \/ Novogodi\u0161nji, balet, koncerti vrlo poznatih umjetnika \/<\/p>\n<p>cijena \u0107e se formirati prema visini tro\u0161kova programa<\/p>\n<ul>\n<li><strong>KAZALI\u0160NA TRIBINA ZA DJECU I MLADE \u201eCUKOREK\u201c<\/strong><\/li>\n<\/ul>\n<p>5,00 \u20ac<\/p>\n<p>Obiteljska ulaznica 16,00 \u20ac\u00a0 \/ 4 ulaznice \/\u00a0 svaka sljede\u0107a pridodana obiteljskoj 4,00 \u20ac<\/p>\n<ul>\n<li><strong>ASSITEJ \/ SUSRET PROFESIONALNIH KAZALI\u0160TA ZA DJECU I MLADE<\/strong><\/li>\n<\/ul>\n<p>5,00 \u20ac<\/p>\n<ul>\n<li><strong>FILMSKI PROGRAM<\/strong><\/li>\n<\/ul>\n<p>REDOVNE CIJENE<\/p>\n<p><u>2 D filmovi<\/u><\/p>\n<p>animirani \u00a0\u00a0\u00a0\u00a0\u00a0\u00a0\u00a0\u00a0\u00a0\u00a0\u00a0\u00a0\u00a0\u00a0\u00a0\u00a0\u00a0\u00a0\u00a0 4,00 \u20ac<\/p>\n<p>igrani film \u00a0\u00a0\u00a0\u00a0\u00a0\u00a0\u00a0\u00a0\u00a0\u00a0\u00a0\u00a0\u00a0\u00a0\u00a0\u00a0\u00a0 4,00 \u20ac<\/p>\n<p>pretpremijere\u00a0\u00a0 \u00a0\u00a0\u00a0\u00a0\u00a0\u00a0\u00a0\u00a0\u00a0\u00a0\u00a0 5,00 \u20ac<\/p>\n<p><u>3 D filmovi<\/u><\/p>\n<p>animirani \u00a0\u00a0\u00a0\u00a0\u00a0\u00a0\u00a0\u00a0\u00a0\u00a0\u00a0\u00a0\u00a0\u00a0\u00a0\u00a0\u00a0\u00a0\u00a0 4,00 \u20ac<\/p>\n<p>igrani film \u00a0\u00a0\u00a0\u00a0\u00a0\u00a0\u00a0\u00a0\u00a0\u00a0\u00a0\u00a0\u00a0\u00a0\u00a0\u00a0\u00a0 4,50 \u20ac<\/p>\n<p>pretpremijere\u00a0\u00a0\u00a0\u00a0\u00a0\u00a0\u00a0\u00a0\u00a0\u00a0\u00a0\u00a0\u00a0 5,50 \u20ac<\/p>\n<p><strong>Dje\u010dja filmska tribina<\/strong><\/p>\n<p>4,00 \u20ac<\/p>\n<p>Obiteljska ulaznica 12,00 \u20ac \/ 4 ulaznice \/\u00a0 svaka sljede\u0107a pridodana obiteljskoj 3,00 \u20ac<\/p>\n<p><strong>IZVANREDNE CIJENE<\/strong><\/p>\n<p>Organizirane projekcije za vrti\u0107e i \u0161kole \/ 2D \u00a0\u00a0\u00a0\u00a0\u00a0\u00a0\u00a0\u00a0\u00a0\u00a0 3,00 \u20ac<\/p>\n<p>Organizirane projekcije za vrti\u0107e i \u0161kole \/ 3D \u00a0\u00a0\u00a0\u00a0\u00a0\u00a0\u00a0\u00a0\u00a0\u00a0 3,50 \u20ac<\/p>\n<p>Studentske kartice \/ 2D\u00a0\u00a0\u00a0\u00a0\u00a0\u00a0\u00a0\u00a0\u00a0\u00a0\u00a0\u00a0\u00a0\u00a0\u00a0\u00a0\u00a0\u00a0\u00a0\u00a0\u00a0\u00a0\u00a0\u00a0\u00a0\u00a0\u00a0\u00a0\u00a0\u00a0\u00a0\u00a0\u00a0\u00a0\u00a0\u00a0\u00a0\u00a0\u00a0\u00a0\u00a0\u00a0\u00a0\u00a0 3,00 \u20ac<\/p>\n<p>Studentske kartice \/ 3D\u00a0\u00a0\u00a0\u00a0\u00a0\u00a0\u00a0\u00a0\u00a0\u00a0\u00a0\u00a0\u00a0\u00a0\u00a0\u00a0\u00a0\u00a0\u00a0\u00a0\u00a0\u00a0\u00a0\u00a0\u00a0\u00a0\u00a0\u00a0\u00a0\u00a0\u00a0\u00a0\u00a0\u00a0\u00a0\u00a0\u00a0\u00a0\u00a0\u00a0\u00a0\u00a0\u00a0\u00a0 4,00 \u20ac<\/p>\n<p>Umirovljenici \/ sve projekcije\u00a0 \u00a0 \u00a0 \u00a0 \u00a0 \u00a0 \u00a0 \u00a0 \u00a0 \u00a0 \u00a0 \u00a0 \u00a0 \u00a0 \u00a0 \u00a0 \u00a0 \u00a0 3,00 \u20ac<\/p>\n<p>Ro\u0111endan \/ besplatna ulaznica za slavljenika (uz identifikacijski dokument)<\/p>\n<p>Branitelji (uz identifikacijski dokument)\u00a0 \u00a0 \u00a0 \u00a0 \u00a0 \u00a0 \u00a0 \u00a0 \u00a0 \u00a0 3,00 \u20ac<\/p>\n<p>Invalidi (uz identifikacijski dokument)\u00a0\u00a0\u00a0\u00a0\u00a0\u00a0\u00a0\u00a0\u00a0\u00a0\u00a0\u00a0\u00a0\u00a0\u00a0\u00a0\u00a0\u00a0\u00a0\u00a0 besplatno<\/p>\n<p><strong>\u00a0<\/strong><strong>Moje malo kino<\/strong><\/p>\n<p><strong>4,00 \u20ac<\/strong><\/p>\n<p><strong>Revija filmova za djecu<\/strong><\/p>\n<p><strong>4,00 \u20ac\u00a0<\/strong><\/p>\n<p><strong>IZMJENA PROGRAMA<\/strong><\/p>\n<p><strong>Centar za kulturu zadr\u017eava pravo izmjene programa<\/strong> zbog neplaniranih novonastalih okolnosti. U slu\u010daju izmjene ili odgode programa ulaznice se mogu vratiti na blagajnu Centra.<\/p>\n\n\n<p><\/p>\n","protected":false},"excerpt":{"rendered":"<p>Telefon: 040 323 100 blagajna@czk-cakovec.hr\u00a0 RADNO VRIJEME BLAGAJNE\u00a0\u00a0 ponedjeljak \/ 10.00 &#8211; 12.00 i 17.00 &#8211; 20.00 utorak \/ BLAGAJNA NE RADI srijeda \/ 10.00 &#8211; 12.00 i 18.00 &#8211; 20.00 \u010detvrtak \/ 10.00 &#8211; 12.00 i 18.00 &#8211; 20.00 petak \/ 10.00 &#8211; 12.00 i 17.00 &#8211; 20.00 subota \/ 15.00 &#8211; 20.00 nedjelja \/ 15.00 &#8211; 20.00 Rezervacije [&hellip;]<\/p>\n","protected":false},"author":1,"featured_media":11465,"parent":0,"menu_order":0,"comment_status":"closed","ping_status":"closed","template":"","meta":{"inline_featured_image":false,"footnotes":""},"class_list":["post-262","page","type-page","status-publish","has-post-thumbnail","hentry"],"ulaznica_data":null,"_links":{"self":[{"href":"https:\/\/czk-cakovec.hr\/saturn\/wp-json\/wp\/v2\/pages\/262","targetHints":{"allow":["GET"]}}],"collection":[{"href":"https:\/\/czk-cakovec.hr\/saturn\/wp-json\/wp\/v2\/pages"}],"about":[{"href":"https:\/\/czk-cakovec.hr\/saturn\/wp-json\/wp\/v2\/types\/page"}],"author":[{"embeddable":true,"href":"https:\/\/czk-cakovec.hr\/saturn\/wp-json\/wp\/v2\/users\/1"}],"replies":[{"embeddable":true,"href":"https:\/\/czk-cakovec.hr\/saturn\/wp-json\/wp\/v2\/comments?post=262"}],"version-history":[{"count":10,"href":"https:\/\/czk-cakovec.hr\/saturn\/wp-json\/wp\/v2\/pages\/262\/revisions"}],"predecessor-version":[{"id":49631,"href":"https:\/\/czk-cakovec.hr\/saturn\/wp-json\/wp\/v2\/pages\/262\/revisions\/49631"}],"wp:featuredmedia":[{"embeddable":true,"href":"https:\/\/czk-cakovec.hr\/saturn\/wp-json\/wp\/v2\/media\/11465"}],"wp:attachment":[{"href":"https:\/\/czk-cakovec.hr\/saturn\/wp-json\/wp\/v2\/media?parent=262"}],"curies":[{"name":"wp","href":"https:\/\/api.w.org\/{rel}","templated":true}]}}