{"id":28617,"date":"2019-10-29T11:32:46","date_gmt":"2019-10-29T10:32:46","guid":{"rendered":"https:\/\/czk-cakovec.hr\/?page_id=28617"},"modified":"2019-10-29T11:32:46","modified_gmt":"2019-10-29T10:32:46","slug":"mjesecnik-cooltura-2018","status":"publish","type":"page","link":"https:\/\/czk-cakovec.hr\/saturn\/mjesecnik-cooltura-2018\/","title":{"rendered":"Mjese\u010dnik Cooltura, 2018"},"content":{"rendered":"\n<div class=\"dflip-books\"><div class=\"_df_thumb \" id=\"df_28505\"  books=\"mjesecnik-cooltura-godina-2018\" limit=\"-1\" wpoptions=\"true\" thumb=\"https:\/\/czk-cakovec.hr\/wp-content\/uploads\/2019\/10\/cooltura-12-2018-1.jpg\" >Cooltura, prosinac 2018<\/div><script data-cfasync=\"false\">var option_df_28505 = {\"outline\":[],\"forceFit\":\"true\",\"autoEnableOutline\":\"false\",\"autoEnableThumbnail\":\"false\",\"overwritePDFOutline\":\"false\",\"direction\":\"1\",\"pageMode\":\"0\",\"source\":\"https:\\\/\\\/czk-cakovec.hr\\\/wp-content\\\/uploads\\\/2019\\\/10\\\/cooltura-12-2018.pdf\",\"wpOptions\":\"true\"}; if(window.DFLIP && DFLIP.parseBooks){DFLIP.parseBooks();}<\/script><div class=\"_df_thumb \" id=\"df_28504\"  books=\"mjesecnik-cooltura-godina-2018\" limit=\"-1\" wpoptions=\"true\" thumb=\"https:\/\/czk-cakovec.hr\/wp-content\/uploads\/2019\/10\/cooltura-11-2018-1.jpg\" >Cooltura, studeni 2018<\/div><script data-cfasync=\"false\">var option_df_28504 = {\"outline\":[],\"forceFit\":\"true\",\"autoEnableOutline\":\"false\",\"autoEnableThumbnail\":\"false\",\"overwritePDFOutline\":\"false\",\"direction\":\"1\",\"pageMode\":\"0\",\"source\":\"https:\\\/\\\/czk-cakovec.hr\\\/wp-content\\\/uploads\\\/2019\\\/10\\\/cooltura-11-2018.pdf\",\"wpOptions\":\"true\"}; if(window.DFLIP && DFLIP.parseBooks){DFLIP.parseBooks();}<\/script><div class=\"_df_thumb \" id=\"df_28503\"  books=\"mjesecnik-cooltura-godina-2018\" limit=\"-1\" wpoptions=\"true\" thumb=\"https:\/\/czk-cakovec.hr\/wp-content\/uploads\/2019\/10\/cooltura-10-2018-1.jpg\" >Cooltura, listopad 2018<\/div><script data-cfasync=\"false\">var option_df_28503 = {\"outline\":[],\"forceFit\":\"true\",\"autoEnableOutline\":\"false\",\"autoEnableThumbnail\":\"false\",\"overwritePDFOutline\":\"false\",\"direction\":\"1\",\"pageMode\":\"0\",\"source\":\"https:\\\/\\\/czk-cakovec.hr\\\/wp-content\\\/uploads\\\/2019\\\/10\\\/cooltura-10-2018.pdf\",\"wpOptions\":\"true\"}; if(window.DFLIP && DFLIP.parseBooks){DFLIP.parseBooks();}<\/script><div class=\"_df_thumb \" id=\"df_28502\"  books=\"mjesecnik-cooltura-godina-2018\" limit=\"-1\" wpoptions=\"true\" thumb=\"https:\/\/czk-cakovec.hr\/wp-content\/uploads\/2019\/10\/cooltura_09_2018-1.jpg\" >Cooltura, rujan 2018<\/div><script data-cfasync=\"false\">var option_df_28502 = {\"outline\":[],\"forceFit\":\"true\",\"autoEnableOutline\":\"false\",\"autoEnableThumbnail\":\"false\",\"overwritePDFOutline\":\"false\",\"direction\":\"1\",\"pageMode\":\"0\",\"source\":\"https:\\\/\\\/czk-cakovec.hr\\\/wp-content\\\/uploads\\\/2019\\\/10\\\/cooltura_09_2018.pdf\",\"wpOptions\":\"true\"}; if(window.DFLIP && DFLIP.parseBooks){DFLIP.parseBooks();}<\/script><div class=\"_df_thumb \" id=\"df_28501\"  books=\"mjesecnik-cooltura-godina-2018\" limit=\"-1\" wpoptions=\"true\" thumb=\"https:\/\/czk-cakovec.hr\/wp-content\/uploads\/2019\/10\/cooltura-07-08-2018-1.jpg\" >Cooltura, srpanj\/kolovoz 2018<\/div><script data-cfasync=\"false\">var option_df_28501 = {\"outline\":[],\"forceFit\":\"true\",\"autoEnableOutline\":\"false\",\"autoEnableThumbnail\":\"false\",\"overwritePDFOutline\":\"false\",\"direction\":\"1\",\"pageMode\":\"0\",\"source\":\"https:\\\/\\\/czk-cakovec.hr\\\/wp-content\\\/uploads\\\/2019\\\/10\\\/cooltura-07-08-2018.pdf\",\"wpOptions\":\"true\"}; if(window.DFLIP && DFLIP.parseBooks){DFLIP.parseBooks();}<\/script><div class=\"_df_thumb \" id=\"df_28500\"  books=\"mjesecnik-cooltura-godina-2018\" limit=\"-1\" wpoptions=\"true\" thumb=\"https:\/\/czk-cakovec.hr\/wp-content\/uploads\/2019\/10\/cooltura-06-2018-1.jpg\" >Cooltura, lipanj 2018<\/div><script data-cfasync=\"false\">var option_df_28500 = {\"outline\":[],\"forceFit\":\"true\",\"autoEnableOutline\":\"false\",\"autoEnableThumbnail\":\"false\",\"overwritePDFOutline\":\"false\",\"direction\":\"1\",\"pageMode\":\"0\",\"source\":\"https:\\\/\\\/czk-cakovec.hr\\\/wp-content\\\/uploads\\\/2019\\\/10\\\/cooltura-06-2018.pdf\",\"wpOptions\":\"true\"}; if(window.DFLIP && DFLIP.parseBooks){DFLIP.parseBooks();}<\/script><div class=\"_df_thumb \" id=\"df_28499\"  books=\"mjesecnik-cooltura-godina-2018\" limit=\"-1\" wpoptions=\"true\" thumb=\"https:\/\/czk-cakovec.hr\/wp-content\/uploads\/2019\/10\/cooltura-05-2018-1-1.jpg\" >Cooltura, svibanj 2018<\/div><script data-cfasync=\"false\">var option_df_28499 = {\"outline\":[],\"forceFit\":\"true\",\"autoEnableOutline\":\"false\",\"autoEnableThumbnail\":\"false\",\"overwritePDFOutline\":\"false\",\"direction\":\"1\",\"pageMode\":\"0\",\"source\":\"https:\\\/\\\/czk-cakovec.hr\\\/wp-content\\\/uploads\\\/2019\\\/10\\\/cooltura-05-2018-1.pdf\",\"wpOptions\":\"true\"}; if(window.DFLIP && DFLIP.parseBooks){DFLIP.parseBooks();}<\/script><div class=\"_df_thumb \" id=\"df_28497\"  books=\"mjesecnik-cooltura-godina-2018\" limit=\"-1\" wpoptions=\"true\" thumb=\"https:\/\/czk-cakovec.hr\/wp-content\/uploads\/2019\/10\/cooltura-04-2018-1.jpg\" >Cooltura, travanj 2018<\/div><script data-cfasync=\"false\">var option_df_28497 = {\"outline\":[],\"forceFit\":\"true\",\"autoEnableOutline\":\"false\",\"autoEnableThumbnail\":\"false\",\"overwritePDFOutline\":\"false\",\"direction\":\"1\",\"pageMode\":\"0\",\"source\":\"https:\\\/\\\/czk-cakovec.hr\\\/wp-content\\\/uploads\\\/2019\\\/10\\\/cooltura-04-2018.pdf\",\"wpOptions\":\"true\"}; if(window.DFLIP && DFLIP.parseBooks){DFLIP.parseBooks();}<\/script><div class=\"_df_thumb \" id=\"df_28496\"  books=\"mjesecnik-cooltura-godina-2018\" limit=\"-1\" wpoptions=\"true\" thumb=\"https:\/\/czk-cakovec.hr\/wp-content\/uploads\/2019\/10\/cooltura-03-2018-1.jpg\" >Cooltura, o\u017eujak 2018<\/div><script data-cfasync=\"false\">var option_df_28496 = {\"outline\":[],\"forceFit\":\"true\",\"autoEnableOutline\":\"false\",\"autoEnableThumbnail\":\"false\",\"overwritePDFOutline\":\"false\",\"direction\":\"1\",\"pageMode\":\"0\",\"source\":\"https:\\\/\\\/czk-cakovec.hr\\\/wp-content\\\/uploads\\\/2019\\\/10\\\/cooltura-03-2018.pdf\",\"wpOptions\":\"true\"}; if(window.DFLIP && DFLIP.parseBooks){DFLIP.parseBooks();}<\/script><div class=\"_df_thumb \" id=\"df_28495\"  books=\"mjesecnik-cooltura-godina-2018\" limit=\"-1\" wpoptions=\"true\" thumb=\"https:\/\/czk-cakovec.hr\/wp-content\/uploads\/2019\/10\/cooltura-02-2018-1.jpg\" >Cooltura, velja\u010da 2018<\/div><script data-cfasync=\"false\">var option_df_28495 = {\"outline\":[],\"forceFit\":\"true\",\"autoEnableOutline\":\"false\",\"autoEnableThumbnail\":\"false\",\"overwritePDFOutline\":\"false\",\"direction\":\"1\",\"pageMode\":\"0\",\"source\":\"https:\\\/\\\/czk-cakovec.hr\\\/wp-content\\\/uploads\\\/2019\\\/10\\\/cooltura-02-2018.pdf\",\"wpOptions\":\"true\"}; if(window.DFLIP && DFLIP.parseBooks){DFLIP.parseBooks();}<\/script><div class=\"_df_thumb \" id=\"df_28494\"  books=\"mjesecnik-cooltura-godina-2018\" limit=\"-1\" wpoptions=\"true\" thumb=\"https:\/\/czk-cakovec.hr\/wp-content\/uploads\/2019\/10\/cooltura-01-2018-1.jpg\" >Cooltura, sije\u010danj 2018<\/div><script data-cfasync=\"false\">var option_df_28494 = {\"outline\":[],\"forceFit\":\"true\",\"autoEnableOutline\":\"false\",\"autoEnableThumbnail\":\"false\",\"overwritePDFOutline\":\"false\",\"direction\":\"1\",\"pageMode\":\"0\",\"source\":\"https:\\\/\\\/czk-cakovec.hr\\\/wp-content\\\/uploads\\\/2019\\\/10\\\/cooltura-01-2018.pdf\",\"wpOptions\":\"true\"}; if(window.DFLIP && DFLIP.parseBooks){DFLIP.parseBooks();}<\/script><\/div>\n","protected":false},"excerpt":{"rendered":"Cooltura, prosinac 2018Cooltura, studeni 2018Cooltura, listopad 2018Cooltura, rujan 2018Cooltura, srpanj\/kolovoz 2018Cooltura, lipanj 2018Cooltura, svibanj 2018Cooltura, travanj 2018Cooltura, o\u017eujak 2018Cooltura, velja\u010da 2018Cooltura, sije\u010danj 2018","protected":false},"author":1,"featured_media":0,"parent":0,"menu_order":0,"comment_status":"closed","ping_status":"closed","template":"","meta":{"inline_featured_image":false,"footnotes":""},"class_list":["post-28617","page","type-page","status-publish","hentry"],"ulaznica_data":null,"_links":{"self":[{"href":"https:\/\/czk-cakovec.hr\/saturn\/wp-json\/wp\/v2\/pages\/28617","targetHints":{"allow":["GET"]}}],"collection":[{"href":"https:\/\/czk-cakovec.hr\/saturn\/wp-json\/wp\/v2\/pages"}],"about":[{"href":"https:\/\/czk-cakovec.hr\/saturn\/wp-json\/wp\/v2\/types\/page"}],"author":[{"embeddable":true,"href":"https:\/\/czk-cakovec.hr\/saturn\/wp-json\/wp\/v2\/users\/1"}],"replies":[{"embeddable":true,"href":"https:\/\/czk-cakovec.hr\/saturn\/wp-json\/wp\/v2\/comments?post=28617"}],"version-history":[{"count":0,"href":"https:\/\/czk-cakovec.hr\/saturn\/wp-json\/wp\/v2\/pages\/28617\/revisions"}],"wp:attachment":[{"href":"https:\/\/czk-cakovec.hr\/saturn\/wp-json\/wp\/v2\/media?parent=28617"}],"curies":[{"name":"wp","href":"https:\/\/api.w.org\/{rel}","templated":true}]}}