{"id":28739,"date":"2019-10-30T10:03:58","date_gmt":"2019-10-30T09:03:58","guid":{"rendered":"https:\/\/czk-cakovec.hr\/?page_id=28739"},"modified":"2019-10-30T10:03:58","modified_gmt":"2019-10-30T09:03:58","slug":"mjesecnik-cooltura-2015","status":"publish","type":"page","link":"https:\/\/czk-cakovec.hr\/saturn\/mjesecnik-cooltura-2015\/","title":{"rendered":"Mjese\u010dnik Cooltura, 2015"},"content":{"rendered":"\n<div class=\"dflip-books\"><div class=\"_df_thumb \" id=\"df_28738\"  books=\"mjesecnik-cooltura-godina-2015\" limit=\"-1\" wpoptions=\"true\" thumb=\"https:\/\/czk-cakovec.hr\/wp-content\/uploads\/2019\/10\/cooltura-12-2015-1.jpg\" >Cooltura, prosinac 2015<\/div><script data-cfasync=\"false\">var option_df_28738 = {\"outline\":[],\"forceFit\":\"true\",\"autoEnableOutline\":\"false\",\"autoEnableThumbnail\":\"false\",\"overwritePDFOutline\":\"false\",\"direction\":\"1\",\"pageMode\":\"0\",\"source\":\"https:\\\/\\\/czk-cakovec.hr\\\/wp-content\\\/uploads\\\/2019\\\/10\\\/cooltura-12-2015.pdf\",\"wpOptions\":\"true\"}; if(window.DFLIP && DFLIP.parseBooks){DFLIP.parseBooks();}<\/script><div class=\"_df_thumb \" id=\"df_28737\"  books=\"mjesecnik-cooltura-godina-2015\" limit=\"-1\" wpoptions=\"true\" thumb=\"https:\/\/czk-cakovec.hr\/wp-content\/uploads\/2019\/10\/cooltura-11-2015-1.jpg\" >Cooltura, studeni 2015<\/div><script data-cfasync=\"false\">var option_df_28737 = {\"outline\":[],\"forceFit\":\"true\",\"autoEnableOutline\":\"false\",\"autoEnableThumbnail\":\"false\",\"overwritePDFOutline\":\"false\",\"direction\":\"1\",\"pageMode\":\"0\",\"source\":\"https:\\\/\\\/czk-cakovec.hr\\\/wp-content\\\/uploads\\\/2019\\\/10\\\/cooltura-11-2015.pdf\",\"wpOptions\":\"true\"}; if(window.DFLIP && DFLIP.parseBooks){DFLIP.parseBooks();}<\/script><div class=\"_df_thumb \" id=\"df_28736\"  books=\"mjesecnik-cooltura-godina-2015\" limit=\"-1\" wpoptions=\"true\" thumb=\"https:\/\/czk-cakovec.hr\/wp-content\/uploads\/2019\/10\/cooltura-10-2015-1.jpg\" >Cooltura, listopad 2015<\/div><script data-cfasync=\"false\">var option_df_28736 = {\"outline\":[],\"forceFit\":\"true\",\"autoEnableOutline\":\"false\",\"autoEnableThumbnail\":\"false\",\"overwritePDFOutline\":\"false\",\"direction\":\"1\",\"pageMode\":\"0\",\"source\":\"https:\\\/\\\/czk-cakovec.hr\\\/wp-content\\\/uploads\\\/2019\\\/10\\\/cooltura-10-2015.pdf\",\"wpOptions\":\"true\"}; if(window.DFLIP && DFLIP.parseBooks){DFLIP.parseBooks();}<\/script><div class=\"_df_thumb \" id=\"df_28735\"  books=\"mjesecnik-cooltura-godina-2015\" limit=\"-1\" wpoptions=\"true\" thumb=\"https:\/\/czk-cakovec.hr\/wp-content\/uploads\/2019\/10\/cooltura-09-2015-1.jpg\" >Cooltura, rujan 2015<\/div><script data-cfasync=\"false\">var option_df_28735 = {\"outline\":[],\"forceFit\":\"true\",\"autoEnableOutline\":\"false\",\"autoEnableThumbnail\":\"false\",\"overwritePDFOutline\":\"false\",\"direction\":\"1\",\"pageMode\":\"0\",\"source\":\"https:\\\/\\\/czk-cakovec.hr\\\/wp-content\\\/uploads\\\/2019\\\/10\\\/cooltura-09-2015.pdf\",\"wpOptions\":\"true\"}; if(window.DFLIP && DFLIP.parseBooks){DFLIP.parseBooks();}<\/script><div class=\"_df_thumb \" id=\"df_28734\"  books=\"mjesecnik-cooltura-godina-2015\" limit=\"-1\" wpoptions=\"true\" thumb=\"https:\/\/czk-cakovec.hr\/wp-content\/uploads\/2019\/10\/cooltura-0708-2015-1.jpg\" >Cooltura, srpanj\/kolovoz 2015<\/div><script data-cfasync=\"false\">var option_df_28734 = {\"outline\":[],\"forceFit\":\"true\",\"autoEnableOutline\":\"false\",\"autoEnableThumbnail\":\"false\",\"overwritePDFOutline\":\"false\",\"direction\":\"1\",\"pageMode\":\"0\",\"source\":\"https:\\\/\\\/czk-cakovec.hr\\\/wp-content\\\/uploads\\\/2019\\\/10\\\/cooltura-0708-2015.pdf\",\"wpOptions\":\"true\"}; if(window.DFLIP && DFLIP.parseBooks){DFLIP.parseBooks();}<\/script><div class=\"_df_thumb \" id=\"df_28733\"  books=\"mjesecnik-cooltura-godina-2015\" limit=\"-1\" wpoptions=\"true\" thumb=\"https:\/\/czk-cakovec.hr\/wp-content\/uploads\/2019\/10\/cooltura-06-2015-1.jpg\" >Cooltura, lipanj 2015<\/div><script data-cfasync=\"false\">var option_df_28733 = {\"outline\":[],\"forceFit\":\"true\",\"autoEnableOutline\":\"false\",\"autoEnableThumbnail\":\"false\",\"overwritePDFOutline\":\"false\",\"direction\":\"1\",\"pageMode\":\"0\",\"source\":\"https:\\\/\\\/czk-cakovec.hr\\\/wp-content\\\/uploads\\\/2019\\\/10\\\/cooltura-06-2015.pdf\",\"wpOptions\":\"true\"}; if(window.DFLIP && DFLIP.parseBooks){DFLIP.parseBooks();}<\/script><div class=\"_df_thumb \" id=\"df_28732\"  books=\"mjesecnik-cooltura-godina-2015\" limit=\"-1\" wpoptions=\"true\" thumb=\"https:\/\/czk-cakovec.hr\/wp-content\/uploads\/2019\/10\/cooltura-05-2015-1.jpg\" >Cooltura, svibanj 2015<\/div><script data-cfasync=\"false\">var option_df_28732 = {\"outline\":[],\"forceFit\":\"true\",\"autoEnableOutline\":\"false\",\"autoEnableThumbnail\":\"false\",\"overwritePDFOutline\":\"false\",\"direction\":\"1\",\"pageMode\":\"0\",\"source\":\"https:\\\/\\\/czk-cakovec.hr\\\/wp-content\\\/uploads\\\/2019\\\/10\\\/cooltura-05-2015.pdf\",\"wpOptions\":\"true\"}; if(window.DFLIP && DFLIP.parseBooks){DFLIP.parseBooks();}<\/script><div class=\"_df_thumb \" id=\"df_28731\"  books=\"mjesecnik-cooltura-godina-2015\" limit=\"-1\" wpoptions=\"true\" thumb=\"https:\/\/czk-cakovec.hr\/wp-content\/uploads\/2019\/10\/cooltura-04-2015-1.jpg\" >Cooltura, travanj 2015<\/div><script data-cfasync=\"false\">var option_df_28731 = {\"outline\":[],\"forceFit\":\"true\",\"autoEnableOutline\":\"false\",\"autoEnableThumbnail\":\"false\",\"overwritePDFOutline\":\"false\",\"direction\":\"1\",\"pageMode\":\"0\",\"source\":\"https:\\\/\\\/czk-cakovec.hr\\\/wp-content\\\/uploads\\\/2019\\\/10\\\/cooltura-04-2015.pdf\",\"wpOptions\":\"true\"}; if(window.DFLIP && DFLIP.parseBooks){DFLIP.parseBooks();}<\/script><div class=\"_df_thumb \" id=\"df_28730\"  books=\"mjesecnik-cooltura-godina-2015\" limit=\"-1\" wpoptions=\"true\" thumb=\"https:\/\/czk-cakovec.hr\/wp-content\/uploads\/2019\/10\/cooltura-03-2015-1.jpg\" >Cooltura, o\u017eujak 2015<\/div><script data-cfasync=\"false\">var option_df_28730 = {\"outline\":[],\"forceFit\":\"true\",\"autoEnableOutline\":\"false\",\"autoEnableThumbnail\":\"false\",\"overwritePDFOutline\":\"false\",\"direction\":\"1\",\"pageMode\":\"0\",\"source\":\"https:\\\/\\\/czk-cakovec.hr\\\/wp-content\\\/uploads\\\/2019\\\/10\\\/cooltura-03-2015.pdf\",\"wpOptions\":\"true\"}; if(window.DFLIP && DFLIP.parseBooks){DFLIP.parseBooks();}<\/script><div class=\"_df_thumb \" id=\"df_28729\"  books=\"mjesecnik-cooltura-godina-2015\" limit=\"-1\" wpoptions=\"true\" thumb=\"https:\/\/czk-cakovec.hr\/wp-content\/uploads\/2019\/10\/cooltura-02-2015-1.jpg\" >Cooltura, velja\u010da 2015<\/div><script data-cfasync=\"false\">var option_df_28729 = {\"outline\":[],\"forceFit\":\"true\",\"autoEnableOutline\":\"false\",\"autoEnableThumbnail\":\"false\",\"overwritePDFOutline\":\"false\",\"direction\":\"1\",\"pageMode\":\"0\",\"source\":\"https:\\\/\\\/czk-cakovec.hr\\\/wp-content\\\/uploads\\\/2019\\\/10\\\/cooltura-02-2015.pdf\",\"wpOptions\":\"true\"}; if(window.DFLIP && DFLIP.parseBooks){DFLIP.parseBooks();}<\/script><div class=\"_df_thumb \" id=\"df_28669\"  books=\"mjesecnik-cooltura-godina-2015\" limit=\"-1\" wpoptions=\"true\" thumb=\"https:\/\/czk-cakovec.hr\/wp-content\/uploads\/2019\/10\/cooltura-01-2015-1.jpg\" >Cooltura, sije\u010danj 2015<\/div><script data-cfasync=\"false\">var option_df_28669 = {\"outline\":[],\"forceFit\":\"true\",\"autoEnableOutline\":\"false\",\"autoEnableThumbnail\":\"false\",\"overwritePDFOutline\":\"false\",\"direction\":\"1\",\"pageMode\":\"0\",\"source\":\"https:\\\/\\\/czk-cakovec.hr\\\/wp-content\\\/uploads\\\/2019\\\/10\\\/cooltura-01-2015.pdf\",\"wpOptions\":\"true\"}; if(window.DFLIP && DFLIP.parseBooks){DFLIP.parseBooks();}<\/script><\/div>\n","protected":false},"excerpt":{"rendered":"Cooltura, prosinac 2015Cooltura, studeni 2015Cooltura, listopad 2015Cooltura, rujan 2015Cooltura, srpanj\/kolovoz 2015Cooltura, lipanj 2015Cooltura, svibanj 2015Cooltura, travanj 2015Cooltura, o\u017eujak 2015Cooltura, velja\u010da 2015Cooltura, sije\u010danj 2015","protected":false},"author":1,"featured_media":0,"parent":0,"menu_order":0,"comment_status":"closed","ping_status":"closed","template":"","meta":{"inline_featured_image":false,"footnotes":""},"class_list":["post-28739","page","type-page","status-publish","hentry"],"ulaznica_data":null,"_links":{"self":[{"href":"https:\/\/czk-cakovec.hr\/saturn\/wp-json\/wp\/v2\/pages\/28739","targetHints":{"allow":["GET"]}}],"collection":[{"href":"https:\/\/czk-cakovec.hr\/saturn\/wp-json\/wp\/v2\/pages"}],"about":[{"href":"https:\/\/czk-cakovec.hr\/saturn\/wp-json\/wp\/v2\/types\/page"}],"author":[{"embeddable":true,"href":"https:\/\/czk-cakovec.hr\/saturn\/wp-json\/wp\/v2\/users\/1"}],"replies":[{"embeddable":true,"href":"https:\/\/czk-cakovec.hr\/saturn\/wp-json\/wp\/v2\/comments?post=28739"}],"version-history":[{"count":0,"href":"https:\/\/czk-cakovec.hr\/saturn\/wp-json\/wp\/v2\/pages\/28739\/revisions"}],"wp:attachment":[{"href":"https:\/\/czk-cakovec.hr\/saturn\/wp-json\/wp\/v2\/media?parent=28739"}],"curies":[{"name":"wp","href":"https:\/\/api.w.org\/{rel}","templated":true}]}}