{"id":33014,"date":"2021-07-11T21:35:22","date_gmt":"2021-07-11T19:35:22","guid":{"rendered":"https:\/\/czk-cakovec.hr\/?page_id=33014"},"modified":"2021-07-11T21:35:22","modified_gmt":"2021-07-11T19:35:22","slug":"javni-natjecaj-za-oblikovanje-vizualnog-identiteta-czk-cakovec","status":"publish","type":"page","link":"https:\/\/czk-cakovec.hr\/saturn\/javni-natjecaj-za-oblikovanje-vizualnog-identiteta-czk-cakovec\/","title":{"rendered":"Javni natje\u010daj za oblikovanje vizualnog identiteta CZK \u010cakovec"},"content":{"rendered":"<p>Centar za kulturu \u010cakovec raspisuje <strong>Javni natje\u010daj za oblikovanje vizualnog identiteta Centra za kulturu \u010cakovec.\u00a0<\/strong><\/p>\n<p><strong>Po\u010detak natje\u010daja: 30.8.2021.<\/strong><\/p>\n<p>Rok za postavljanje pitanja vezanih uz Projektni zadatak i Op\u0107e uvjete Natje\u010daja: 6.9.2021.<\/p>\n<p><strong>Rok za prijem natje\u010dajnih radova: 1.10.2021. bez obzira na na\u010din dostave<\/strong>.<\/p>\n<p>Ocjenjiva\u010dki sud zavr\u0161it \u0107e s radom najkasnije do: 8.10.2021.<\/p>\n<p>Objava rezultata natje\u010daja najkasnije do: 15.10.2021.<\/p>\n<p>Kompletna natje\u010dajna dokumentacija mo\u017ee se preuzeti na na\u0161im web stranicama &#8211; u nastavku &#8211; od 30. kolovoza 2021.<\/p>\n<ol>\n<li><a href=\"https:\/\/czk-cakovec.hr\/wp-content\/uploads\/2021\/08\/NATJECAJ-2.docx\"><strong>Natje\u010daj za oblikovanje vizualnog identiteta CZK \u010cakovec<\/strong><\/a> (.doc)<\/li>\n<li><a href=\"https:\/\/czk-cakovec.hr\/wp-content\/uploads\/2021\/08\/OPCI-UVJETI-NATJECAJA-2.docx\"><strong>Op\u0107i uvjeti natje\u010daja<\/strong><\/a> (.doc)<\/li>\n<li><a href=\"https:\/\/czk-cakovec.hr\/wp-content\/uploads\/2021\/08\/ZADATAK-NATJECAJA-2.docx\"><strong>Zadatak natje\u010daja<\/strong><\/a> (.doc)<\/li>\n<li><a href=\"https:\/\/czk-cakovec.hr\/wp-content\/uploads\/2021\/08\/PRIJAVNICA-NA-JAVNI-NATJECAJ-2.docx\"><strong>Prijavnica na javni natje\u010daj<\/strong><\/a> (.doc)<\/li>\n<li><a href=\"https:\/\/czk-cakovec.hr\/wp-content\/uploads\/2021\/09\/PITANJA-I-ODGOVORI-PONOVLJENI-NATJECAJ.docx\"><strong>Pitanja i odgovori<\/strong><\/a> (.doc)<\/li>\n<li><a href=\"https:\/\/czk-cakovec.hr\/wp-content\/uploads\/2021\/08\/Obavijest-za-javni-natjecaj.docx\"><strong>Obavijest o ponavljanju javnog natje\u010daja<\/strong><\/a> (.doc)<\/li>\n<\/ol>\n","protected":false},"excerpt":{"rendered":"<p>Centar za kulturu \u010cakovec raspisuje Javni natje\u010daj za oblikovanje vizualnog identiteta Centra za kulturu \u010cakovec.\u00a0 Po\u010detak natje\u010daja: 30.8.2021. Rok za postavljanje pitanja vezanih uz Projektni zadatak i Op\u0107e uvjete Natje\u010daja: 6.9.2021. Rok za prijem natje\u010dajnih radova: 1.10.2021. bez obzira na na\u010din dostave. Ocjenjiva\u010dki sud zavr\u0161it \u0107e s radom najkasnije do: 8.10.2021. Objava rezultata natje\u010daja najkasnije do: 15.10.2021. Kompletna natje\u010dajna dokumentacija [&hellip;]<\/p>\n","protected":false},"author":1,"featured_media":0,"parent":0,"menu_order":0,"comment_status":"closed","ping_status":"closed","template":"","meta":{"inline_featured_image":false,"footnotes":""},"class_list":["post-33014","page","type-page","status-publish","hentry"],"ulaznica_data":null,"_links":{"self":[{"href":"https:\/\/czk-cakovec.hr\/saturn\/wp-json\/wp\/v2\/pages\/33014","targetHints":{"allow":["GET"]}}],"collection":[{"href":"https:\/\/czk-cakovec.hr\/saturn\/wp-json\/wp\/v2\/pages"}],"about":[{"href":"https:\/\/czk-cakovec.hr\/saturn\/wp-json\/wp\/v2\/types\/page"}],"author":[{"embeddable":true,"href":"https:\/\/czk-cakovec.hr\/saturn\/wp-json\/wp\/v2\/users\/1"}],"replies":[{"embeddable":true,"href":"https:\/\/czk-cakovec.hr\/saturn\/wp-json\/wp\/v2\/comments?post=33014"}],"version-history":[{"count":0,"href":"https:\/\/czk-cakovec.hr\/saturn\/wp-json\/wp\/v2\/pages\/33014\/revisions"}],"wp:attachment":[{"href":"https:\/\/czk-cakovec.hr\/saturn\/wp-json\/wp\/v2\/media?parent=33014"}],"curies":[{"name":"wp","href":"https:\/\/api.w.org\/{rel}","templated":true}]}}