{"id":33667,"date":"2021-10-13T11:32:38","date_gmt":"2021-10-13T09:32:38","guid":{"rendered":"https:\/\/czk-cakovec.hr\/?page_id=33667"},"modified":"2021-10-13T11:32:38","modified_gmt":"2021-10-13T09:32:38","slug":"rezultat-natjecaja-za-vizualni-identitet-centra-za-kulturu-cakovec","status":"publish","type":"page","link":"https:\/\/czk-cakovec.hr\/saturn\/rezultat-natjecaja-za-vizualni-identitet-centra-za-kulturu-cakovec\/","title":{"rendered":"Rezultat Natje\u010daja za vizualni identitet Centra za kulturu \u010cakovec"},"content":{"rendered":"<p>Na Natje\u010daj Centra za kulturu \u010cakovec za oblikovanje vizualnog identiteta \u2013 izrada znaka i logotipa pristiglo je 12 prijava vizualnih rje\u0161enja.<\/p>\n<p>Ocjenjiva\u010dki sud u sastavu: mag. ing. arh. <strong>Marija Dekar<\/strong>, akademski slikar <strong>Vedran Ivankovi\u0107<\/strong>, muzejska savjetnica\/voditeljica likovnih zbirki\/akademska slikarica <strong>Erika Na\u0111 Jerkovi\u0107<\/strong>, voditeljica filmske i izlo\u017ebene djelatnosti CZK <strong>Marina Kukoli\u0107<\/strong> i ravnatelj CZK <strong>Romano Bogdan<\/strong> donio je odluko o najboljem natje\u010dajnom radu i dodjeli nagrade za vizualni identitet.<\/p>\n<p>Izabran je natje\u010dajni rad pod brojem 2 kojem pripada i nagrada u iznosu od 20.000 kn bruto.<\/p>\n<p>Naziv koncepta: <strong>Multi<\/strong><br \/>\nNaziv autorskog tima: <strong>Filburg<\/strong><\/p>\n<p>Autori:<br \/>\n<strong>Andrej Filetin<\/strong>, kreativna direkcija<br \/>\n<strong>Mate \u017daja<\/strong>, grafi\u010dki dizajn<br \/>\n<strong>Mila Marina Burger<\/strong>, strategija komunikacije<\/p>\n<p>Obrazlo\u017eenje Odluke Ocjenjiva\u010dkog suda:<\/p>\n<p>Ocjenjiva\u010dki sud je prvim pregledom radova izdvojio tri rada kao najkvalitetnija. Preostali radovi su detaljno pregledani i Ocjenjiva\u010dki sud se usuglasio da ne odgovaraju u potpunosti na tematske zahtjeve navedene u raspisu natje\u010daja. Tra\u017eio se originalan i suvremen vizualni identitet, imaju\u0107i u vidu naslje\u0111e kao i \u017eeljeni razvoj Centra u sve zna\u010dajniju kulturnu instituciju u zemlji koja neprekidno traga za novim izazovima diljem Europe i svijeta.<\/p>\n<p>Daljnjom raspravom \u010dlanovi Ocjenjiva\u010dkog suda do\u0161li su do zaklju\u010dka da je natje\u010dajni rad broj 2 najbolje odgovorio na potrebe Centra za kulturu \u010cakovec. Rad obuhva\u0107a sve djelatnosti Centra te vrlo direktno do\u010darava svaki od programskih smjerova jednim slovom u svom skra\u0107enom nazivu. Osnovni znak koristi stilizirane varijante slova iz kojih se jasno i prepoznatljivo i\u0161\u010ditava ideja rada. Predlo\u017eeno tipografsko rje\u0161enje otvara mnoge mogu\u0107nosti primjena, a postavlja \u010dvrst okvir za daljnje vizualne aplikacije. Tako\u0111er upotreba kolorita je jedinstveno osmi\u0161ljena za svaku djelatnost \u010dime se omogu\u0107uje nijansiranje komunikacije pojedinih doga\u0111anja unutar sustava. Primjeri primjena osnovnog znaka i logotipa dokazuju \u017eeljenu prepoznatljivost.<\/p>\n<p>\u010cestitamo nagra\u0111enim autorima, a svim natjecateljima zahvaljujemo na sudjelovanju na natje\u010daju.<\/p>\n<p>Promocija novog identiteta odr\u017eat \u0107e se krajem listopada 2021. godine povodom 40. obljetnice Centra za kulturu \u010cakovec.<\/p>\n","protected":false},"excerpt":{"rendered":"<p>Na Natje\u010daj Centra za kulturu \u010cakovec za oblikovanje vizualnog identiteta \u2013 izrada znaka i logotipa pristiglo je 12 prijava vizualnih rje\u0161enja. Ocjenjiva\u010dki sud u sastavu: mag. ing. arh. Marija Dekar, akademski slikar Vedran Ivankovi\u0107, muzejska savjetnica\/voditeljica likovnih zbirki\/akademska slikarica Erika Na\u0111 Jerkovi\u0107, voditeljica filmske i izlo\u017ebene djelatnosti CZK Marina Kukoli\u0107 i ravnatelj CZK Romano Bogdan donio je odluko o najboljem [&hellip;]<\/p>\n","protected":false},"author":1,"featured_media":0,"parent":0,"menu_order":0,"comment_status":"closed","ping_status":"closed","template":"page-content-fullwidth.php","meta":{"inline_featured_image":false,"footnotes":""},"class_list":["post-33667","page","type-page","status-publish","hentry"],"ulaznica_data":null,"_links":{"self":[{"href":"https:\/\/czk-cakovec.hr\/saturn\/wp-json\/wp\/v2\/pages\/33667","targetHints":{"allow":["GET"]}}],"collection":[{"href":"https:\/\/czk-cakovec.hr\/saturn\/wp-json\/wp\/v2\/pages"}],"about":[{"href":"https:\/\/czk-cakovec.hr\/saturn\/wp-json\/wp\/v2\/types\/page"}],"author":[{"embeddable":true,"href":"https:\/\/czk-cakovec.hr\/saturn\/wp-json\/wp\/v2\/users\/1"}],"replies":[{"embeddable":true,"href":"https:\/\/czk-cakovec.hr\/saturn\/wp-json\/wp\/v2\/comments?post=33667"}],"version-history":[{"count":0,"href":"https:\/\/czk-cakovec.hr\/saturn\/wp-json\/wp\/v2\/pages\/33667\/revisions"}],"wp:attachment":[{"href":"https:\/\/czk-cakovec.hr\/saturn\/wp-json\/wp\/v2\/media?parent=33667"}],"curies":[{"name":"wp","href":"https:\/\/api.w.org\/{rel}","templated":true}]}}