{"id":33958,"date":"2021-11-12T10:01:15","date_gmt":"2021-11-12T09:01:15","guid":{"rendered":"https:\/\/czk-cakovec.hr\/?page_id=33958"},"modified":"2024-10-22T04:19:20","modified_gmt":"2024-10-22T02:19:20","slug":"knjiga-standarda","status":"publish","type":"page","link":"https:\/\/czk-cakovec.hr\/saturn\/knjiga-standarda\/","title":{"rendered":"Knjiga standarda"},"content":{"rendered":"<p>U nastavku su nalaze poveznice do datoteka za preuzimanje elemenata na\u0161eg novog identiteta.<\/p>\n<p>Molimo vas da na svojim digitalnim i tiskanim medijima i\/ili publikacijama koristite na\u0161e slu\u017ebene elemente.<\/p>\n<p>Na\u010din primjene svih elemenata uz primjere prona\u0111ite u <strong><a href=\"https:\/\/czk-cakovec.hr\/identitet\/\">Priru\u010dniku<\/a><\/strong>.<\/p>\n<h3>Font<\/h3>\n<p><strong>Archivo<\/strong> &#8211;\u00a0 <a href=\"https:\/\/czk-cakovec.hr\/wp-content\/uploads\/2021\/11\/CZK-fontovi.zip\">Preuzimanje<\/a> (ZIP datoteka, 343kb) | <a href=\"https:\/\/fonts.google.com\/specimen\/Archivo\" target=\"_blank\" rel=\"noopener\">Google Fonts<\/a><\/p>\n<h3>Logotip<\/h3>\n<p>ekranski prikaz (RGB) | tisak (CMYK)<\/p>\n<h3>Supegrafika<\/h3>\n<p>ekranski prikaz (RGB) | tisak (CMYK)<\/p>\n<h3>Znak<\/h3>\n<p>ekranski prikaz (RGB) | tisak (CMYK)<\/p>\n","protected":false},"excerpt":{"rendered":"<p>U nastavku su nalaze poveznice do datoteka za preuzimanje elemenata na\u0161eg novog identiteta. Molimo vas da na svojim digitalnim i tiskanim medijima i\/ili publikacijama koristite na\u0161e slu\u017ebene elemente. Na\u010din primjene svih elemenata uz primjere prona\u0111ite u Priru\u010dniku. Font Archivo &#8211;\u00a0 Preuzimanje (ZIP datoteka, 343kb) | Google Fonts Logotip ekranski prikaz (RGB) | tisak (CMYK) Supegrafika ekranski prikaz (RGB) | tisak [&hellip;]<\/p>\n","protected":false},"author":1,"featured_media":0,"parent":0,"menu_order":0,"comment_status":"closed","ping_status":"closed","template":"","meta":{"inline_featured_image":false,"footnotes":""},"class_list":["post-33958","page","type-page","status-publish","hentry"],"ulaznica_data":null,"_links":{"self":[{"href":"https:\/\/czk-cakovec.hr\/saturn\/wp-json\/wp\/v2\/pages\/33958","targetHints":{"allow":["GET"]}}],"collection":[{"href":"https:\/\/czk-cakovec.hr\/saturn\/wp-json\/wp\/v2\/pages"}],"about":[{"href":"https:\/\/czk-cakovec.hr\/saturn\/wp-json\/wp\/v2\/types\/page"}],"author":[{"embeddable":true,"href":"https:\/\/czk-cakovec.hr\/saturn\/wp-json\/wp\/v2\/users\/1"}],"replies":[{"embeddable":true,"href":"https:\/\/czk-cakovec.hr\/saturn\/wp-json\/wp\/v2\/comments?post=33958"}],"version-history":[{"count":1,"href":"https:\/\/czk-cakovec.hr\/saturn\/wp-json\/wp\/v2\/pages\/33958\/revisions"}],"predecessor-version":[{"id":45208,"href":"https:\/\/czk-cakovec.hr\/saturn\/wp-json\/wp\/v2\/pages\/33958\/revisions\/45208"}],"wp:attachment":[{"href":"https:\/\/czk-cakovec.hr\/saturn\/wp-json\/wp\/v2\/media?parent=33958"}],"curies":[{"name":"wp","href":"https:\/\/api.w.org\/{rel}","templated":true}]}}