{"id":34248,"date":"2021-12-08T11:23:54","date_gmt":"2021-12-08T10:23:54","guid":{"rendered":"https:\/\/czk-cakovec.hr\/?page_id=34248"},"modified":"2026-02-26T15:06:06","modified_gmt":"2026-02-26T14:06:06","slug":"prodaja-ulaznica","status":"publish","type":"page","link":"https:\/\/czk-cakovec.hr\/saturn\/prodaja-ulaznica\/","title":{"rendered":"Prihva\u0107anje uvjeta kupovine"},"content":{"rendered":"<div class=\"wpb-content-wrapper\">[vc_row][vc_column][vc_column_text css=&#8221;&#8221;]\n<h3>UVJETI KUPOVINE<\/h3>\n<p>Navedeni uvjeti kupovine definiraju postupak naru\u010divanja, pla\u0107anja, isporuke i reklamacije robe ponu\u0111ene na na\u0161im Internet stranicama. Isporu\u010ditelj (Prodavatelj) robe ponu\u0111ene na ovim stranicama je Javna ustanova Centar za kulturu, Trg republike 3, 40000 \u010cakovec, a Kupac robe je posjetitelj Internet trgovine koji odabere barem jednu ulaznicu. Kupnjom ulaznica Kupac prihva\u0107a Pravila i uvjete poslovanja. Ukoliko se ne sla\u017eete s navedenim, molimo Vas da ne koristite dalje ovu uslugu. Sve cijene su izra\u017eene u kunama i uklju\u010duju PDV<\/p>\n<h3>VRIJEME KUPNJE I KOLI\u010cINA<\/h3>\n<p>Online ulaznice mogu\u0107e je kupiti do 30 minuta prije po\u010detka programa. Jedan korisnik mo\u017ee kupiti maksimalno 6 online ulaznica po prijavi.<\/p>\n<h3>PLA\u0106ANJE<\/h3>\n<p>Pla\u0107ati mo\u017eete Visa, Maestro i Mastercard debitnim i kreditnim karticama.<br \/>\nPrilikom pla\u0107anja kupac mora navesti email adresu, osobne podatke (ime, prezime, adresu stanovanja) i podatke bankovne kartice (broj, kontrolni broj i datum isteka).<\/p>\n<h3>UVJETI DOSTAVE\/ISPORUKA ULAZNICA<\/h3>\n<p>Po zavr\u0161enom postupku kupovine online ulaznica na va\u0161u mail adresu dostavit \u0107e se potvrda o kupnji (ulaznica) sa sljede\u0107im podacima: naziv predstave, datum i vrijeme predstave, red, sjedalo, cijena i barkod ulaznice. Za ulazak na projekciju potrebno je predo\u010diti ulaznicu putem pametnog telefona ili ispisanu ulaznicu.<\/p>\n<h3>JEDNOSTRANI RASKID UGOVORA<\/h3>\n<p>Sukladno \u010dl. 79. st. 1. t. 12. Zakonu o za\u0161titi potro\u0161a\u010da, Kupac nema pravo na jednostrani raskid Ugovora na daljinu (povrata novca) s obzirom na to da je predmet ugovora pru\u017eanje usluga vezanih uz slobodno vrijeme, koje se doga\u0111aju u to\u010dno odre\u0111eno vrijeme odnosno u odre\u0111enom razdoblju.<\/p>\n<h3>PROMJENA PROGRAMA<\/h3>\n<p>Centar za kulturu \u010cakovec zadr\u017eava pravo promjene programa. U slu\u010daju otkazivanja programa ili promjene rasporeda, Kupac za online kupljenu ulaznicu mo\u017ee na blagajni Centra za kulturu dobiti povrat novca ili ju zamijeniti za isti film u drugom terminu ili neki drugi program. Rok za ostvarivanje prava je najkasnije do vremena na koje se kupljena ulaznica odnosi.<\/p>\n<h3>ZAMJENA I REKLAMACIJA<\/h3>\n<p>Zamjenu ulaznica ili povrat sredstava mogu\u0107e je ostvariti samo u slu\u010daju promjene ili otkazivanja programa. Za kupljene, a nepreuzete ulaznice, nije mogu\u0107e tra\u017eiti povrat sredstava ili zamjenu za drugu ulaznicu. Prije nego \u0161to kupovinu kona\u010dno potvrdite provjerite sve podatke o \u017eeljenom filmu ili drugom programu, terminu i vremenu odr\u017eavanja programa jer naknadne reklamacije ne uva\u017eavamo.<\/p>\n<h3>OSOBNI PODACI<\/h3>\n<p>Za\u0161tita privatnosti opisuje kako Centar za kulturu \u010cakovec postupa s Va\u0161im osobnim podacima koje zaprimi tijekom kori\u0161tenja Internet trgovine. Pod osobnim podacima smatraju se Va\u0161i identifikacijski podaci: ime i prezime, e-mail adresa, ku\u0107na adresa i broj telefona, odnosno podaci koji nisu javno dostupni, a za koje Centar za kulturu sazna tijekom Va\u0161eg kori\u0161tenja Internet trgovine. Centar za kulturu \u010cakovec obvezuje se da \u0107e Va\u0161e osobne podatke koristiti samo u identifikacijske svrhe pri kori\u0161tenju Internet trgovine, kako bi Vam omogu\u0107ila kori\u0161tenje svih opcija koje pru\u017ea. Centar za kulturu \u010cakovec \u0107e Va\u0161e osobne podatke \u010duvati u tajnosti, te ih ne\u0107e distribuirati, objavljivati, davati tre\u0107im stranama na kori\u0161tenje niti ih na bilo koji drugi na\u010din u\u010diniti dostupnima bilo kojoj tre\u0107oj osobi bez va\u0161e prethodne suglasnosti.<\/p>\n<h3>ELEKTRONSKA KOMUNIKACIJA<\/h3>\n<p>Posje\u0107ivanjem stranica internet trgovine komunicirate elektronskim putem. Time prihva\u0107ate da svi sporazumi, obavijesti, priop\u0107enja i ostali sadr\u017eaji koji su vam dostavljeni elektronskim putem zadovoljavaju pravne okvire kao da su ostvareni u pisanom obliku.<\/p>\n<h3>IZMJENA PRAVILA I UVJETE ONLINE KUPOVINE<\/h3>\n<p>Centar za kulturu \u010cakovec zadr\u017eava pravo mijenjati i a\u017eurirati navedena Pravila i uvjete online kupovine. Svaka izmjena biti \u0107e objavljena na stranicama na\u0161e Internet trgovine.<\/p>\n<h3>PODNO\u0160ENJE PRIGOVORA<\/h3>\n<p>Pisani prigovor mo\u017ee se osobno predati u poslovnim objektima Centra za kulturu \u010cakovec, poslati po\u0161tom na adresu: Centar za kulturu, Trg republike 3, 40000 \u010cakovec ili elektroni\u010dkim putem na e-mail adresu: <a class=\"__cf_email__\" href=\"\/cdn-cgi\/l\/email-protection\" data-cfemail=\"3e575058517e5d4455135d5f5551485b5d10564c\">[email\u00a0protected]<\/a> Na Va\u0161 prigovor pismeno \u0107emo odgovoriti u roku od 15 dana od zaprimanja istog.[\/vc_column_text][\/vc_column][\/vc_row]\n<\/div>","protected":false},"excerpt":{"rendered":"<p>[vc_row][vc_column][vc_column_text css=&#8221;&#8221;] UVJETI KUPOVINE Navedeni uvjeti kupovine definiraju postupak naru\u010divanja, pla\u0107anja, isporuke i reklamacije robe ponu\u0111ene na na\u0161im Internet stranicama. Isporu\u010ditelj (Prodavatelj) robe ponu\u0111ene na ovim stranicama je Javna ustanova Centar za kulturu, Trg republike 3, 40000 \u010cakovec, a Kupac robe je posjetitelj Internet trgovine koji odabere barem jednu ulaznicu. Kupnjom ulaznica Kupac prihva\u0107a Pravila i uvjete poslovanja. Ukoliko se [&hellip;]<\/p>\n","protected":false},"author":1,"featured_media":0,"parent":0,"menu_order":0,"comment_status":"closed","ping_status":"closed","template":"","meta":{"inline_featured_image":false,"footnotes":""},"class_list":["post-34248","page","type-page","status-publish","hentry"],"ulaznica_data":null,"_links":{"self":[{"href":"https:\/\/czk-cakovec.hr\/saturn\/wp-json\/wp\/v2\/pages\/34248","targetHints":{"allow":["GET"]}}],"collection":[{"href":"https:\/\/czk-cakovec.hr\/saturn\/wp-json\/wp\/v2\/pages"}],"about":[{"href":"https:\/\/czk-cakovec.hr\/saturn\/wp-json\/wp\/v2\/types\/page"}],"author":[{"embeddable":true,"href":"https:\/\/czk-cakovec.hr\/saturn\/wp-json\/wp\/v2\/users\/1"}],"replies":[{"embeddable":true,"href":"https:\/\/czk-cakovec.hr\/saturn\/wp-json\/wp\/v2\/comments?post=34248"}],"version-history":[{"count":3,"href":"https:\/\/czk-cakovec.hr\/saturn\/wp-json\/wp\/v2\/pages\/34248\/revisions"}],"predecessor-version":[{"id":50067,"href":"https:\/\/czk-cakovec.hr\/saturn\/wp-json\/wp\/v2\/pages\/34248\/revisions\/50067"}],"wp:attachment":[{"href":"https:\/\/czk-cakovec.hr\/saturn\/wp-json\/wp\/v2\/media?parent=34248"}],"curies":[{"name":"wp","href":"https:\/\/api.w.org\/{rel}","templated":true}]}}