{"id":34467,"date":"2022-01-11T14:04:50","date_gmt":"2022-01-11T13:04:50","guid":{"rendered":"https:\/\/czk-cakovec.hr\/?page_id=34467"},"modified":"2024-11-08T07:53:00","modified_gmt":"2024-11-08T06:53:00","slug":"mjesecnik-cooltura-2022","status":"publish","type":"page","link":"https:\/\/czk-cakovec.hr\/saturn\/mjesecnik-cooltura-2022\/","title":{"rendered":"Mjese\u010dnik Cooltura, 2022"},"content":{"rendered":"<div class=\"dflip-books\"><div class=\"_df_thumb \" id=\"df_37474\"  books=\"mjesecnik-cooltura-godina-2022\" limit=\"-1\" wpoptions=\"true\" thumb=\"https:\/\/czk-cakovec.hr\/wp-content\/uploads\/2022\/11\/cooltura-12-2022-1.jpg\" >Cooltura, prosinac 2022<\/div><script data-cfasync=\"false\">var option_df_37474 = {\"outline\":[],\"forceFit\":\"true\",\"autoEnableOutline\":\"false\",\"autoEnableThumbnail\":\"false\",\"overwritePDFOutline\":\"false\",\"direction\":\"1\",\"pageMode\":\"0\",\"source\":\"https:\\\/\\\/czk-cakovec.hr\\\/wp-content\\\/uploads\\\/2022\\\/11\\\/cooltura-12-2022.pdf\",\"wpOptions\":\"true\"}; if(window.DFLIP && DFLIP.parseBooks){DFLIP.parseBooks();}<\/script><div class=\"_df_thumb \" id=\"df_37198\"  books=\"mjesecnik-cooltura-godina-2022\" limit=\"-1\" wpoptions=\"true\" thumb=\"https:\/\/czk-cakovec.hr\/wp-content\/uploads\/2022\/11\/cooltura-11-2022-1.jpg\" >Cooltura, studeni 2022<\/div><script data-cfasync=\"false\">var option_df_37198 = {\"outline\":[],\"forceFit\":\"true\",\"autoEnableOutline\":\"false\",\"autoEnableThumbnail\":\"false\",\"overwritePDFOutline\":\"false\",\"direction\":\"1\",\"pageMode\":\"0\",\"source\":\"https:\\\/\\\/czk-cakovec.hr\\\/wp-content\\\/uploads\\\/2022\\\/11\\\/cooltura-11-2022-1.pdf\",\"wpOptions\":\"true\"}; if(window.DFLIP && DFLIP.parseBooks){DFLIP.parseBooks();}<\/script><div class=\"_df_thumb \" id=\"df_36910\"  books=\"mjesecnik-cooltura-godina-2022\" limit=\"-1\" wpoptions=\"true\" thumb=\"https:\/\/czk-cakovec.hr\/wp-content\/uploads\/2022\/10\/cooltura-10-2022-1.jpg\" >Cooltura, listopad 2022<\/div><script data-cfasync=\"false\">var option_df_36910 = {\"outline\":[],\"forceFit\":\"true\",\"autoEnableOutline\":\"false\",\"autoEnableThumbnail\":\"false\",\"overwritePDFOutline\":\"false\",\"direction\":\"1\",\"pageMode\":\"0\",\"source\":\"https:\\\/\\\/czk-cakovec.hr\\\/wp-content\\\/uploads\\\/2022\\\/10\\\/cooltura-10-2022.pdf\",\"wpOptions\":\"true\"}; if(window.DFLIP && DFLIP.parseBooks){DFLIP.parseBooks();}<\/script><div class=\"_df_thumb \" id=\"df_36595\"  books=\"mjesecnik-cooltura-godina-2022\" limit=\"-1\" wpoptions=\"true\" thumb=\"https:\/\/czk-cakovec.hr\/wp-content\/uploads\/2022\/09\/cooltura-09-2022-1.jpg\" >Cooltura, rujan 2022<\/div><script data-cfasync=\"false\">var option_df_36595 = {\"outline\":[],\"forceFit\":\"true\",\"autoEnableOutline\":\"false\",\"autoEnableThumbnail\":\"false\",\"overwritePDFOutline\":\"false\",\"direction\":\"1\",\"pageMode\":\"0\",\"source\":\"https:\\\/\\\/czk-cakovec.hr\\\/wp-content\\\/uploads\\\/2022\\\/09\\\/cooltura-09-2022.pdf\",\"wpOptions\":\"true\"}; if(window.DFLIP && DFLIP.parseBooks){DFLIP.parseBooks();}<\/script><div class=\"_df_thumb \" id=\"df_35868\"  books=\"mjesecnik-cooltura-godina-2022\" limit=\"-1\" wpoptions=\"true\" thumb=\"https:\/\/czk-cakovec.hr\/wp-content\/uploads\/2022\/06\/cooltura-06-2022-1-1.jpg\" >Cooltura, lipanj 2022<\/div><script data-cfasync=\"false\">var option_df_35868 = {\"outline\":[],\"forceFit\":\"true\",\"autoEnableOutline\":\"false\",\"autoEnableThumbnail\":\"false\",\"overwritePDFOutline\":\"false\",\"direction\":\"1\",\"pageMode\":\"0\",\"source\":\"https:\\\/\\\/czk-cakovec.hr\\\/wp-content\\\/uploads\\\/2022\\\/06\\\/cooltura-06-2022-1.pdf\",\"wpOptions\":\"true\"}; if(window.DFLIP && DFLIP.parseBooks){DFLIP.parseBooks();}<\/script><div class=\"_df_thumb \" id=\"df_35617\"  books=\"mjesecnik-cooltura-godina-2022\" limit=\"-1\" wpoptions=\"true\" thumb=\"https:\/\/czk-cakovec.hr\/wp-content\/uploads\/2022\/05\/cooltura-05-2022-1.jpg\" >Cooltura, svibanj 2022<\/div><script data-cfasync=\"false\">var option_df_35617 = {\"outline\":[],\"forceFit\":\"true\",\"autoEnableOutline\":\"false\",\"autoEnableThumbnail\":\"false\",\"overwritePDFOutline\":\"false\",\"direction\":\"1\",\"pageMode\":\"0\",\"source\":\"https:\\\/\\\/czk-cakovec.hr\\\/wp-content\\\/uploads\\\/2022\\\/05\\\/cooltura-05-2022.pdf\",\"wpOptions\":\"true\"}; if(window.DFLIP && DFLIP.parseBooks){DFLIP.parseBooks();}<\/script><div class=\"_df_thumb \" id=\"df_35369\"  books=\"mjesecnik-cooltura-godina-2022\" limit=\"-1\" wpoptions=\"true\" thumb=\"https:\/\/czk-cakovec.hr\/wp-content\/uploads\/2022\/03\/cooltura-04-2022-1.jpg\" >Cooltura, travanj 2022<\/div><script data-cfasync=\"false\">var option_df_35369 = {\"outline\":[],\"forceFit\":\"true\",\"autoEnableOutline\":\"false\",\"autoEnableThumbnail\":\"false\",\"overwritePDFOutline\":\"false\",\"direction\":\"1\",\"pageMode\":\"0\",\"source\":\"https:\\\/\\\/czk-cakovec.hr\\\/wp-content\\\/uploads\\\/2022\\\/03\\\/cooltura-04-2022.pdf\",\"wpOptions\":\"true\"}; if(window.DFLIP && DFLIP.parseBooks){DFLIP.parseBooks();}<\/script><div class=\"_df_thumb \" id=\"df_35051\"  books=\"mjesecnik-cooltura-godina-2022\" limit=\"-1\" wpoptions=\"true\" thumb=\"https:\/\/czk-cakovec.hr\/wp-content\/uploads\/2022\/03\/cooltura-03-2022-1.jpg\" >Cooltura, o\u017eujak 2022<\/div><script data-cfasync=\"false\">var option_df_35051 = {\"outline\":[],\"forceFit\":\"true\",\"autoEnableOutline\":\"false\",\"autoEnableThumbnail\":\"false\",\"overwritePDFOutline\":\"false\",\"direction\":\"1\",\"pageMode\":\"0\",\"source\":\"https:\\\/\\\/czk-cakovec.hr\\\/wp-content\\\/uploads\\\/2022\\\/03\\\/cooltura-03-2022.pdf\",\"wpOptions\":\"true\"}; if(window.DFLIP && DFLIP.parseBooks){DFLIP.parseBooks();}<\/script><div class=\"_df_thumb \" id=\"df_34648\"  books=\"mjesecnik-cooltura-godina-2022\" limit=\"-1\" wpoptions=\"true\" thumb=\"https:\/\/czk-cakovec.hr\/wp-content\/uploads\/2022\/01\/cooltura-02-2022-1.jpg\" >Cooltura, velja\u010da 2022<\/div><script data-cfasync=\"false\">var option_df_34648 = {\"outline\":[],\"forceFit\":\"true\",\"autoEnableOutline\":\"false\",\"autoEnableThumbnail\":\"false\",\"overwritePDFOutline\":\"false\",\"direction\":\"1\",\"pageMode\":\"0\",\"source\":\"https:\\\/\\\/czk-cakovec.hr\\\/wp-content\\\/uploads\\\/2022\\\/01\\\/cooltura-02-2022.pdf\",\"wpOptions\":\"true\"}; if(window.DFLIP && DFLIP.parseBooks){DFLIP.parseBooks();}<\/script><div class=\"_df_thumb \" id=\"df_34464\"  books=\"mjesecnik-cooltura-godina-2022\" limit=\"-1\" wpoptions=\"true\" thumb=\"https:\/\/czk-cakovec.hr\/wp-content\/uploads\/2022\/01\/cooltura-01-2022-1.jpg\" >Cooltura, sije\u010danj 2022<\/div><script data-cfasync=\"false\">var option_df_34464 = {\"outline\":[],\"forceFit\":\"true\",\"autoEnableOutline\":\"false\",\"autoEnableThumbnail\":\"false\",\"overwritePDFOutline\":\"false\",\"direction\":\"1\",\"pageMode\":\"0\",\"source\":\"https:\\\/\\\/czk-cakovec.hr\\\/wp-content\\\/uploads\\\/2022\\\/01\\\/cooltura-01-2022.pdf\",\"wpOptions\":\"true\"}; if(window.DFLIP && DFLIP.parseBooks){DFLIP.parseBooks();}<\/script><\/div>\n\n\n\n<p><\/p>\n","protected":false},"excerpt":{"rendered":"Cooltura, prosinac 2022Cooltura, studeni 2022Cooltura, listopad 2022Cooltura, rujan 2022Cooltura, lipanj 2022Cooltura, svibanj 2022Cooltura, travanj 2022Cooltura, o\u017eujak 2022Cooltura, velja\u010da 2022Cooltura, sije\u010danj 2022","protected":false},"author":1,"featured_media":0,"parent":0,"menu_order":0,"comment_status":"closed","ping_status":"closed","template":"","meta":{"inline_featured_image":false,"footnotes":""},"class_list":["post-34467","page","type-page","status-publish","hentry"],"ulaznica_data":null,"_links":{"self":[{"href":"https:\/\/czk-cakovec.hr\/saturn\/wp-json\/wp\/v2\/pages\/34467","targetHints":{"allow":["GET"]}}],"collection":[{"href":"https:\/\/czk-cakovec.hr\/saturn\/wp-json\/wp\/v2\/pages"}],"about":[{"href":"https:\/\/czk-cakovec.hr\/saturn\/wp-json\/wp\/v2\/types\/page"}],"author":[{"embeddable":true,"href":"https:\/\/czk-cakovec.hr\/saturn\/wp-json\/wp\/v2\/users\/1"}],"replies":[{"embeddable":true,"href":"https:\/\/czk-cakovec.hr\/saturn\/wp-json\/wp\/v2\/comments?post=34467"}],"version-history":[{"count":2,"href":"https:\/\/czk-cakovec.hr\/saturn\/wp-json\/wp\/v2\/pages\/34467\/revisions"}],"predecessor-version":[{"id":45839,"href":"https:\/\/czk-cakovec.hr\/saturn\/wp-json\/wp\/v2\/pages\/34467\/revisions\/45839"}],"wp:attachment":[{"href":"https:\/\/czk-cakovec.hr\/saturn\/wp-json\/wp\/v2\/media?parent=34467"}],"curies":[{"name":"wp","href":"https:\/\/api.w.org\/{rel}","templated":true}]}}