{"id":39005,"date":"2023-01-12T12:35:18","date_gmt":"2023-01-12T11:35:18","guid":{"rendered":"https:\/\/czk-cakovec.hr\/?page_id=39005"},"modified":"2024-11-08T07:50:46","modified_gmt":"2024-11-08T06:50:46","slug":"mjesecnik-cooltura-2023","status":"publish","type":"page","link":"https:\/\/czk-cakovec.hr\/saturn\/mjesecnik-cooltura-2023\/","title":{"rendered":"Mjese\u010dnik Cooltura, 2023"},"content":{"rendered":"<div class=\"dflip-books\"><div class=\"_df_thumb \" id=\"df_41773\"  books=\"mjesecnik-cooltura-godina-2023\" limit=\"-1\" wpoptions=\"true\" thumb=\"https:\/\/czk-cakovec.hr\/wp-content\/uploads\/2023\/12\/cooltura-12-2023-1.jpg\" >Cooltura, prosinac 2023<\/div><script data-cfasync=\"false\">var option_df_41773 = {\"outline\":[],\"forceFit\":\"true\",\"autoEnableOutline\":\"false\",\"autoEnableThumbnail\":\"false\",\"overwritePDFOutline\":\"false\",\"direction\":\"1\",\"pageMode\":\"0\",\"source\":\"https:\\\/\\\/czk-cakovec.hr\\\/wp-content\\\/uploads\\\/2023\\\/12\\\/cooltura-12-2023.pdf\",\"wpOptions\":\"true\"}; if(window.DFLIP && DFLIP.parseBooks){DFLIP.parseBooks();}<\/script><div class=\"_df_thumb \" id=\"df_41485\"  books=\"mjesecnik-cooltura-godina-2023\" limit=\"-1\" wpoptions=\"true\" thumb=\"https:\/\/czk-cakovec.hr\/wp-content\/uploads\/2023\/11\/cooltura-11-2023-1.png\" >Cooltura, studeni 2023<\/div><script data-cfasync=\"false\">var option_df_41485 = {\"outline\":[],\"forceFit\":\"true\",\"autoEnableOutline\":\"false\",\"autoEnableThumbnail\":\"false\",\"overwritePDFOutline\":\"false\",\"direction\":\"1\",\"pageMode\":\"0\",\"source\":\"https:\\\/\\\/czk-cakovec.hr\\\/wp-content\\\/uploads\\\/2023\\\/11\\\/cooltura-11-2023.pdf\",\"wpOptions\":\"true\"}; if(window.DFLIP && DFLIP.parseBooks){DFLIP.parseBooks();}<\/script><div class=\"_df_thumb \" id=\"df_41193\"  books=\"mjesecnik-cooltura-godina-2023\" limit=\"-1\" wpoptions=\"true\" thumb=\"https:\/\/czk-cakovec.hr\/wp-content\/uploads\/2023\/10\/cooltura-10-2023-1.jpg\" >Cooltura, listopad 2023<\/div><script data-cfasync=\"false\">var option_df_41193 = {\"outline\":[],\"forceFit\":\"true\",\"autoEnableOutline\":\"false\",\"autoEnableThumbnail\":\"false\",\"overwritePDFOutline\":\"false\",\"direction\":\"1\",\"pageMode\":\"0\",\"source\":\"https:\\\/\\\/czk-cakovec.hr\\\/wp-content\\\/uploads\\\/2023\\\/10\\\/cooltura-10-2023.pdf\",\"wpOptions\":\"true\"}; if(window.DFLIP && DFLIP.parseBooks){DFLIP.parseBooks();}<\/script><div class=\"_df_thumb \" id=\"df_40867\"  books=\"mjesecnik-cooltura-godina-2023\" limit=\"-1\" wpoptions=\"true\" thumb=\"https:\/\/czk-cakovec.hr\/wp-content\/uploads\/2023\/09\/cooltura-09-2023-1.jpg\" >Cooltura, rujan 2023<\/div><script data-cfasync=\"false\">var option_df_40867 = {\"outline\":[],\"forceFit\":\"true\",\"autoEnableOutline\":\"false\",\"autoEnableThumbnail\":\"false\",\"overwritePDFOutline\":\"false\",\"direction\":\"1\",\"pageMode\":\"0\",\"source\":\"https:\\\/\\\/czk-cakovec.hr\\\/wp-content\\\/uploads\\\/2023\\\/09\\\/cooltura-09-2023.pdf\",\"wpOptions\":\"true\"}; if(window.DFLIP && DFLIP.parseBooks){DFLIP.parseBooks();}<\/script><div class=\"_df_thumb \" id=\"df_40325\"  books=\"mjesecnik-cooltura-godina-2023\" limit=\"-1\" wpoptions=\"true\" thumb=\"https:\/\/czk-cakovec.hr\/wp-content\/uploads\/2023\/06\/cooltura-06-2023-1.jpg\" >Cooltura, lipanj 2023<\/div><script data-cfasync=\"false\">var option_df_40325 = {\"outline\":[],\"forceFit\":\"true\",\"autoEnableOutline\":\"false\",\"autoEnableThumbnail\":\"false\",\"overwritePDFOutline\":\"false\",\"direction\":\"1\",\"pageMode\":\"0\",\"source\":\"https:\\\/\\\/czk-cakovec.hr\\\/wp-content\\\/uploads\\\/2023\\\/06\\\/cooltura-06-2023.pdf\",\"wpOptions\":\"true\"}; if(window.DFLIP && DFLIP.parseBooks){DFLIP.parseBooks();}<\/script><div class=\"_df_thumb \" id=\"df_40097\"  books=\"mjesecnik-cooltura-godina-2023\" limit=\"-1\" wpoptions=\"true\" thumb=\"https:\/\/czk-cakovec.hr\/wp-content\/uploads\/2023\/05\/cooltura-05-2023-1.jpg\" >Cooltura, svibanj 2023<\/div><script data-cfasync=\"false\">var option_df_40097 = {\"outline\":[],\"forceFit\":\"true\",\"autoEnableOutline\":\"false\",\"autoEnableThumbnail\":\"false\",\"overwritePDFOutline\":\"false\",\"direction\":\"1\",\"pageMode\":\"0\",\"source\":\"https:\\\/\\\/czk-cakovec.hr\\\/wp-content\\\/uploads\\\/2023\\\/05\\\/cooltura-05-2023.pdf\",\"wpOptions\":\"true\"}; if(window.DFLIP && DFLIP.parseBooks){DFLIP.parseBooks();}<\/script><div class=\"_df_thumb \" id=\"df_39763\"  books=\"mjesecnik-cooltura-godina-2023\" limit=\"-1\" wpoptions=\"true\" thumb=\"https:\/\/czk-cakovec.hr\/wp-content\/uploads\/2023\/03\/cooltura-04-2023-1.jpg\" >Cooltura, travanj 2023<\/div><script data-cfasync=\"false\">var option_df_39763 = {\"outline\":[],\"forceFit\":\"true\",\"autoEnableOutline\":\"false\",\"autoEnableThumbnail\":\"false\",\"overwritePDFOutline\":\"false\",\"direction\":\"1\",\"pageMode\":\"0\",\"source\":\"https:\\\/\\\/czk-cakovec.hr\\\/wp-content\\\/uploads\\\/2023\\\/03\\\/cooltura-04-2023.pdf\",\"wpOptions\":\"true\"}; if(window.DFLIP && DFLIP.parseBooks){DFLIP.parseBooks();}<\/script><div class=\"_df_thumb \" id=\"df_39557\"  books=\"mjesecnik-cooltura-godina-2023\" limit=\"-1\" wpoptions=\"true\" thumb=\"https:\/\/czk-cakovec.hr\/wp-content\/uploads\/2023\/02\/cooltura-03-2023-1.jpg\" >Cooltura, o\u017eujak 2023<\/div><script data-cfasync=\"false\">var option_df_39557 = {\"outline\":[],\"forceFit\":\"true\",\"autoEnableOutline\":\"false\",\"autoEnableThumbnail\":\"false\",\"overwritePDFOutline\":\"false\",\"direction\":\"1\",\"pageMode\":\"0\",\"source\":\"https:\\\/\\\/czk-cakovec.hr\\\/wp-content\\\/uploads\\\/2023\\\/02\\\/cooltura-03-2023-1.pdf\",\"wpOptions\":\"true\"}; if(window.DFLIP && DFLIP.parseBooks){DFLIP.parseBooks();}<\/script><div class=\"_df_thumb \" id=\"df_39213\"  books=\"mjesecnik-cooltura-godina-2023\" limit=\"-1\" wpoptions=\"true\" thumb=\"https:\/\/czk-cakovec.hr\/wp-content\/uploads\/2023\/01\/cooltura-02-2023-1.jpg\" >Cooltura, velja\u010da 2023<\/div><script data-cfasync=\"false\">var option_df_39213 = {\"outline\":[],\"forceFit\":\"true\",\"autoEnableOutline\":\"false\",\"autoEnableThumbnail\":\"false\",\"overwritePDFOutline\":\"false\",\"direction\":\"1\",\"pageMode\":\"0\",\"source\":\"https:\\\/\\\/czk-cakovec.hr\\\/wp-content\\\/uploads\\\/2023\\\/01\\\/cooltura-02-2023-1.pdf\",\"wpOptions\":\"true\"}; if(window.DFLIP && DFLIP.parseBooks){DFLIP.parseBooks();}<\/script><div class=\"_df_thumb \" id=\"df_39002\"  books=\"mjesecnik-cooltura-godina-2023\" limit=\"-1\" wpoptions=\"true\" thumb=\"https:\/\/czk-cakovec.hr\/wp-content\/uploads\/2023\/01\/cooltura-01-2023-1.jpg\" >Cooltura, sije\u010danj 2023<\/div><script data-cfasync=\"false\">var option_df_39002 = {\"outline\":[],\"forceFit\":\"true\",\"autoEnableOutline\":\"false\",\"autoEnableThumbnail\":\"false\",\"overwritePDFOutline\":\"false\",\"direction\":\"1\",\"pageMode\":\"0\",\"source\":\"https:\\\/\\\/czk-cakovec.hr\\\/wp-content\\\/uploads\\\/2023\\\/01\\\/cooltura-01-2023.pdf\",\"wpOptions\":\"true\"}; if(window.DFLIP && DFLIP.parseBooks){DFLIP.parseBooks();}<\/script><\/div>\n","protected":false},"excerpt":{"rendered":"Cooltura, prosinac 2023Cooltura, studeni 2023Cooltura, listopad 2023Cooltura, rujan 2023Cooltura, lipanj 2023Cooltura, svibanj 2023Cooltura, travanj 2023Cooltura, o\u017eujak 2023Cooltura, velja\u010da 2023Cooltura, sije\u010danj 2023","protected":false},"author":1,"featured_media":0,"parent":0,"menu_order":0,"comment_status":"closed","ping_status":"closed","template":"","meta":{"inline_featured_image":false,"footnotes":""},"class_list":["post-39005","page","type-page","status-publish","hentry"],"ulaznica_data":null,"_links":{"self":[{"href":"https:\/\/czk-cakovec.hr\/saturn\/wp-json\/wp\/v2\/pages\/39005","targetHints":{"allow":["GET"]}}],"collection":[{"href":"https:\/\/czk-cakovec.hr\/saturn\/wp-json\/wp\/v2\/pages"}],"about":[{"href":"https:\/\/czk-cakovec.hr\/saturn\/wp-json\/wp\/v2\/types\/page"}],"author":[{"embeddable":true,"href":"https:\/\/czk-cakovec.hr\/saturn\/wp-json\/wp\/v2\/users\/1"}],"replies":[{"embeddable":true,"href":"https:\/\/czk-cakovec.hr\/saturn\/wp-json\/wp\/v2\/comments?post=39005"}],"version-history":[{"count":1,"href":"https:\/\/czk-cakovec.hr\/saturn\/wp-json\/wp\/v2\/pages\/39005\/revisions"}],"predecessor-version":[{"id":45837,"href":"https:\/\/czk-cakovec.hr\/saturn\/wp-json\/wp\/v2\/pages\/39005\/revisions\/45837"}],"wp:attachment":[{"href":"https:\/\/czk-cakovec.hr\/saturn\/wp-json\/wp\/v2\/media?parent=39005"}],"curies":[{"name":"wp","href":"https:\/\/api.w.org\/{rel}","templated":true}]}}