{"id":43984,"date":"2011-10-13T07:01:51","date_gmt":"2011-10-13T07:01:51","guid":{"rendered":"http:\/\/czk-cakovec.hr\/?page_id=16"},"modified":"2011-10-13T07:01:51","modified_gmt":"2011-10-13T07:01:51","slug":"o-centru","status":"publish","type":"page","link":"https:\/\/czk-cakovec.hr\/saturn\/o-centru\/","title":{"rendered":"O centru"},"content":{"rendered":"<p><a href=\"https:\/\/czk-cakovec.hr\/wp-content\/uploads\/2021\/11\/czk_logo_2021.png\"><img loading=\"lazy\" decoding=\"async\" class=\"alignnone size-full wp-image-33891\" src=\"https:\/\/czk-cakovec.hr\/wp-content\/uploads\/2021\/11\/czk_logo_2021.png\" alt=\"\" width=\"500\" height=\"89\" \/><\/a><\/p>\n<p>&nbsp;<\/p>\n<p><a href=\"http:\/\/czk-cakovec.hr\/wp-content\/uploads\/2011\/11\/CZK-CAKOVEC.jpg\"><img loading=\"lazy\" decoding=\"async\" class=\"alignnone size-full wp-image-11468\" src=\"http:\/\/czk-cakovec.hr\/wp-content\/uploads\/2011\/11\/CZK-CAKOVEC.jpg\" alt=\"CZK CAKOVEC\" width=\"500\" height=\"317\" srcset=\"https:\/\/czk-cakovec.hr\/saturn\/wp-content\/uploads\/2011\/11\/CZK-CAKOVEC.jpg 500w, https:\/\/czk-cakovec.hr\/saturn\/wp-content\/uploads\/2011\/11\/CZK-CAKOVEC-300x190.jpg 300w\" sizes=\"auto, (max-width: 500px) 100vw, 500px\" \/><\/a><\/p>\n<p>Od osnutka 1981. godine, nastoje\u0107i u potpunosti opravdati svoj \u0161irok i sveobuhvatan naziv, Centar za kulturu u \u010cakovcu razvija razli\u010dite izvorne manifestacije i programe te organizira brojne nastupe gostuju\u0107ih izvo\u0111a\u010da.<\/p>\n<p><img loading=\"lazy\" decoding=\"async\" class=\"alignnone size-full wp-image-11469\" src=\"http:\/\/czk-cakovec.hr\/wp-content\/uploads\/2011\/11\/DVORANA-CZK1.jpg\" alt=\"DVORANA CZK\" width=\"499\" height=\"299\" srcset=\"https:\/\/czk-cakovec.hr\/saturn\/wp-content\/uploads\/2011\/11\/DVORANA-CZK1.jpg 499w, https:\/\/czk-cakovec.hr\/saturn\/wp-content\/uploads\/2011\/11\/DVORANA-CZK1-300x180.jpg 300w\" sizes=\"auto, (max-width: 499px) 100vw, 499px\" \/><\/p>\n<p>Na velikoj sceni Centra, u dvorani koja prima 546 posjetitelja, odr\u017eavaju se raznolike kazali\u0161ne, baletne i glazbene priredbe. Gotovo svakodnevno se prikazuju filmovi, a dugogodi\u0161nju filmsku tradiciju \u010dine i tribine Petkom u 22, nedjeljna Dje\u010dja filmska tribina i najnovija Filmofilija.<\/p>\n<p><a href=\"http:\/\/czk-cakovec.hr\/wp-content\/uploads\/2011\/10\/4-revija-m.jpg\"><img loading=\"lazy\" decoding=\"async\" class=\"alignnone size-full wp-image-18602\" src=\"http:\/\/czk-cakovec.hr\/wp-content\/uploads\/2011\/10\/4-revija-m.jpg\" alt=\"\" width=\"500\" height=\"313\" \/><\/a><\/p>\n<p>Vezano uz film spomenimo jo\u0161 \u00a0Me\u0111unarodnu reviju filmova za djecu i mlade koju Centar od 2013. organizira \u00a0svake godine \u00a0po\u010detkom o\u017eujka. Hrvatsku mre\u017eu neovisnih kinoprikaziva\u010da je 2014. osnovalo 27 \u00a0kinoprikaziva\u010da\u00a0me\u0111u kojima i na\u0161e kino, kako bi oja\u010dali polo\u017eaj neovisnih kina unutar same filmske djelatnosti te pokrenuli i razvijali filmsku kulturu u svim njezinim oblicima diljem Hrvatske. \u00a0Popularnost je stekla i nova tribina KINO ZA MLADE koja je 2015. za\u017eivjela u suradnji s profesorima i u\u010denicima Graditeljske \u0161kole \u010cakovec &#8211;\u00a0smjer medijski tehni\u010dari koji djeluju i preko Filmskog kluba.<\/p>\n<p><a href=\"http:\/\/czk-cakovec.hr\/wp-content\/uploads\/2011\/10\/kino-za-mlade.jpg\"><img loading=\"lazy\" decoding=\"async\" class=\"alignnone size-full wp-image-18604\" src=\"http:\/\/czk-cakovec.hr\/wp-content\/uploads\/2011\/10\/kino-za-mlade.jpg\" alt=\"\" width=\"500\" height=\"319\" \/><\/a><\/p>\n<p>Kino Centra postalo je \u010dlan najva\u017enije europske asocijacije kina &#8211; EUROPA CINEMAS zaklju\u010dkom stru\u010dne \u00a0komisije odr\u017eane u Parizu 20.4.2016. godine. Od svibnja 2016. kino je \u010dlan i ECFA-e (European Children&#8217;s Film Association) koja promovira dje\u010dji film i film za djecu, te joj je glavni cilj \u0161to ve\u0107i broj djece upoznati s europskim filmom.<\/p>\n<p>U izlo\u017ebenom prostoru, koji ima status dr\u017eavne galerije, svoje radove izla\u017eu poznati i cijenjeni likovni umjetnici.<\/p>\n<p><a href=\"http:\/\/czk-cakovec.hr\/wp-content\/uploads\/2011\/10\/35-GODINA-CZK-IZLOZBA.jpg\"><img loading=\"lazy\" decoding=\"async\" class=\"alignnone size-full wp-image-18606\" src=\"http:\/\/czk-cakovec.hr\/wp-content\/uploads\/2011\/10\/35-GODINA-CZK-IZLOZBA.jpg\" alt=\"\" width=\"499\" height=\"315\" \/><\/a><\/p>\n<p><em>Izlo\u017eba 35 godina Centra za kulturu \u010cakovec<\/em><\/p>\n<p>Zgradu Centra za kulturu projektirao je dipl. arh. Ivan Petrovi\u0107. Unutra\u0161njost su osmislili akademski umjetnici Mihael \u0160tebih (kameni mozaik), Slobodan Simi\u0107 (figurativna) i Roko \u0160toki\u0107 (apstraktna freska).<\/p>\n<p>Centar je sve\u010dano otvoren 29. studenoga 1981. godine uz koncert Zagreba\u010dkih simfoni\u010dara i Zbora Radio-televizije Zagreb pod ravnanjem Igora Kuljeri\u0107a. Prva kazali\u0161na predstava odigrana je dva mjeseca kasnije &#8211; bila je to dramatizacija Krle\u017einog romana Banket u Blitvi u izvedbi zagreba\u010dkog Hrvatskog narodnog kazali\u0161ta u re\u017eiji Georgija Para.<\/p>\n<p>Najdulju tradiciju imaju Tribina \u010cakovec \u010detvrtkom i Majski muzi\u010dki memorijal Josip \u0160tolcer Slavenski.<\/p>\n<p><a href=\"http:\/\/czk-cakovec.hr\/wp-content\/uploads\/2011\/10\/43-mmm.jpg\"><img loading=\"lazy\" decoding=\"async\" class=\"alignnone size-full wp-image-18609\" src=\"http:\/\/czk-cakovec.hr\/wp-content\/uploads\/2011\/10\/43-mmm.jpg\" alt=\"\" width=\"500\" height=\"348\" \/><\/a><\/p>\n<p>Pri Centru od 1987. godine djeluje Kazali\u0161na dru\u017eina Pinklec koja je 2006. godine stekla status profesionalne kazali\u0161ne dru\u017eine.<\/p>\n<p><a href=\"http:\/\/czk-cakovec.hr\/wp-content\/uploads\/2016\/10\/puz-muz-3.jpg\"><img loading=\"lazy\" decoding=\"async\" class=\"alignnone size-full wp-image-18480\" src=\"http:\/\/czk-cakovec.hr\/wp-content\/uploads\/2016\/10\/puz-muz-3.jpg\" alt=\"\" width=\"500\" height=\"344\" \/><\/a><\/p>\n<p><em>Scena iz predstave PU\u017d MU\u017d\u00a0Kazali\u0161ne dru\u017eine Pinklec<\/em><\/p>\n<p>Centar je od 2000. godine doma\u0107in godi\u0161njih Susreta profesionalnih kazali\u0161ta za djecu i mlade Hrvatskog centra ASSITEJ koji imaju me\u0111unarodni karakter.<\/p>\n<p><a href=\"http:\/\/czk-cakovec.hr\/wp-content\/uploads\/2011\/10\/ASSITEJ.jpg\"><img loading=\"lazy\" decoding=\"async\" class=\"alignnone size-full wp-image-18607\" src=\"http:\/\/czk-cakovec.hr\/wp-content\/uploads\/2011\/10\/ASSITEJ.jpg\" alt=\"\" width=\"500\" height=\"341\" \/><\/a><\/p>\n<p>Godine\u00a02011. otvorena je Kazali\u0161na tribina za djecu i mlade &#8220;CUKOREK&#8221;.<\/p>\n<p><a href=\"http:\/\/czk-cakovec.hr\/wp-content\/uploads\/2014\/10\/KUCNI-DUHOVI.jpg\"><img loading=\"lazy\" decoding=\"async\" class=\"alignnone size-full wp-image-10439\" src=\"http:\/\/czk-cakovec.hr\/wp-content\/uploads\/2014\/10\/KUCNI-DUHOVI.jpg\" alt=\"KUCNI-DUHOVI\" width=\"500\" height=\"297\" \/><\/a><\/p>\n<p><em>Kazali\u0161na dru\u017eina &#8220;Pinklec&#8221; &#8211; scena iz predstave\u00a0KU\u0106NI DUHOVI.<\/em><\/p>\n<p>U sklopu Kazali\u0161ne dru\u017eine Pinklec od 2011. godine djeluje Dramski studio Dada osnovan 28.1.2004. kao kazali\u0161na grupa unutar Centra za mlade, CeZaM \u010cakovec.\u00a0Dolaskom pod okrilje Kazali\u0161ne dru\u017eine Pinklec Dada zapo\u010dinje novu eru stvarala\u0161tva te danas u 8 razli\u010ditih dramskih grupa okuplja vi\u0161e od stotinu djece.<\/p>\n<p><a href=\"http:\/\/czk-cakovec.hr\/wp-content\/uploads\/2011\/10\/1-DADA.jpg\"><img loading=\"lazy\" decoding=\"async\" class=\"alignnone size-full wp-image-18600\" src=\"http:\/\/czk-cakovec.hr\/wp-content\/uploads\/2011\/10\/1-DADA.jpg\" alt=\"\" width=\"500\" height=\"333\" \/><\/a><\/p>\n<p><em>Dramski studio Dada u predstavi ZOO!<\/em><\/p>\n<p>U Centru se od 1994. odr\u017eava sve zapa\u017eeniji Jazz fair, a na Maloj sceni &#8220;Vinko Lisjak&#8221; program Jazz srijeda.<\/p>\n<p><a href=\"http:\/\/czk-cakovec.hr\/wp-content\/uploads\/2011\/10\/jazz-fair.jpg\"><img loading=\"lazy\" decoding=\"async\" class=\"alignnone size-full wp-image-18608\" src=\"http:\/\/czk-cakovec.hr\/wp-content\/uploads\/2011\/10\/jazz-fair.jpg\" alt=\"\" width=\"500\" height=\"293\" \/><\/a><\/p>\n<p>U novije vrijeme, otkako je obnovljena zgrada Scheier, Centar mnoge glazbene doga\u0111aje organizira i u dvorani Zrinski, prikladnoj za komorne koncerte\u00a0pa se tamo od 2014. odr\u017eava i Festival komorne glazbe.<\/p>\n<p><a href=\"http:\/\/czk-cakovec.hr\/wp-content\/uploads\/2011\/10\/2-festival-komorne-glazbe.jpg\"><img loading=\"lazy\" decoding=\"async\" class=\"alignnone size-full wp-image-18601\" src=\"http:\/\/czk-cakovec.hr\/wp-content\/uploads\/2011\/10\/2-festival-komorne-glazbe.jpg\" alt=\"\" width=\"499\" height=\"290\" \/><\/a><\/p>\n<p>Centar izdaje knjige o likovnim i glazbenim umjetnicima, o kino djelatnosti a od o\u017eujka 1998. \u00a0mjese\u010dnik Cooltura u kojem se najavljuju predstoje\u0107i kulturni doga\u0111aji.<\/p>\n<p>U objektu Centra i danas djeluje \u0161<a href=\"http:\/\/safcakovec.com\/\">kola animiranog filma<\/a>\u00a0u kojoj djeca stvaraju animirane filmove i svoja iskustva prenose cijelim svijetom.<\/p>\n","protected":false},"excerpt":{"rendered":"<p>&nbsp; Od osnutka 1981. godine, nastoje\u0107i u potpunosti opravdati svoj \u0161irok i sveobuhvatan naziv, Centar za kulturu u \u010cakovcu razvija razli\u010dite izvorne manifestacije i programe te organizira brojne nastupe gostuju\u0107ih izvo\u0111a\u010da. Na velikoj sceni Centra, u dvorani koja prima 546 posjetitelja, odr\u017eavaju se raznolike kazali\u0161ne, baletne i glazbene priredbe. Gotovo svakodnevno se prikazuju filmovi, a dugogodi\u0161nju filmsku tradiciju \u010dine i [&hellip;]<\/p>\n","protected":false},"author":1,"featured_media":0,"parent":0,"menu_order":0,"comment_status":"closed","ping_status":"closed","template":"","meta":{"inline_featured_image":false,"footnotes":""},"class_list":["post-43984","page","type-page","status-publish","hentry"],"ulaznica_data":null,"_links":{"self":[{"href":"https:\/\/czk-cakovec.hr\/saturn\/wp-json\/wp\/v2\/pages\/43984","targetHints":{"allow":["GET"]}}],"collection":[{"href":"https:\/\/czk-cakovec.hr\/saturn\/wp-json\/wp\/v2\/pages"}],"about":[{"href":"https:\/\/czk-cakovec.hr\/saturn\/wp-json\/wp\/v2\/types\/page"}],"author":[{"embeddable":true,"href":"https:\/\/czk-cakovec.hr\/saturn\/wp-json\/wp\/v2\/users\/1"}],"replies":[{"embeddable":true,"href":"https:\/\/czk-cakovec.hr\/saturn\/wp-json\/wp\/v2\/comments?post=43984"}],"version-history":[{"count":0,"href":"https:\/\/czk-cakovec.hr\/saturn\/wp-json\/wp\/v2\/pages\/43984\/revisions"}],"wp:attachment":[{"href":"https:\/\/czk-cakovec.hr\/saturn\/wp-json\/wp\/v2\/media?parent=43984"}],"curies":[{"name":"wp","href":"https:\/\/api.w.org\/{rel}","templated":true}]}}