{"id":43985,"date":"2011-10-13T07:02:23","date_gmt":"2011-10-13T07:02:23","guid":{"rendered":"http:\/\/czk-cakovec.hr\/?page_id=18"},"modified":"2026-04-07T09:59:30","modified_gmt":"2026-04-07T07:59:30","slug":"kontakt","status":"publish","type":"page","link":"https:\/\/czk-cakovec.hr\/saturn\/kontakt\/","title":{"rendered":"Kontakt"},"content":{"rendered":"\n<p><strong>CENTAR ZA KULTURU \u010cAKOVEC<\/strong><br>Trg Republike 3,&nbsp;40000 \u010cakovec, Hrvatska<br>OIB: 90436584362<\/p>\n\n\n\n<p><strong>UPITI I INFORMACIJE:<\/strong><br>Za sva pitanja i informacije vezane uz programe molimo da se obratite marketingu&nbsp; Centra za kulturu na tel. 040 311-488 (od ponedjeljka do petka od 7.00 \u2013 15.00 sati) \/ na e-mail marketing@czk-cakovec.hr&nbsp;ili na blagajna@czk-cakovec.hr<\/p>\n\n\n\n<p><strong>Centrala:<\/strong><br>040 311-488<br>info@czk-cakovec.hr<\/p>\n\n\n\n<p><strong>Blagajna:<\/strong><br>\u017deljko File\u0161<br>040 323 100<br>blagajna@czk-cakovec.hr<\/p>\n\n\n\n<p><strong>Ravnateljica:<\/strong><br>Helga Lajtman<br>ravnatelj@czk-cakovec.hr<br>040 311 487<\/p>\n\n\n\n<p><strong>Voditelji kulturnih djelatnosti:<\/strong><br>Tribina \u00ab\u010cakovec \u010detvrtkom\u00bb i Kazali\u0161na dru\u017eina \u00abPinklec\u00bb<br>Romano Bogdan<br>theatrepinklec@gmail.com<br>040 323 102<\/p>\n\n\n\n<p><strong>Film i izlo\u017ebe:<\/strong><br>Helga Lajtman<br>040 311 487<br>helgalajtman@gmail.com<\/p>\n\n\n\n<div class=\"wp-block-group\"><div class=\"wp-block-group__inner-container is-layout-constrained wp-block-group-is-layout-constrained\">\n<p><strong>Voditelj glazbene djelatnosti:<\/strong><br>Tamara Korunek Lesar \/porodiljni dopust\/  Tim Hrva\u0107anin \/ glazba@czk-cakovec.hr<br>040 312 771<br>040 323 103<br>tamara.korunek1@gmail.com<\/p>\n<\/div><\/div>\n\n\n\n<p><strong>Voditelj Dramskog studija Dada Kazali\u0161ne dru\u017eine Pinklec, glumac<\/strong><br>Davor Dokleja<br>kdpinklec@gmail.com<\/p>\n\n\n\n<p>Organizator prodaje programa Kazali\u0161ne dru\u017eine &#8220;Pinklec&#8221;<\/p>\n\n\n\n<p><strong>Tasjenka \u017dnidar<\/strong><br>tel: 040 314 775<br>pinklecpropaganda@gmail.com<\/p>\n\n\n\n<p><strong>Koordinator amaterskog kulturnog stvarala\u0161tva<\/strong><br>Kristina \u0160tebih<br>040 311 488<br>kristinastebih@gmail.com<\/p>\n\n\n\n<p><strong>Marketing<\/strong>:<br>040 323 101<br>Lana Androi\u0107 \u0160ari\u0107 \u2013 voditeljica<br>marketing@czk-cakovec.hr<\/p>\n\n\n\n<p>Ljiljana Mu\u010di\u0107<br>info@czk-cakovec.hr<\/p>\n\n\n\n<p><strong>Tehni\u010dka slu\u017eba<\/strong>:<br>Neven Taradi \u2013 voditelj<br>tehnika@czk-cakovec.hr<\/p>\n\n\n\n<p>Emil Laki\u0107<br>Mario Dvanaj\u0161\u010dak<br>Robert Solari\u0107<\/p>\n\n\n\n<p>Zvonko Toti\u0107<br>Tomica Gojnik<\/p>\n\n\n\n<p>Biserka \u0160picar<br>Marija Cvrtila<br>Snje\u017eana Kr\u010dmar<br>Snje\u017eana Srnec<br>Romana Novak<\/p>\n\n\n\n<p><\/p>\n\n\n\n<p><strong>Ra\u010dunovodstvo<\/strong>:<br>Petra Furdi \u0160afari\u0107 \u2013 voditeljica<br>Marta Gori\u010danec Lajtman<br>Ru\u017ea Obadi\u0107<br>racunovodstvo@czk-cakovec.hr<\/p>\n","protected":false},"excerpt":{"rendered":"<p>CENTAR ZA KULTURU \u010cAKOVECTrg Republike 3,&nbsp;40000 \u010cakovec, HrvatskaOIB: 90436584362 UPITI I INFORMACIJE:Za sva pitanja i informacije vezane uz programe molimo da se obratite marketingu&nbsp; Centra za kulturu na tel. 040 311-488 (od ponedjeljka do petka od 7.00 \u2013 15.00 sati) \/ na e-mail marketing@czk-cakovec.hr&nbsp;ili na blagajna@czk-cakovec.hr Centrala:040 311-488info@czk-cakovec.hr Blagajna:\u017deljko File\u0161040 323 100blagajna@czk-cakovec.hr Ravnateljica:Helga Lajtmanravnatelj@czk-cakovec.hr040 311 487 Voditelji kulturnih djelatnosti:Tribina \u00ab\u010cakovec [&hellip;]<\/p>\n","protected":false},"author":1,"featured_media":0,"parent":0,"menu_order":0,"comment_status":"closed","ping_status":"closed","template":"","meta":{"inline_featured_image":false,"footnotes":""},"class_list":["post-43985","page","type-page","status-publish","hentry"],"ulaznica_data":null,"_links":{"self":[{"href":"https:\/\/czk-cakovec.hr\/saturn\/wp-json\/wp\/v2\/pages\/43985","targetHints":{"allow":["GET"]}}],"collection":[{"href":"https:\/\/czk-cakovec.hr\/saturn\/wp-json\/wp\/v2\/pages"}],"about":[{"href":"https:\/\/czk-cakovec.hr\/saturn\/wp-json\/wp\/v2\/types\/page"}],"author":[{"embeddable":true,"href":"https:\/\/czk-cakovec.hr\/saturn\/wp-json\/wp\/v2\/users\/1"}],"replies":[{"embeddable":true,"href":"https:\/\/czk-cakovec.hr\/saturn\/wp-json\/wp\/v2\/comments?post=43985"}],"version-history":[{"count":7,"href":"https:\/\/czk-cakovec.hr\/saturn\/wp-json\/wp\/v2\/pages\/43985\/revisions"}],"predecessor-version":[{"id":50267,"href":"https:\/\/czk-cakovec.hr\/saturn\/wp-json\/wp\/v2\/pages\/43985\/revisions\/50267"}],"wp:attachment":[{"href":"https:\/\/czk-cakovec.hr\/saturn\/wp-json\/wp\/v2\/media?parent=43985"}],"curies":[{"name":"wp","href":"https:\/\/api.w.org\/{rel}","templated":true}]}}