{"id":45181,"date":"2024-10-22T02:06:26","date_gmt":"2024-10-22T00:06:26","guid":{"rendered":"https:\/\/czk-cakovec.hr\/?page_id=45181"},"modified":"2024-10-22T02:28:57","modified_gmt":"2024-10-22T00:28:57","slug":"dokumenti","status":"publish","type":"page","link":"https:\/\/czk-cakovec.hr\/saturn\/dokumenti\/","title":{"rendered":"Dokumenti"},"content":{"rendered":"\n<ul class=\"wpb_page_list\"><li class=\"page_item page-item-6545 page_item_has_children\"><a href=\"https:\/\/czk-cakovec.hr\/saturn\/dokumenti\/javna-nabava\/\">Javna nabava<\/a>\n<ul class='children'>\n\t<li class=\"page_item page-item-43513\"><a href=\"https:\/\/czk-cakovec.hr\/saturn\/dokumenti\/javna-nabava\/energetska-obnova-zgrade-czk\/\">Energetska obnova zgrade CZK<\/a><\/li>\n<\/ul>\n<\/li>\n<li class=\"page_item page-item-6555\"><a href=\"https:\/\/czk-cakovec.hr\/saturn\/dokumenti\/plan-czk\/\">Plan rada CZK<\/a><\/li>\n<li class=\"page_item page-item-6558\"><a href=\"https:\/\/czk-cakovec.hr\/saturn\/dokumenti\/statut\/\">Statut<\/a><\/li>\n<li class=\"page_item page-item-6649\"><a href=\"https:\/\/czk-cakovec.hr\/saturn\/dokumenti\/odluke-pravilnici\/\">Odluke, pravilnici<\/a><\/li>\n<li class=\"page_item page-item-8511\"><a href=\"https:\/\/czk-cakovec.hr\/saturn\/dokumenti\/financijsko-izvjesce\/\">Financijsko izvje\u0161\u0107e<\/a><\/li>\n<li class=\"page_item page-item-15227\"><a href=\"https:\/\/czk-cakovec.hr\/saturn\/dokumenti\/zaposlenja\/\">Zaposlenja<\/a><\/li>\n<li class=\"page_item page-item-15346\"><a href=\"https:\/\/czk-cakovec.hr\/saturn\/dokumenti\/upravno-vijece\/\">Upravno vije\u0107e<\/a><\/li>\n<\/ul>\n","protected":false},"excerpt":{"rendered":"Javna nabava Energetska obnova zgrade CZK Plan rada CZK Statut Odluke, pravilnici Financijsko izvje\u0161\u0107e Zaposlenja Upravno vije\u0107e","protected":false},"author":1,"featured_media":0,"parent":0,"menu_order":0,"comment_status":"closed","ping_status":"closed","template":"","meta":{"inline_featured_image":false,"footnotes":""},"class_list":["post-45181","page","type-page","status-publish","hentry"],"ulaznica_data":null,"_links":{"self":[{"href":"https:\/\/czk-cakovec.hr\/saturn\/wp-json\/wp\/v2\/pages\/45181","targetHints":{"allow":["GET"]}}],"collection":[{"href":"https:\/\/czk-cakovec.hr\/saturn\/wp-json\/wp\/v2\/pages"}],"about":[{"href":"https:\/\/czk-cakovec.hr\/saturn\/wp-json\/wp\/v2\/types\/page"}],"author":[{"embeddable":true,"href":"https:\/\/czk-cakovec.hr\/saturn\/wp-json\/wp\/v2\/users\/1"}],"replies":[{"embeddable":true,"href":"https:\/\/czk-cakovec.hr\/saturn\/wp-json\/wp\/v2\/comments?post=45181"}],"version-history":[{"count":2,"href":"https:\/\/czk-cakovec.hr\/saturn\/wp-json\/wp\/v2\/pages\/45181\/revisions"}],"predecessor-version":[{"id":45191,"href":"https:\/\/czk-cakovec.hr\/saturn\/wp-json\/wp\/v2\/pages\/45181\/revisions\/45191"}],"wp:attachment":[{"href":"https:\/\/czk-cakovec.hr\/saturn\/wp-json\/wp\/v2\/media?parent=45181"}],"curies":[{"name":"wp","href":"https:\/\/api.w.org\/{rel}","templated":true}]}}