{"id":46340,"date":"2025-01-12T16:58:39","date_gmt":"2025-01-12T15:58:39","guid":{"rendered":"https:\/\/czk-cakovec.hr\/?page_id=46340"},"modified":"2025-09-30T11:54:23","modified_gmt":"2025-09-30T09:54:23","slug":"mjesecnik-cooltura-2025","status":"publish","type":"page","link":"https:\/\/czk-cakovec.hr\/saturn\/mjesecnik-cooltura-2025\/","title":{"rendered":"Mjese\u010dnik Cooltura, 2025"},"content":{"rendered":"<div class=\"dflip-books\"><div class=\"_df_thumb \" id=\"df_50256\"  books=\"mjesecnik-cooltura-godina-2025\" limit=\"-1\" wpoptions=\"true\" thumb=\"https:\/\/czk-cakovec.hr\/wp-content\/uploads\/2026\/03\/cooltura-04-2026_page-0001.jpg\" >Cooltura, travanj 2026.<\/div><script data-cfasync=\"false\">var option_df_50256 = {\"outline\":[],\"forceFit\":\"true\",\"autoEnableOutline\":\"false\",\"autoEnableThumbnail\":\"false\",\"overwritePDFOutline\":\"false\",\"direction\":\"1\",\"pageMode\":\"0\",\"source\":\"https:\\\/\\\/czk-cakovec.hr\\\/wp-content\\\/uploads\\\/2026\\\/03\\\/cooltura-04-2026.pdf\",\"wpOptions\":\"true\"}; if(window.DFLIP && DFLIP.parseBooks){DFLIP.parseBooks();}<\/script><div class=\"_df_thumb \" id=\"df_50086\"  books=\"mjesecnik-cooltura-godina-2025\" limit=\"-1\" wpoptions=\"true\" thumb=\"https:\/\/czk-cakovec.hr\/wp-content\/uploads\/2026\/03\/Cooltura-ozujak-2026._page-0001.jpg\" >Cooltura, o\u017eujak 2026.<\/div><script data-cfasync=\"false\">var option_df_50086 = {\"outline\":[],\"forceFit\":\"true\",\"autoEnableOutline\":\"false\",\"autoEnableThumbnail\":\"false\",\"overwritePDFOutline\":\"false\",\"direction\":\"1\",\"pageMode\":\"0\",\"source\":\"https:\\\/\\\/czk-cakovec.hr\\\/wp-content\\\/uploads\\\/2026\\\/03\\\/Cooltura-ozujak-2026.pdf\",\"wpOptions\":\"true\"}; if(window.DFLIP && DFLIP.parseBooks){DFLIP.parseBooks();}<\/script><div class=\"_df_thumb \" id=\"df_49845\"  books=\"mjesecnik-cooltura-godina-2025\" limit=\"-1\" wpoptions=\"true\" thumb=\"https:\/\/czk-cakovec.hr\/wp-content\/uploads\/2026\/01\/Cooltura-veljaca-2026._page-0001.jpg\" >Cooltura, velja\u010da 2026.<\/div><script data-cfasync=\"false\">var option_df_49845 = {\"outline\":[],\"forceFit\":\"true\",\"autoEnableOutline\":\"false\",\"autoEnableThumbnail\":\"false\",\"overwritePDFOutline\":\"false\",\"direction\":\"1\",\"pageMode\":\"0\",\"source\":\"https:\\\/\\\/czk-cakovec.hr\\\/wp-content\\\/uploads\\\/2026\\\/01\\\/Cooltura-veljaca-2026.pdf\",\"wpOptions\":\"true\"}; if(window.DFLIP && DFLIP.parseBooks){DFLIP.parseBooks();}<\/script><div class=\"_df_thumb \" id=\"df_48223\"  books=\"mjesecnik-cooltura-godina-2025\" limit=\"-1\" wpoptions=\"true\" thumb=\"https:\/\/czk-cakovec.hr\/wp-content\/uploads\/2025\/12\/cooltura-12-2025-2_page-0001.jpg\" >Cooltura, prosinac 2025.<\/div><script data-cfasync=\"false\">var option_df_48223 = {\"outline\":[],\"forceFit\":\"true\",\"autoEnableOutline\":\"false\",\"autoEnableThumbnail\":\"false\",\"overwritePDFOutline\":\"false\",\"direction\":\"1\",\"pageMode\":\"0\",\"source\":\"https:\\\/\\\/czk-cakovec.hr\\\/wp-content\\\/uploads\\\/2025\\\/12\\\/cooltura-12-2025-2.pdf\",\"wpOptions\":\"true\"}; if(window.DFLIP && DFLIP.parseBooks){DFLIP.parseBooks();}<\/script><div class=\"_df_thumb \" id=\"df_47856\"  books=\"mjesecnik-cooltura-godina-2025\" limit=\"-1\" wpoptions=\"true\" thumb=\"https:\/\/czk-cakovec.hr\/wp-content\/uploads\/2025\/09\/Untitled-2.pdf.jpg\" >Cooltura, listopad studeni 2025.<\/div><script data-cfasync=\"false\">var option_df_47856 = {\"outline\":[],\"forceFit\":\"true\",\"autoEnableOutline\":\"false\",\"autoEnableThumbnail\":\"false\",\"overwritePDFOutline\":\"false\",\"direction\":\"1\",\"pageMode\":\"0\",\"source\":\"https:\\\/\\\/czk-cakovec.hr\\\/wp-content\\\/uploads\\\/2025\\\/09\\\/cooltura-10-11-2025-FINAL.pdf\",\"wpOptions\":\"true\"}; if(window.DFLIP && DFLIP.parseBooks){DFLIP.parseBooks();}<\/script><div class=\"_df_thumb \" id=\"df_46905\"  books=\"mjesecnik-cooltura-godina-2025\" limit=\"-1\" wpoptions=\"true\" thumb=\"https:\/\/czk-cakovec.hr\/wp-content\/uploads\/2025\/05\/cooltura-05-2025-FINAL-1.jpg\" >Cooltura, svibanj 2025<\/div><script data-cfasync=\"false\">var option_df_46905 = {\"outline\":[],\"forceFit\":\"true\",\"autoEnableOutline\":\"false\",\"autoEnableThumbnail\":\"false\",\"overwritePDFOutline\":\"false\",\"direction\":\"1\",\"pageMode\":\"0\",\"source\":\"https:\\\/\\\/czk-cakovec.hr\\\/wp-content\\\/uploads\\\/2025\\\/05\\\/cooltura-05-2025-FINAL.pdf\",\"wpOptions\":\"true\"}; if(window.DFLIP && DFLIP.parseBooks){DFLIP.parseBooks();}<\/script><div class=\"_df_thumb \" id=\"df_46776\"  books=\"mjesecnik-cooltura-godina-2025\" limit=\"-1\" wpoptions=\"true\" thumb=\"https:\/\/czk-cakovec.hr\/wp-content\/uploads\/2025\/04\/cooltura-04-2025-FINAL-1.jpg\" >Cooltura, travanj 2025<\/div><script data-cfasync=\"false\">var option_df_46776 = {\"outline\":[],\"forceFit\":\"true\",\"autoEnableOutline\":\"false\",\"autoEnableThumbnail\":\"false\",\"overwritePDFOutline\":\"false\",\"direction\":\"1\",\"pageMode\":\"0\",\"source\":\"https:\\\/\\\/czk-cakovec.hr\\\/wp-content\\\/uploads\\\/2025\\\/04\\\/cooltura-04-2025-FINAL.pdf\",\"wpOptions\":\"true\"}; if(window.DFLIP && DFLIP.parseBooks){DFLIP.parseBooks();}<\/script><div class=\"_df_thumb \" id=\"df_46669\"  books=\"mjesecnik-cooltura-godina-2025\" limit=\"-1\" wpoptions=\"true\" thumb=\"https:\/\/czk-cakovec.hr\/wp-content\/uploads\/2025\/03\/cooltura-03-2025-1.jpg\" >Cooltura, o\u017eujak 2025<\/div><script data-cfasync=\"false\">var option_df_46669 = {\"outline\":[],\"forceFit\":\"true\",\"autoEnableOutline\":\"false\",\"autoEnableThumbnail\":\"false\",\"overwritePDFOutline\":\"false\",\"direction\":\"1\",\"pageMode\":\"0\",\"source\":\"https:\\\/\\\/czk-cakovec.hr\\\/wp-content\\\/uploads\\\/2025\\\/03\\\/cooltura%2003%202025.pdf\",\"wpOptions\":\"true\"}; if(window.DFLIP && DFLIP.parseBooks){DFLIP.parseBooks();}<\/script><div class=\"_df_thumb \" id=\"df_46488\"  books=\"mjesecnik-cooltura-godina-2025\" limit=\"-1\" wpoptions=\"true\" thumb=\"https:\/\/czk-cakovec.hr\/wp-content\/uploads\/2025\/01\/cooltura-02-2025-1.jpg\" >Cooltura, velja\u010da 2025<\/div><script data-cfasync=\"false\">var option_df_46488 = {\"outline\":[],\"forceFit\":\"true\",\"autoEnableOutline\":\"false\",\"autoEnableThumbnail\":\"false\",\"overwritePDFOutline\":\"false\",\"direction\":\"1\",\"pageMode\":\"0\",\"source\":\"https:\\\/\\\/czk-cakovec.hr\\\/wp-content\\\/uploads\\\/2025\\\/02\\\/cooltura-02-2025-final-final-final.pdf\",\"wpOptions\":\"true\"}; if(window.DFLIP && DFLIP.parseBooks){DFLIP.parseBooks();}<\/script><div class=\"_df_thumb \" id=\"df_46337\"  books=\"mjesecnik-cooltura-godina-2025\" limit=\"-1\" wpoptions=\"true\" thumb=\"https:\/\/czk-cakovec.hr\/wp-content\/uploads\/2025\/01\/cooltura-01-2025-1.jpg\" >Cooltura, sije\u010danj 2025<\/div><script data-cfasync=\"false\">var option_df_46337 = {\"outline\":[],\"forceFit\":\"true\",\"autoEnableOutline\":\"false\",\"autoEnableThumbnail\":\"false\",\"overwritePDFOutline\":\"false\",\"direction\":\"1\",\"pageMode\":\"0\",\"source\":\"https:\\\/\\\/czk-cakovec.hr\\\/wp-content\\\/uploads\\\/2025\\\/01\\\/cooltura-01-2025.pdf\",\"wpOptions\":\"true\"}; if(window.DFLIP && DFLIP.parseBooks){DFLIP.parseBooks();}<\/script><\/div>\n\n\n\n<p><\/p>\n","protected":false},"excerpt":{"rendered":"Cooltura, travanj 2026.Cooltura, o\u017eujak 2026.Cooltura, velja\u010da 2026.Cooltura, prosinac 2025.Cooltura, listopad studeni 2025.Cooltura, svibanj 2025Cooltura, travanj 2025Cooltura, o\u017eujak 2025Cooltura, velja\u010da 2025Cooltura, sije\u010danj 2025","protected":false},"author":1,"featured_media":0,"parent":0,"menu_order":0,"comment_status":"closed","ping_status":"closed","template":"","meta":{"inline_featured_image":false,"footnotes":""},"class_list":["post-46340","page","type-page","status-publish","hentry"],"ulaznica_data":null,"_links":{"self":[{"href":"https:\/\/czk-cakovec.hr\/saturn\/wp-json\/wp\/v2\/pages\/46340","targetHints":{"allow":["GET"]}}],"collection":[{"href":"https:\/\/czk-cakovec.hr\/saturn\/wp-json\/wp\/v2\/pages"}],"about":[{"href":"https:\/\/czk-cakovec.hr\/saturn\/wp-json\/wp\/v2\/types\/page"}],"author":[{"embeddable":true,"href":"https:\/\/czk-cakovec.hr\/saturn\/wp-json\/wp\/v2\/users\/1"}],"replies":[{"embeddable":true,"href":"https:\/\/czk-cakovec.hr\/saturn\/wp-json\/wp\/v2\/comments?post=46340"}],"version-history":[{"count":2,"href":"https:\/\/czk-cakovec.hr\/saturn\/wp-json\/wp\/v2\/pages\/46340\/revisions"}],"predecessor-version":[{"id":47855,"href":"https:\/\/czk-cakovec.hr\/saturn\/wp-json\/wp\/v2\/pages\/46340\/revisions\/47855"}],"wp:attachment":[{"href":"https:\/\/czk-cakovec.hr\/saturn\/wp-json\/wp\/v2\/media?parent=46340"}],"curies":[{"name":"wp","href":"https:\/\/api.w.org\/{rel}","templated":true}]}}