{"id":48379,"date":"2025-12-22T10:07:30","date_gmt":"2025-12-22T09:07:30","guid":{"rendered":"https:\/\/czk-cakovec.hr\/?page_id=48379"},"modified":"2025-12-22T10:07:30","modified_gmt":"2025-12-22T09:07:30","slug":"romano-bogdan","status":"publish","type":"page","link":"https:\/\/czk-cakovec.hr\/saturn\/romano-bogdan\/","title":{"rendered":"Romano Bogdan"},"content":{"rendered":"<div class=\"wpb-content-wrapper\">[vc_row equal_height=&#8221;yes&#8221; content_placement=&#8221;middle&#8221;][vc_column width=&#8221;1\/3&#8243;][vc_single_image image=&#8221;48382&#8243; img_size=&#8221;full&#8221; alignment=&#8221;center&#8221; css=&#8221;&#8221;][\/vc_column][vc_column width=&#8221;2\/3&#8243;][vc_custom_heading text=&#8221;Romano Bogdan<br \/>\n&#8221; font_container=&#8221;tag:h1|text_align:left&#8221; css=&#8221;&#8221;][vc_column_text css=&#8221;&#8221;]Ravnatelj Centra za kulturu \u010cakovec i umjetni\u010dki ravnatelj KD Pinklec[\/vc_column_text][\/vc_column][\/vc_row][vc_row][vc_column][vc_column_text css=&#8221;&#8221;]<strong>Romano Bogdan<\/strong>\u00a0ro\u0111en je 30. sije\u010dnja 1962. godine u \u010cakovcu. Od 1982. do 1984. re\u017eira i glumi u kabaretskom programu Otto program pri Klubu mladih Centra za kulturu \u010cakovec. Jedan je od osniva\u010da amaterske skupine Mu\u010cak. Godine 1982. re\u017eira prvu kazali\u0161nu predstavu Ispovijest u delirijumu.\u00a0 Od 1982. radi kao dramski pedagog. U Centru za kulturu 1987. godine osniva Kazali\u0161nu dru\u017einu Pinklec, koja 2006. dobiva status javnog kazali\u0161ta.<\/p>\n<p>Od 1988. do 2013. godine zaposlen je u Centru za kulturu \u010cakovec kao urednik programa Tribine \u010cakovec \u010detvrtkom i Umjetni\u010dki ravnatelj kazali\u0161ne dru\u017eine Pinklec i kazali\u0161ne produkcije Centra za kulturu.<\/p>\n<p>Od svibnja 2020. do listopada 2022. ravnatelj je Centra za kultutru \u010cakovec.<br \/>\n2004 stje\u010de umjetni\u010dki status redatelja pri Hrvatskom dru\u0161tvu dramskih umjetnika.<\/p>\n<p>Osniva\u010d je i urednik programa Cukorek, dje\u010dje kazali\u0161ne tribine pri Centru za kulturu \u010cakovec.<\/p>\n<p>\u010clan je nacionalnih i me\u0111unarodnih umjetni\u010dkih udruga i organizacija: ASSITEJ, UNIMA, Hrvatski centar ITI, Epicentar, HDDU, u mnogima od njih u najvi\u0161im organizacijskim tijelima i na mjestu predsjednika.<\/p>\n<p>Od 1999. do 2008. \u010dlan je Upravnog odbora Hrvatskog centra ASSITEJ-a (International Association of Theatre for Children and Young People), a u tri mandata, od 2008. do 2014. i od 2017., obna\u0161ao je du\u017enost predsjednika Hrvatskog centra ASSITEJ-a.<\/p>\n<p>Na du\u017enost predsjednika Hrvatskog centra ASSITEJ ponovno je izabran 2017. godine i tu du\u017enost obna\u0161a do danas.<\/p>\n<p>Od 2004. \u010dlan je Hrvatskog dru\u0161tva dramskih umjetnika (kao redatelj), a od 1996. do 2020. \u010dlan je Upravnog odbora hrvatskog centra UNIMA-e (Me\u0111unarodna udruga lutkara i lutkarskih kazali\u0161ta), te Hrvatskog centra ITI (International Theatre Institut pri UNESCO-u).<\/p>\n<p>Od 2005. do 2009. godine \u010dlan je Dr\u017eavnog kulturnog vije\u0107a za dramsku umjetnost pri Ministarstvu kulture Republike Hrvatske.<\/p>\n<p>Od 2001. godine izvr\u0161ni je producent festivala profesionalnih dje\u010djih kazali\u0161ta hrvatskog centra ASSITEJ-a koji se svake godine odr\u017eava u \u010cakovcu, te Epifesta \u2013 festivala profesionalnih kazali\u0161ta za djecu i mlade srednje i jugoisto\u010dne Europe.<\/p>\n<p>Od 2013. do 2015. bio je generalni tajnik EPICENTRA, Hrvatskog centra kazali\u0161ta za djecu i mlade, a od 2015. do 2018. obna\u0161a du\u017enost predsjednika.<\/p>\n<p>Bio je \u010dlan brojnih umjetni\u010dkih savjeta i \u017eirija nacionalnih i me\u0111unarodnih festivala: od 2008. do 2013. Festivala novog kazali\u0161ta EUROKAZ, od 2007. do 2016. Me\u0111unarodnog festivala kazali\u0161ta lutaka PIF u Zagrebu i od 1994. do 2014. \u010dlan Me\u0111unarodnog festivala alternativnog kazali\u0161ta PUF u Puli. Godine 2011. i 2012. bio je \u010dlan me\u0111unarodnog umjetni\u010dkog \u017eirija PIF-a.<\/p>\n<p>Od 1991. je \u010dlan ili predsjednik \u017dupanijskih stru\u010dnih povjerenstava Lidrano za dramski izraz, a 2014. i 2018. bio je dr\u017eavni izbornik Lidrana za dramski izraz.<\/p>\n<p>Sudjelovao je na studijskim putovanjima, festivalima i kongresima u Austriji, Njema\u010dkoj, Nizozemskoj, Kanadi, SAD-u, Mexicu, Izraelu, Ma\u0111arskoj, Sloveniji, Danskoj, \u0160vedskoj, Poljskoj, Portugalu, Rumunjskoj, Australiji, Maleziji, Indoneziji, Irskoj, Ju\u017enoj Africi, Velikoj Britaniji, Japanu, Kini, Litvi, Ju\u017enoj Koreji i Turskoj.<\/p>\n<p>Stru\u010dno se usavr\u0161avao od 1989. na lutkarskim radionicama Jelene Sitar; 1990. na lutkarskim radionicama slovenskih lutkara Maje i Brane Solcea.<\/p>\n<p>Na me\u0111unarodnim radionicama suvremenog plesa i scenskog pokreta 1992. u Amsterdamu i 1994. u Zagrebu pod mentorstvom nizozemskog koreografa Ide Van Hajningena, a 1995. na radionici scenskog pokreta i suvremenog plesa kod francuske koreografkinje Kiline Cremone u Zagrebu.<\/p>\n<p>Godine 2002. usavr\u0161avao se na majstorskoj radionici profesora Albrechta Rossera, najpoznatijeg svjetskog umjetnika marioneta.<\/p>\n<p>Dobitnik je priznanja za dugogodi\u0161nji rad u lutkarstvu od Organizacijskog odbora 27. susreta lutkara i lutkarskih kazali\u0161ta Hrvatske i Hrvatskog centra UNIMA-e 2019. godine.<\/p>\n<p>Na poziv Nacionalnog lutkarskog kazali\u0161ta Tandarica theatre Bucurest 2015. postavlja re\u017eiju predstave A tko si ti? \/ Cine esti tu? u Bukure\u0161tu.<\/p>\n<p>Od 1982. godine do danas re\u017eirao je sedamtesetak dramskih i lutkarskih predstava, za mnoge od njih je autor dramskog teksta i dramaturg. Podru\u010dje njegova umjetni\u010dkog djelovanja su kazali\u0161ne predstave za djecu i mlade. Predstave mu se izvode, a mnoge\u00a0 od njih su i nagra\u0111ene, na brojnim kazali\u0161nim festivalima u zemlji I inozemstvu. \u017divi i radi u \u010cakovcu.[\/vc_column_text][\/vc_column][\/vc_row]\n<\/div>","protected":false},"excerpt":{"rendered":"<p>[vc_row equal_height=&#8221;yes&#8221; content_placement=&#8221;middle&#8221;][vc_column width=&#8221;1\/3&#8243;][vc_single_image image=&#8221;48382&#8243; img_size=&#8221;full&#8221; alignment=&#8221;center&#8221; css=&#8221;&#8221;][\/vc_column][vc_column width=&#8221;2\/3&#8243;][vc_custom_heading text=&#8221;Romano Bogdan &#8221; font_container=&#8221;tag:h1|text_align:left&#8221; css=&#8221;&#8221;][vc_column_text css=&#8221;&#8221;]Ravnatelj Centra za kulturu \u010cakovec i umjetni\u010dki ravnatelj KD Pinklec[\/vc_column_text][\/vc_column][\/vc_row][vc_row][vc_column][vc_column_text css=&#8221;&#8221;]Romano Bogdan\u00a0ro\u0111en je 30. sije\u010dnja 1962. godine u \u010cakovcu. Od 1982. do 1984. re\u017eira i glumi u kabaretskom programu Otto program pri Klubu mladih Centra za kulturu \u010cakovec. Jedan je od osniva\u010da amaterske skupine Mu\u010cak. Godine [&hellip;]<\/p>\n","protected":false},"author":2,"featured_media":0,"parent":0,"menu_order":0,"comment_status":"closed","ping_status":"closed","template":"","meta":{"inline_featured_image":false,"footnotes":""},"class_list":["post-48379","page","type-page","status-publish","hentry"],"ulaznica_data":null,"_links":{"self":[{"href":"https:\/\/czk-cakovec.hr\/saturn\/wp-json\/wp\/v2\/pages\/48379","targetHints":{"allow":["GET"]}}],"collection":[{"href":"https:\/\/czk-cakovec.hr\/saturn\/wp-json\/wp\/v2\/pages"}],"about":[{"href":"https:\/\/czk-cakovec.hr\/saturn\/wp-json\/wp\/v2\/types\/page"}],"author":[{"embeddable":true,"href":"https:\/\/czk-cakovec.hr\/saturn\/wp-json\/wp\/v2\/users\/2"}],"replies":[{"embeddable":true,"href":"https:\/\/czk-cakovec.hr\/saturn\/wp-json\/wp\/v2\/comments?post=48379"}],"version-history":[{"count":3,"href":"https:\/\/czk-cakovec.hr\/saturn\/wp-json\/wp\/v2\/pages\/48379\/revisions"}],"predecessor-version":[{"id":48384,"href":"https:\/\/czk-cakovec.hr\/saturn\/wp-json\/wp\/v2\/pages\/48379\/revisions\/48384"}],"wp:attachment":[{"href":"https:\/\/czk-cakovec.hr\/saturn\/wp-json\/wp\/v2\/media?parent=48379"}],"curies":[{"name":"wp","href":"https:\/\/api.w.org\/{rel}","templated":true}]}}