{"id":48394,"date":"2025-12-22T10:42:01","date_gmt":"2025-12-22T09:42:01","guid":{"rendered":"https:\/\/czk-cakovec.hr\/?page_id=48394"},"modified":"2025-12-22T10:48:22","modified_gmt":"2025-12-22T09:48:22","slug":"davor-dokleja","status":"publish","type":"page","link":"https:\/\/czk-cakovec.hr\/saturn\/davor-dokleja\/","title":{"rendered":"Davor Dokleja"},"content":{"rendered":"<div class=\"wpb-content-wrapper\">[vc_row equal_height=&#8221;yes&#8221; content_placement=&#8221;middle&#8221;][vc_column width=&#8221;1\/3&#8243;][vc_single_image image=&#8221;48386&#8243; img_size=&#8221;full&#8221; alignment=&#8221;center&#8221; css=&#8221;&#8221;][\/vc_column][vc_column width=&#8221;2\/3&#8243;][vc_custom_heading text=&#8221;Davor Dokleja&#8221; font_container=&#8221;tag:h1|text_align:left&#8221; css=&#8221;&#8221;][vc_column_text css=&#8221;&#8221;]Glumac[\/vc_column_text][\/vc_column][\/vc_row][vc_row][vc_column][vc_column_text css=&#8221;&#8221;]Ro\u0111en je 1981. godine u \u010cakovcu (Hrvatska). \u010clan je strukovne udruge \u201dHrvatsko dru\u0161tvo dramskih umjetnika\u201d. Tako\u0111er, \u010dlan je profesionalne Kazali\u0161ne dru\u017eine Pinklec od 1998. godine. Osim u Pinklecima, igrao je u HNK Vara\u017edin, Dje\u010djem kazali\u0161tu Dubrava (Zagreb), Teatru Exit (Zagreb) \u2026. Igrao je u vi\u0161e od 20 profesionalnih kazali\u0161nih predstava u razli\u010ditim produkcijama i koprodukcijama od kojih u nekoliko nagra\u0111ivanih predstava na eminentnim festivalima u Hrvatskoj i regiji. Osniva\u010d je i voditelj Dramskog studija Dada Kazali\u0161ne dru\u017eine Pinklec. U Dramskom studiju Dada re\u017eirao vi\u0161e od 20 kazali\u0161nih predstava i performansa. Dobitnik je nagrade \u201dZvjezdana Ladika\u201d za najkvalitetniji dramsko pedago\u0161ki rad HC Assitej 2016. u Bjelovaru i mnogih drugih nagrada. Zaposlen je u Centru za kulturu, \u010cakovec kao glumac u Kazali\u0161noj dru\u017eini Pinklec i voditelj Dramskog studija Dada Kazali\u0161ne dru\u017eine Pinklec. Jedan od organizatora Susreta profesionalnih kazali\u0161ta za djecu i mlade HC Assitej u \u010cakovcu od 2013. godine te predstavnik Mre\u017ee profesionalno vo\u0111enih kazali\u0161ta za djecu i mlade pri HC Assitej.<\/p>\n<p><strong>Datum ro\u0111enja:<\/strong><br \/>\n24.1.1981.<\/p>\n<p><strong>\u010clan Pinkleca od<\/strong>:<br \/>\n1998.<\/p>\n<p><strong>Predstave:<\/strong><br \/>\n1998. PINOKIO \/&nbsp;V. Stojsavljevi\u0107 \/ (glumac)&nbsp; Redatelj: R.Bogdan<br \/>\n1999. \u010cAROLIJA \/ Romano Bogdan \/&nbsp;(glumac) Redatelj: R.Bogdan<br \/>\n2001. INSTRUKCIJA \/&nbsp;prema E. Ionescu \/ (glumac)&nbsp; Redatelj: D. Dokleja<br \/>\n2001. BAGAN \/&nbsp;V. Stojsavljevi\u0107 \/ (glumac) Redatelj: R.Bogdan<br \/>\n2002. ROMEO &amp; JULIETA \/&nbsp;W. Shakespeare \/ E.G. Craig\/ (glumac) Redatelj: R.Bogdan<br \/>\n2002. PRI\u010cE TATE MI\u0160A&nbsp;\/&nbsp;A. Lobel \u2013 dje\u010dja \/ (glumac) Redatelj: R.Bogdan<br \/>\n2003. DOGA\u0110AJ U MJESTU GOGA \/&nbsp;S. Grum \/ (glumac)Redatelj: R.Bogdan<br \/>\n2003. \u0160U\u0106-MU\u0106-PRI\u010cA \/&nbsp;Z. Ladika \/ (glumac) Redatelj: R.Bogdan<br \/>\n2004. OSVAJANJE MEKSIKA \/&nbsp;A. Artaud \/ (glumac) Redatelj: R.Bogdan<br \/>\n2004. BREMENSKI SVIRA\u010cI \/&nbsp;prema pri\u010di bra\u0107e Grimm \/ (glumac) Redatelj: R.Bogdan<br \/>\n2005. HELIOGABAL \/&nbsp;A. Artaud\/ (glumac) Redatelj: R.Bogdan<br \/>\n2005. VELIKI NIKOLA I MALI NIKOLA \/&nbsp;prema pri\u010di H.C. Andersena \/ (glumac) Redatelj: R.Bogdan<br \/>\n2006. KRALJ GORDOGAN \/&nbsp;prema Radovanu Iv\u0161i\u0107u \/ (glumac) Redatelj: R.Bogdan<br \/>\n2006. POBUNA IGRA\u010cAKA \/&nbsp;V. Lisjak \/ (glumac) Redatelj: R.Bogdan<br \/>\n2007. VJERODOSTOJNI DO\u017dIVLJAJI SA PSIMA \/&nbsp;I.Bakmaz \/ (glumac) Redatelj: R.Bogdan<br \/>\n2007. KRIVA KOZA \/&nbsp;prema bra\u0107i Grimm\u2013dje\u010dja\/koprodukcija s Dramskim studiom Dada\/ Redatelj: Davor Dokleja<br \/>\n2007. VUK I TRI PRA\u0160\u010cI\u0106A \/&nbsp;prema pri\u010di bra\u0107e Grimm \/ (glumac) Redatelj: R.Bogdan<br \/>\n2007. MO\u017d I \u017dENA \/&nbsp;Vesna Kosec \u2013 Torjanac \/ (glumac) Redatelj: Dubravko Torjanac<br \/>\n2007. SVETI MIKULA \/&nbsp;V. Torjanac, HNK Vara\u017edin \/ (glumac) Redatelj: Zlatko Bourek<br \/>\n2007. BO\u017dICNA PRI\u010cA \/&nbsp;R. Matz, HNK Vara\u017edin \/ (glumac) Redateljica: Dunja Tot \u0160ubajkovic<br \/>\n2008. PERIKLO \/ prema W.Shakespeareu \/ (glumac) R.Bogdan<br \/>\n2008. PSIMA ULAZ ZABRANJEN \/&nbsp;M.Rundek \u2013koprodukcija s Dj. kazali\u0161tem Dubrava Zagreb\/(glumac)Redateljica: Lana Bitenc<br \/>\n2008. NIKOLA SEDMI \/&nbsp;V.Stojsavljevi\u0107 \u2013 koprodukcija HNK u Vara\u017edinu\/(glumac) Redatelj: R.Bogdan<br \/>\n2008. VATROSLAV GROM \u2013 prema motivima Jody Bergsma napisao Igor Baksa \u2013 za\u010dinili Pinkleci\/(glumac)Redatelj: R.Bogdan<br \/>\n2009. MALI \u010cAROBNJAK \u2013 prema motivima Jody Bergsna napisao Igor Baksa \u2013 za\u010dinili Pinkleci \/(glumac) Redatelj: R.Bogdan<br \/>\n2009. VE\u010cERAS SE IMPROVIZIRA\u2013prema L.Pirandellu \/ koprodukcija D. studio Dada\/(glumac)Redatelj: Davor Dokleja<br \/>\n2009. GA\u0160PAROVA PODVALA \/ Romano Bogdan \/ (glumac) Redatelj: R.Bogdan<br \/>\n2010. PTI\u010cICA&nbsp;\/ autorski projekt KD Pinklec \/(glumac) Redatelj: Romano Bogdan<br \/>\n2010. SVAKI PUT I SVAKA STAZA VODE NAS DO DJEDA MRAZA&nbsp;\/ Vinko Lisjak\/ (glumac)Redatelj: Romano Bogdan<br \/>\n2011. MI SE \u010cESI ZIME NE BOJIME&nbsp;\/ prema Sverak, Smoljak\/Dramski studio Dada \/(glumac) Redatelj Davor Dokleja<br \/>\n2011. TATA LAV I NJEGOVA SRETNA DJECA&nbsp;\/ prema istoimenoj slikovnici Horsta Eckerta Janosha\/koprodukcija s DK Dubrava\/(glumac) Redatelj: Paolo Ti\u0161ljari\u0107<br \/>\n2011. KLUPICA \/&nbsp;Jelena Kova\u010di\u0107 \/(glumac) Redatelj: Mario Kova\u010d<br \/>\n2012. OKO POLA JEDAN \/&nbsp;autorski projekt Azre Ibrahimovi\u0107, Brune Kontreca i Davora Dokleje \/ redatelj: Davor Dokleja<br \/>\n2012. A TKO SI TI? \/ (prema motivima pri\u010de Neposlu\u0161no ma\u010de, I. Bjeli\u0161eva) \/(glumac) Redatelj: Romano Bogdan<br \/>\n2012. \u0160TA?&nbsp;\/ I. Turkovi\u0107 Krnjak \/ Dramski studio Dada \/ Redatelj: Davor Dokleja<br \/>\n2012. SNJEGULJICA MORA UMRIJETI \u2013 (R.&nbsp; \u017dulj) \/(glumac) Redatelj: Miran Kurspahi\u0107<br \/>\n2012. VJETROPLJUS&nbsp;\/ A. Wendt \/ Dramski studio Dada \/ Redatelj: Davor Dokleja<br \/>\n2013. KAKO JE JE\u0160KO POBIJEDIO PREHLADU \/ S. Pal \/&nbsp; Dramski studio Dada \/ Redatelj: Davor Dokleja<br \/>\n2013. KU\u0106NI DUHOVI ILI NEVIDLJIVI RECEPT ZA SRE\u0106U \/ D. Ugre\u0161i\u0107 \/(glumac) Redatelj: Tamara Ku\u010dinovi\u0107<br \/>\n2013. \u0160EGRT HLAPI\u0106 KAKO BI GA IGRALA KD PINKLEC \/ (prema I.B. Ma\u017eurani\u0107)&nbsp;T. Novak \/ (glumac) Redatelj: Romano Bogdan<br \/>\n2014. \u010cETIRI PSI\u0106A \/ (prema motivima pri\u010de A. Heathers) T. Novak \/ (glumac) Redatelj: Romano Bogdan<br \/>\n2014. JE\u017dEVA KU\u0106ICA \/ (prema motivima B. \u0106opi\u0107a) M. Sviben \/ (glumac) Redatelj: Tamara Ku\u010dinovi\u0107<br \/>\n2014. GENERAL KIRO MI\u0160&nbsp;\/ prema H. Kova\u010devi\u0107u \/ Dramski studio Dada \/ Redatelj: Davor Dokleja<br \/>\n2015. BREMENSKI SVIRA\u010cI \/ (prema B. Grimm) \/ (glumac) Redatelj: Romano Bogdan<br \/>\n2015. THE KILLER IN ME IS THE KILLER IN YOU MY LOVE \/ A. Beyeler \/ (asistent re\u017eije) Redatelj: Sanja i Till Fruhwald<br \/>\n2015. ZOO! \/ (prema motivima Mi djeca s kolodvora Zoo) Sa\u0161ka Rakef \/ Dramski studio Dada \/ Redatelj: Davor Dokleja<br \/>\n2015. VU\u010cJE SRCE \/ N. Mil\u010dinski \/ Zavod Federacija Ljubljana i KD Pinklec \/ redatelj: Peter Kus<br \/>\n2015. DJE\u010cAK VUK I TRI PRASICE \/ (prema motivima Vuk i tri pra\u0161\u010di\u0107a) \/ Dramski studio Dada \/ Redatelj: Davor Dokleja<br \/>\n2016. POLA-POLA \/ M. BOGAVAC \/ Redateljica: Renata Carola Gatica<br \/>\n2016. PU\u017d MU\u017d \/ T. NOVAK \/ redatelj: Romano Bogdan<br \/>\n2016. IVICA I MARICA, pse\u0107a pri\u010da \/ inspirirano B. Grimm \/ Dramski studio Dada \/ redatelj: Davor Dokleja<br \/>\n2017. THE WALL \/ K. \u0160TEBIH \/ Dramski studio Dada \/ redatelj: Davor Dokleja<br \/>\n2017. PREKO SEDAM MORA, PREKO SEDAM GORA \/ J. KOVA\u010cI\u0106 \/ redateljica: Anica Tomi\u0107<br \/>\n2017. SNJEGULJICA \/&nbsp;inspirirano B. Grimm \/ Dramski studio Dada \/ redatelj: Davor Dokleja<br \/>\n2018. DO VI\u0110ENJA \/ T. NOVAK \/ redatelj: Romano Bogdan<br \/>\n2019. KRPIMIRCI \/K. ZEC, S. BO\u017dI\u0106\/ Redatelji: K. Zec i S. Bo\u017ei\u0107<br \/>\n2019. VUKA SE NE BOJIM JA \/ T. NOVAK \/ Redatelj: Romano Bogdan<br \/>\n2020. NORMALAN \u017dIVOT \/R. \u017dULJ \/ Redatelj: Miran Kurspahi\u0107<br \/>\n2020. CVR\u010cAK I MRAVI \/ I. MARCIU\u0160 \/ Redatelj: Romano Bogdan<\/p>\n<p><strong>Nagrade<br \/>\n<\/strong><\/p>\n<p><strong>Gluma\u010dke:<br \/>\n<\/strong>2020. Nagrada za kolektivnu gluma\u010dku igru na Susretu Assitej, \u010cakovec za predstavu \u201dVUKA SE NE BOJIM JA\u201d Kazali\u0161ne dru\u017eine Pinklec<strong><br \/>\n<\/strong>2018.&nbsp; Nagrada za kolektivnu gluma\u010dku igru na \u201cMalom Marulu\u201d, Split, za predstavu \u201dPU\u017d MU\u017d\u201d Kazali\u0161ne dru\u017eine Pinklec<br \/>\n2017. Nagrada za kolektivnu gluma\u010dku igru na Susretu Assitej, \u010cakovec za predstavu \u201dPREKO SEDAM MORA, PREKO SEDAM GORA\u201d&nbsp;Kazali\u0161ne dru\u017eine Pinklec<\/p>\n<p><strong>Dramsko-pedago\u0161ke:<br \/>\n<\/strong>2018. Nagrada za inovaciju u kazali\u0161tu za predstavu ZOO! \u2013 ME\u0110UNARODNI FESTIVAL DJE\u010cJIH KAZALI\u0160TA MASLA\u010cAK, SISAK<strong><br \/>\n<\/strong>2017.&nbsp; Nagrada za najbolju re\u017eiju za predstavu&nbsp;\u201cZOO!\u201d \u2013 FESTIVAL STUDENTSKOG POZORI\u0160TA, BANJA LUKA<br \/>\n2017. Me\u0111unarodna nagrada za doprinos razvoju dramskog odgoja \u201dGROZDANIN KIKOT\u201d, Mostar<br \/>\n2016. Nagrada \u201cZvjezdana Ladika\u201d za najbolje dramsko-pedago\u0161ko vodstvo \u2013 SUSRET PROFESIONALNO VO\u0110ENIH KAZALI\u0160TA ZA DJECU I MLADE HC ASSITEJ, BJELOVAR<br \/>\n2010. Nagrada za najbolju re\u017eiju za predstavu&nbsp;\u201cPINOKIO\u201d \u2013 FESTIVAL KAM, PRELOG<br \/>\n2008. Nagrada za najbolju re\u017eiju za predstavu&nbsp;\u201cVOR\u017dI\u0160EK\u201d \u2013 FESTIVAL KAM, PRELOG<\/p>\n<p><strong>Najdra\u017ea uloga:<\/strong>&nbsp;Ima ih \u2026 Gapit (Doga\u0111aj u mjestu Goga), Kralj Gordogan (Kralj Gordogan), Magarac Jure (Bremenski svira\u010di),&nbsp;Davor (Klupica) i Dejan (Pola-Pola)<\/p>\n<p><strong>Trivia:<\/strong><br \/>\nVoditelj Dramskog studija Dada. Pravi se da zna \u0161panjolski jezik, a zapravo ga, hmmm \u2026 Napikava gitaru i ukulele\u2026 Igra basket \u2026[\/vc_column_text][\/vc_column][\/vc_row]\n<\/div>","protected":false},"excerpt":{"rendered":"<p>[vc_row equal_height=&#8221;yes&#8221; content_placement=&#8221;middle&#8221;][vc_column width=&#8221;1\/3&#8243;][vc_single_image image=&#8221;48386&#8243; img_size=&#8221;full&#8221; alignment=&#8221;center&#8221; css=&#8221;&#8221;][\/vc_column][vc_column width=&#8221;2\/3&#8243;][vc_custom_heading text=&#8221;Davor Dokleja&#8221; font_container=&#8221;tag:h1|text_align:left&#8221; css=&#8221;&#8221;][vc_column_text css=&#8221;&#8221;]Glumac[\/vc_column_text][\/vc_column][\/vc_row][vc_row][vc_column][vc_column_text css=&#8221;&#8221;]Ro\u0111en je 1981. godine u \u010cakovcu (Hrvatska). \u010clan je strukovne udruge \u201dHrvatsko dru\u0161tvo dramskih umjetnika\u201d. Tako\u0111er, \u010dlan je profesionalne Kazali\u0161ne dru\u017eine Pinklec od 1998. godine. Osim u Pinklecima, igrao je u HNK Vara\u017edin, Dje\u010djem kazali\u0161tu Dubrava (Zagreb), Teatru Exit (Zagreb) \u2026. Igrao je u vi\u0161e od [&hellip;]<\/p>\n","protected":false},"author":2,"featured_media":0,"parent":0,"menu_order":0,"comment_status":"closed","ping_status":"closed","template":"","meta":{"inline_featured_image":false,"footnotes":""},"class_list":["post-48394","page","type-page","status-publish","hentry"],"ulaznica_data":null,"_links":{"self":[{"href":"https:\/\/czk-cakovec.hr\/saturn\/wp-json\/wp\/v2\/pages\/48394","targetHints":{"allow":["GET"]}}],"collection":[{"href":"https:\/\/czk-cakovec.hr\/saturn\/wp-json\/wp\/v2\/pages"}],"about":[{"href":"https:\/\/czk-cakovec.hr\/saturn\/wp-json\/wp\/v2\/types\/page"}],"author":[{"embeddable":true,"href":"https:\/\/czk-cakovec.hr\/saturn\/wp-json\/wp\/v2\/users\/2"}],"replies":[{"embeddable":true,"href":"https:\/\/czk-cakovec.hr\/saturn\/wp-json\/wp\/v2\/comments?post=48394"}],"version-history":[{"count":2,"href":"https:\/\/czk-cakovec.hr\/saturn\/wp-json\/wp\/v2\/pages\/48394\/revisions"}],"predecessor-version":[{"id":48399,"href":"https:\/\/czk-cakovec.hr\/saturn\/wp-json\/wp\/v2\/pages\/48394\/revisions\/48399"}],"wp:attachment":[{"href":"https:\/\/czk-cakovec.hr\/saturn\/wp-json\/wp\/v2\/media?parent=48394"}],"curies":[{"name":"wp","href":"https:\/\/api.w.org\/{rel}","templated":true}]}}