{"id":48396,"date":"2025-12-22T10:46:54","date_gmt":"2025-12-22T09:46:54","guid":{"rendered":"https:\/\/czk-cakovec.hr\/?page_id=48396"},"modified":"2025-12-22T10:46:54","modified_gmt":"2025-12-22T09:46:54","slug":"karolina-horvat","status":"publish","type":"page","link":"https:\/\/czk-cakovec.hr\/saturn\/karolina-horvat\/","title":{"rendered":"Karolina Horvat"},"content":{"rendered":"<div class=\"wpb-content-wrapper\">[vc_row equal_height=&#8221;yes&#8221; content_placement=&#8221;middle&#8221;][vc_column width=&#8221;1\/3&#8243;][vc_single_image image=&#8221;48387&#8243; img_size=&#8221;full&#8221; alignment=&#8221;center&#8221; css=&#8221;&#8221;][\/vc_column][vc_column width=&#8221;2\/3&#8243;][vc_column_text css=&#8221;&#8221;]\n<h2>Karolina Horvat<\/h2>\n[\/vc_column_text][vc_column_text css=&#8221;&#8221;]Glumica[\/vc_column_text][\/vc_column][\/vc_row][vc_row][vc_column][vc_column_text css=&#8221;&#8221;]\n<p class=\"western\" lang=\"hr-HR\">Ro\u0111ena je 1987. godine u \u010cakovcu. Od 2014. \u010dlan je HDDU-a.&nbsp;U KD Pinklec je od 2003. godine. Najmanja je, najmla\u0111a i najsla\u0111a od navedenih glumaca u Pinklecima. Osim u Pinklecovim predstavama mo\u017eete je vidjeti i u HNK Vara\u017edin i Dje\u010djem kazali\u0161tu Dubrava. Iako je najmanja njen naoko nje\u017ean i krhki izgled neka vas ne zavarava. Glumica je to koja kad stane na scenu u tren oka svojom gluma\u010dkom sposobno\u0161\u0107u i virtuozno\u0161\u0107u poraste u o\u010dima svakog.<\/p>\n<p><strong>Datum ro\u0111enja:<\/strong><br \/>\n31.5.1987.<\/p>\n<p><strong>\u010clanica Pinkleca od<\/strong>:<br \/>\n2003.<\/p>\n<p><strong>Predstave:<\/strong><br \/>\n2003. DOGA\u0110AJ U MJESTU GOGA \/ S. Grum \/ Redatelj: Romano Bogdan<br \/>\n2004. OSVAJANJE MEKSIKA \/ A. Artaud \/ Redatelj: Romano Bogdan<br \/>\n2004. BREMENSKI SVIRA\u010cI \/ prema pri\u010di bra\u0107e Grimm \/ Redatelj: Romano Bogdan<br \/>\n2005. HELIOGABAL \/ A. Artaud \/ Redatelj: Romano Bogdan<br \/>\n2005. VELIKI NIKOLA I MALI NIKOLA \/ prema pri\u010di H.C. Andersena \/ Redatelj: Romano Bogdan<br \/>\n2006. KRALJ GORDOGAN \/ prema Radovanu Iv\u0161i\u0107u \/ Redatelj: Romano Bogdan<br \/>\n2006. POBUNA IGRA\u010cAKA \/ V. Lisjak \/ Redatelj: Romano Bogdan<br \/>\n2007. VJERODOSTOJNI DO\u017dIVLJAJI SA PSIMA \/ I.Bakmaz \/ Redatelj: Romano Bogdan<br \/>\n2007. VUK I TRI PRA\u0160\u010cI\u0106A \/ prema pri\u010di bra\u0107e Grimm \/ Redatelj: Romano Bogdan<br \/>\n2007. MO\u017d I \u017dENA \/ V. KOSEC-TORJANAC \/ Redatelj: Dubravko Torjanac<br \/>\n2008. PERIKLO \/ prema W.Shakespeareu \/ Redatelj: Romano Bogdan<br \/>\n2008. VATROSLAV GROM \/ prema motivima Jody Bergsma napisao Igor Baksa \u2013 za\u010dinili Pinkleci \/ Redatelj: Romano Bogdan<br \/>\n2009. MALI \u010cAROBNJAK \/ prema motivima Jody Bergsna napisao Igor Baksa \u2013 za\u010dinili Pinkleci \/ Redatelj: Romano Bogdan<br \/>\n2008. PSIMA ULAZ ZABRANJEN \/ M.Rundek \/ koprodukcija s Dj. kazali\u0161tem Dubrava Zagreb \/ Redateljica: Lana Bitenc<br \/>\n2008. NIKOLA SEDMI \/ V.Stojsavljevi\u0107 \/ koprodukcija HNK u Vara\u017edinu\/ Redatelj: Romano Bogdan<br \/>\n2008. NE\u0106KO SVOJEGLAVE\u0106KO \/ Z. Balog \/ HNK Vara\u017edin\/ Redateljica: Barbara Rocco<br \/>\n2008. VATROSLAV GROM \/ prema motivima Jody Bergsma napisao Igor Baksa \u2013 za\u010dinili Pinkleci \/ Redatelj: Romano Bogdan<br \/>\n2009. MALI \u010cAROBNJAK \/ prema motivima Jody Bergsna napisao Igor Baksa \u2013 za\u010dinili Pinkleci \/ Redatelj: Romano Bogdan<br \/>\n2009. GA\u0160PAROVA PODVALA \/ Redatelj: Romano Bogdan<br \/>\n2010. MATILDA \/ Roald Dahl \/ koprodukcija s Dj. kazali\u0161tem Dubrava Zagreb \/ Redatelj: Oliver Frlji\u0107<br \/>\n2010. PTI\u010cICA \/ autorski projekt KD Pinklec \/ Redatelj: Romano Bogdan<br \/>\n2011. KLUPICA \/&nbsp; Jelena Kova\u010di\u0107 \/ Redatelj: Mario Kova\u010d<br \/>\n2012. A TKO SI TI? \/ prema motivima pri\u010de Neposlu\u0161no ma\u010de, I. Bjeli\u0161eva \/ Redatelj: Romano Bogdan<br \/>\n2012. SNJEGULJICA MORA UMRIJETI \/ R.&nbsp; \u017dulj \/ Redatelj: Miran Kurspahi\u0107<br \/>\n2013. \u0160EGRT HLAPI\u0106 KAKO BI GA IGRALA KD PINKLEC \/ T. Novak \/ Redatelj: Romano Bogdan<br \/>\n2014. VI\u0160NJIK \/ A. \u010cehov \/ HNK u Vara\u017edinu \/ Redatelj: B. Kobal<br \/>\n2014. \u010cETIRI PSI\u0106A \/ prema motivima pri\u010de A. Heathers dramatizirala T. Novak \/ Redatelj: Romano Bogdan<br \/>\n2014. JE\u017dEVA KU\u0106ICA \/ prema motivima B. \u0106opi\u0107a napisala M. Sviben \/ Redatelj: Tamara Ku\u010dinovi\u0107<br \/>\n2015. BREMENSKI SVIRA\u010cI \/ prema B. Grimm \/ Redatelj: Romano Bogdan<br \/>\n2015. THE KILLER IN ME IS THE KILLER IN YOU MY LOVE \/ A. Beyeler \/ Redatelji: Sanja i Till Fruhwald<br \/>\n2015. VU\u010cJE SRCE \/ N. Mil\u010dinski \/ Zavod Federacija Ljubljana i KD Pinklec \/ redatelj: Peter Kus<br \/>\n2016. POLA-POLA \/ M. BOGAVAC \/ Redateljica: Renata Carola Gatica<br \/>\n2016. DURICA MALE LJUBAVI \/ D. FAJDI\u0106 \/ Redateljica: Renata Carola Gatica<br \/>\n2017. PREKO SEDAM MORA, PREKO SEDAM GORA \/ J. KOVA\u010cI\u0106 \/ redateljica: Anica Tomi\u0107<br \/>\n2017. SUPERJUNACI \/ R. HERRERO \/ redateljica: Renata Carola Gatica<br \/>\n2018. DO VI\u0110ENJA \/ T. NOVAK \/ redatelj: Romano Bogdan<br \/>\n2018. RU\u010cAK ZA \u0160ESTERO \/ T. KU\u010cINOVI\u0106 \/ Redateljica: Tamara Ku\u010dinovi\u0107<br \/>\n2018. TROJCA U TRNJU \/ P. PAVLI\u010cI\u0106 \/ Redateljica: Ksenija Kr\u010dar<br \/>\n2019. KRPIMIRCI \/K. ZEC, S. BO\u017dI\u0106\/ Redatelji: K. Zec i S. Bo\u017ei\u0107<br \/>\n2019. TONKA BONTONKA \/ D. FAJDI\u0106 \/ Redateljica: Morana Dolenc<br \/>\n2019. VUKA SE NE BOJIM JA \/ T. NOVAK \/ Redatelj: Romano Bogdan<br \/>\n2019. KAO VODA \/ A. PROLI\u0106 \/ Redatelj: Romano Bogdan<br \/>\n2020. NORMALAN \u017dIVOT \/R. \u017dULJ \/ Redatelj: Miran Kurspahi\u0107<br \/>\n2020. CVR\u010cAK I MRAVI \/ I. MARCIU\u0160 \/ Redatelj: Romano Bogdan<\/p>\n<p><strong>Nagrade:<br \/>\n<\/strong>2020. Nagrada za kolektivnu gluma\u010dku igru na Susretu Assitej, \u010cakovec za predstavu \u201dVUKA SE NE BOJIM JA\u201d Kazali\u0161ne dru\u017eine Pinklec<br \/>\n2017. Nagrada za kolektivnu gluma\u010dku igru na Susretu Assitej, \u010cakovec za predstavu \u201dPREKO SEDAM MORA, PREKO SEDAM GORA\u201d Kazali\u0161ne dru\u017eine Pinklec<br \/>\n2013. Nagrada za najbolju animaciju&nbsp; 24. SLUK, OSIJEK za predstavu \u201cA TKO SI TI?\u201d<br \/>\n2013. Najbolje gluma\u010dko ostvarenje u predstavi na Susretu Assitej, \u010cakovec za predstavu \u201cSNJEGULJICA MORA UMRIJET\u201d Kazali\u0161ne dru\u017eine Pinklec&amp;HNK u Vara\u017edinu<\/p>\n<p><strong>Najdra\u017ea uloga:<br \/>\n<\/strong>Tratin\u010dica (Kralj Gordogan)<\/p>\n<p><strong>Trivia:<\/strong><br \/>\nNajmla\u0111a i najmanja \u010dlanica Pinkleca.[\/vc_column_text][\/vc_column][\/vc_row]\n<\/div>","protected":false},"excerpt":{"rendered":"<p>[vc_row equal_height=&#8221;yes&#8221; content_placement=&#8221;middle&#8221;][vc_column width=&#8221;1\/3&#8243;][vc_single_image image=&#8221;48387&#8243; img_size=&#8221;full&#8221; alignment=&#8221;center&#8221; css=&#8221;&#8221;][\/vc_column][vc_column width=&#8221;2\/3&#8243;][vc_column_text css=&#8221;&#8221;] Karolina Horvat [\/vc_column_text][vc_column_text css=&#8221;&#8221;]Glumica[\/vc_column_text][\/vc_column][\/vc_row][vc_row][vc_column][vc_column_text css=&#8221;&#8221;] Ro\u0111ena je 1987. godine u \u010cakovcu. Od 2014. \u010dlan je HDDU-a.&nbsp;U KD Pinklec je od 2003. godine. Najmanja je, najmla\u0111a i najsla\u0111a od navedenih glumaca u Pinklecima. Osim u Pinklecovim predstavama mo\u017eete je vidjeti i u HNK Vara\u017edin i Dje\u010djem kazali\u0161tu Dubrava. Iako je najmanja [&hellip;]<\/p>\n","protected":false},"author":2,"featured_media":0,"parent":0,"menu_order":0,"comment_status":"closed","ping_status":"closed","template":"","meta":{"inline_featured_image":false,"footnotes":""},"class_list":["post-48396","page","type-page","status-publish","hentry"],"ulaznica_data":null,"_links":{"self":[{"href":"https:\/\/czk-cakovec.hr\/saturn\/wp-json\/wp\/v2\/pages\/48396","targetHints":{"allow":["GET"]}}],"collection":[{"href":"https:\/\/czk-cakovec.hr\/saturn\/wp-json\/wp\/v2\/pages"}],"about":[{"href":"https:\/\/czk-cakovec.hr\/saturn\/wp-json\/wp\/v2\/types\/page"}],"author":[{"embeddable":true,"href":"https:\/\/czk-cakovec.hr\/saturn\/wp-json\/wp\/v2\/users\/2"}],"replies":[{"embeddable":true,"href":"https:\/\/czk-cakovec.hr\/saturn\/wp-json\/wp\/v2\/comments?post=48396"}],"version-history":[{"count":2,"href":"https:\/\/czk-cakovec.hr\/saturn\/wp-json\/wp\/v2\/pages\/48396\/revisions"}],"predecessor-version":[{"id":48398,"href":"https:\/\/czk-cakovec.hr\/saturn\/wp-json\/wp\/v2\/pages\/48396\/revisions\/48398"}],"wp:attachment":[{"href":"https:\/\/czk-cakovec.hr\/saturn\/wp-json\/wp\/v2\/media?parent=48396"}],"curies":[{"name":"wp","href":"https:\/\/api.w.org\/{rel}","templated":true}]}}