{"id":48400,"date":"2025-12-22T10:55:43","date_gmt":"2025-12-22T09:55:43","guid":{"rendered":"https:\/\/czk-cakovec.hr\/?page_id=48400"},"modified":"2025-12-22T12:05:15","modified_gmt":"2025-12-22T11:05:15","slug":"igor-baksa","status":"publish","type":"page","link":"https:\/\/czk-cakovec.hr\/saturn\/igor-baksa\/","title":{"rendered":"Igor Baksa"},"content":{"rendered":"<div class=\"wpb-content-wrapper\">[vc_row equal_height=&#8221;yes&#8221; content_placement=&#8221;middle&#8221;][vc_column width=&#8221;1\/3&#8243;][vc_single_image image=&#8221;48388&#8243; img_size=&#8221;full&#8221; alignment=&#8221;center&#8221; css=&#8221;&#8221;][\/vc_column][vc_column width=&#8221;2\/3&#8243;][vc_column_text css=&#8221;&#8221;]\n<h1>Igor Baksa<\/h1>\n[\/vc_column_text][vc_column_text css=&#8221;&#8221;]Glumac[\/vc_column_text][\/vc_column][\/vc_row][vc_row][vc_column][vc_column_text css=&#8221;&#8221;]Ro\u0111en 1980. godine u \u010cakovcu. Kao glumac \u010dlan je Hrvatskog dru\u0161tva dramskih umjetnika i Hrvatske zajednice samostalnih umjetnika. Osim u mati\u010dnim Pinklecima, na anga\u017emanima je u mnogim kazali\u0161tima u Zagrebu, gdje \u017eivi od 2014. Do sad je glumio na daskama Gavelle, Exita, Komedije, Male scene, DK Dubrava, Scene Gorica, a radio je (i radi) s kazali\u0161tima poput Teatar Poco Loco, Tigar Teatar, BGlad produkcija, Kerekesh Teatar itd. Igrao je u preko 40 kazali\u0161nih predstava, osvojio nekoliko gluma\u010dkih i glazbenih nagrada, jer osim glume bavi se i glazbom. Osim kantautorskog anga\u017emana sklada i glazbu za kazali\u0161te, a osim skladanja pi\u0161e i dramske tekstove za kazali\u0161te i film. Snimio nekoliko dugometra\u017enih filmova, od kojih jedan u glavnoj ulozi (Jedno ubojstvo za van), a trenutno je zabavljen oko snimanja svojih scenarija u vlastitoj nezavisnoj produkciji.<\/p>\n<p><strong>Datum ro\u0111enja:<\/strong><br \/>\n26.8.1980.<\/p>\n<p><strong>\u010clan Pinkleca od<\/strong>:<br \/>\n1997.<\/p>\n<p><strong>Predstave:<\/strong><\/p>\n<ol class=\"wp-block-list\" start=\"1997\">\n<li>GDJE SE SAKRIO NANAQUI?, A. Artaud<\/li>\n<li>SRETNI PRINC, O. Wilde\u2013 dje\u010dja<\/li>\n<li>KOZMI\u010cKI \u017dONGLERI, K. Mesari\u0107<\/li>\n<li>PINOKIO, V. Stojsavljevi\u0107 \u2013 dje\u010dja<\/li>\n<li>\u010cAROLIJA* \u2013 dje\u010dja<\/li>\n<li>NEVA NEVI\u010cICA* \u2013 dje\u010dja<\/li>\n<li>BAGAN, V. Stojsavljevi\u0107 \u2013 dje\u010dja<br \/>\n2001.\u00a0 \u00a0INSTRUKCIJA \/ E. Ionesco\u00a0<em>\/\u00a0<\/em>redatelj: Davor Dokleja,<\/li>\n<li>ROMEO &amp; JULIETA, W. Shakespeare \/ E.G. Craig<\/li>\n<li>KRALJ GORDOGAN, prema Radovanu Iv\u0161i\u0107u<\/li>\n<li>VJERODOSTOJNI DO\u017dIVLJAJI SA PSIMA, I.Bakmaz<\/li>\n<li>VUK I TRI PRA\u0160\u010cI\u0106A, prema pri\u010di bra\u0107e Grimm \u2013 dje\u010dja<\/li>\n<li>PERIKLO, prema W.Shakespeareu<\/li>\n<li>PSIMA ULAZ ZABRANJEN, M.Rundek \u2013 koprodukcija s dj. kazali\u0161tem Dubrava Zagreb \/ Redateljica: Lana Bitenc<\/li>\n<li>VATROSLAV GROM \u2013 prema motivima Jody Bergsma (napisao Igor Baksa, glazba i glumac) \u2013 za\u010dinili Pinkleci<\/li>\n<li>MALI \u010cAROBNJAK \u2013 prema motivima Jody Bergsna (napisao Igor Baksa, glazba i glumac) \u2013 za\u010dinili Pinkleci<\/li>\n<li>DJE\u010cAK IVEK I PAS CVILEK \u2013 prema motivima \u0110ure Vilovi\u0107a. Dramaturgija: Jelena Kova\u010di\u0107\/ Re\u017eija: Anica Tomi\u0107<\/li>\n<li>PTI\u010cICA \u2013 autorski projekt KD Pinklec \/(glazba) Redatelj: Romano Bogdan<\/li>\n<li>TATA LAV I NJEGOVA SRETNA DJECA \u2013 prema istoimenoj slikovnici Horsta Eckerta Janosha\/koprodukcija s DK Dubrava\/(glazba) Redatelj: Paolo Ti\u0161ljari\u0107<\/li>\n<li>KLUPICA, Jelena Kova\u010di\u0107 \/ (glumac i glazba) Redatelj: Mario Kova\u010d<\/li>\n<li>ULI\u010cNI SKITA\u010cI; redatelj: Ivan Plazibat,\u00a0Scena Gorica, POUVG<\/li>\n<li>GRANDO, LEGENDA O ISTARSKOM VAMPIRU; redatelj: Sini\u0161a Kova\u010d, \u00a0Pierre Valley Teatar<\/li>\n<li>LES MISERABLES; musical; redatelj: Richard Montez\/USA, Cornerstonearts\/USA<\/li>\n<li>CRNA KU\u0106A \u2013 mjuzikl u boji; redatelj: Igor Barberi\u0107, Bglad produkcija, Zagreb<\/li>\n<li>OSMI POVJERENIK; redatelj: Sa\u0161a Ano\u010di\u0107,\u00a0Gavella, Zagreb<\/li>\n<li>ROKMEWAU; autorski projekt glumaca (Berislav Tomi\u010di\u0107, Jasmina Pralija i Igor Baksa), Scena Gorica, POUVG<\/li>\n<li>KAKO JE VILENJAK SPASIO BO\u017dI\u0106; redatelj: Igor Barberi\u0107, 24sata and Bglad Produkcija.<\/li>\n<li>BREMENSKI SVIRA\u010cI \/ (prema B. Grimm) \/ (glumac) Redatelj: Romano Bogdan<br \/>\n2015\u00a0\u00a0 BO\u017dI\u0106NA PRI\u010cA, autorski projekt Zrinke Ku\u0161evi\u0107, Maje Kati\u0107 i Igora Bakse,\u00a0Scena Gorica, POUVG<\/li>\n<li>VU\u010cJE SRCE \/ N. Mil\u010dinski \/ Zavod Federacija Ljubljana i KD Pinklec \/ redatelj: Peter Kus<\/li>\n<li>LOPTICE; redatelj: Igor Barberi\u0107, BGlad<\/li>\n<li>POLA-POLA \/ M. BOGAVAC \/ Redateljica: Renata Carola Gatica<\/li>\n<li>ZUBI, monodramski projekt prema slikovnici \u201ePerem zube svaki dan\u201c Mladena Ku\u0161eca,\u00a0Dru\u0161tvo Na\u0161a djeca, \u010cakovec<\/li>\n<li>PU\u017d MU\u017d \/ T. NOVAK \/ redatelj: Romano Bogdan<\/li>\n<li>KLOPOTEC, monodramski autorski projekt sa Vesnom Kosec \u2013 Torjanac, produkcija: Vinska ku\u0107a Ha\u017ei\u0107<\/li>\n<li>MEDO I KLAVIR, redatelj: Leo Vukeli\u0107, produkcija: Tigar teatar, Zagreb<\/li>\n<li>PREKO SEDAM MORA, PREKO SEDAM GORA \/ J. KOVA\u010cI\u0106 \/ redateljica: Anica Tomi\u0107<\/li>\n<li>PETRICA KEREMPUH \/ I. WEIDLICH \/ redatelj: Lovro Krsnik<\/li>\n<li>BOGI IVA\u010c ZNOVA, redatelj: Ljubomir Kereke\u0161, Kerekesh teatar i HNK Vara\u017edin<\/li>\n<li>TONKA BONTONKA, redateljica: Morana Dolenc, Scena Gorica, POUVG<\/li>\n<\/ol>\n<p><strong>Ekran<\/strong><\/p>\n<ol class=\"wp-block-list\" start=\"2018\">\n<li>DO KRAJA SMRTI; igrani film, redatelj: An\u0111elo Jurkas, uloga: Tata<\/li>\n<li>JEDNO UBOJSTVO ZA VAN; dugometra\u017ena crna komedija, redatelj: Luka Duvan\u010di\u0107, uloga:\u00a0<em>Kazimir<\/em>, partneri: Marija Kohn, Tajna Per\u0161i\u0107, Marin Bukvi\u0107, Nik\u0161a Marinovi\u0107, Marina Stanger<\/li>\n<li>POMRA\u010cENJE; SF serija, redatelj: Mario Kova\u010d, uloga:\u00a0<em>Voditelj te\u010daja<\/em>, partneri: Karolina \u0160u\u0161a, Dejan Kriva\u010di\u0107 Cigo etc., produkcija: Hrvoje Matasovi\u0107;<\/li>\n<li>OSMIJEH; kratki film, redatelj: Mateja Posedi, uloga:\u00a0<em>On<\/em>;<\/li>\n<li>DE\u010cKI; mockumentary, gluma\u010dki projekt, uloga:\u00a0<em>Igor;\u00a0<\/em>2014. BO\u017dI\u0106 BOLI ME; glazbeni video, re\u017eija i gluma: Igor Baksa, produkcija: Dallas Records;<\/li>\n<li>JA KA\u017dEM MIR; glazbeni video za bend Komedija, redatelj: Tvrtko Vidokk, uloga:\u00a0<em>Vojnik<\/em>, produkcija: Dallas Records;<\/li>\n<li>VRNULA BU\u0160 SE; glazbeni video za bend Komedija, redatelj: Kruno Nedeljko, uloga:\u00a0<em>Mladi gospon<\/em>, produkcija: Dallas Records.<\/li>\n<\/ol>\n<p><strong>Dramska pedagogija<\/strong><\/p>\n<ol class=\"wp-block-list\" start=\"1998\">\n<li>Osnivanje i vo\u0111enje amaterske studentske dru\u017eine Teatar TRN, \u010cakovec<\/li>\n<li>Vo\u0111enje Dramske radionice Dramskog studija DaDa pri Centru za kulturu, \u010cakovec<\/li>\n<\/ol>\n<p><strong>Glazba<\/strong><\/p>\n<ol class=\"wp-block-list\" start=\"1992\">\n<li>Glazbena edukacija na privatnim satovima za klavijature;<\/li>\n<li>Po\u010detak sviranja gitare;<\/li>\n<li>\u2013 2003. Tri samostalna albuma kao kantautor (singer\/songwriter): \u201eReality Show\u201c \u2013 neodoljivi pogled u tu\u0111u intimu\u201c, \u201ePiramide i kako ih prepoznati\u201c i \u201eAll About My LO-FI Dream of Becoming A Theatre Actor\u201c;<\/li>\n<li>\u2013 danas Sviranje, pjevanje i autorstvo u bendu Komedija, s kojim izdajem dva albuma: \u201eIndijancu je bilo smije\u0161no\u201c i \u201eJa ka\u017eem mir\u201c.<\/li>\n<\/ol>\n<p>Skladanje glazbe za kazali\u0161te.<\/p>\n<p><strong>Nagrade<\/strong><\/p>\n<p>2018.\u00a0 Nagrada za kolektivnu gluma\u010dku igru na \u201cMalom Marulu\u201d, Split, za predstavu \u201dPU\u017d MU\u017d\u201d Kazali\u0161ne dru\u017eine Pinklec<\/p>\n<ol class=\"wp-block-list\" start=\"2017\">\n<li>Nagrada za kolektivnu gluma\u010dku igru na Susretu Assitej, \u010cakovec za predstavu \u201dPREKO SEDAM MORA, PREKO SEDAM GORA\u201d\u00a0Kazali\u0161ne dru\u017eine Pinklec<\/li>\n<li>Najbolja mu\u0161ka uloga na festivalu \u201ePod murvom\u201c u Skradinu, za ulogu Psa Rikija u \u201eBREMENSKI SVIRA\u010cI\u201c\u00a0Kazali\u0161ne dru\u017eine Pinklec<\/li>\n<li>Najbolja scenska glazba na festivalu ASSITEJ, za predstavu \u201eMALI \u010cAROBNJAK\u201c\u00a0Kazali\u0161ne dru\u017eine Pinklec<\/li>\n<\/ol>\n<p><strong>Najdra\u017ea uloga:\u00a0<\/strong>Zlatko Gadni (Mali \u010carobnjak)<\/p>\n<p><strong>Trivia:<\/strong><br \/>\nSvira, pjeva, sklada i pi\u0161e pjesme u senzacionalnom world-ethno-punk bendu Kom3dija (<a href=\"http:\/\/www.kom3dija.com\/\">www.kom3dija.com<\/a>).<br \/>\nRadi glazbu za Pinklecove predstave, vara\u017edinski HNK i druge.<\/p>\n<p>A osim toga mo\u017eete ga anga\u017eirati za pisanje kakvog dramskog teksta (napisao ih nekoliko za Pinklece i daruvarsko amatersko kazali\u0161te), \u010dlanka za novine (radio kao freelance novinar), ili knjige (izdao roman \u201cUrbanomija\u201d i zbirku pripovjedaka \u201cKota\u010d u osmici\u201d).<\/p>\n<p>Glumi, svira, pjeva, pi\u0161e, kuha, radi na samospoznaji\u2026 Sve u svemu \u2013 renesansni \u010dovjek[\/vc_column_text][\/vc_column][\/vc_row]\n<\/div>","protected":false},"excerpt":{"rendered":"<p>[vc_row equal_height=&#8221;yes&#8221; content_placement=&#8221;middle&#8221;][vc_column width=&#8221;1\/3&#8243;][vc_single_image image=&#8221;48388&#8243; img_size=&#8221;full&#8221; alignment=&#8221;center&#8221; css=&#8221;&#8221;][\/vc_column][vc_column width=&#8221;2\/3&#8243;][vc_column_text css=&#8221;&#8221;] Igor Baksa [\/vc_column_text][vc_column_text css=&#8221;&#8221;]Glumac[\/vc_column_text][\/vc_column][\/vc_row][vc_row][vc_column][vc_column_text css=&#8221;&#8221;]Ro\u0111en 1980. godine u \u010cakovcu. Kao glumac \u010dlan je Hrvatskog dru\u0161tva dramskih umjetnika i Hrvatske zajednice samostalnih umjetnika. Osim u mati\u010dnim Pinklecima, na anga\u017emanima je u mnogim kazali\u0161tima u Zagrebu, gdje \u017eivi od 2014. Do sad je glumio na daskama Gavelle, Exita, Komedije, Male scene, DK [&hellip;]<\/p>\n","protected":false},"author":2,"featured_media":0,"parent":0,"menu_order":0,"comment_status":"closed","ping_status":"closed","template":"","meta":{"inline_featured_image":false,"footnotes":""},"class_list":["post-48400","page","type-page","status-publish","hentry"],"ulaznica_data":null,"_links":{"self":[{"href":"https:\/\/czk-cakovec.hr\/saturn\/wp-json\/wp\/v2\/pages\/48400","targetHints":{"allow":["GET"]}}],"collection":[{"href":"https:\/\/czk-cakovec.hr\/saturn\/wp-json\/wp\/v2\/pages"}],"about":[{"href":"https:\/\/czk-cakovec.hr\/saturn\/wp-json\/wp\/v2\/types\/page"}],"author":[{"embeddable":true,"href":"https:\/\/czk-cakovec.hr\/saturn\/wp-json\/wp\/v2\/users\/2"}],"replies":[{"embeddable":true,"href":"https:\/\/czk-cakovec.hr\/saturn\/wp-json\/wp\/v2\/comments?post=48400"}],"version-history":[{"count":3,"href":"https:\/\/czk-cakovec.hr\/saturn\/wp-json\/wp\/v2\/pages\/48400\/revisions"}],"predecessor-version":[{"id":48403,"href":"https:\/\/czk-cakovec.hr\/saturn\/wp-json\/wp\/v2\/pages\/48400\/revisions\/48403"}],"wp:attachment":[{"href":"https:\/\/czk-cakovec.hr\/saturn\/wp-json\/wp\/v2\/media?parent=48400"}],"curies":[{"name":"wp","href":"https:\/\/api.w.org\/{rel}","templated":true}]}}