{"id":48404,"date":"2025-12-22T11:00:47","date_gmt":"2025-12-22T10:00:47","guid":{"rendered":"https:\/\/czk-cakovec.hr\/?page_id=48404"},"modified":"2025-12-22T12:05:49","modified_gmt":"2025-12-22T11:05:49","slug":"mario-jaksic","status":"publish","type":"page","link":"https:\/\/czk-cakovec.hr\/saturn\/mario-jaksic\/","title":{"rendered":"Mario Jak\u0161i\u0107"},"content":{"rendered":"<div class=\"wpb-content-wrapper\">[vc_row equal_height=&#8221;yes&#8221; content_placement=&#8221;middle&#8221;][vc_column width=&#8221;1\/3&#8243;][vc_single_image image=&#8221;48389&#8243; img_size=&#8221;medium&#8221; alignment=&#8221;center&#8221; css=&#8221;&#8221;][\/vc_column][vc_column width=&#8221;2\/3&#8243;][vc_custom_heading text=&#8221;Mario Jak\u0161i\u0107&#8221; font_container=&#8221;tag:h1|text_align:left&#8221; css=&#8221;&#8221;][vc_column_text css=&#8221;&#8221;]Glumac[\/vc_column_text][\/vc_column][\/vc_row][vc_row][vc_column][vc_column_text css=&#8221;&#8221;]]Ro\u0111en 1981. u \u010cakovcu, Hrvatska. \u010clan i glumac Kazali\u0161ne dru\u017eine PINKLEC od 2003. 2014. godine postaje \u010dlanom HDDU-a, Hrvatske udruge dramskih umjetnika, a 2017. godine dobiva status samostalnog umjetnika (pri HZSU-u), Hrvatska zajednica slobodnih umjetnika. Igrao u vi\u0161e od 30 predstava, te osvojio pojedina\u010dne i skupne nagrade na eminentnim festivalima u Hrvatskoj i regiji. \u017divi i radi u \u010cakovcu.<\/p>\n<p>(*Svira; Ukulele, bas gitara, bubnjevi, udaraljke, usna harmonika)<\/p>\n<p><strong>Datum ro\u0111enja:<\/strong><br \/>\n12.7.1981.<\/p>\n<p><strong>\u010clan Pinkleca od<\/strong>:<br \/>\n2003.<\/p>\n<p><strong>Predstave:<\/strong><br \/>\n2004. OSVAJANJE MEKSIKA \/ A. Artaud \/ Redatelj: Romano Bogdan<br \/>\n2004. BREMENSKI SVIRA\u010cI \/ prema pri\u010di bra\u0107e Grimm \/ Redatelj: Romano Bogdan<br \/>\n2005. HELIOGABAL \/ A. Artaud \/ Redatelj: Romano Bogdan<br \/>\n2005. VELIKI NIKOLA I MALI NIKOLA \/ prema pri\u010di H.C. Andersena \/ Redatelj: Romano Bogdan<br \/>\n2006. KRALJ GORDOGAN \/ prema Radovanu Iv\u0161i\u0107u \/ Redatelj: Romano Bogdan<br \/>\n2006. POBUNA IGRA\u010cAKA \/ V. Lisjak \/ Redatelj: Romano Bogdan<br \/>\n2007. VJERODOSTOJNI DO\u017dIVLJAJI SA PSIMA \/ I.Bakmaz \/ Redatelj: Romano Bogdan<br \/>\n2007. VUK I TRI PRA\u0160\u010cI\u0106A \/ prema pri\u010di bra\u0107e Grimm \/ Redatelj: Romano Bogdan<br \/>\n2008. PERIKLO \/ prema W.Shakespeareu \/ Redatelj: Romano Bogdan<br \/>\n2008. VATROSLAV GROM \/ prema motivima Jody Bergsma napisao Igor Baksa \u2013 za\u010dinili Pinkleci \/ Redatelj: Romano Bogdan<br \/>\n2009. MALI \u010cAROBNJAK \/ prema motivima Jody Bergsna napisao Igor Baksa \u2013 za\u010dinili Pinkleci \/ Redatelj: Romano Bogdan<br \/>\n2009. DJE\u010cAK IVEK I PAS CVILEK \/ prema motivima \u0110ure Vilovi\u0107a Jelena Kova\u010di\u0107\/ Redateljica: Anica Tomi\u0107<br \/>\n2009. GA\u0160PAROVA PODVALA \/ Redatelj: Romano Bogdan<br \/>\n2010. PTI\u010cICA \/ autorski projekt KD Pinklec \/ Redatelj: Romano Bogdan<br \/>\n2010. SVAKI PUT I SVAKA STAZA VODE NAS DO DJEDA MRAZA \/ Vinko Lisjak \/ Redatelj: Romano Bogdan<br \/>\n2011. KLUPICA \/ Jelena Kova\u010di\u0107\/ Redatelj: Mario Kova\u010d<br \/>\n2012. A TKO SI TI? \/ prema motivima pri\u010de Neposlu\u0161no ma\u010de, I. Bjeli\u0161eva \/ Redatelj: Romano Bogdan<br \/>\n2012. SNJEGULJICA MORA UMRIJETI \/ R.\u00a0 \u017dulj \/ Redatelj: Miran Kurspahi\u0107<br \/>\n2013. KU\u0106NI DUHOVI ILI NEVIDLJIVI RECEPT ZA SRE\u0106U \/ T. Ku\u010dinovi\u0107 \/ Redatelj: T. Ku\u010dinovi\u0107<br \/>\n2013. \u0160EGRT HLAPI\u0106 KAKO BI GA IGRALA KD PINKLEC \/ T. Novak \/ Redatelj: R. Bogdan<br \/>\n2014. \u010cETIRI PSI\u0106A \/ prema motivima pri\u010de A. Heathers napisala T. Novak \/ Redatelj: Romano Bogdan<br \/>\n2016. POLA-POLA \/ M. BOGAVAC \/ Redateljica: Renata Carola Gatica<br \/>\n2016. PU\u017d MU\u017d \/ T. NOVAK \/ redatelj: Romano Bogdan<br \/>\n2017. PREKO SEDAM MORA, PREKO SEDAM GORA \/ J. KOVA\u010cI\u0106 \/ redateljica: Anica Tomi\u0107<br \/>\n2017. SUPERJUNACI \/ R. HERRERO \/ redateljica: Renata Carola Gatica<br \/>\n2018. DO VI\u0110ENJA \/ T. NOVAK \/ redatelj: Romano Bogdan<br \/>\n2019. GERONIMO STILTON \/ Zakon Teatar \/ Redatelj: Pe\u0111a Gvozdi\u0107<br \/>\n2019. AVANTURE MALOGA JUJU \/ GKL Rijeka \/ Redateljica: Renata Carola Gatica<br \/>\n2019. KRPIMIRCI \/K. ZEC, S. BO\u017dI\u0106\/ Redatelji: K. Zec i S. Bo\u017ei\u0107<br \/>\n2019. KAO VODA \/A. PROLI\u0106 \/ Redatelj: Romano Bogdan<br \/>\n2019. VUKA SE NE BOJIM JA \/ T. NOVAK \/ Redatelj: Romano Bogdan<br \/>\n2020. NORMALAN \u017dIVOT \/R. \u017dULJ \/ Redatelj: Miran Kurspahi\u0107<br \/>\n2020. CVR\u010cAK I MRAVI \/ I. MARCIU\u0160 \/ Redatelj: Romano Bogdan<br \/>\n2021. LABORATORIJ \u017dIVOTA \/ LOFT \/ Autorski projekt Morane Dolenc i Maria Jak\u0161i\u0107a<br \/>\n2021. PLAVO SUNCE NA \u017dUTOM NEBU \/ KD PINKLEC \/ Redatelj; Romano Bogdan[\/vc_column_text][\/vc_column][\/vc_row][vc_row][vc_column][vc_single_image image=&#8221;48406&#8243; img_size=&#8221;large&#8221; alignment=&#8221;center&#8221; css=&#8221;&#8221;][\/vc_column][\/vc_row][vc_row][vc_column][vc_column_text css=&#8221;&#8221;]\n<h4>N A G R A D E<\/h4>\n<p><strong>POJEDINA\u010cNE:<\/strong><\/p>\n<ol start=\"2010\">\n<li>\u2013 13. Susret profesionalnih kazali\u0161ta za djecu i mlade Hrvatskog centra Assitej, \u010cakovec<\/li>\n<\/ol>\n<p>Nagrada za gluma\u010dko ostvarenje Mario Jak\u0161i\u0107 u predstavi DJE\u010cAK IVEK I PAS CVILEK u izvedbi Kazali\u0161ne dru\u017eine Pinklec iz \u010cakovca i Dje\u010dje lutkarske scene HNK Vara\u017edin.<\/p>\n<ol start=\"2019\">\n<li>\u2013 12. Mali Maruli\u0107<\/li>\n<\/ol>\n<p>Nagrada za najbolje gluma\u010dko ostvarenje Mariju Jak\u0161i\u0107u za ulogu maloga Juju u predstavi Avanture maloga Juju Gradskog kazali\u0161ta lutaka Rijeka<\/p>\n<p><strong>SKUPNE:<\/strong><\/p>\n<h4>2009. \/ 2010.<\/h4>\n<p>12. Susret profesionalnih kazali\u0161ta za djecu i mlade Hrvatskog centra Assitej, \u010cakovec Posebna nagrada \u017eirija za promi\u0161ljenu naivnost igre dodjeljuje se Kazali\u0161noj dru\u017eini Pinklec iz \u010cakovca za predstavu VATROSLAV GROM u re\u017eiji Romana<\/p>\n<h4>2010. \/ 2011.<\/h4>\n<p>Nagrada hrvatskog glumi\u0161ta, Zagreb 2010.<\/p>\n<p>Za najbolju lutkarsku predstavu ili predstavu za djecu i mlade\u017e DJE\u010cAK IVEK I PAS CVILEK u izvedbi Kazali\u0161ne dru\u017eine Pinklec iz \u010cakovca u koprodukciji s Dje\u010djom i lutkarskom scenom HNK u Vara\u017edinu u re\u017eiji Anice Tomi\u0107<\/p>\n<p>13. Susret profesionalnih kazali\u0161ta za djecu i mlade Hrvatskog centra Assitej, \u010cakovec Nagrada za najbolju predstavu DJE\u010cAK IVEK I PAS CVILEK u izvedbi Kazali\u0161ne dru\u017eine Pinklec iz \u010cakovca i Dje\u010dje lutkarske scene HNK Vara\u017edin u re\u017eiji Anice Tomi\u0107<\/p>\n<h4>2012. \/ 2013.<\/h4>\n<p>24. Me\u0111unarodni lutkarski festival Poletni lutkovni pristan, Maribor \u2013 Slovenija<\/p>\n<p>Nagrada dje\u010djeg \u017eirija \u201c25 zlatih zvezdic\u201d A TKO SI TI? u izvedbi Kazali\u0161ne dru\u017eine Pinklec iz \u010cakovca u re\u017eiji Romana Bogdana<\/p>\n<h4>2014. \/ 2015.<\/h4>\n<p><strong>\u00a0<\/strong>10. PATOSOFFIRANJE, Smederevo \u2013 Srbija<\/p>\n<p>Nagrada publike za najbolju predstavu KLUPICA u izvedbi Kazali\u0161ne dru\u017eine Pinklec iz \u010cakovca i re\u017eiji Marija Kova\u010da<\/p>\n<p>20. Festival ekolo\u0161kog pozori\u0161ta, Ba\u010dka Palanka \u2013 Srbija<\/p>\n<p>Nagrada stru\u010dnog \u017eirija za najbolju predstavu festivala PTI\u010cICA u izvedbi Kazali\u0161ne dru\u017eine Pinklec iz \u010cakovca i re\u017eiji Romana Bogdana<\/p>\n<h4>2015. \/ 2016.<\/h4>\n<p>19. Kotorski festival pozori\u0161ta za djecu, Kotor \u2013 Crna Gora<\/p>\n<p>Prva nagrada dje\u010djeg \u017eirija POLA-POLA u izvedbi Kazali\u0161ne dru\u017eine Pinklec iz \u010cakovca i re\u017eiji Renate Carole Gatica<\/p>\n<h4>2016. \/ 2017.<\/h4>\n<p>28. Me\u0111unarodni lutkarski festival Poletni lutkovni pristan, Maribor \u2013 Slovenija<\/p>\n<p>Nagrada dje\u010djeg \u017eirija \u201c25 zlatih zvezdic\u201d za S RAZLOGOM u izvedbi Kazali\u0161ne dru\u017eine Pinklec u koprodukciji s LOFT-om iz Zagreba u re\u017eiji Morane Dolenc<\/p>\n<p>SLUK, Zadar<\/p>\n<p>Kazali\u0161ne dru\u017eine Pinklec u koprodukciji s LOFT-om iz Zagreba u re\u017eiji Morane Dolenc Nagrada za najbolju glumu\/animaciju Mario Jak\u0161i\u0107, Bruno Kontrec i Petar Atanasoski za predstavu S RAZLOGOM u izvedbi Kazali\u0161ne dru\u017eine Pinklec u koprodukciji s LOFT-om iz Zagreba u re\u017eiji Morane Dolenc<\/p>\n<h4>2017. \/ 2018.<\/h4>\n<p>11. Festival hrvatske drame za djecu i mlade \u201dMali Maruli\u0107\u201d, Split<\/p>\n<p>Nagrada za najbolje kolektivno gluma\u010dko ostvarenje ansambl predstave PU\u017d MU\u017d (Igor Baksa, Davor Dokleja, Mario Jak\u0161i\u0107 i Bruno Kontrec).<\/p>\n<p>18. Naj, naj, naj festival \u201c\u017dar Ptica\u201d, Zagreb<\/p>\n<p>Nagrada za promicanje neverbalnog kazali\u0161nog izraza Morana Dolenc za predstavu S RAZLOGOM u izvedbi Kazali\u0161ne dru\u017eine Pinklec \u010cakovec i LOFT-a.<\/p>\n<p>20. Susret profesionalnih kazali\u0161ta za djecu i mlade Assitej, \u010cakovec<\/p>\n<p>Nagrada za najbolju predstavu u cjelini S RAZLOGOM u izvedbi Kazali\u0161ne dru\u017eine Pinklec u koprodukciji s LOFT-om iz Zagreba u re\u017eiji Morane Dolenc<\/p>\n<p>Nagrada za izvedbeni tekst autorski tim predstave S RAZLOGOM u izvedbi Kazali\u0161ne dru\u017eine Pinklec u koprodukciji s LOFT-om iz Zagreba u re\u017eiji Morane Dolenc<\/p>\n<p>Nagrada za kolektivno gluma\u010dko ostvarenje ansambl predstave PREKO SEDAM MORA, PREKO SEDAM GORA (Karolina Horvat, Tena Antonija Torjanac, Igor Baksa, Bruno Kontrec, Mario Jak\u0161i\u0107 i Davor Dokleja) u izvedbi Kazali\u0161ne dru\u017eine Pinklec<\/p>\n<h4>2018. \/ 2019.<\/h4>\n<p>15. Dje\u010dji kazali\u0161ni festival Pozori\u0161te Zvezdari\u0161te, Beograd<\/p>\n<p>Prva nagrada dje\u010djeg \u017eirija za predstavu \u201cS RAZLOGOM\u201d u izvedbi Kazali\u0161ne dru\u017eine Pinklec u koprodukciji s LOFT Zagreb, a u re\u017eiji Morane Dolenc<\/p>\n<h4>2019. \/ 2020.<\/h4>\n<p>6. FEDU, Sarajevo<\/p>\n<p>Najja\u010di aplauz \u2013 nagrada publike za predstavu \u201cVUKA SE NE BOJIM JA\u201d u izvedbi Kazali\u0161ne dru\u017eine Pinklec \u010cakovec<\/p>\n<p>20. Naj, naj, naj festival \u201c\u017dar Ptica\u201d, Zagreb<\/p>\n<p>Nagrada za najbolju predstavu u cjelini \u201cVUKA SE NE BOJIM JA\u201d u izvedbi Kazali\u0161ne dru\u017eine Pinklec \u010cakovec<\/p>\n<h4>2020. \/ 2021.<\/h4>\n<p>23. Susret profesionalnih kazali\u0161ta za djecu i mlade Assitej, \u010cakovec<\/p>\n<p>Nagrada najbolje gluma\u010dko ostvarenje ansambla (Karolina Horvat, Bruno Kontrec, Mario Jak\u0161i\u0107, Davor Dokleja i Neven Mato\u0161a) za predstavu \u201dVUKA SE NE BOJIM JA\u201d u izvedbi Kazali\u0161ne dru\u017eine Pinklec i re\u017eiji Romana Bogdana<\/p>\n<p>25. Revija lutkarskih kazali\u0161ta u Rijeci<\/p>\n<p>Nagrada \u201cDomino\u201d za najbolju predstavu Revije predstava \u201cVuka se ne bojim ja\u201d Kazali\u0161ne dru\u017eine Pinklec iz \u010cakovca u re\u017eiji Romana Bogdana.<\/p>\n<p>13. Festival hrvatske drame za djecu Mali Maruli\u0107<\/p>\n<p>Nagrada za kolektivnu igru \u2013 ansamblu predstave \u201eKRPIMIRCI\u201c u izvedbi Gradskog kazali\u0161ta lutaka Rijeka u re\u017eiji Ksenije Zec i Sa\u0161e Bo\u017ei\u0107a<\/p>\n<p>Nagrada Zdenka Mi\u0161ura za najve\u0107i kazali\u0161ni izazov \u2013 Gradskom kazali\u0161tu lutaka Rijeka i Kazali\u0161noj dru\u017eini \u201ePinklec\u201c iz \u010cakovca za predstavu \u201cKRPIMIRCI\u201d u re\u017eiji Ksenije Zec i Sa\u0161e Bo\u017ei\u0107a[\/vc_column_text][\/vc_column][\/vc_row]\n<\/div>","protected":false},"excerpt":{"rendered":"<p>[vc_row equal_height=&#8221;yes&#8221; content_placement=&#8221;middle&#8221;][vc_column width=&#8221;1\/3&#8243;][vc_single_image image=&#8221;48389&#8243; img_size=&#8221;medium&#8221; alignment=&#8221;center&#8221; css=&#8221;&#8221;][\/vc_column][vc_column width=&#8221;2\/3&#8243;][vc_custom_heading text=&#8221;Mario Jak\u0161i\u0107&#8221; font_container=&#8221;tag:h1|text_align:left&#8221; css=&#8221;&#8221;][vc_column_text css=&#8221;&#8221;]Glumac[\/vc_column_text][\/vc_column][\/vc_row][vc_row][vc_column][vc_column_text css=&#8221;&#8221;]]Ro\u0111en 1981. u \u010cakovcu, Hrvatska. \u010clan i glumac Kazali\u0161ne dru\u017eine PINKLEC od 2003. 2014. godine postaje \u010dlanom HDDU-a, Hrvatske udruge dramskih umjetnika, a 2017. godine dobiva status samostalnog umjetnika (pri HZSU-u), Hrvatska zajednica slobodnih umjetnika. Igrao u vi\u0161e od 30 predstava, te osvojio pojedina\u010dne i skupne [&hellip;]<\/p>\n","protected":false},"author":2,"featured_media":0,"parent":0,"menu_order":0,"comment_status":"closed","ping_status":"closed","template":"","meta":{"inline_featured_image":false,"footnotes":""},"class_list":["post-48404","page","type-page","status-publish","hentry"],"ulaznica_data":null,"_links":{"self":[{"href":"https:\/\/czk-cakovec.hr\/saturn\/wp-json\/wp\/v2\/pages\/48404","targetHints":{"allow":["GET"]}}],"collection":[{"href":"https:\/\/czk-cakovec.hr\/saturn\/wp-json\/wp\/v2\/pages"}],"about":[{"href":"https:\/\/czk-cakovec.hr\/saturn\/wp-json\/wp\/v2\/types\/page"}],"author":[{"embeddable":true,"href":"https:\/\/czk-cakovec.hr\/saturn\/wp-json\/wp\/v2\/users\/2"}],"replies":[{"embeddable":true,"href":"https:\/\/czk-cakovec.hr\/saturn\/wp-json\/wp\/v2\/comments?post=48404"}],"version-history":[{"count":3,"href":"https:\/\/czk-cakovec.hr\/saturn\/wp-json\/wp\/v2\/pages\/48404\/revisions"}],"predecessor-version":[{"id":48408,"href":"https:\/\/czk-cakovec.hr\/saturn\/wp-json\/wp\/v2\/pages\/48404\/revisions\/48408"}],"wp:attachment":[{"href":"https:\/\/czk-cakovec.hr\/saturn\/wp-json\/wp\/v2\/media?parent=48404"}],"curies":[{"name":"wp","href":"https:\/\/api.w.org\/{rel}","templated":true}]}}