{"id":48409,"date":"2025-12-22T11:03:58","date_gmt":"2025-12-22T10:03:58","guid":{"rendered":"https:\/\/czk-cakovec.hr\/?page_id=48409"},"modified":"2025-12-22T11:04:11","modified_gmt":"2025-12-22T10:04:11","slug":"bruno-kontrec","status":"publish","type":"page","link":"https:\/\/czk-cakovec.hr\/saturn\/bruno-kontrec\/","title":{"rendered":"Bruno Kontrec"},"content":{"rendered":"<div class=\"wpb-content-wrapper\">[vc_row equal_height=&#8221;yes&#8221; content_placement=&#8221;middle&#8221;][vc_column width=&#8221;1\/3&#8243;][vc_single_image image=&#8221;48390&#8243; img_size=&#8221;large&#8221; alignment=&#8221;center&#8221; css=&#8221;&#8221;][\/vc_column][vc_column width=&#8221;2\/3&#8243;][vc_custom_heading text=&#8221;Bruno Kontrec&#8221; font_container=&#8221;tag:h1|text_align:left&#8221; css=&#8221;&#8221;][vc_column_text css=&#8221;&#8221;]Glumac[\/vc_column_text][\/vc_column][\/vc_row][vc_row][vc_column][vc_column_text css=&#8221;&#8221;]Ro\u0111en je 1979. godine u \u010cakovcu. Od 2014. \u010dlan je HDDU-a. \u010clan je KD Pinklec od 1999. godine. Osim u Pinklecovim predstavama mo\u017eete ga vidjeti u Gradskom kazali\u0161tu \u017dar ptica Zagreb, Dje\u010dje kazali\u0161te Dubrava i HNK Vara\u017edin. \u010cest je gost malih ekrana kao reklamno lice za mnoge doma\u0107e kompanije. Kad ne glumi mo\u017eete ga zate\u0107i kako osmi\u0161ljava i \u0161arafi scenografiju za Pinklecove predstave. Ne zna ba\u0161 pjevati, iako bi to silno \u017eelio. Smisao za ritam ja\u010da mu je strana pa ga ne rijetko mo\u017eete vidjeti kako u predstavama bubnja, lupka ili u ritmu ska\u010de.<\/p>\n<p><strong>Datum ro\u0111enja:<\/strong><br \/>\n17.8.1979.<\/p>\n<p><strong>\u010clan Pinkleca od<\/strong>:<br \/>\n1999.<\/p>\n<p><strong>Predstave:<\/strong><br \/>\n2000. NEVA NEVI\u010cICA\u00a0\/ (glumac) Redatelj: Romano Bogdan<br \/>\n2002. ROMEO &amp; JULIETA, W. Shakespeare \/ E.G. Craig \/ (glumac) Redatelj: Romano Bogdan<br \/>\n2003. DOGA\u0110AJ U MJESTU GOGA, S. Grum \/ (glumac) Redatelj: Romano Bogdan<br \/>\n2004. OSVAJANJE MEKSIKA, A. Artaud \/ (glumac) Redatelj: Romano Bogdan<br \/>\n2005. HELIOGABAL, A. Artaud \/ (glumac) Redatelj: Romano Bogdan<br \/>\n2008. PERIKLO, prema W.Shakespeareu \/ (glumac) Redatelj: Romano Bogdan<br \/>\n2008. VATROSLAV GROM \u2013 prema motivima Jody Bergsma napisao Igor Baksa \u2013 za\u010dinili Pinkleci\u00a0\/ (glumac) Redatelj: Romano Bogdan<br \/>\n2009. MALI \u010cAROBNJAK \u2013 prema motivima Jody Bergsna napisao Igor Baksa \u2013 za\u010dinili Pinkleci\u00a0\/ (glumac) Redatelj: Romano Bogdan<br \/>\n2009. VE\u010cERAS SE IMPROVIZIRA \u2013 prema L. Pirandellu\/koprodukcija s Dramskim studiom Dada\/redatelj: Davor Dokleja<br \/>\n2009. DJE\u010cAK IVEK I PAS CVILEK \u2013 prema motivima \u0110ure Vilovi\u0107a. Dramaturgija: Jelena Kova\u010di\u0107, re\u017eija: Anica Tomi\u0107<br \/>\n2009. GA\u0160PAROVA PODVALA\u00a0\/ Romano Bogdan \/ (glumac) Redatelj: Romano Bogdan<br \/>\n2010. MATILDA*, Roald Dahl \u2013 koprodukcija s DK Dubrava Zagreb \/ redatelj: Oliver Frlji\u0107<br \/>\n2010. PTI\u010cICA \u2013 autorski projekt KD Pinklec \/ redatelj: Romano Bogdan<br \/>\n2011. DRU\u017dBA PERE KVR\u017dICE, M.Lovrak, \u017dar-ptica, Zagreb \/ redatelj: Oliver Frlji\u0107<br \/>\n2011. LA\u017dE\u0160 MELITA**, Ivan Ku\u0161an, \u017dar-ptica, Zagreb \/ redatelj: Zlatko Sviben<br \/>\n2012. OKO POLA JEDAN, autorski projekt Azre Ibrahimovi\u0107, Brune Kontreca i Davora Dokleje \/ redatelj: Davor Dokleja<br \/>\n2012. LUDA \u0160UMA, Ajda Rooss, Peter Kus, DK Dubrava &amp; Glej Ljubljana \/ redatelj: Peter Kus<br \/>\n2013. \u0160EGRT HLAPI\u0106 KAKO BI GA IGRALA KD PINKLEC \u2013 (T. Novak) \/ Redatelj: Romano Bogdan<br \/>\n2014. \u010cETIRI PSI\u0106A \/ (prema motivima pri\u010de A. Heathers) T. Novak \/ (glumac) Redatelj: Romano Bogdan<br \/>\n2014. OCEAN MORE \/\u00a0nekoliko zami\u0161ljenih prizora prema romanu A. Baricca\/ (glumac) Redatelj: Mani Gotovac<br \/>\n2014. JE\u017dEVA KU\u0106ICA \/ (prema motivima B. \u0106opi\u0107a) M. Sviben \/ (glumac) Redatelj: Tamara Ku\u010dinovi\u0107<br \/>\n2015. BREMENSKI SVIRA\u010cI \/ (prema B. Grimm) \/ (glumac) Redatelj: Romano Bogdan<br \/>\n2015. THE KILLER IN ME IS THE KILLER IN YOU MY LOVE \/ A. Beyeler \/ (glumac) Redatelj: Sanja i Till Fruhwald<br \/>\n2015. VU\u010cJE SRCE \/ N. Mil\u010dinski \/ Zavod Federacija Ljubljana i KD Pinklec \/ redatelj: Peter Kus<br \/>\n2016. POLA-POLA \/ M. BOGAVAC \/ Redateljica: Renata Carola Gatica<br \/>\n2016. PU\u017d MU\u017d \/ T. NOVAK \/ redatelj: Romano Bogdan<br \/>\n2017. PREKO SEDAM MORA, PREKO SEDAM GORA \/ J. KOVA\u010cI\u0106 \/ redateljica: Anica Tomi\u0107<br \/>\n2017. SUPERJUNACI \/ R. HERRERO \/ redateljica: Renata Carola Gatica<br \/>\n2018. ROBINSON CRUSOE \/B. MARGETI\u0106 \/ redateljica: Morana Dolenc<br \/>\n2019. KRPIMIRCI \/K. ZEC, S. BO\u017dI\u0106\/ Redatelji: K. Zec i S. Bo\u017ei\u0107<br \/>\n2019. VUKA SE NE BOJIM JA \/ T. NOVAK \/ Redatelj: Romano Bogdan<br \/>\n2020. LOVCI NA SNOVE \/ A. PLETIKOSA \/ Redateljica: Morana Dolenc<br \/>\n2020. NORMALAN \u017dIVOT \/R. \u017dULJ \/ Redatelj: Miran Kurspahi\u0107<br \/>\n2020. CVR\u010cAK I MRAVI \/ I. MARCIU\u0160 \/ Redatelj: Romano Bogdan<\/p>\n<p>+<\/p>\n<p>2010. BROKEN GALLERY \u2013 plesni video projekt , SAVArt \u2013 Sarajevo \/ Elma Selman, Bruno Kontrec<br \/>\n2011. TV reklama za MAX TV \u2013 \u02ddAna voli nogomet\u02dd<br \/>\n2012. TV reklama \u00a0za Generali osiguranje \u2013 \u02ddNavijaj za sigurnost\u02dd<br \/>\n2012. RONDO \u2013 kratkometra\u017eni eksperimentalni igrani film (u pripremi)<br \/>\n2013. TV reklama za National Geographic \u2013 \u02ddWicked Tuna<br \/>\n2015. TV reklama za ABC Interijere -\u02ddDe bi del bide\u02dd i \u02ddTko je prava osoba\u02dd<\/p>\n<p><strong>Nagrade:<\/strong><br \/>\n2020. Nagrada za kolektivnu gluma\u010dku igru na Susretu Assitej, \u010cakovec za predstavu \u201dVUKA SE NE BOJIM JA\u201d Kazali\u0161ne dru\u017eine Pinklec<br \/>\n2018.\u00a0 Nagrada za kolektivnu gluma\u010dku igru na \u201cMalom Marulu\u201d, Split, za predstavu \u201dPU\u017d MU\u017d\u201d Kazali\u0161ne dru\u017eine Pinklec<br \/>\n2017. Nagrada za kolektivnu gluma\u010dku igru na Susretu Assitej, \u010cakovec za predstavu \u201dPREKO SEDAM MORA, PREKO SEDAM GORA\u201d\u00a0Kazali\u0161ne dru\u017eine Pinklec<br \/>\n2012. Nagrada za sporednu mu\u0161ku ulogu na Naj, naj, naj festivalu, Zagreb za predstavu \u201cLA\u017dE\u0160, MELITA\u201d GK \u017dar Ptica, Zagreb<br \/>\n2011. Nagrada za kolektivnu gluma\u010dku igru na Naj, naj, naj festivalu, Zagreb za predstavu \u201cDRU\u017dBA PERE KVR\u017dICE\u201d GK \u017dar Ptica, Zagreb<br \/>\n2011. Nagrada za najbolje gluma\u010dko ostvarenje na Susretu Assitej, \u010cakovec za predstavu \u201dMATILDA\u201d Kazali\u0161ne dru\u017eine Pinklec&amp;Dje\u010djeg kazali\u0161ta Dubrava<\/p>\n<p>Najdra\u017ea uloga:<br \/>\nRobert Ivan Tre\u0107i od olujnog oblaka (Mali \u010carobnjak)<\/p>\n<p><strong>Trivia:<\/strong><br \/>\nMo\u017eete ga na\u0107i kako osmi\u0161ljava i \u0161arafi scenografiju za Pinklece i neke druge entitete.<br \/>\nNe zna ba\u0161 pjevati, iako bi to \u017eelio. Navodno je esteta i u stalnoj je potrazi za novim na\u010dinima komunikacije.[\/vc_column_text][\/vc_column][\/vc_row]\n<\/div>","protected":false},"excerpt":{"rendered":"<p>[vc_row equal_height=&#8221;yes&#8221; content_placement=&#8221;middle&#8221;][vc_column width=&#8221;1\/3&#8243;][vc_single_image image=&#8221;48390&#8243; img_size=&#8221;large&#8221; alignment=&#8221;center&#8221; css=&#8221;&#8221;][\/vc_column][vc_column width=&#8221;2\/3&#8243;][vc_custom_heading text=&#8221;Bruno Kontrec&#8221; font_container=&#8221;tag:h1|text_align:left&#8221; css=&#8221;&#8221;][vc_column_text css=&#8221;&#8221;]Glumac[\/vc_column_text][\/vc_column][\/vc_row][vc_row][vc_column][vc_column_text css=&#8221;&#8221;]Ro\u0111en je 1979. godine u \u010cakovcu. Od 2014. \u010dlan je HDDU-a. \u010clan je KD Pinklec od 1999. godine. Osim u Pinklecovim predstavama mo\u017eete ga vidjeti u Gradskom kazali\u0161tu \u017dar ptica Zagreb, Dje\u010dje kazali\u0161te Dubrava i HNK Vara\u017edin. \u010cest je gost malih ekrana kao reklamno lice za [&hellip;]<\/p>\n","protected":false},"author":2,"featured_media":0,"parent":0,"menu_order":0,"comment_status":"closed","ping_status":"closed","template":"","meta":{"inline_featured_image":false,"footnotes":""},"class_list":["post-48409","page","type-page","status-publish","hentry"],"ulaznica_data":null,"_links":{"self":[{"href":"https:\/\/czk-cakovec.hr\/saturn\/wp-json\/wp\/v2\/pages\/48409","targetHints":{"allow":["GET"]}}],"collection":[{"href":"https:\/\/czk-cakovec.hr\/saturn\/wp-json\/wp\/v2\/pages"}],"about":[{"href":"https:\/\/czk-cakovec.hr\/saturn\/wp-json\/wp\/v2\/types\/page"}],"author":[{"embeddable":true,"href":"https:\/\/czk-cakovec.hr\/saturn\/wp-json\/wp\/v2\/users\/2"}],"replies":[{"embeddable":true,"href":"https:\/\/czk-cakovec.hr\/saturn\/wp-json\/wp\/v2\/comments?post=48409"}],"version-history":[{"count":3,"href":"https:\/\/czk-cakovec.hr\/saturn\/wp-json\/wp\/v2\/pages\/48409\/revisions"}],"predecessor-version":[{"id":48412,"href":"https:\/\/czk-cakovec.hr\/saturn\/wp-json\/wp\/v2\/pages\/48409\/revisions\/48412"}],"wp:attachment":[{"href":"https:\/\/czk-cakovec.hr\/saturn\/wp-json\/wp\/v2\/media?parent=48409"}],"curies":[{"name":"wp","href":"https:\/\/api.w.org\/{rel}","templated":true}]}}