{"id":48433,"date":"2025-12-22T12:35:47","date_gmt":"2025-12-22T11:35:47","guid":{"rendered":"https:\/\/czk-cakovec.hr\/?page_id=48433"},"modified":"2025-12-23T13:50:19","modified_gmt":"2025-12-23T12:50:19","slug":"repertoar-predstava-kdpinklec","status":"publish","type":"page","link":"https:\/\/czk-cakovec.hr\/saturn\/repertoar-predstava-kdpinklec\/","title":{"rendered":"Repertoar-predstava"},"content":{"rendered":"<div class=\"wpb-content-wrapper\">[vc_row][vc_column][vc_custom_heading text=&#8221;Repertoar Kazali\u0161ne dru\u017eine Pinklec (i prijatelja)&#8221; font_container=&#8221;tag:h1|text_align:left&#8221; css=&#8221;&#8221;][\/vc_column][\/vc_row][vc_row equal_height=&#8221;yes&#8221;][vc_column width=&#8221;1\/4&#8243;][vc_hoverbox image=&#8221;48435&#8243; primary_title=&#8221;Umi\u0161ljena mi\u0161ica (2025)&#8221; hover_title=&#8221;Umi\u0161ljena Mi\u0161ica&#8221; hover_background_color=&#8221;custom&#8221; hover_btn_title=&#8221;Saznaj vi\u0161e&#8221; hover_add_button=&#8221;true&#8221; hover_custom_background=&#8221;#333030&#8243; hover_btn_link=&#8221;url:https%3A%2F%2Fczk-cakovec.hr%2Fumisljena-misica%2F|title:Umi%C5%A1ljena%20mi%C5%A1ica&#8221;]&nbsp;<\/p>\n<p>1. Travnja 2025[\/vc_hoverbox][\/vc_column][vc_column width=&#8221;1\/4&#8243;][vc_hoverbox image=&#8221;48439&#8243; primary_title=&#8221;Grad slo\u017eenog stanja (2024)&#8221; hover_title=&#8221;Grad slo\u017eenog stanja&#8221; hover_background_color=&#8221;black&#8221; hover_btn_title=&#8221;Saznaj vi\u0161e&#8221; hover_add_button=&#8221;true&#8221; hover_btn_link=&#8221;url:https%3A%2F%2Fczk-cakovec.hr%2Fgrad-slozenog-stanja%2F|title:Grad%20slo%C5%BEenog%20stanja&#8221;]7. Studenoga 2024[\/vc_hoverbox][\/vc_column][vc_column width=&#8221;1\/4&#8243;][vc_hoverbox image=&#8221;48440&#8243; primary_title=&#8221;Divlja vatra (2024)&#8221; hover_title=&#8221;Divlja vatra&#8221; hover_background_color=&#8221;black&#8221; hover_btn_title=&#8221;Saznaj vi\u0161e&#8221; hover_add_button=&#8221;true&#8221; hover_btn_link=&#8221;url:https%3A%2F%2Fczk-cakovec.hr%2Fdivlja-vatra%2F|title:Divlja%20vatra&#8221;]&nbsp;<\/p>\n<p>1.Travnja 2024[\/vc_hoverbox][\/vc_column][vc_column width=&#8221;1\/4&#8243;][vc_hoverbox image=&#8221;48443&#8243; primary_title=&#8221;Kravica Ro\u017emarica (2023)&#8221; hover_title=&#8221;Kravica Ro\u017emarica&#8221; hover_background_color=&#8221;black&#8221; hover_btn_title=&#8221;Saznaj vi\u0161e&#8221; hover_add_button=&#8221;true&#8221; hover_btn_link=&#8221;url:https%3A%2F%2Fczk-cakovec.hr%2Fkravica-rozmarimu%2F|title:Divlja%20vatra&#8221;]6. Prosinca 2023[\/vc_hoverbox][\/vc_column][\/vc_row][vc_row][vc_column width=&#8221;1\/4&#8243;][vc_hoverbox image=&#8221;48444&#8243; primary_title=&#8221;Duuugodan zubi\u0107 vile (2023)&#8221; hover_title=&#8221;Dugodan Zubi\u0107 vile&#8221; hover_background_color=&#8221;custom&#8221; hover_btn_title=&#8221;Saznaj vi\u0161e&#8221; hover_add_button=&#8221;true&#8221; hover_custom_background=&#8221;#333030&#8243; hover_btn_link=&#8221;url:https%3A%2F%2Fczk-cakovec.hr%2Fduuugodan-zubic-vile%2F|title:Duuugodan%20zubi%C4%87%20vile&#8221;]6. Prosinca 2023[\/vc_hoverbox][\/vc_column][vc_column width=&#8221;1\/4&#8243;][vc_hoverbox image=&#8221;48446&#8243; primary_title=&#8221;Tragovi cipela u blatu (2023)&#8221; hover_title=&#8221;Tragovi cipela u blatu&#8221; hover_background_color=&#8221;black&#8221; hover_btn_title=&#8221;Saznaj vi\u0161e&#8221; hover_add_button=&#8221;true&#8221; hover_btn_link=&#8221;url:https%3A%2F%2Fczk-cakovec.hr%2Ftragovi-cipela-u-blatu%2F|title:Tragovi%20cipela%20u%20blatu&#8221;]10. Svibnja 2023[\/vc_hoverbox][\/vc_column][vc_column width=&#8221;1\/4&#8243;][vc_hoverbox primary_title=&#8221;Ja (ne) pri\u010dam (2022)&#8221; hover_title=&#8221;Ja (ne) pri\u010dam&#8221; hover_background_color=&#8221;black&#8221; hover_btn_title=&#8221;Saznaj vi\u0161e&#8221; hover_add_button=&#8221;true&#8221; hover_btn_link=&#8221;url:https%3A%2F%2Fczk-cakovec.hr%2Fja-ne-pricam%2F|title:Ja%20ne%20pricam&#8221;]&nbsp;<\/p>\n<p>29.Studenoga 2022[\/vc_hoverbox][\/vc_column][vc_column width=&#8221;1\/4&#8243;][vc_hoverbox image=&#8221;48447&#8243; primary_title=&#8221;Drvljaci (2022)&#8221; hover_title=&#8221;Drvljaci&#8221; hover_background_color=&#8221;black&#8221; hover_btn_title=&#8221;Saznaj vi\u0161e&#8221; hover_add_button=&#8221;true&#8221; hover_btn_link=&#8221;url:https%3A%2F%2Fczk-cakovec.hr%2Fdrvljaci%2F|title:Drvljaci&#8221;]&nbsp;<\/p>\n<p>28.Listopada 2022[\/vc_hoverbox][\/vc_column][\/vc_row][vc_row][vc_column width=&#8221;1\/4&#8243;][vc_hoverbox image=&#8221;48448&#8243; primary_title=&#8221;Sjeverni \u010dvor (2021.)&#8221; hover_title=&#8221;Sjeverni \u010dvor&#8221; hover_background_color=&#8221;custom&#8221; hover_btn_title=&#8221;Saznaj vi\u0161e&#8221; hover_add_button=&#8221;true&#8221; hover_custom_background=&#8221;#333030&#8243; hover_btn_link=&#8221;url:https%3A%2F%2Fczk-cakovec.hr%2Fsjeverni-cvor%2F|title:Sjeverni%20%C4%8Dvor&#8221;]&nbsp;<\/p>\n<p>1. Velja\u010de 2022.[\/vc_hoverbox][\/vc_column][vc_column width=&#8221;1\/4&#8243;][vc_hoverbox image=&#8221;48449&#8243; primary_title=&#8221;Plavo sunce na \u017eutom nebu (2021.)&#8221; hover_title=&#8221;Plavo sunce na \u017eutom nebu&#8221; hover_background_color=&#8221;black&#8221; hover_btn_title=&#8221;Saznaj vi\u0161e&#8221; hover_add_button=&#8221;true&#8221; hover_btn_link=&#8221;url:https%3A%2F%2Fczk-cakovec.hr%2Fplavo-sunce-na-zutom-nebu%2F|title:Plavo%20sunce%20na%20%C5%BEutom%20nebu&#8221;]12. Svibnja 2021[\/vc_hoverbox][\/vc_column][vc_column width=&#8221;1\/4&#8243;][vc_hoverbox image=&#8221;48450&#8243; primary_title=&#8221;Cvr\u010dak i mravi (2020.)&#8221; hover_title=&#8221;Cvr\u010dak i mravi&#8221; hover_background_color=&#8221;black&#8221; hover_btn_title=&#8221;Saznaj vi\u0161e&#8221; hover_add_button=&#8221;true&#8221; hover_btn_link=&#8221;url:https%3A%2F%2Fczk-cakovec.hr%2Fcvrcak-i-mravi%2F&#8221;]&nbsp;<\/p>\n<p>15.Prosinca 2020[\/vc_hoverbox][\/vc_column][vc_column width=&#8221;1\/4&#8243;][vc_hoverbox image=&#8221;48451&#8243; primary_title=&#8221;Normalan \u017eivot (2020.)&#8221; hover_title=&#8221;Normalan \u017eivot&#8221; hover_background_color=&#8221;black&#8221; hover_btn_title=&#8221;Saznaj vi\u0161e&#8221; hover_add_button=&#8221;true&#8221; hover_btn_link=&#8221;url:https%3A%2F%2Fczk-cakovec.hr%2Fnormalan-zivot%2F&#8221;]&nbsp;<\/p>\n<p>21. Studenoga 2020[\/vc_hoverbox][\/vc_column][\/vc_row][vc_row][vc_column width=&#8221;1\/4&#8243;][vc_hoverbox image=&#8221;48452&#8243; primary_title=&#8221;Kao voda(2019.)&#8221; hover_title=&#8221;Kao voda&#8221; hover_background_color=&#8221;custom&#8221; hover_btn_title=&#8221;Saznaj vi\u0161e&#8221; hover_add_button=&#8221;true&#8221; hover_custom_background=&#8221;#333030&#8243; hover_btn_link=&#8221;url:https%3A%2F%2Fczk-cakovec.hr%2Fkao-voda%2F&#8221;]&nbsp;<\/p>\n<p>24. Rujna 2019.[\/vc_hoverbox][\/vc_column][vc_column width=&#8221;1\/4&#8243;][vc_hoverbox image=&#8221;48453&#8243; primary_title=&#8221;Vuka se ne bojim ja (2019)&#8221; hover_title=&#8221;Vuka se ne bojim ja&#8221; hover_background_color=&#8221;black&#8221; hover_btn_title=&#8221;Saznaj vi\u0161e&#8221; hover_add_button=&#8221;true&#8221; hover_btn_link=&#8221;url:https%3A%2F%2Fczk-cakovec.hr%2Fvuka-se-ne-bojim-ja%2F&#8221;]29. Travnja 2019[\/vc_hoverbox][\/vc_column][vc_column width=&#8221;1\/4&#8243;][vc_hoverbox image=&#8221;48454&#8243; primary_title=&#8221;Krpimirci (2019.)&#8221; hover_title=&#8221;Krpimirci&#8221; hover_background_color=&#8221;black&#8221; hover_btn_title=&#8221;Saznaj vi\u0161e&#8221; hover_add_button=&#8221;true&#8221; hover_btn_link=&#8221;url:https%3A%2F%2Fczk-cakovec.hr%2Fkrpimirci%2F&#8221;]&nbsp;<\/p>\n<p>14. Velja\u010de 2019[\/vc_hoverbox][\/vc_column][vc_column width=&#8221;1\/4&#8243;][vc_hoverbox image=&#8221;48455&#8243; primary_title=&#8221;Ru\u010dak za \u0161estero (2018)&#8221; hover_title=&#8221;Ru\u010dak za \u0161estero&#8221; hover_background_color=&#8221;black&#8221; hover_btn_title=&#8221;Saznaj vi\u0161e&#8221; hover_add_button=&#8221;true&#8221; hover_btn_link=&#8221;url:https%3A%2F%2Fczk-cakovec.hr%2Frucak-za-sestero%2F&#8221;]&nbsp;<\/p>\n<p>26. Rujan 2018[\/vc_hoverbox][\/vc_column][\/vc_row][vc_row][vc_column width=&#8221;1\/4&#8243;][vc_hoverbox image=&#8221;48456&#8243; primary_title=&#8221;Robinson Crusoe ili o usamljenosti (2018)&#8221; hover_title=&#8221;Robinson Crusoe ili o usamljenosti&#8221; hover_background_color=&#8221;custom&#8221; hover_btn_title=&#8221;Saznaj vi\u0161e&#8221; hover_add_button=&#8221;true&#8221; hover_custom_background=&#8221;#333030&#8243; hover_btn_link=&#8221;url:https%3A%2F%2Fczk-cakovec.hr%2Frobinson-crusoe-ili-o-usamljenosti%2F&#8221;]27. Srpnja\u00a0 2018.[\/vc_hoverbox][\/vc_column][vc_column width=&#8221;1\/4&#8243;][vc_hoverbox image=&#8221;48458&#8243; primary_title=&#8221;Do vi\u0111enja (2018)&#8221; hover_title=&#8221;Do vi\u0111enja&#8221; hover_background_color=&#8221;black&#8221; hover_btn_title=&#8221;Saznaj vi\u0161e&#8221; hover_add_button=&#8221;true&#8221; hover_btn_link=&#8221;url:https%3A%2F%2Fczk-cakovec.hr%2Fdo-videnja%2F&#8221;]&nbsp;<\/p>\n<p>30. O\u017eujka 2018.[\/vc_hoverbox][\/vc_column][vc_column width=&#8221;1\/4&#8243;][vc_hoverbox image=&#8221;48459&#8243; primary_title=&#8221;Petrica Kerempuh (2017.)&#8221; hover_title=&#8221;Petrica Kerembuh&#8221; hover_background_color=&#8221;black&#8221; hover_btn_title=&#8221;Saznaj vi\u0161e&#8221; hover_add_button=&#8221;true&#8221; hover_btn_link=&#8221;url:https%3A%2F%2Fczk-cakovec.hr%2Fpetrica-kerempuh%2F&#8221;]28. Rujna 2017[\/vc_hoverbox][\/vc_column][vc_column width=&#8221;1\/4&#8243;][vc_hoverbox image=&#8221;48461&#8243; primary_title=&#8221;Superjunaci (2017.)&#8221; hover_title=&#8221;Superjunaci&#8221; hover_background_color=&#8221;black&#8221; hover_btn_title=&#8221;Saznaj vi\u0161e&#8221; hover_add_button=&#8221;true&#8221; hover_btn_link=&#8221;url:https%3A%2F%2Fczk-cakovec.hr%2Fsuperjunaci%2F&#8221;]&nbsp;<\/p>\n<p>21. Kolovoza 2017[\/vc_hoverbox][\/vc_column][\/vc_row][vc_row equal_height=&#8221;yes&#8221;][vc_column width=&#8221;1\/4&#8243;][vc_hoverbox image=&#8221;48463&#8243; primary_title=&#8221;Preko sedam mora, preko sedam gora (2017)&#8221; hover_title=&#8221;Preko sedam mora, preko sedam gora&#8221; hover_background_color=&#8221;custom&#8221; hover_btn_title=&#8221;Saznaj vi\u0161e&#8221; hover_add_button=&#8221;true&#8221; hover_custom_background=&#8221;#333030&#8243; hover_btn_link=&#8221;url:https%3A%2F%2Fczk-cakovec.hr%2Fpreko-sedam-mora-preko-sedam-gora%2F&#8221;]20. o\u017eujka 2017.[\/vc_hoverbox][\/vc_column][vc_column width=&#8221;1\/4&#8243;][vc_hoverbox image=&#8221;48464&#8243; primary_title=&#8221;Pu\u017e mu\u017e (2016.)&#8221; hover_title=&#8221;Pu\u017e mu\u017e&#8221; hover_background_color=&#8221;black&#8221; hover_btn_title=&#8221;Saznaj vi\u0161e&#8221; hover_add_button=&#8221;true&#8221; hover_btn_link=&#8221;url:https%3A%2F%2Fczk-cakovec.hr%2Fpuz-muz%2F&#8221;]&nbsp;<\/p>\n<p>10. Studenoga 2016.[\/vc_hoverbox][\/vc_column][vc_column width=&#8221;1\/4&#8243;][vc_hoverbox image=&#8221;48465&#8243; primary_title=&#8221;S razlogom (2016.)&#8221; hover_title=&#8221;S razlogom&#8221; hover_background_color=&#8221;black&#8221; hover_btn_title=&#8221;Saznaj vi\u0161e&#8221; hover_add_button=&#8221;true&#8221; hover_btn_link=&#8221;url:https%3A%2F%2Fczk-cakovec.hr%2Fs-razlogom%2F&#8221;]&nbsp;<\/p>\n<p>26. kolovoza 2016.[\/vc_hoverbox][\/vc_column][vc_column width=&#8221;1\/4&#8243;][vc_hoverbox image=&#8221;48466&#8243; primary_title=&#8221;Pola &#8211; pola (2016.)&#8221; hover_title=&#8221;Pola &#8211; pola&#8221; hover_background_color=&#8221;black&#8221; hover_btn_title=&#8221;Saznaj vi\u0161e&#8221; hover_add_button=&#8221;true&#8221; hover_btn_link=&#8221;url:https%3A%2F%2Fczk-cakovec.hr%2Fpola-pola%2F&#8221;]&nbsp;<\/p>\n<p>14. Velja\u010de 2016.[\/vc_hoverbox][\/vc_column][\/vc_row][vc_row][vc_column width=&#8221;1\/4&#8243;][vc_hoverbox image=&#8221;48468&#8243; primary_title=&#8221;Vu\u010dje srce (2015.)&#8221; hover_title=&#8221;Vu\u010dje srce&#8221; hover_background_color=&#8221;custom&#8221; hover_btn_title=&#8221;Saznaj vi\u0161e&#8221; hover_add_button=&#8221;true&#8221; hover_custom_background=&#8221;#333030&#8243; hover_btn_link=&#8221;url:https%3A%2F%2Fczk-cakovec.hr%2Fvucje-srce%2F&#8221;]23. Studenoga 2015.[\/vc_hoverbox][\/vc_column][vc_column width=&#8221;1\/4&#8243;][vc_hoverbox image=&#8221;48469&#8243; primary_title=&#8221;The killer in me is the killer in you my love (2015)&#8221; hover_title=&#8221;The killer in me is the killer in you my love&#8221; hover_background_color=&#8221;black&#8221; hover_btn_title=&#8221;Saznaj vi\u0161e&#8221; hover_add_button=&#8221;true&#8221; hover_btn_link=&#8221;url:https%3A%2F%2Fczk-cakovec.hr%2Fthe-killer-in-me-is-the-killer-in-you-my-love%2F&#8221;]10 Travnja 2015.[\/vc_hoverbox][\/vc_column][vc_column width=&#8221;1\/4&#8243;][vc_hoverbox image=&#8221;48470&#8243; primary_title=&#8221;Bremenski svira\u010di (2015.)&#8221; hover_title=&#8221;bremenski svira\u010di&#8221; hover_background_color=&#8221;black&#8221; hover_btn_title=&#8221;Saznaj vi\u0161e&#8221; hover_add_button=&#8221;true&#8221; hover_btn_link=&#8221;url:https%3A%2F%2Fczk-cakovec.hr%2Fbremenski-sviraci-4%2F&#8221;]&nbsp;<\/p>\n<p>5. Velja\u010de 2015.[\/vc_hoverbox][\/vc_column][vc_column width=&#8221;1\/4&#8243;][vc_hoverbox image=&#8221;48471&#8243; primary_title=&#8221;Je\u017eeva ku\u0107ica (2014.)&#8221; hover_title=&#8221;Je\u017eeve ku\u0107ica&#8221; hover_background_color=&#8221;black&#8221; hover_btn_title=&#8221;Saznaj vi\u0161e&#8221; hover_add_button=&#8221;true&#8221; hover_btn_link=&#8221;url:https%3A%2F%2Fczk-cakovec.hr%2Fjezeva-kucica%2F&#8221;]&nbsp;<\/p>\n<p>30. Rujna 2014.[\/vc_hoverbox][\/vc_column][\/vc_row][vc_row equal_height=&#8221;yes&#8221;][vc_column width=&#8221;1\/4&#8243;][vc_hoverbox image=&#8221;48473&#8243; primary_title=&#8221;\u010cetiri psi\u0107a (2014.)&#8221; hover_title=&#8221;\u010cetiri psi\u0107a&#8221; hover_background_color=&#8221;custom&#8221; hover_btn_title=&#8221;Saznaj vi\u0161e&#8221; hover_add_button=&#8221;true&#8221; hover_custom_background=&#8221;#333030&#8243; hover_btn_link=&#8221;url:https%3A%2F%2Fczk-cakovec.hr%2Fcetiri-psica%2F&#8221;]&nbsp;<\/p>\n<p>&nbsp;<\/p>\n<p>12.Lipnja 2014[\/vc_hoverbox][\/vc_column][vc_column width=&#8221;1\/4&#8243;][vc_hoverbox image=&#8221;48474&#8243; primary_title=&#8221;\u0160egrt Hlapi\u0107 kako bi ga igrala KD Pinklec&#8221; hover_title=&#8221;\u0160egrt Hlapi\u0107 kako bi ga igrala KD Pinklec&#8221; hover_background_color=&#8221;black&#8221; hover_btn_title=&#8221;Saznaj vi\u0161e&#8221; hover_add_button=&#8221;true&#8221; hover_btn_link=&#8221;url:https%3A%2F%2Fczk-cakovec.hr%2Fsegrt-hlapic-kako-bi-ga-igrala-kd-pinklec%2F&#8221;]25. Listopada 2013.[\/vc_hoverbox][\/vc_column][vc_column width=&#8221;1\/4&#8243;][vc_hoverbox image=&#8221;48475&#8243; primary_title=&#8221;Ku\u0107ni duhovi i nevidljivi recept za sre\u0107u (2013.)&#8221; hover_title=&#8221;Ku\u0107ni duhovi i nevidljivi recept za sre\u0107u&#8221; hover_background_color=&#8221;black&#8221; hover_btn_title=&#8221;Saznaj vi\u0161e&#8221; hover_add_button=&#8221;true&#8221; hover_btn_link=&#8221;url:https%3A%2F%2Fczk-cakovec.hr%2Fkucni-duhovi-i-nevidljivi-recept-za-srecu%2F&#8221;]4. Travnja 2013.[\/vc_hoverbox][\/vc_column][vc_column width=&#8221;1\/4&#8243;][vc_hoverbox image=&#8221;48476&#8243; primary_title=&#8221;Snjeguljica mora umrijeti (2012.)&#8221; hover_title=&#8221;Snjeguljica mora umrijeti&#8221; hover_background_color=&#8221;black&#8221; hover_btn_title=&#8221;Saznaj vi\u0161e&#8221; hover_add_button=&#8221;true&#8221; hover_btn_link=&#8221;url:https%3A%2F%2Fczk-cakovec.hr%2Fsnjeguljica-mora-umrijeti%2F&#8221;]&nbsp;<\/p>\n<p>28. Kolovoza 2012.[\/vc_hoverbox][\/vc_column][\/vc_row][vc_row equal_height=&#8221;yes&#8221;][vc_column width=&#8221;1\/4&#8243;][vc_hoverbox image=&#8221;48477&#8243; primary_title=&#8221;A tko si ti? (2012.)&#8221; hover_title=&#8221;A tko si ti?&#8221; hover_background_color=&#8221;custom&#8221; hover_btn_title=&#8221;Saznaj vi\u0161e&#8221; hover_add_button=&#8221;true&#8221; hover_custom_background=&#8221;#333030&#8243; hover_btn_link=&#8221;url:https%3A%2F%2Fczk-cakovec.hr%2Fa-tko-si-ti%2F&#8221;]14. O\u017eujka 2012.[\/vc_hoverbox][\/vc_column][vc_column width=&#8221;1\/4&#8243;][vc_hoverbox image=&#8221;48478&#8243; primary_title=&#8221;Oko pola jedan (2012.)&#8221; hover_title=&#8221;Oko pola jedan&#8221; hover_background_color=&#8221;black&#8221; hover_btn_title=&#8221;Saznaj vi\u0161e&#8221; hover_add_button=&#8221;true&#8221; hover_btn_link=&#8221;url:https%3A%2F%2Fczk-cakovec.hr%2Foko-pola-jedan%2F&#8221;]3. Velja\u010de 2012.[\/vc_hoverbox][\/vc_column][vc_column width=&#8221;1\/4&#8243;][vc_hoverbox image=&#8221;48479&#8243; primary_title=&#8221;Klupica (2011.)&#8221; hover_title=&#8221;Klupica&#8221; hover_background_color=&#8221;black&#8221; hover_btn_title=&#8221;Saznaj vi\u0161e&#8221; hover_add_button=&#8221;true&#8221; hover_btn_link=&#8221;url:https%3A%2F%2Fczk-cakovec.hr%2Fklupica%2F&#8221;]5. Studenoga 2011.[\/vc_hoverbox][\/vc_column][vc_column width=&#8221;1\/4&#8243;][vc_hoverbox image=&#8221;48481&#8243; primary_title=&#8221;Tata lav i njegova sretna djeca (2011.)&#8221; hover_title=&#8221;Tata lav i njegova sretna djeca&#8221; hover_background_color=&#8221;black&#8221; hover_btn_title=&#8221;Saznaj vi\u0161e&#8221; hover_add_button=&#8221;true&#8221; hover_btn_link=&#8221;url:https%3A%2F%2Fczk-cakovec.hr%2Ftata-lav-i-njegova-sretna-djeca%2F&#8221;]25. Listopada 2011.[\/vc_hoverbox][\/vc_column][\/vc_row][vc_row equal_height=&#8221;yes&#8221;][vc_column width=&#8221;1\/4&#8243;][vc_hoverbox image=&#8221;48483&#8243; primary_title=&#8221;Pti\u010dica (2010.)&#8221; hover_title=&#8221;Pti\u010dica&#8221; hover_background_color=&#8221;custom&#8221; hover_btn_title=&#8221;Saznaj vi\u0161e&#8221; hover_add_button=&#8221;true&#8221; hover_custom_background=&#8221;#333030&#8243; hover_btn_link=&#8221;url:https%3A%2F%2Fczk-cakovec.hr%2Fpticica%2F&#8221;]17. Studenoga 2009.[\/vc_hoverbox][\/vc_column][vc_column width=&#8221;1\/4&#8243;][vc_hoverbox image=&#8221;48485&#8243; primary_title=&#8221;Matilda (2010.)&#8221; hover_title=&#8221;Matilda&#8221; hover_background_color=&#8221;black&#8221; hover_btn_title=&#8221;Saznaj vi\u0161e&#8221; hover_add_button=&#8221;true&#8221; hover_btn_link=&#8221;url:https%3A%2F%2Fczk-cakovec.hr%2Fmatilda%2F&#8221;]16. Studenoga 2009.[\/vc_hoverbox][\/vc_column][vc_column width=&#8221;1\/4&#8243;][vc_hoverbox image=&#8221;48486&#8243; primary_title=&#8221;Dje\u010dak Ivek i pas Cvilek (2009.)&#8221; hover_title=&#8221;Dje\u010dak Ivek i pas Cvilek&#8221; hover_background_color=&#8221;black&#8221; hover_btn_title=&#8221;Saznaj vi\u0161e&#8221; hover_add_button=&#8221;true&#8221; hover_btn_link=&#8221;url:https%3A%2F%2Fczk-cakovec.hr%2Fdjecak-ivek-i-pas-cvilek%2F&#8221;]15. Studenoga 2009.[\/vc_hoverbox][\/vc_column][vc_column width=&#8221;1\/4&#8243;][vc_hoverbox image=&#8221;48488&#8243; primary_title=&#8221;Instrukcija (2001.)&#8221; hover_title=&#8221;Instrukcija&#8221; hover_background_color=&#8221;black&#8221; hover_btn_title=&#8221;Saznaj vi\u0161e&#8221; hover_add_button=&#8221;true&#8221; hover_btn_link=&#8221;url:https%3A%2F%2Fczk-cakovec.hr%2Finstrukcija%2F&#8221;]18. Travnja 2001.[\/vc_hoverbox][\/vc_column][\/vc_row][vc_row equal_height=&#8221;yes&#8221;][vc_column width=&#8221;1\/4&#8243;][vc_hoverbox primary_title=&#8221;Povijest KD Pinklec&#8221; hover_title=&#8221;Povijest KD Pinklec&#8221; hover_background_color=&#8221;custom&#8221; hover_btn_title=&#8221;Saznaj vi\u0161e&#8221; hover_add_button=&#8221;true&#8221; hover_custom_background=&#8221;#333030&#8243; hover_btn_link=&#8221;url:https%3A%2F%2Fczk-cakovec.hr%2Fpovijestkdpinklec%2F&#8221;]&nbsp;<\/p>\n<p>13. Sije\u010dnja 2000.[\/vc_hoverbox][\/vc_column][\/vc_row]\n<\/div>","protected":false},"excerpt":{"rendered":"<p>[vc_row][vc_column][vc_custom_heading text=&#8221;Repertoar Kazali\u0161ne dru\u017eine Pinklec (i prijatelja)&#8221; font_container=&#8221;tag:h1|text_align:left&#8221; css=&#8221;&#8221;][\/vc_column][\/vc_row][vc_row equal_height=&#8221;yes&#8221;][vc_column width=&#8221;1\/4&#8243;][vc_hoverbox image=&#8221;48435&#8243; primary_title=&#8221;Umi\u0161ljena mi\u0161ica (2025)&#8221; hover_title=&#8221;Umi\u0161ljena Mi\u0161ica&#8221; hover_background_color=&#8221;custom&#8221; hover_btn_title=&#8221;Saznaj vi\u0161e&#8221; hover_add_button=&#8221;true&#8221; hover_custom_background=&#8221;#333030&#8243; hover_btn_link=&#8221;url:https%3A%2F%2Fczk-cakovec.hr%2Fumisljena-misica%2F|title:Umi%C5%A1ljena%20mi%C5%A1ica&#8221;]&nbsp; 1. Travnja 2025[\/vc_hoverbox][\/vc_column][vc_column width=&#8221;1\/4&#8243;][vc_hoverbox image=&#8221;48439&#8243; primary_title=&#8221;Grad slo\u017eenog stanja (2024)&#8221; hover_title=&#8221;Grad slo\u017eenog stanja&#8221; hover_background_color=&#8221;black&#8221; hover_btn_title=&#8221;Saznaj vi\u0161e&#8221; hover_add_button=&#8221;true&#8221; hover_btn_link=&#8221;url:https%3A%2F%2Fczk-cakovec.hr%2Fgrad-slozenog-stanja%2F|title:Grad%20slo%C5%BEenog%20stanja&#8221;]7. Studenoga 2024[\/vc_hoverbox][\/vc_column][vc_column width=&#8221;1\/4&#8243;][vc_hoverbox image=&#8221;48440&#8243; primary_title=&#8221;Divlja vatra (2024)&#8221; hover_title=&#8221;Divlja vatra&#8221; hover_background_color=&#8221;black&#8221; hover_btn_title=&#8221;Saznaj vi\u0161e&#8221; hover_add_button=&#8221;true&#8221; hover_btn_link=&#8221;url:https%3A%2F%2Fczk-cakovec.hr%2Fdivlja-vatra%2F|title:Divlja%20vatra&#8221;]&nbsp; 1.Travnja 2024[\/vc_hoverbox][\/vc_column][vc_column width=&#8221;1\/4&#8243;][vc_hoverbox image=&#8221;48443&#8243; primary_title=&#8221;Kravica Ro\u017emarica [&hellip;]<\/p>\n","protected":false},"author":2,"featured_media":0,"parent":0,"menu_order":0,"comment_status":"closed","ping_status":"closed","template":"","meta":{"inline_featured_image":false,"footnotes":""},"class_list":["post-48433","page","type-page","status-publish","hentry"],"ulaznica_data":null,"_links":{"self":[{"href":"https:\/\/czk-cakovec.hr\/saturn\/wp-json\/wp\/v2\/pages\/48433","targetHints":{"allow":["GET"]}}],"collection":[{"href":"https:\/\/czk-cakovec.hr\/saturn\/wp-json\/wp\/v2\/pages"}],"about":[{"href":"https:\/\/czk-cakovec.hr\/saturn\/wp-json\/wp\/v2\/types\/page"}],"author":[{"embeddable":true,"href":"https:\/\/czk-cakovec.hr\/saturn\/wp-json\/wp\/v2\/users\/2"}],"replies":[{"embeddable":true,"href":"https:\/\/czk-cakovec.hr\/saturn\/wp-json\/wp\/v2\/comments?post=48433"}],"version-history":[{"count":51,"href":"https:\/\/czk-cakovec.hr\/saturn\/wp-json\/wp\/v2\/pages\/48433\/revisions"}],"predecessor-version":[{"id":49257,"href":"https:\/\/czk-cakovec.hr\/saturn\/wp-json\/wp\/v2\/pages\/48433\/revisions\/49257"}],"wp:attachment":[{"href":"https:\/\/czk-cakovec.hr\/saturn\/wp-json\/wp\/v2\/media?parent=48433"}],"curies":[{"name":"wp","href":"https:\/\/api.w.org\/{rel}","templated":true}]}}