{"id":48494,"date":"2025-12-23T07:15:42","date_gmt":"2025-12-23T06:15:42","guid":{"rendered":"https:\/\/czk-cakovec.hr\/?page_id=48494"},"modified":"2025-12-23T13:48:13","modified_gmt":"2025-12-23T12:48:13","slug":"umisljena-misica","status":"publish","type":"page","link":"https:\/\/czk-cakovec.hr\/saturn\/umisljena-misica\/","title":{"rendered":"Umi\u0161ljena mi\u0161ica"},"content":{"rendered":"<div class=\"wpb-content-wrapper\">[vc_row equal_height=&#8221;yes&#8221; content_placement=&#8221;middle&#8221;][vc_column width=&#8221;1\/3&#8243;][vc_single_image image=&#8221;48435&#8243; img_size=&#8221;full&#8221; css=&#8221;&#8221;][\/vc_column][vc_column width=&#8221;2\/3&#8243;][vc_column_text css=&#8221;&#8221;]\n<h1>Umi\u0161ljena mi\u0161ica (2025)<\/h1>\n[\/vc_column_text][vc_column_text css=&#8221;&#8221;]1.travnja 2025[\/vc_column_text][\/vc_column][\/vc_row][vc_row][vc_column][vc_column_text css=&#8221;&#8221;]<strong>Premijera:<\/strong>\u00a08. o\u017eujak 2025. \/ Centar za kulturu \u010cakovec<\/p>\n<p><strong>Redatelj:\u00a0<\/strong>Romano Bogdan<\/p>\n<p><strong>Autorica teksta i dramaturginja:\u00a0<\/strong>Mateja Posedi<\/p>\n<p><strong>Likovnost predstave:\u00a0<\/strong>Romano Bogdan<\/p>\n<p><strong>Autor glazbe:\u00a0<\/strong>Aleksandar Filo<\/p>\n<p><strong>Igraju:<\/strong><\/p>\n<p>Ena Jagec<\/p>\n<p>Aleksandar Filo<\/p>\n<p>Mario Jak\u0161i\u0107<\/p>\n<p>Neven Mato\u0161a<\/p>\n<p>Florinda je jedna obi\u010dna mi\u0161ica koja tijekom jutarnje \u0161etnje na putu prona\u0111e golemi zlatnik. Ne promisli ni dva puta, ve\u0107 ode u trgovinu i za njega kupi nekoliko haljina, \u0161e\u0161ira i vrpci raznih boja. Kada tako lijepa i elegantna pro\u0111e ulicom, zapazi je \u0161ansonijer Paolo Patak koji bi je odmah uzeo za \u017eenu. Ali ona ne \u017eeli postati njegova \u017eena jer \u0107e po on cijele no\u0107i pjevati zbog \u010dega ne\u0107e mo\u0107i spavati. A njoj je san potreban da se odmori i tako svoju ljepotu obnovi. Florinda ne prihvati ni bra\u010dnu ponudu Silvija Svinje. \u0160to drugo da radi kad bi on u braku po cijele no\u0107i ne\u0161to grickao i ne\u010dim \u0161u\u0161tao i tako joj san ometao?! Mario Mi\u0161 je njezin susjed koji joj neprestano ljubav izjavljuje, ali uzalud jer jer je u njenim o\u010dima bez ugleda i slab i ona svaki dan odbija njegovu ponudu za brak. Ona bi radije nekog sna\u017enijeg i ve\u0107eg, kao na primjer kulerskog Mate Ma\u010dka koji joj obe\u0107a da po no\u0107i ne\u0107e ni\u0161ta raditi, samo mirno spavati. Pritom joj pre\u0161uti da \u0107e je prvom prilikom napasti i pojesti. Sre\u0107om, pa se Florindinu pozivu u pomo\u0107 odazove Mario Mi\u0161 i metlom mlatne gladnog Mate Ma\u010dka. Tako spasi svoju voljenu i napokon osvoji njezino srce.<\/p>\n<p>Mateja Posedi, autorica teksta i dramaturginja<\/p>\n<p><strong>Dob<\/strong>: 3 +<\/p>\n<p><strong>Trajanje<\/strong>: 40 minuta[\/vc_column_text][vc_gallery type=&#8221;image_grid&#8221; images=&#8221;48498,48499,48500,48501,48502,48503,48504,48505,48506,48507,48508,48509,48510,48511,48512,48513,48514,48515,48516,48517,48518,48519,48520,48521,48522,48523,48524,48525,48526,48527,48528,48529,48530,48531,48532,48533,48534,48535,48536,48537,48538,48539,48540,48541,48542,48543,48544,48545,48546,48547,48548,48549,48550,48551,48552,48553,48554,48555,48556,48557,48558,48559&#8243; css=&#8221;&#8221;][\/vc_column][\/vc_row]\n<\/div>","protected":false},"excerpt":{"rendered":"<p>[vc_row equal_height=&#8221;yes&#8221; content_placement=&#8221;middle&#8221;][vc_column width=&#8221;1\/3&#8243;][vc_single_image image=&#8221;48435&#8243; img_size=&#8221;full&#8221; css=&#8221;&#8221;][\/vc_column][vc_column width=&#8221;2\/3&#8243;][vc_column_text css=&#8221;&#8221;] Umi\u0161ljena mi\u0161ica (2025) [\/vc_column_text][vc_column_text css=&#8221;&#8221;]1.travnja 2025[\/vc_column_text][\/vc_column][\/vc_row][vc_row][vc_column][vc_column_text css=&#8221;&#8221;]Premijera:\u00a08. o\u017eujak 2025. \/ Centar za kulturu \u010cakovec Redatelj:\u00a0Romano Bogdan Autorica teksta i dramaturginja:\u00a0Mateja Posedi Likovnost predstave:\u00a0Romano Bogdan Autor glazbe:\u00a0Aleksandar Filo Igraju: Ena Jagec Aleksandar Filo Mario Jak\u0161i\u0107 Neven Mato\u0161a Florinda je jedna obi\u010dna mi\u0161ica koja tijekom jutarnje \u0161etnje na putu prona\u0111e golemi zlatnik. Ne [&hellip;]<\/p>\n","protected":false},"author":2,"featured_media":0,"parent":0,"menu_order":0,"comment_status":"closed","ping_status":"closed","template":"","meta":{"inline_featured_image":false,"footnotes":""},"class_list":["post-48494","page","type-page","status-publish","hentry"],"ulaznica_data":null,"_links":{"self":[{"href":"https:\/\/czk-cakovec.hr\/saturn\/wp-json\/wp\/v2\/pages\/48494","targetHints":{"allow":["GET"]}}],"collection":[{"href":"https:\/\/czk-cakovec.hr\/saturn\/wp-json\/wp\/v2\/pages"}],"about":[{"href":"https:\/\/czk-cakovec.hr\/saturn\/wp-json\/wp\/v2\/types\/page"}],"author":[{"embeddable":true,"href":"https:\/\/czk-cakovec.hr\/saturn\/wp-json\/wp\/v2\/users\/2"}],"replies":[{"embeddable":true,"href":"https:\/\/czk-cakovec.hr\/saturn\/wp-json\/wp\/v2\/comments?post=48494"}],"version-history":[{"count":5,"href":"https:\/\/czk-cakovec.hr\/saturn\/wp-json\/wp\/v2\/pages\/48494\/revisions"}],"predecessor-version":[{"id":49258,"href":"https:\/\/czk-cakovec.hr\/saturn\/wp-json\/wp\/v2\/pages\/48494\/revisions\/49258"}],"wp:attachment":[{"href":"https:\/\/czk-cakovec.hr\/saturn\/wp-json\/wp\/v2\/media?parent=48494"}],"curies":[{"name":"wp","href":"https:\/\/api.w.org\/{rel}","templated":true}]}}