{"id":48562,"date":"2025-12-23T07:57:49","date_gmt":"2025-12-23T06:57:49","guid":{"rendered":"https:\/\/czk-cakovec.hr\/?page_id=48562"},"modified":"2025-12-23T07:58:31","modified_gmt":"2025-12-23T06:58:31","slug":"grad-slozenog-stanja","status":"publish","type":"page","link":"https:\/\/czk-cakovec.hr\/saturn\/grad-slozenog-stanja\/","title":{"rendered":"Grad slo\u017eenog stanja"},"content":{"rendered":"<div class=\"wpb-content-wrapper\">[vc_row equal_height=&#8221;yes&#8221; content_placement=&#8221;middle&#8221;][vc_column width=&#8221;1\/3&#8243;][vc_single_image image=&#8221;48439&#8243; img_size=&#8221;large&#8221; alignment=&#8221;center&#8221; css=&#8221;&#8221;][\/vc_column][vc_column width=&#8221;2\/3&#8243;][vc_custom_heading text=&#8221;Grad slo\u017eenog stanja (2024)&#8221; css=&#8221;&#8221;][vc_column_text css=&#8221;&#8221;]8. Studenoga 2024.[\/vc_column_text][\/vc_column][\/vc_row][vc_row][vc_column][vc_column_text css=&#8221;&#8221;]Centar za kulturu \u010cakovec<\/p>\n<p>Kazali\u0161na dru\u017eina Pinklec<\/p>\n<p><strong>GRAD SLO\u017dENOG STANJA<\/strong><\/p>\n<p>Premijera: 24. 10. 2024. \/ Centar za kulturu \u010cakovec<\/p>\n<p><strong>Redatelj:\u00a0<\/strong>Romano Bogdan<\/p>\n<p><strong>Autorica teksta i dramaturginja:\u00a0<\/strong>Mateja Posedi<\/p>\n<p><strong>Likovnost predstave:\u00a0<\/strong>Neno Kern<\/p>\n<p><strong>Autor glazbe:\u00a0<\/strong>Bojan Miljan\u010di\u0107<\/p>\n<p><strong>Oblikovanje svjetla:\u00a0<\/strong>Romano Bogdan<strong>\u00a0\/\u00a0<\/strong>Mario Zelenbaba<\/p>\n<p><strong>Igraju:<\/strong><\/p>\n<p>Aleksandar Filo\u00a0 \u2013 Gladan<\/p>\n<p>Mario Jak\u0161i\u0107 \u2013 Gladniji<\/p>\n<p>Neven Mato\u0161a \u2013 Najgladniji<\/p>\n<p>Ena Jagec \u2013 Dijete<\/p>\n<p><em>Grad slo\u017eenog stanja<\/em>\u00a0je drama smje\u0161tena u jedan grad u kojem su se stvari uslo\u017enile. Nekada je sve bilo tako jednostavno i znalo se tko je tko, za\u0161to je ne\u0161to i odakle je do\u0161lo. Sada se ne zna ni\u0161ta. Stanovnici grada \u2013 Gladan, Gladniji i Najgladniji najvi\u0161e pate zbog slo\u017eenog stanja jer se hrane ljudima, ali ne bilo kakvima. Objeduju samo kriminalce, nasilnike, lopove i sve ostale zle ljude. Ali u ovom zamr\u0161enom stanju ne mogu ih prepoznati jer svi oni sada \u010disto miri\u0161u, lijepo se smiju i nose odijela.<\/p>\n<p>U njihov grad stigne Dijete \u017eeljno avanture i znanja, neodre\u0111enog spola i roda, ni visoko ni malo, ni dobro ni zlo. I \u0161to sada? Kako odrediti je li ono lo\u0161e pa da ga mogu bez problema smazati? Dok \u0107e se oni grcati u dilemi, Dijete \u0107e ih nau\u010diti da svaku stvar, osobu i pojavu treba dobro prou\u010diti, izmjeriti, izvagati, preispitati i onda o njoj suditi. A ni\u0161ta se od toga ne mo\u017ee bez znanja.<\/p>\n<p><em>Grad slo\u017eenog stanja<\/em>\u00a0pokazuje da mnoge stvari nisu jasno odre\u0111ene. To ne zna\u010di da ih treba odbaciti ili etiketirati. Treba samo pitati, vidjeti i \u010duti, zatim procijeniti, podijeliti znanje i otkriti dezinformacije. Jer nije svaki do\u0161ljak neprijatelj, niti je svaki \u010dovjek pun obe\u0107anja, osoba od povjerenja.<\/p>\n<p>Mateja Posedi, autorica teksta i dramaturginja<\/p>\n<p><strong>Dob:<\/strong>\u00a012+<\/p>\n<p><strong>Trajanje:\u00a0<\/strong>60 minuta[\/vc_column_text][\/vc_column][\/vc_row][vc_row][vc_column][vc_video link=&#8221;https:\/\/youtu.be\/VUcnQrR6if8&#8243; el_width=&#8221;50&#8243; align=&#8221;center&#8221; css=&#8221;&#8221;][vc_gallery type=&#8221;image_grid&#8221; images=&#8221;48564,48565,48566,48567,48568,48569,48570,48571,48572,48573,48574,48575,48576,48577,48578,48579,48580,48581,48582,48583,48584,48585,48586,48587,48588,48589,48590,48591,48592,48593,48594,48595,48596,48597,48598,48599,48600&#8243; css=&#8221;&#8221;][\/vc_column][\/vc_row]\n<\/div>","protected":false},"excerpt":{"rendered":"<p>[vc_row equal_height=&#8221;yes&#8221; content_placement=&#8221;middle&#8221;][vc_column width=&#8221;1\/3&#8243;][vc_single_image image=&#8221;48439&#8243; img_size=&#8221;large&#8221; alignment=&#8221;center&#8221; css=&#8221;&#8221;][\/vc_column][vc_column width=&#8221;2\/3&#8243;][vc_custom_heading text=&#8221;Grad slo\u017eenog stanja (2024)&#8221; css=&#8221;&#8221;][vc_column_text css=&#8221;&#8221;]8. Studenoga 2024.[\/vc_column_text][\/vc_column][\/vc_row][vc_row][vc_column][vc_column_text css=&#8221;&#8221;]Centar za kulturu \u010cakovec Kazali\u0161na dru\u017eina Pinklec GRAD SLO\u017dENOG STANJA Premijera: 24. 10. 2024. \/ Centar za kulturu \u010cakovec Redatelj:\u00a0Romano Bogdan Autorica teksta i dramaturginja:\u00a0Mateja Posedi Likovnost predstave:\u00a0Neno Kern Autor glazbe:\u00a0Bojan Miljan\u010di\u0107 Oblikovanje svjetla:\u00a0Romano Bogdan\u00a0\/\u00a0Mario Zelenbaba Igraju: Aleksandar Filo\u00a0 \u2013 Gladan Mario Jak\u0161i\u0107 [&hellip;]<\/p>\n","protected":false},"author":2,"featured_media":0,"parent":0,"menu_order":0,"comment_status":"closed","ping_status":"closed","template":"","meta":{"inline_featured_image":false,"footnotes":""},"class_list":["post-48562","page","type-page","status-publish","hentry"],"ulaznica_data":null,"_links":{"self":[{"href":"https:\/\/czk-cakovec.hr\/saturn\/wp-json\/wp\/v2\/pages\/48562","targetHints":{"allow":["GET"]}}],"collection":[{"href":"https:\/\/czk-cakovec.hr\/saturn\/wp-json\/wp\/v2\/pages"}],"about":[{"href":"https:\/\/czk-cakovec.hr\/saturn\/wp-json\/wp\/v2\/types\/page"}],"author":[{"embeddable":true,"href":"https:\/\/czk-cakovec.hr\/saturn\/wp-json\/wp\/v2\/users\/2"}],"replies":[{"embeddable":true,"href":"https:\/\/czk-cakovec.hr\/saturn\/wp-json\/wp\/v2\/comments?post=48562"}],"version-history":[{"count":3,"href":"https:\/\/czk-cakovec.hr\/saturn\/wp-json\/wp\/v2\/pages\/48562\/revisions"}],"predecessor-version":[{"id":48603,"href":"https:\/\/czk-cakovec.hr\/saturn\/wp-json\/wp\/v2\/pages\/48562\/revisions\/48603"}],"wp:attachment":[{"href":"https:\/\/czk-cakovec.hr\/saturn\/wp-json\/wp\/v2\/media?parent=48562"}],"curies":[{"name":"wp","href":"https:\/\/api.w.org\/{rel}","templated":true}]}}