{"id":48613,"date":"2025-12-23T08:15:48","date_gmt":"2025-12-23T07:15:48","guid":{"rendered":"https:\/\/czk-cakovec.hr\/?page_id=48613"},"modified":"2025-12-23T08:16:15","modified_gmt":"2025-12-23T07:16:15","slug":"kravica-rozmarimu","status":"publish","type":"page","link":"https:\/\/czk-cakovec.hr\/saturn\/kravica-rozmarimu\/","title":{"rendered":"Kravica rozmari mu"},"content":{"rendered":"<div class=\"wpb-content-wrapper\">[vc_row equal_height=&#8221;yes&#8221; content_placement=&#8221;middle&#8221;][vc_column width=&#8221;1\/3&#8243;][vc_single_image image=&#8221;48443&#8243; img_size=&#8221;full&#8221; alignment=&#8221;center&#8221; css=&#8221;&#8221;][\/vc_column][vc_column width=&#8221;2\/3&#8243;][vc_custom_heading text=&#8221;Kravica Rotzmari Mu (2023) &#8221; css=&#8221;&#8221;][vc_column_text css=&#8221;&#8221;]6. Prosinca 2023.[\/vc_column_text][\/vc_column][\/vc_row][vc_row][vc_column][vc_column_text css=&#8221;&#8221;]<strong>Kravica Rozmari Mu<\/strong>\u00a0je kravica istan\u010danih na\u010dela i\u00a0 pogleda na svijet. \u017divi na seoskom imanju i svojim savjetima i lekcijama o pona\u0161anju\u00a0dovodi do ludila Seljaka i sve \u017eivotinje na seoskom imanju (pas, koko\u0161, zlatna ribica).<br \/>\nKada Seljak vidi kako Rozmari Mu maltretira \u017eivotinje odlu\u010di ju odvesti u Afriku. \u017divotinje su kona\u010dno bile sretne i radile su sve \u0161to su oduvijek radile bez da ih Rozmari\u00a0Mu zanovijeta.<\/p>\n<p>No, jedne no\u0107i na seosko imanje do\u0111e krokodil, pa zatim slon, pa majmun \u2026 Malo po malo sve afri\u010dke \u017eivotinje do\u0161le su na seosko imanje. Pobjegle su od kravice Rozmari Mu. Seljak ih\u00a0 povede natrag na vlak, pa u avion i pravac Afrika. Tamo je vidio kravicu Rozmari Mu kako dr\u017ei predavanje devi! Zgrabio ju je i poveo natrag na seosko imanje gdje je Kravica\u00a0 Rozmari Mu sva sretna danima pri\u010dala o Africi. Pri\u010dala je i pri\u010dala, a slu\u0161atelje je dakako imala!<\/p>\n<p><strong>Dob<\/strong>: 5+<\/p>\n<p><strong>Trajanje<\/strong>: 50 min<\/p>\n<p><strong>Redatelj<\/strong>: Damir Ma\u0111ari\u0107<\/p>\n<p><strong>Tekst:\u00a0<\/strong>Andri Beyeler<\/p>\n<p><strong>Scenografija i kostimi:<\/strong>\u00a0Petra Ma\u0111ari\u0107<\/p>\n<p><strong>Glazba<\/strong>: Gordana Eva\u010di\u0107 i Miroslav Eva\u010di\u0107<\/p>\n<p><strong>Oblikovanje rasvjete<\/strong>: Neven Taradi<\/p>\n<p><strong>Igraju:<\/strong><\/p>\n<p>Ena Jagec i Neven Mato\u0161a[\/vc_column_text][\/vc_column][\/vc_row][vc_row][vc_column][vc_video link=&#8221;https:\/\/youtu.be\/Ig5SE-_snLk&#8221; el_width=&#8221;50&#8243; align=&#8221;center&#8221; css=&#8221;&#8221;][vc_gallery type=&#8221;image_grid&#8221; images=&#8221;48615,48616,48617,48618,48619,48620,48621,48622,48623,48624,48625,48626,48627&#8243; img_size=&#8221;medium&#8221; css=&#8221;&#8221;][\/vc_column][\/vc_row]\n<\/div>","protected":false},"excerpt":{"rendered":"<p>[vc_row equal_height=&#8221;yes&#8221; content_placement=&#8221;middle&#8221;][vc_column width=&#8221;1\/3&#8243;][vc_single_image image=&#8221;48443&#8243; img_size=&#8221;full&#8221; alignment=&#8221;center&#8221; css=&#8221;&#8221;][\/vc_column][vc_column width=&#8221;2\/3&#8243;][vc_custom_heading text=&#8221;Kravica Rotzmari Mu (2023) &#8221; css=&#8221;&#8221;][vc_column_text css=&#8221;&#8221;]6. Prosinca 2023.[\/vc_column_text][\/vc_column][\/vc_row][vc_row][vc_column][vc_column_text css=&#8221;&#8221;]Kravica Rozmari Mu\u00a0je kravica istan\u010danih na\u010dela i\u00a0 pogleda na svijet. \u017divi na seoskom imanju i svojim savjetima i lekcijama o pona\u0161anju\u00a0dovodi do ludila Seljaka i sve \u017eivotinje na seoskom imanju (pas, koko\u0161, zlatna ribica). Kada Seljak vidi kako Rozmari Mu maltretira \u017eivotinje [&hellip;]<\/p>\n","protected":false},"author":2,"featured_media":0,"parent":0,"menu_order":0,"comment_status":"closed","ping_status":"closed","template":"","meta":{"inline_featured_image":false,"footnotes":""},"class_list":["post-48613","page","type-page","status-publish","hentry"],"ulaznica_data":null,"_links":{"self":[{"href":"https:\/\/czk-cakovec.hr\/saturn\/wp-json\/wp\/v2\/pages\/48613","targetHints":{"allow":["GET"]}}],"collection":[{"href":"https:\/\/czk-cakovec.hr\/saturn\/wp-json\/wp\/v2\/pages"}],"about":[{"href":"https:\/\/czk-cakovec.hr\/saturn\/wp-json\/wp\/v2\/types\/page"}],"author":[{"embeddable":true,"href":"https:\/\/czk-cakovec.hr\/saturn\/wp-json\/wp\/v2\/users\/2"}],"replies":[{"embeddable":true,"href":"https:\/\/czk-cakovec.hr\/saturn\/wp-json\/wp\/v2\/comments?post=48613"}],"version-history":[{"count":3,"href":"https:\/\/czk-cakovec.hr\/saturn\/wp-json\/wp\/v2\/pages\/48613\/revisions"}],"predecessor-version":[{"id":48630,"href":"https:\/\/czk-cakovec.hr\/saturn\/wp-json\/wp\/v2\/pages\/48613\/revisions\/48630"}],"wp:attachment":[{"href":"https:\/\/czk-cakovec.hr\/saturn\/wp-json\/wp\/v2\/media?parent=48613"}],"curies":[{"name":"wp","href":"https:\/\/api.w.org\/{rel}","templated":true}]}}