{"id":48632,"date":"2025-12-23T08:28:31","date_gmt":"2025-12-23T07:28:31","guid":{"rendered":"https:\/\/czk-cakovec.hr\/?page_id=48632"},"modified":"2025-12-23T08:29:58","modified_gmt":"2025-12-23T07:29:58","slug":"duuugodan-zubic-vile","status":"publish","type":"page","link":"https:\/\/czk-cakovec.hr\/saturn\/duuugodan-zubic-vile\/","title":{"rendered":"Duuugodan zubi\u0107 vile"},"content":{"rendered":"<div class=\"wpb-content-wrapper\">[vc_row equal_height=&#8221;yes&#8221; content_placement=&#8221;middle&#8221;][vc_column width=&#8221;1\/3&#8243;][vc_single_image image=&#8221;48444&#8243; img_size=&#8221;full&#8221; alignment=&#8221;center&#8221; css=&#8221;&#8221;][\/vc_column][vc_column width=&#8221;2\/3&#8243;][vc_custom_heading text=&#8221;DUUUGODAN ZUBI\u0106 VILE (2023)&#8221; css=&#8221;&#8221;][vc_column_text css=&#8221;&#8221;]6. Prosinca 2023[\/vc_column_text][\/vc_column][\/vc_row][vc_row][vc_column][vc_column_text css=&#8221;&#8221;]<strong>O predstavi:<\/strong><\/p>\n<p>Duuugodan Zubi\u0107 vile je predstava za djecu koja kroz ispreplitanje fantasti\u010dnog svijeta zubi\u0107 vile Zvonke i njenih vilenjaka sa svijetom jedne naizgled obi\u010dne obitelji na Zemlji, tematizira problem izokrenutosti prioriteta u suvremenom svijetu u kojem se nema vremena za ni\u0161ta \u0161to ne predstavlja profit. Kroz pri\u010du o dje\u010daku Marku koji izaziva izvanrednu situaciju u svijetu zubi\u0107-vile nakon \u0161to mu ispadne zadnji zub, troje glumaca otvara pitanja dje\u010djeg odrastanja, roditeljske brige, tehnologije i osmijeha, pokazuju\u0107i da je dje\u010dji osmijeh jo\u0161 uvijek (i zauvijek) sjajniji od bilo kojeg ekrana. Kombinacijom animiranog filma i lutaka, ova predstava otvara svijet ma\u0161te koji je duboko ukorijenjen u ozbiljnim i va\u017enim pitanjima \u2013 pitanjima sretnog djetinjstva i iskrenog osmijeha i va\u017enosti da te dvije stvari zaista budu takve. Sretne i iskrene, va\u017ene.<\/p>\n<p><strong>Dob<\/strong>: 4+<\/p>\n<p><strong>Trajanje<\/strong>: 50 min<\/p>\n<p><strong>Redatelj<\/strong>: Romano Bogdan<\/p>\n<p><strong>Tekst i dramaturgija:\u00a0<\/strong>Ivona Marciu\u0161<\/p>\n<p><strong>Dizajn i izrada lutaka i scenografije:<\/strong>\u00a0Lorna Kalazi\u0107 Jeli\u0107<\/p>\n<p><strong>Glazba<\/strong>: Igor Baksa<\/p>\n<p><strong>Oblikovanje rasvjete<\/strong>: Romano Bogdan<\/p>\n<p><strong>Asistentice izrade lutaka i scenografije:<\/strong>\u00a0Ida Klari\u0107 i Laura Reljan<\/p>\n<p><strong>Igraju:<\/strong><\/p>\n<p>Ena Jagec, Neven Mato\u0161a i Aleksandar Filo.[\/vc_column_text][\/vc_column][\/vc_row][vc_row][vc_column][vc_video link=&#8221;https:\/\/youtu.be\/X03IIhzxZBI&#8221; el_width=&#8221;50&#8243; align=&#8221;center&#8221; css=&#8221;&#8221;][\/vc_column][\/vc_row][vc_row][vc_column][vc_gallery type=&#8221;image_grid&#8221; images=&#8221;48634,48635,48636,48637,48638,48639,48640,48641,48642,48643,48644,48645,48646&#8243; img_size=&#8221;medium&#8221; css=&#8221;&#8221;][\/vc_column][\/vc_row]\n<\/div>","protected":false},"excerpt":{"rendered":"<p>[vc_row equal_height=&#8221;yes&#8221; content_placement=&#8221;middle&#8221;][vc_column width=&#8221;1\/3&#8243;][vc_single_image image=&#8221;48444&#8243; img_size=&#8221;full&#8221; alignment=&#8221;center&#8221; css=&#8221;&#8221;][\/vc_column][vc_column width=&#8221;2\/3&#8243;][vc_custom_heading text=&#8221;DUUUGODAN ZUBI\u0106 VILE (2023)&#8221; css=&#8221;&#8221;][vc_column_text css=&#8221;&#8221;]6. Prosinca 2023[\/vc_column_text][\/vc_column][\/vc_row][vc_row][vc_column][vc_column_text css=&#8221;&#8221;]O predstavi: Duuugodan Zubi\u0107 vile je predstava za djecu koja kroz ispreplitanje fantasti\u010dnog svijeta zubi\u0107 vile Zvonke i njenih vilenjaka sa svijetom jedne naizgled obi\u010dne obitelji na Zemlji, tematizira problem izokrenutosti prioriteta u suvremenom svijetu u kojem se nema vremena za ni\u0161ta \u0161to [&hellip;]<\/p>\n","protected":false},"author":2,"featured_media":0,"parent":0,"menu_order":0,"comment_status":"closed","ping_status":"closed","template":"","meta":{"inline_featured_image":false,"footnotes":""},"class_list":["post-48632","page","type-page","status-publish","hentry"],"ulaznica_data":null,"_links":{"self":[{"href":"https:\/\/czk-cakovec.hr\/saturn\/wp-json\/wp\/v2\/pages\/48632","targetHints":{"allow":["GET"]}}],"collection":[{"href":"https:\/\/czk-cakovec.hr\/saturn\/wp-json\/wp\/v2\/pages"}],"about":[{"href":"https:\/\/czk-cakovec.hr\/saturn\/wp-json\/wp\/v2\/types\/page"}],"author":[{"embeddable":true,"href":"https:\/\/czk-cakovec.hr\/saturn\/wp-json\/wp\/v2\/users\/2"}],"replies":[{"embeddable":true,"href":"https:\/\/czk-cakovec.hr\/saturn\/wp-json\/wp\/v2\/comments?post=48632"}],"version-history":[{"count":4,"href":"https:\/\/czk-cakovec.hr\/saturn\/wp-json\/wp\/v2\/pages\/48632\/revisions"}],"predecessor-version":[{"id":48650,"href":"https:\/\/czk-cakovec.hr\/saturn\/wp-json\/wp\/v2\/pages\/48632\/revisions\/48650"}],"wp:attachment":[{"href":"https:\/\/czk-cakovec.hr\/saturn\/wp-json\/wp\/v2\/media?parent=48632"}],"curies":[{"name":"wp","href":"https:\/\/api.w.org\/{rel}","templated":true}]}}