{"id":48653,"date":"2025-12-23T08:42:15","date_gmt":"2025-12-23T07:42:15","guid":{"rendered":"https:\/\/czk-cakovec.hr\/?page_id=48653"},"modified":"2025-12-23T08:42:47","modified_gmt":"2025-12-23T07:42:47","slug":"tragovi-cipela-u-blatu","status":"publish","type":"page","link":"https:\/\/czk-cakovec.hr\/saturn\/tragovi-cipela-u-blatu\/","title":{"rendered":"Tragovi cipela u blatu"},"content":{"rendered":"<div class=\"wpb-content-wrapper\">[vc_row equal_height=&#8221;yes&#8221; content_placement=&#8221;middle&#8221;][vc_column width=&#8221;1\/3&#8243;][vc_single_image image=&#8221;48446&#8243; img_size=&#8221;large&#8221; alignment=&#8221;center&#8221; css=&#8221;&#8221;][\/vc_column][vc_column width=&#8221;2\/3&#8243;][vc_custom_heading text=&#8221;Tragovi cipela u blatu (2023)&#8221; css=&#8221;&#8221;][vc_column_text css=&#8221;&#8221;]10. Svibnja 2023.[\/vc_column_text][\/vc_column][\/vc_row][vc_row][vc_column][vc_column_text css=&#8221;&#8221;](autorica Mateja Posedi)<\/p>\n<p>Tre\u0107a produkcija u sklopu me\u0111unarodnog projekta\u00a0<strong>CONNECT UP<\/strong>\u00a0(financiranog od strane Kreativne Europe)\u00a0<em>Tragovi cipela u blatu<\/em>\u00a0ugledala je svjetlo dana. U predstavi pratimo Melisu, 14-godi\u0161nju Romkinju iz Hrvatske, tijekom jednog poslijepodneva. Prvi je dan \u0161kolske godine. Dok ona ide u osmi, njezin brat Renato ide u prvi razred. Tijekom nastave Renato pobjegne iz \u0161kole, a Melisa ga mora prona\u0107i prije nego njezina obitelj otkrije da je nestao. Sudjeluju\u0107i s Melisom u potrazi upoznajemo romsko naselje, njegove stanovnike, glazbu, tradicionalnu i suvremenu, romsku strast prema automobilima i nogometu, svakodnevne aktivnosti te probleme vezane uz stanovanje, kao i obiteljske odnose. Osim kroz likove, naselje upoznajemo kroz zvukove i slike s obzirom na to da je Melisina strast fotografija s kojom bilje\u017ei sve \u0161to se oko nje doga\u0111a. Drama je napisana u nerimovanim stihovima u prvom licu sa \u0161to manje dijaloga.<\/p>\n<p>Inspiraciju za dramu autorica je dobila prilikom posjeta romskom naselju u Kur\u0161ancu. Tako\u0111er, u suradnji s glumcem i dramskim pedagogom odr\u017eala je nekoliko susreta (dramskih radionica) u O\u0160 Orehovica koju poha\u0111a veliki broj Roma. Radionice su bile bazirane na situacijskim igrama. Kroz ove grupne igre te individualne razgovore i intervjue autorica je dobila priliku upoznati\u00a0 u\u010denike, mlade ljude, koji imaju svoje \u017eelje, ljubavi, strahove, interese \u2026 Sve to pa\u017eljivo je utkano u komad\u00a0<em>Tragovi cipela u blatu.<\/em><\/p>\n<p><strong>Redateljica<\/strong>: Sarah Brigham<br \/>\n<strong>Dramaturginja<\/strong>: Odette Bereska<br \/>\n<strong>Scenograf:\u00a0<\/strong>Neno Kern<br \/>\n<strong>Glazba<\/strong>: Ivan Stott i Nikola \u0160venda<br \/>\n<strong>Oblikovanje rasvjete:<\/strong>\u00a0Neven Taradi<br \/>\n<strong>Izrada scenografije:<\/strong>\u00a0Davor Tkalec<br \/>\n<strong>Igraju<\/strong>: Ena Jagec, Mario Jak\u0161i\u0107, Davor Dokleja i Bruno Kontrec<\/p>\n<p><strong>Trajanje:<\/strong>\u00a050 min<br \/>\n<strong>Dob:\u00a0<\/strong>11+[\/vc_column_text][\/vc_column][\/vc_row][vc_row][vc_column][vc_video link=&#8221;https:\/\/youtu.be\/wrGjQd8404k&#8221; el_width=&#8221;50&#8243; align=&#8221;center&#8221; css=&#8221;&#8221;][vc_gallery type=&#8221;image_grid&#8221; images=&#8221;48660,48661,48662,48663,48664,48665,48666,48667,48668,48669,48670,48671,48672,48673,48674,48675,48676,48677,48678,48679,48680,48681,48682,48683,48684,48685,48686,48687&#8243; css=&#8221;&#8221;][\/vc_column][\/vc_row]\n<\/div>","protected":false},"excerpt":{"rendered":"<p>[vc_row equal_height=&#8221;yes&#8221; content_placement=&#8221;middle&#8221;][vc_column width=&#8221;1\/3&#8243;][vc_single_image image=&#8221;48446&#8243; img_size=&#8221;large&#8221; alignment=&#8221;center&#8221; css=&#8221;&#8221;][\/vc_column][vc_column width=&#8221;2\/3&#8243;][vc_custom_heading text=&#8221;Tragovi cipela u blatu (2023)&#8221; css=&#8221;&#8221;][vc_column_text css=&#8221;&#8221;]10. Svibnja 2023.[\/vc_column_text][\/vc_column][\/vc_row][vc_row][vc_column][vc_column_text css=&#8221;&#8221;](autorica Mateja Posedi) Tre\u0107a produkcija u sklopu me\u0111unarodnog projekta\u00a0CONNECT UP\u00a0(financiranog od strane Kreativne Europe)\u00a0Tragovi cipela u blatu\u00a0ugledala je svjetlo dana. U predstavi pratimo Melisu, 14-godi\u0161nju Romkinju iz Hrvatske, tijekom jednog poslijepodneva. Prvi je dan \u0161kolske godine. Dok ona ide u osmi, njezin [&hellip;]<\/p>\n","protected":false},"author":2,"featured_media":0,"parent":0,"menu_order":0,"comment_status":"closed","ping_status":"closed","template":"","meta":{"inline_featured_image":false,"footnotes":""},"class_list":["post-48653","page","type-page","status-publish","hentry"],"ulaznica_data":null,"_links":{"self":[{"href":"https:\/\/czk-cakovec.hr\/saturn\/wp-json\/wp\/v2\/pages\/48653","targetHints":{"allow":["GET"]}}],"collection":[{"href":"https:\/\/czk-cakovec.hr\/saturn\/wp-json\/wp\/v2\/pages"}],"about":[{"href":"https:\/\/czk-cakovec.hr\/saturn\/wp-json\/wp\/v2\/types\/page"}],"author":[{"embeddable":true,"href":"https:\/\/czk-cakovec.hr\/saturn\/wp-json\/wp\/v2\/users\/2"}],"replies":[{"embeddable":true,"href":"https:\/\/czk-cakovec.hr\/saturn\/wp-json\/wp\/v2\/comments?post=48653"}],"version-history":[{"count":3,"href":"https:\/\/czk-cakovec.hr\/saturn\/wp-json\/wp\/v2\/pages\/48653\/revisions"}],"predecessor-version":[{"id":48690,"href":"https:\/\/czk-cakovec.hr\/saturn\/wp-json\/wp\/v2\/pages\/48653\/revisions\/48690"}],"wp:attachment":[{"href":"https:\/\/czk-cakovec.hr\/saturn\/wp-json\/wp\/v2\/media?parent=48653"}],"curies":[{"name":"wp","href":"https:\/\/api.w.org\/{rel}","templated":true}]}}