{"id":48809,"date":"2025-12-23T09:57:30","date_gmt":"2025-12-23T08:57:30","guid":{"rendered":"https:\/\/czk-cakovec.hr\/?page_id=48809"},"modified":"2025-12-23T09:57:54","modified_gmt":"2025-12-23T08:57:54","slug":"normalan-zivot","status":"publish","type":"page","link":"https:\/\/czk-cakovec.hr\/saturn\/normalan-zivot\/","title":{"rendered":"Normalan \u017eivot"},"content":{"rendered":"<div class=\"wpb-content-wrapper\">[vc_row equal_height=&#8221;yes&#8221; content_placement=&#8221;middle&#8221;][vc_column width=&#8221;1\/3&#8243;][vc_single_image image=&#8221;48451&#8243; img_size=&#8221;full&#8221; alignment=&#8221;center&#8221; css=&#8221;&#8221;][\/vc_column][vc_column width=&#8221;2\/3&#8243;][vc_custom_heading text=&#8221;Normalan \u017eivot (2020.)&#8221; css=&#8221;&#8221;][vc_column_text css=&#8221;&#8221;]21. studenoga 2020.[\/vc_column_text][\/vc_column][\/vc_row][vc_row][vc_column][vc_column_text css=&#8221;&#8221;]\u201cNormalan \u017eivot\u201d inicijalno je inspiriran pro\u0161logodi\u0161njim skupom \u201c\u017delimo normalan \u017eivot\u201d koji se odr\u017eao ispred Centra za kulturu \u010cakovec i koji je pogonjen reakcijama i protu-reakcijama na taj prosvjed ostatku Hrvatske u\u010dinio vidljivom kompleksnost situacije u kojoj se nalaze stanovnici Me\u0111imurja, i sa strane ve\u0107inskog, i sa strane romskog stanovni\u0161tva.<\/p>\n<p>Redatelj Miran Kurspahi\u0107 i dramaturginja Rona \u017dulj, iz perspektive nekoga tko u situaciju dolazi izvana, kroz proces su zajedno s glumcima KD Pinklec istra\u017eili i dobili uvid u najrazli\u010ditije aspekte takozvanog \u201cromskog problema\u201d ne samo kroz kazali\u0161no-umjetni\u010dki, ve\u0107 i istra\u017eiva\u010dki proces. Te\u0161ka tema me\u0111utim ne mora zna\u010diti i te\u0161ku predstavu.<\/p>\n<p>Predstava \u201cNormalan \u017eivot\u201d je zabavna i interaktivna, tim vi\u0161e \u0161to je namijenjena prvenstveno mladoj publici (12 \u2013 18 godina). Zami\u0161ljena je kao\u00a0<em>game show \u2013\u00a0<\/em>emisija u\u017eivo u kojoj sama publika, podijeljena u dva tima, sudjeluje u nizu igara od kvizova znanja do igara spretnosti. Igre su osmi\u0161ljene tako da u pitanje dovode niz predrasuda i odabir linije manjeg otpora, ako ne u trenutku same igre, onda nakon nje, kad se dojmovi slegnu.<\/p>\n<p>\u010citavim spektaklom upravljaju \u010detiri neobi\u010dne voditeljske persone koje igraju Davor Dokleja, Karolina Horvat, Mario Jak\u0161i\u0107 i Bruno Kontrec, a upravo ti pretjerani i povremeno komi\u010dni likovi utjelovljenje su \u010detiri aspekta dr\u017eave, odnosno sistema i time njegova kritika.<\/p>\n<p>Vo\u0111eni mi\u0161lju kako zadatak kazali\u0161ta nije davati odgovore, nego postavljati prava pitanja, autori predstave se nadaju kako \u0107e \u201cNormalan \u017eivot\u201d mlade ljude inspirirati na gra\u0111ansku hrabrost, osvijestiti im vlastitu odgovornost u gra\u0111enju dru\u0161tva u kojem \u017eive te ih pobuditi na vi\u0161estrano sagledavanje bilo koje situacije prije dono\u0161enja sudova. Zapravo, to je ono na \u0161to se svatko od nas povremeno treba podsjetiti.<\/p>\n<ul class=\"wp-block-list\">\n<li><strong>Predstava je nastala u sklopu me\u0111unarodne kulturne inicijative za mlade\u00a0<em>ConnectUp \u2013 The Life of the Others.<\/em><\/strong><\/li>\n<\/ul>\n<p><strong>U radu na predstavi veliku stru\u010dnu pomo\u0107 pru\u017eili su nam:<\/strong><\/p>\n<p>Djelatnici Policijske uprave me\u0111imurske, Zavoda za socijalnu skrb, izv. prof. dr. sc. Tamara Turza-Bogdan; Maja Odr\u010di\u0107 Mikuli\u0107 te prosvjetni djelatnici Aleksandra Pleh, Marijana Sabo, Nikola \u0160venda, Toni Maru\u0161i\u0107 te u\u010denice Nina Or\u0161u\u0161 i Sabina Or\u0161u\u0161.<\/p>\n<p><strong>Autorski tim predstave:<\/strong><\/p>\n<p><strong>Re\u017eija:<\/strong>\u00a0Miran Kurspahi\u0107<br \/>\n<strong>Tekst i dramaturgija:<\/strong>\u00a0Rona \u017dulj<br \/>\n<strong>Glazba:<\/strong>\u00a0Nik\u0161a Marinovi\u0107<br \/>\n<strong>Vokal za pjesmu Normalan \u017eivot:<\/strong>\u00a0Igor Baksa<br \/>\n<strong>Kostimografija:<\/strong>\u00a0Domagoj \u0160timac<br \/>\n<strong>Grafi\u010dko oblikovanje:<\/strong>\u00a0Barbara Bjeli\u0161<br \/>\n<strong>Producent:<\/strong>\u00a0Romano Bogdan<\/p>\n<p>Igraju:<\/p>\n<p><strong>Mata Kroata:<\/strong>\u00a0Davor Dokleja<br \/>\n<strong>Iva Ofenziva:<\/strong>\u00a0Karolina Horvat<br \/>\n<strong>Pero Le\u0111ero:<\/strong>\u00a0Mario Jak\u0161i\u0107<br \/>\n<strong>Jura Procedura:<\/strong>\u00a0Bruno Kontrec<\/p>\n<p><strong>Dob:\u00a014+<\/strong>\u00a0(srednjo\u0161kolci i stariji)<br \/>\n<strong>Trajanje:\u00a090 min.<\/strong><\/p>\n<p>Predstava je dio me\u0111unarodnog projekta\u00a0<em>ConnectUp \u2013 The Life of the Others,\u00a0<\/em>financiranog kroz program Creative Europe.[\/vc_column_text][\/vc_column][\/vc_row][vc_row][vc_column][vc_video link=&#8221;https:\/\/youtu.be\/YhRt5C1UagQ&#8221; el_width=&#8221;50&#8243; align=&#8221;center&#8221; css=&#8221;&#8221;][\/vc_column][\/vc_row][vc_row][vc_column][vc_gallery type=&#8221;image_grid&#8221; images=&#8221;48811,48812,48813,48814,48815,48816,48817,48818,48819,48820,48821,48822,48823,48824&#8243; css=&#8221;&#8221;][\/vc_column][\/vc_row]\n<\/div>","protected":false},"excerpt":{"rendered":"<p>[vc_row equal_height=&#8221;yes&#8221; content_placement=&#8221;middle&#8221;][vc_column width=&#8221;1\/3&#8243;][vc_single_image image=&#8221;48451&#8243; img_size=&#8221;full&#8221; alignment=&#8221;center&#8221; css=&#8221;&#8221;][\/vc_column][vc_column width=&#8221;2\/3&#8243;][vc_custom_heading text=&#8221;Normalan \u017eivot (2020.)&#8221; css=&#8221;&#8221;][vc_column_text css=&#8221;&#8221;]21. studenoga 2020.[\/vc_column_text][\/vc_column][\/vc_row][vc_row][vc_column][vc_column_text css=&#8221;&#8221;]\u201cNormalan \u017eivot\u201d inicijalno je inspiriran pro\u0161logodi\u0161njim skupom \u201c\u017delimo normalan \u017eivot\u201d koji se odr\u017eao ispred Centra za kulturu \u010cakovec i koji je pogonjen reakcijama i protu-reakcijama na taj prosvjed ostatku Hrvatske u\u010dinio vidljivom kompleksnost situacije u kojoj se nalaze stanovnici Me\u0111imurja, i sa strane ve\u0107inskog, [&hellip;]<\/p>\n","protected":false},"author":2,"featured_media":0,"parent":0,"menu_order":0,"comment_status":"closed","ping_status":"closed","template":"","meta":{"inline_featured_image":false,"footnotes":""},"class_list":["post-48809","page","type-page","status-publish","hentry"],"ulaznica_data":null,"_links":{"self":[{"href":"https:\/\/czk-cakovec.hr\/saturn\/wp-json\/wp\/v2\/pages\/48809","targetHints":{"allow":["GET"]}}],"collection":[{"href":"https:\/\/czk-cakovec.hr\/saturn\/wp-json\/wp\/v2\/pages"}],"about":[{"href":"https:\/\/czk-cakovec.hr\/saturn\/wp-json\/wp\/v2\/types\/page"}],"author":[{"embeddable":true,"href":"https:\/\/czk-cakovec.hr\/saturn\/wp-json\/wp\/v2\/users\/2"}],"replies":[{"embeddable":true,"href":"https:\/\/czk-cakovec.hr\/saturn\/wp-json\/wp\/v2\/comments?post=48809"}],"version-history":[{"count":3,"href":"https:\/\/czk-cakovec.hr\/saturn\/wp-json\/wp\/v2\/pages\/48809\/revisions"}],"predecessor-version":[{"id":48827,"href":"https:\/\/czk-cakovec.hr\/saturn\/wp-json\/wp\/v2\/pages\/48809\/revisions\/48827"}],"wp:attachment":[{"href":"https:\/\/czk-cakovec.hr\/saturn\/wp-json\/wp\/v2\/media?parent=48809"}],"curies":[{"name":"wp","href":"https:\/\/api.w.org\/{rel}","templated":true}]}}