{"id":48846,"date":"2025-12-23T10:11:47","date_gmt":"2025-12-23T09:11:47","guid":{"rendered":"https:\/\/czk-cakovec.hr\/?page_id=48846"},"modified":"2025-12-23T10:12:10","modified_gmt":"2025-12-23T09:12:10","slug":"vuka-se-ne-bojim-ja","status":"publish","type":"page","link":"https:\/\/czk-cakovec.hr\/saturn\/vuka-se-ne-bojim-ja\/","title":{"rendered":"Vuka se ne bojim ja"},"content":{"rendered":"<div class=\"wpb-content-wrapper\">[vc_row equal_height=&#8221;yes&#8221; content_placement=&#8221;middle&#8221;][vc_column width=&#8221;1\/3&#8243;][vc_single_image image=&#8221;48453&#8243; img_size=&#8221;large&#8221; alignment=&#8221;center&#8221; css=&#8221;&#8221;][\/vc_column][vc_column width=&#8221;2\/3&#8243;][vc_custom_heading text=&#8221;Vuka se ne bojim ja (2019.)&#8221; css=&#8221;&#8221;][vc_column_text css=&#8221;&#8221;]29.travnja 2019.[\/vc_column_text][\/vc_column][\/vc_row][vc_row][vc_column][vc_column_text css=&#8221;&#8221;]Inovativno \u010ditanje dje\u010djeg klasika \u201eTri pra\u0161\u010di\u0107a\u201c Kazali\u0161ne dru\u017eine Pinklec u prvi plan stavlja univerzalne vrijednosti \u2013 prijateljstvo, marljivost i zauzimanje za svakog pojedinca, premda on bio i vuk.<\/p>\n<p>Inscenaciju Kazali\u0161ne dru\u017eine Pinklec \u201eVuka se ne bojim ja\u201c stoga pratimo iz rakursa Ostarjelog vuka, koji se u svojstvu pripovjeda\u010da prisje\u0107a uzbudljivih mladena\u010dkih dana kada mu je glavna preokupacija bila pro\u017edrijeti svakog tko mu se na\u0111e na putu. Njegovo pripovijedanje tako postaje okvir za uzbudljivo epiziranje zgoda i nezgoda njegove mladena\u010dke vu\u010dje prilike.<\/p>\n<p>Kada trojicu pra\u0161\u010di\u0107a Ciglu, Dasku i Slamu majka po\u0161alje u svijet da sagrade vlastite domove, oni se na\u0111u u \u0161umi u kojoj vreba opasni vuk. Ku\u0107e koje bra\u0107a grade postaju simbol njihovog razvoja. Kada najstariji od njih, Cigla, svoju \u017eelju za igrom stavi u drugi plan kako bi sagradio siguran dom, prenosi sna\u017enu pouku da u \u017eivotu ne smijemo biti lijeni i olako uzimati stvari. Dok je imaginarni svijet pra\u0161\u010di\u0107a poput dje\u010djeg, vuk postaje metafora za sve ono stra\u0161no \u0161to nas \u010deka u \u017eivotu, probleme koji nas mu\u010de, prepreke koje moramo savladati, zada\u0107e koje moramo ispuniti.<\/p>\n<p>Vuka su, na pragu njegove zrelosti u \u201epri\u010di u pri\u010di\u201c, a u nastojanju da spase \u017eivote pra\u0161\u010di\u0107i i sami ne\u010dem pou\u010dili \u2013 \u201eNema nauke bez muke, ni ku\u0107e bez \u017euljave ruke.\u201c Upravo su pra\u0161\u010di\u0107i ti, koji, nakon svih peripetija savjetuju mladog i \u201eopasnog\u201c vuka kako da dosko\u010di svojoj gladi \u2013 da postane gitarist u bendu \u201eKod staroga hrasta\u201c.<\/p>\n<p>Dinami\u010dno ispreplitanje narativnih i igranih prizora, elementi slapstick komedije, karikaturna gluma i songovi popra\u0107eni svirkom akusti\u010dne gitare Ostarjelog vuka pripovjeda\u010da, sve to doprinosi atraktivnom sadr\u017eaju ove kazali\u0161ne inscenacije \u010diji jezik je blizak i intrigantan vrti\u0107kom i osnovno\u0161kolskom uzrastu.<\/p>\n<p>Tanja Novak<\/p>\n<p><strong>Redatelj:<\/strong>\u00a0Romano Bogdan<br \/>\n<strong>Tekst i dramaturgija:\u00a0<\/strong>Tanja Novak<br \/>\n<strong>Scenografija i kostimi:\u00a0<\/strong>Bruno Kontrec<br \/>\n<strong>Glazba:<\/strong>\u00a0Davor Dokleja<br \/>\n<strong>Oblikovanje rasvjete:<\/strong>\u00a0Neven Taradi<\/p>\n<p><strong>Igraju:<\/strong><br \/>\n<strong>Pra\u0161\u010di\u0107 Slama:<\/strong>\u00a0Mario Jak\u0161i\u0107<br \/>\n<strong>Pra\u0161\u010di\u0107 Daska:\u00a0<\/strong>Bruno Kontrec<br \/>\n<strong>Pra\u0161\u010di\u0107 Cigla:<\/strong>\u00a0Karolina Horvat<br \/>\n<strong>Vuk:\u00a0<\/strong>Neven Mato\u0161a<br \/>\n<strong>Ostarjeli vuk:<\/strong>\u00a0Davor Dokleja<\/p>\n<p><strong>Dob:<\/strong>\u00a04+ (vrti\u0107i i ni\u017ei razredi osnovne \u0161kole)<br \/>\n<strong>Trajanje:<\/strong>\u00a045 min.<\/p>\n<p>NAGRADE:<br \/>\n<strong>23. Susret HC Assitej, \u010cakovec (2020.)<\/strong><br \/>\nNagrada za najbolje gluma\u010dko ostvarenje ansambla\u00a0(Karolina Horvat, Bruno Kontrec, Mario Jak\u0161i\u0107, Davor Dokleja i Neven Mato\u0161a)<\/p>\n<p><strong>25. Revija lutkarskih kazali\u0161ta u Rijeci<\/strong><\/p>\n<p style=\"text-align: left;\">Nagrada \u201cDomino\u201d za najbolju predstavu Revije\u00a0predstava\u00a0\u201cVuka se ne bojim ja\u201d<strong>\u00a0<\/strong>Kazali\u0161ne dru\u017eine Pinklec iz \u010cakovca u re\u017eiji Romana Bogdana.<\/p>\n<p><strong>6. FEDU, Sarajevo (2020.)<\/strong><br \/>\n\u2013 Nagrada\u00a0za najbolji tekst ili adaptaciju\u00a0(Tanja Novak)<br \/>\n\u2013 Najja\u010di aplauz \u2013 Nagrada publike<\/p>\n<p><strong>20. Naj, naj, naj festival \u201d\u017dar Ptica\u201d, Zagreb (2020.)<br \/>\n<\/strong>\u2013 Najbolja predstava u cjelini<\/p>\n[\/vc_column_text][\/vc_column][\/vc_row][vc_row][vc_column][vc_video link=&#8221;https:\/\/youtu.be\/IUpnuFr5ay4&#8243; el_width=&#8221;50&#8243; align=&#8221;center&#8221; css=&#8221;&#8221;][vc_gallery type=&#8221;image_grid&#8221; images=&#8221;48848,48849,48850,48851,48852,48853,48854,48855,48856,48857,48858,48859,48860,48861&#8243; css=&#8221;&#8221;][\/vc_column][\/vc_row]\n<\/div>","protected":false},"excerpt":{"rendered":"<p>[vc_row equal_height=&#8221;yes&#8221; content_placement=&#8221;middle&#8221;][vc_column width=&#8221;1\/3&#8243;][vc_single_image image=&#8221;48453&#8243; img_size=&#8221;large&#8221; alignment=&#8221;center&#8221; css=&#8221;&#8221;][\/vc_column][vc_column width=&#8221;2\/3&#8243;][vc_custom_heading text=&#8221;Vuka se ne bojim ja (2019.)&#8221; css=&#8221;&#8221;][vc_column_text css=&#8221;&#8221;]29.travnja 2019.[\/vc_column_text][\/vc_column][\/vc_row][vc_row][vc_column][vc_column_text css=&#8221;&#8221;]Inovativno \u010ditanje dje\u010djeg klasika \u201eTri pra\u0161\u010di\u0107a\u201c Kazali\u0161ne dru\u017eine Pinklec u prvi plan stavlja univerzalne vrijednosti \u2013 prijateljstvo, marljivost i zauzimanje za svakog pojedinca, premda on bio i vuk. Inscenaciju Kazali\u0161ne dru\u017eine Pinklec \u201eVuka se ne bojim ja\u201c stoga pratimo iz rakursa Ostarjelog [&hellip;]<\/p>\n","protected":false},"author":2,"featured_media":0,"parent":0,"menu_order":0,"comment_status":"closed","ping_status":"closed","template":"","meta":{"inline_featured_image":false,"footnotes":""},"class_list":["post-48846","page","type-page","status-publish","hentry"],"ulaznica_data":null,"_links":{"self":[{"href":"https:\/\/czk-cakovec.hr\/saturn\/wp-json\/wp\/v2\/pages\/48846","targetHints":{"allow":["GET"]}}],"collection":[{"href":"https:\/\/czk-cakovec.hr\/saturn\/wp-json\/wp\/v2\/pages"}],"about":[{"href":"https:\/\/czk-cakovec.hr\/saturn\/wp-json\/wp\/v2\/types\/page"}],"author":[{"embeddable":true,"href":"https:\/\/czk-cakovec.hr\/saturn\/wp-json\/wp\/v2\/users\/2"}],"replies":[{"embeddable":true,"href":"https:\/\/czk-cakovec.hr\/saturn\/wp-json\/wp\/v2\/comments?post=48846"}],"version-history":[{"count":3,"href":"https:\/\/czk-cakovec.hr\/saturn\/wp-json\/wp\/v2\/pages\/48846\/revisions"}],"predecessor-version":[{"id":48864,"href":"https:\/\/czk-cakovec.hr\/saturn\/wp-json\/wp\/v2\/pages\/48846\/revisions\/48864"}],"wp:attachment":[{"href":"https:\/\/czk-cakovec.hr\/saturn\/wp-json\/wp\/v2\/media?parent=48846"}],"curies":[{"name":"wp","href":"https:\/\/api.w.org\/{rel}","templated":true}]}}