{"id":48866,"date":"2025-12-23T10:20:22","date_gmt":"2025-12-23T09:20:22","guid":{"rendered":"https:\/\/czk-cakovec.hr\/?page_id=48866"},"modified":"2025-12-23T13:51:25","modified_gmt":"2025-12-23T12:51:25","slug":"krpimirci","status":"publish","type":"page","link":"https:\/\/czk-cakovec.hr\/saturn\/krpimirci\/","title":{"rendered":"Krpimirci"},"content":{"rendered":"<div class=\"wpb-content-wrapper\">[vc_row equal_height=&#8221;yes&#8221; content_placement=&#8221;middle&#8221;][vc_column width=&#8221;1\/3&#8243;][vc_single_image image=&#8221;48454&#8243; img_size=&#8221;full&#8221; alignment=&#8221;center&#8221; css=&#8221;&#8221;][\/vc_column][vc_column width=&#8221;2\/3&#8243;][vc_custom_heading text=&#8221;Krpimirci (2019.)&#8221; css=&#8221;&#8221;][vc_column_text css=&#8221;&#8221;]14. velja\u010de 2019.[\/vc_column_text][\/vc_column][\/vc_row][vc_row][vc_column][vc_column_text css=&#8221;&#8221;]Autorski projekt\u00a0<strong>Ksenije Zec i Sa\u0161e Bo\u017ei\u0107a<\/strong><br \/>\nu suradnji s\u00a0<strong>Petrom \u0160arac,\u00a0Alexom\u00a0 \u0110akovi\u0107em,\u00a0Brunom Kontrecom\u00a0i\u00a0Mariom Jak\u0161i\u0107em<\/strong><br \/>\n<em>Premijera 16.2. 2019. u 18h u GKL Rijeka<\/em><br \/>\n<em>Premijera 24.2. 2019. u 16h u Centru za kulturu \u010cakovec<\/em><\/p>\n<p><strong>Scenografkinja, kostimografkinja i autorica objekata<\/strong>:\u00a0Zdravka Ivandija Kirigin<br \/>\n<strong>Skladatelj:<\/strong>\u00a0Damir \u0160imunovi\u0107<br \/>\n<strong>Oblikovatelji svjetla:<\/strong>\u00a0Sa\u0161a Bo\u017ei\u0107\u00a0i Sanjin Ser\u0161i\u0107<br \/>\n<strong>Asistentica kostimografkinje i scenografkinje:<\/strong>\u00a0Ana Fucija\u0161<br \/>\n<strong>Rije\u010dka gluma\u010dka postava:<\/strong>\u00a0Petra \u0160arac,\u00a0Alex\u00a0\u0110akovi\u0107, Damir Orli\u0107, David Petrovi\u0107<br \/>\n<strong>\u010cakove\u010dka gluma\u010dka postava:<\/strong>\u00a0Karolina Horvat, Bruno Kontrec, Mario Jak\u0161i\u0107, Davor Dokleja<\/p>\n<p><b>O predstavi:<\/b><\/p>\n<p>Predstava \u201cKrpimirci\u201d koju\u00a0Pinkleci rade u koprodukciji s GKL Rijeka, poziva djecu na imaginarno putovanje u kojem dijelovi odje\u0107e o\u017eivljavaju, mijenjaju tijela glumaca i nude nove krajolike dje\u010djoj ma\u0161ti. Predstava upozorava da ljude, kao ni odje\u0107u koju nose ne trebati odbaciti, zaboraviti i uni\u0161titi. Odje\u0107a dakako ne \u010dini \u010dovjeka, no mo\u017eemo joj produ\u017eiti \u017eivot da ju recikliramo, darujemo ili joj promijenimo namjenu. U svijetu modnih marki koje definiraju na\u0161e identitete, valja se podsjetiti da odje\u0107a mo\u017ee imati i sentimentalnu, prakti\u010dnu i kreativnu vrijednost.<br \/>\nPredstava je temeljena na istra\u017eiva\u010dkom kazali\u0161tu za najmla\u0111e koje kombinira tehniku animacije odje\u0107e, klaunerije i mimske igre na kojima su Sa\u0161a Bo\u017ei\u0107 i Ksenija Zec izgradili prepoznatljivi scenski rukopis. Radi se o \u0161irenju polja lutkarstva u kojemu glumci animiraju razli\u010dite objekte, spajaju se s njima u imaginativne i uzbudljive prikaze novih i druga\u010dijih tijela.<\/p>\n<p><b>Dob:<\/b>\u00a04+ (vrti\u0107i i ni\u017ei razredi osnovne \u0161kole)<br \/>\n<b>Trajanje:<\/b>\u00a045 min.<\/p>\n<p><strong>NAGRADE:<br \/>\n<\/strong><u><\/u><\/p>\n<p><strong>13. Festival hrvatske drame za djecu Mali Maruli\u0107<\/strong><\/p>\n<p>Nagrada za kolektivnu igru\u00a0\u2013 ansamblu predstave\u00a0\u201eKRPIMIRCI\u201c\u00a0u izvedbi Gradskog kazali\u0161ta lutaka Rijeka u re\u017eiji Ksenije Zec i Sa\u0161e Bo\u017ei\u0107a<\/p>\n<p>Nagrada Zdenka Mi\u0161ura za najve\u0107i kazali\u0161ni izazov\u2013 Gradskom kazali\u0161tu lutaka Rijeka i Kazali\u0161noj dru\u017eini \u201ePinklec\u201c iz \u010cakovca za predstavu<strong>\u00a0\u201cKRPIMIRCI\u201d\u00a0<\/strong>u re\u017eiji Ksenije Zec i Sa\u0161e Bo\u017ei\u0107a<\/p>\n<p><u>22. Susret profesionalnih kazali\u0161ta za djecu i mlade Assitej, \u010cakovec<br \/>\n<\/u>Nagrada za kostimografiju: Zdravka Ivandija Kirigin u izvedbi Gradskog kazali\u0161ta lutaka Rijeka i Kazali\u0161ne dru\u017eine \u201ePinklec\u201c iz \u010cakovca za predstavu<strong>\u00a0\u201cKRPIMIRCI\u201d\u00a0<\/strong>u re\u017eiji Ksenije Zec i Sa\u0161e Bo\u017ei\u0107a<strong><br \/>\n<\/strong>[\/vc_column_text][\/vc_column][\/vc_row][vc_row][vc_column][vc_video link=&#8221;https:\/\/youtu.be\/L6tolf4ZPiw&#8221; el_width=&#8221;50&#8243; align=&#8221;center&#8221; css=&#8221;&#8221;][vc_gallery type=&#8221;image_grid&#8221; images=&#8221;48868,48869,48870,48871,48872,48873,48874,48875,48876,48877,48878&#8243; css=&#8221;&#8221;][\/vc_column][\/vc_row]\n<\/div>","protected":false},"excerpt":{"rendered":"<p>[vc_row equal_height=&#8221;yes&#8221; content_placement=&#8221;middle&#8221;][vc_column width=&#8221;1\/3&#8243;][vc_single_image image=&#8221;48454&#8243; img_size=&#8221;full&#8221; alignment=&#8221;center&#8221; css=&#8221;&#8221;][\/vc_column][vc_column width=&#8221;2\/3&#8243;][vc_custom_heading text=&#8221;Krpimirci (2019.)&#8221; css=&#8221;&#8221;][vc_column_text css=&#8221;&#8221;]14. velja\u010de 2019.[\/vc_column_text][\/vc_column][\/vc_row][vc_row][vc_column][vc_column_text css=&#8221;&#8221;]Autorski projekt\u00a0Ksenije Zec i Sa\u0161e Bo\u017ei\u0107a u suradnji s\u00a0Petrom \u0160arac,\u00a0Alexom\u00a0 \u0110akovi\u0107em,\u00a0Brunom Kontrecom\u00a0i\u00a0Mariom Jak\u0161i\u0107em Premijera 16.2. 2019. u 18h u GKL Rijeka Premijera 24.2. 2019. u 16h u Centru za kulturu \u010cakovec Scenografkinja, kostimografkinja i autorica objekata:\u00a0Zdravka Ivandija Kirigin Skladatelj:\u00a0Damir \u0160imunovi\u0107 Oblikovatelji svjetla:\u00a0Sa\u0161a Bo\u017ei\u0107\u00a0i Sanjin Ser\u0161i\u0107 [&hellip;]<\/p>\n","protected":false},"author":2,"featured_media":0,"parent":0,"menu_order":0,"comment_status":"closed","ping_status":"closed","template":"","meta":{"inline_featured_image":false,"footnotes":""},"class_list":["post-48866","page","type-page","status-publish","hentry"],"ulaznica_data":null,"_links":{"self":[{"href":"https:\/\/czk-cakovec.hr\/saturn\/wp-json\/wp\/v2\/pages\/48866","targetHints":{"allow":["GET"]}}],"collection":[{"href":"https:\/\/czk-cakovec.hr\/saturn\/wp-json\/wp\/v2\/pages"}],"about":[{"href":"https:\/\/czk-cakovec.hr\/saturn\/wp-json\/wp\/v2\/types\/page"}],"author":[{"embeddable":true,"href":"https:\/\/czk-cakovec.hr\/saturn\/wp-json\/wp\/v2\/users\/2"}],"replies":[{"embeddable":true,"href":"https:\/\/czk-cakovec.hr\/saturn\/wp-json\/wp\/v2\/comments?post=48866"}],"version-history":[{"count":4,"href":"https:\/\/czk-cakovec.hr\/saturn\/wp-json\/wp\/v2\/pages\/48866\/revisions"}],"predecessor-version":[{"id":49259,"href":"https:\/\/czk-cakovec.hr\/saturn\/wp-json\/wp\/v2\/pages\/48866\/revisions\/49259"}],"wp:attachment":[{"href":"https:\/\/czk-cakovec.hr\/saturn\/wp-json\/wp\/v2\/media?parent=48866"}],"curies":[{"name":"wp","href":"https:\/\/api.w.org\/{rel}","templated":true}]}}