{"id":48883,"date":"2025-12-23T10:25:20","date_gmt":"2025-12-23T09:25:20","guid":{"rendered":"https:\/\/czk-cakovec.hr\/?page_id=48883"},"modified":"2025-12-23T10:36:51","modified_gmt":"2025-12-23T09:36:51","slug":"rucak-za-sestero","status":"publish","type":"page","link":"https:\/\/czk-cakovec.hr\/saturn\/rucak-za-sestero\/","title":{"rendered":"Ru\u010dak za \u0161estero"},"content":{"rendered":"<div class=\"wpb-content-wrapper\">[vc_row equal_height=&#8221;yes&#8221; content_placement=&#8221;middle&#8221;][vc_column width=&#8221;1\/3&#8243;][vc_single_image image=&#8221;48455&#8243; img_size=&#8221;full&#8221; alignment=&#8221;center&#8221; css=&#8221;&#8221;][\/vc_column][vc_column width=&#8221;2\/3&#8243;][vc_custom_heading text=&#8221;Ru\u010dak za \u0161estero (2018.)&#8221; css=&#8221;&#8221;][vc_column_text css=&#8221;&#8221;]26. rujna 2018.[\/vc_column_text][\/vc_column][\/vc_row][vc_row][vc_column][vc_column_text css=&#8221;&#8221;]<strong>Kazali\u0161na dru\u017eina Pinklec u koprodukciji s Umjetni\u010dkom organizacijom GLLUGL iz Vara\u017edina<\/strong><\/p>\n<p><strong>\u201eRU\u010cAK ZA \u0160ESTERO\u201c<br \/>\n<\/strong><em>(lutkarska predstava)<\/em><\/p>\n<p>Premijera:<br \/>\n<em>3.10. 2018. Centar za mlade Vara\u017edin<br \/>\n<\/em><em>7.10.2018. Centar za kulturu \u010cakovec<\/em><\/p>\n<p><strong>Autorica teksta:\u00a0<\/strong>Tamara Ku\u010dinovi\u0107<strong><br \/>\nRe\u017eija<\/strong>: Tamara Ku\u010dinovi\u0107<br \/>\n<strong>Dramaturgija:<\/strong>\u00a0Filip Eldan<br \/>\n<strong>Scenografija:<\/strong>\u00a0Ivana \u017divkovi\u0107 i Sheron Pimpi \u2013 Steiner<br \/>\n<strong>Oblikovanje i izrada lutaka:<\/strong>\u00a0Ivana \u017divkovi\u0107 i Sheron Pimpi \u2013 Steiner<br \/>\n<strong>Glazba:<\/strong>\u00a0Petar Eldan<br \/>\n<strong>Oblikovanje svjetla:<\/strong>\u00a0Tamara Ku\u010dinovi\u0107<br \/>\n<strong>Igraju:\u00a0<\/strong>Katarina Arbanas, Nik\u0161a Eldan, Karolina Horvat i Mario Jak\u0161i\u0107<br \/>\n<strong><br \/>\nStolarski radovi:\u00a0<\/strong>Damir \u0160afar<br \/>\n<strong>Asistentice scenografkinja:\u00a0<\/strong>Ton\u010dica Knez i Lorna Kalazi\u0107<br \/>\n<strong>Vokali u pjesmama:\u00a0<\/strong>Hana Hegedu\u0161i\u0107 i Inka Eldan<br \/>\n<strong>Oblikovanje plakata i programske knji\u017eice:\u00a0<\/strong>Matilda Lepoglavec<br \/>\n<strong>Majstor tona:\u00a0<\/strong>Petar Eldan \/ Mario Dvanaj\u0161\u010dak<br \/>\n<strong>Majstor rasvjete:\u00a0<\/strong>Filip Eldan \/ Mario Zelenbaba<\/p>\n<p><strong>O predstavi:<\/strong><\/p>\n<p>Postoji jedan grad, grad koji ne postoji. Grad imaginarnih pr\u0133atelja. On postoji ako \u017eelimo da postoji\u2026 i vidimo ga kad ga trebamo vidjeti. Zapravo, ne vide ga svi! Zato ne postoji. Ipak, vide ga neki! Zato postoji. Postoji onda kad u njega netko vjeruje. A on zapravo postoji i kad ne postoji. Razum\u0133ete, zar ne? U tom gradu \u017eivi Janko. On \u010deka. \u010ceka da ga netko pozove. On \u010deka da u njega netko povjeruje, da nekome bude potreban. Nekad treba dugo \u010dekati. Ali to n\u0133e problem. To tako mora biti. To je tako u redu.<\/p>\n<p>\u201cPriru\u010dnik\u201d za roditelje uz predstavu Ru\u010dak za \u0161estero:<br \/>\nPredstava Ru\u010dak za \u0161estero progovara o ne tako \u010destoj, a opet tako neobi\u010dnoj temi imaginarnih pr\u0133atelja kod djece. Ona tu neobi\u010dnu pojavu ne osu\u0111uje niti je veli\u010da, ve\u0107 kroz nju progovara o snazi pr\u0133ateljstva, o osnovnoj ljudskoj potrebi da nekome pripadamo i da s nekim svoje snove pretvorimo u djelo.<\/p>\n<p>Bave\u0107i se takvom kompleksnom temom, koja svakog roditelja mo\u017ee izbaciti iz tra\u010dnica logi\u010dnog obja\u0161njena neobi\u010dnih pojava kod djece, ova predstava svojim jednostavnim i duhovitim \u017eivotnim situac\u0133ama s novim \u010dlanom obitelji Knezovi\u0107 (koji za neke postoji, a za druge ne postoji), daje lako\u0107u i jednostavnost kojom nas povezuje sa svakim likom i tjera da konstantno preispitujemo\u00a0 postojanje onog \u010dega nema ili mo\u017eda ima, ili mo\u017eda\u2026Ukratko, Stanko je jednog prekrasnog dana doma doveo Janka, svog imaginarnog pr\u0133atelja Janka\u2026<br \/>\nStoga, upitajte se \u0161to \u0107ete u\u010diniti vi kad va\u0161e d\u0133ete, toliko sli\u010dno, a opet toliko druga\u010d\u0133e od ostale djece, ku\u0107i dovede Janka, ili Janku, ili Zdenku, ili \u2026<\/p>\n<p><strong>Trajanje:\u00a0<\/strong>45min<br \/>\n<strong>Dob:\u00a0<\/strong>6+ (ni\u017ei i vi\u0161i razredi osnovne \u0161kole)<\/p>\n<p><strong>KRITIKA:<\/strong><br \/>\n<strong><a href=\"http:\/\/kritikaz.com\/vijesti\/kritike\/39814\/Stanko-i-njegov-Janko!-Ili-obrnuto?\">Stanko i njegov Janko! Ili obrnuto? \u2013 KRITIKAZ<\/a><\/strong>[\/vc_column_text][\/vc_column][\/vc_row]\n<\/div>","protected":false},"excerpt":{"rendered":"<p>[vc_row equal_height=&#8221;yes&#8221; content_placement=&#8221;middle&#8221;][vc_column width=&#8221;1\/3&#8243;][vc_single_image image=&#8221;48455&#8243; img_size=&#8221;full&#8221; alignment=&#8221;center&#8221; css=&#8221;&#8221;][\/vc_column][vc_column width=&#8221;2\/3&#8243;][vc_custom_heading text=&#8221;Ru\u010dak za \u0161estero (2018.)&#8221; css=&#8221;&#8221;][vc_column_text css=&#8221;&#8221;]26. rujna 2018.[\/vc_column_text][\/vc_column][\/vc_row][vc_row][vc_column][vc_column_text css=&#8221;&#8221;]Kazali\u0161na dru\u017eina Pinklec u koprodukciji s Umjetni\u010dkom organizacijom GLLUGL iz Vara\u017edina \u201eRU\u010cAK ZA \u0160ESTERO\u201c (lutkarska predstava) Premijera: 3.10. 2018. Centar za mlade Vara\u017edin 7.10.2018. Centar za kulturu \u010cakovec Autorica teksta:\u00a0Tamara Ku\u010dinovi\u0107 Re\u017eija: Tamara Ku\u010dinovi\u0107 Dramaturgija:\u00a0Filip Eldan Scenografija:\u00a0Ivana \u017divkovi\u0107 i Sheron Pimpi \u2013 Steiner [&hellip;]<\/p>\n","protected":false},"author":2,"featured_media":0,"parent":0,"menu_order":0,"comment_status":"closed","ping_status":"closed","template":"","meta":{"inline_featured_image":false,"footnotes":""},"class_list":["post-48883","page","type-page","status-publish","hentry"],"ulaznica_data":null,"_links":{"self":[{"href":"https:\/\/czk-cakovec.hr\/saturn\/wp-json\/wp\/v2\/pages\/48883","targetHints":{"allow":["GET"]}}],"collection":[{"href":"https:\/\/czk-cakovec.hr\/saturn\/wp-json\/wp\/v2\/pages"}],"about":[{"href":"https:\/\/czk-cakovec.hr\/saturn\/wp-json\/wp\/v2\/types\/page"}],"author":[{"embeddable":true,"href":"https:\/\/czk-cakovec.hr\/saturn\/wp-json\/wp\/v2\/users\/2"}],"replies":[{"embeddable":true,"href":"https:\/\/czk-cakovec.hr\/saturn\/wp-json\/wp\/v2\/comments?post=48883"}],"version-history":[{"count":3,"href":"https:\/\/czk-cakovec.hr\/saturn\/wp-json\/wp\/v2\/pages\/48883\/revisions"}],"predecessor-version":[{"id":48886,"href":"https:\/\/czk-cakovec.hr\/saturn\/wp-json\/wp\/v2\/pages\/48883\/revisions\/48886"}],"wp:attachment":[{"href":"https:\/\/czk-cakovec.hr\/saturn\/wp-json\/wp\/v2\/media?parent=48883"}],"curies":[{"name":"wp","href":"https:\/\/api.w.org\/{rel}","templated":true}]}}