{"id":48888,"date":"2025-12-23T10:41:28","date_gmt":"2025-12-23T09:41:28","guid":{"rendered":"https:\/\/czk-cakovec.hr\/?page_id=48888"},"modified":"2025-12-23T13:52:11","modified_gmt":"2025-12-23T12:52:11","slug":"robinson-crusoe-ili-o-usamljenosti","status":"publish","type":"page","link":"https:\/\/czk-cakovec.hr\/saturn\/robinson-crusoe-ili-o-usamljenosti\/","title":{"rendered":"Robinson Crusoe ili o usamljenosti"},"content":{"rendered":"<div class=\"wpb-content-wrapper\">[vc_row equal_height=&#8221;yes&#8221; content_placement=&#8221;middle&#8221;][vc_column width=&#8221;1\/3&#8243;][vc_single_image image=&#8221;48456&#8243; img_size=&#8221;large&#8221; alignment=&#8221;center&#8221; css=&#8221;&#8221;][\/vc_column][vc_column width=&#8221;2\/3&#8243;][vc_custom_heading text=&#8221;Robinson Crusoe ili o usamljenosti (2018.)&#8221; css=&#8221;&#8221;][vc_column_text css=&#8221;&#8221;]27. srpnja 2018[\/vc_column_text][\/vc_column][\/vc_row][vc_row][vc_column][vc_column_text css=&#8221;&#8221;]<strong>KAZALI\u0160NA DRU\u017dINA PINKLEC<\/strong><\/p>\n<p><strong>ROBINSON CRUSOE ili o usamljenosti<br \/>\n<\/strong><em>Prema romanu Daniela Defoea adaptirao Bruno Margeti\u0107<\/em><strong><br \/>\n<\/strong><em>Premijera 16. rujna 2018. u Centru za kulturu \u010cakovec<br \/>\n<\/em>Monodrama<\/p>\n<p><strong>Re\u017eija<\/strong>: Morana Dolenc<br \/>\n<strong>Dramaturgija<\/strong>: Bruno Margeti\u0107<br \/>\n<strong>Igra<\/strong>: Bruno Kontrec<br \/>\n<strong>Scenografija<\/strong>: Bruno Kontrec<br \/>\n<strong>Izrada scenografije:<\/strong>\u00a0Bruno Kontrec, Darko Vrbanec, Davor Tkalec<br \/>\n<strong>Glazba<\/strong>: Luka Vrbanec<br \/>\n<strong>Scenski pokret:<\/strong>\u00a0Petra Pr\u0161a<br \/>\n<strong>Oblikovanje svjetla i specijalni efekti:<\/strong>\u00a0Ivan \u0160trok<br \/>\n<strong>Izvr\u0161ni producent:<\/strong>\u00a0Romano Bogdan<br \/>\n<strong>Majstor rasvjete:<\/strong>\u00a0Mario Zelenbaba<br \/>\n<strong>Majstor tona:<\/strong>\u00a0Mario Dvanaj\u0161\u010dak<br \/>\n<strong>Graficko oblikovanje:<\/strong>\u00a0Bruno Kontrec<\/p>\n<p><strong>\u00a0<\/strong><strong>O predstavi:<\/strong><\/p>\n<p>Predstava Robinson Crusoe nastala je prema poznatom romanu Daniela Defoea, a donosi pri\u010du o mladom Robinsonu koji se, unato\u010d roditeljskom protivljenju pa i vlastitom strahu, jednog jutra kona\u010dno odlu\u010dio priklju\u010diti posadi nekog broda i otisnuti na more, na valove, u nepoznato.<\/p>\n<p>Zatim je do\u017eivio brodolom.<\/p>\n<p>Sljede\u0107ih je 30 godina vlastitog \u017eivota, onih godina u kojima je bio u \u2018naponu snage\u2019, proveo na zaba\u010denom otoku usred oceana \u2013 sam. Odluka da se ipak upusti u avanturu mora, unato\u010d svima i svemu, pa i unato\u010d sebi, dovela ga je u nezavidnu izolaciju i prisilila ga da upozna samoga sebe, ali i da sebe iznova stvori. Robinson je tek na otoku otkrio koliko mu i na koje na\u010dine udobnost doma nedostaje, i to prvenstveno u malim, prakti\u010dnim stvarima koje mnogi od nas ovako, u sigurnom okru\u017eenju ljudskih zajednica, uzimamo zdravo za gotovo.<\/p>\n<p>Tako je Robinson morao nau\u010diti promatrati prirodu kao svojeg prijatelja i neprijatelja: vjetar i ki\u0161a upravljali su njegovim odlukama, godi\u0161nja doba nau\u010dila su ga kalendaru, sirova hrana prisilila ga je kuhati, tama no\u0107i dovela ga je vatri\u2026<\/p>\n<p>Kako je vrijeme u izolaciji odmicalo, Robinson je postajao sposobniji i u nepoznatom je komadi\u0107u kopna na kojem je spasio goli \u017eivot, prona\u0161ao dom, uto\u010di\u0161te i sigurnost. Stvorio ih je mukotrpnim radom, vlastitom domi\u0161ljato\u0161\u0107u i nevjerojatnom upornosti.<\/p>\n<p>Ono \u0161to nikako nije mogao stvoriti, ono \u0161to mu je predstavljalo najve\u0107i teret i \u010demu se iznova i iznova u vapajima vra\u0107ao, bilo je drugo ljudsko bi\u0107e.<\/p>\n<p>Predstava Robinson Crusoe tako je svjedo\u010danstvo o volji i snazi ljudskog bi\u0107a, o hrabrosti, upornosti i radu, ali i samo\u0107i. Ostvarena kao monodrama, predstava nasuprot gledateljima postavlja izlo\u017eenog i usamljenog glumca, na zaba\u010denu scenu usred nepreglednog oceana ukradene pa\u017enje mladog gledateljstva.<\/p>\n<p>Tako predstava prikazuje i isku\u0161ava ljudski najdublji i najsna\u017eniji nagon, onaj za pre\u017eivljavanjem, kako Robinsona, tako i kazali\u0161nog glumca.<\/p>\n<p><strong>Trajanje:\u00a0<\/strong>45 minuta<br \/>\n<strong>Dob:\u00a0<\/strong>10 + (vi\u0161i razredi osnovne \u0161kole i srednjo\u0161kolci)<\/p>\n<p>Zahvaljujemo Centru KNAP koji je udomio Robinsona u Zagrebu, Jasenki i Mariju koji su udomili Brunu i Minji koja je udomila Robinsonovu ekipu u \u010cakovcu.<\/p>\n<p>KRITIKA:<br \/>\n<strong><a href=\"http:\/\/kritikaz.com\/vijesti\/Intervjui\/39818\/Rje%C4%8Ditost_tijela_i_zvuka,_svjetla_i_scene?fbclid=IwAR1TsTThN1gls2je03PjZqctZQa0bj-KJ4G2mgdj-r40KyaSwkTyv6TuCo8\">Rje\u010ditost tijela i zvuka, svjetla i scene \u2013 KRITIKAZ<\/a><\/strong>[\/vc_column_text][\/vc_column][\/vc_row][vc_row][vc_column][vc_gallery type=&#8221;image_grid&#8221; images=&#8221;48890,48891,48892,48893,48894,48895,48896,48897,48898,48899,48900,48901,48902,48903,48904,48905,48906,48907,48908,48909&#8243; css=&#8221;&#8221;][\/vc_column][\/vc_row]\n<\/div>","protected":false},"excerpt":{"rendered":"<p>[vc_row equal_height=&#8221;yes&#8221; content_placement=&#8221;middle&#8221;][vc_column width=&#8221;1\/3&#8243;][vc_single_image image=&#8221;48456&#8243; img_size=&#8221;large&#8221; alignment=&#8221;center&#8221; css=&#8221;&#8221;][\/vc_column][vc_column width=&#8221;2\/3&#8243;][vc_custom_heading text=&#8221;Robinson Crusoe ili o usamljenosti (2018.)&#8221; css=&#8221;&#8221;][vc_column_text css=&#8221;&#8221;]27. srpnja 2018[\/vc_column_text][\/vc_column][\/vc_row][vc_row][vc_column][vc_column_text css=&#8221;&#8221;]KAZALI\u0160NA DRU\u017dINA PINKLEC ROBINSON CRUSOE ili o usamljenosti Prema romanu Daniela Defoea adaptirao Bruno Margeti\u0107 Premijera 16. rujna 2018. u Centru za kulturu \u010cakovec Monodrama Re\u017eija: Morana Dolenc Dramaturgija: Bruno Margeti\u0107 Igra: Bruno Kontrec Scenografija: Bruno Kontrec Izrada scenografije:\u00a0Bruno Kontrec, Darko [&hellip;]<\/p>\n","protected":false},"author":2,"featured_media":0,"parent":0,"menu_order":0,"comment_status":"closed","ping_status":"closed","template":"","meta":{"inline_featured_image":false,"footnotes":""},"class_list":["post-48888","page","type-page","status-publish","hentry"],"ulaznica_data":null,"_links":{"self":[{"href":"https:\/\/czk-cakovec.hr\/saturn\/wp-json\/wp\/v2\/pages\/48888","targetHints":{"allow":["GET"]}}],"collection":[{"href":"https:\/\/czk-cakovec.hr\/saturn\/wp-json\/wp\/v2\/pages"}],"about":[{"href":"https:\/\/czk-cakovec.hr\/saturn\/wp-json\/wp\/v2\/types\/page"}],"author":[{"embeddable":true,"href":"https:\/\/czk-cakovec.hr\/saturn\/wp-json\/wp\/v2\/users\/2"}],"replies":[{"embeddable":true,"href":"https:\/\/czk-cakovec.hr\/saturn\/wp-json\/wp\/v2\/comments?post=48888"}],"version-history":[{"count":4,"href":"https:\/\/czk-cakovec.hr\/saturn\/wp-json\/wp\/v2\/pages\/48888\/revisions"}],"predecessor-version":[{"id":49260,"href":"https:\/\/czk-cakovec.hr\/saturn\/wp-json\/wp\/v2\/pages\/48888\/revisions\/49260"}],"wp:attachment":[{"href":"https:\/\/czk-cakovec.hr\/saturn\/wp-json\/wp\/v2\/media?parent=48888"}],"curies":[{"name":"wp","href":"https:\/\/api.w.org\/{rel}","templated":true}]}}