{"id":48913,"date":"2025-12-23T10:45:07","date_gmt":"2025-12-23T09:45:07","guid":{"rendered":"https:\/\/czk-cakovec.hr\/?page_id=48913"},"modified":"2025-12-23T13:53:40","modified_gmt":"2025-12-23T12:53:40","slug":"do-videnja","status":"publish","type":"page","link":"https:\/\/czk-cakovec.hr\/saturn\/do-videnja\/","title":{"rendered":"Do vi\u0111enja"},"content":{"rendered":"<div class=\"wpb-content-wrapper\">[vc_row equal_height=&#8221;yes&#8221; content_placement=&#8221;middle&#8221;][vc_column width=&#8221;1\/3&#8243;][vc_single_image image=&#8221;48458&#8243; img_size=&#8221;full&#8221; alignment=&#8221;center&#8221; css=&#8221;&#8221;][\/vc_column][vc_column width=&#8221;2\/3&#8243;][vc_custom_heading text=&#8221;Do vi\u0111enja (2018.)&#8221; css=&#8221;&#8221;][vc_column_text css=&#8221;&#8221;]30. O\u017eujka 2018.[\/vc_column_text][\/vc_column][\/vc_row][vc_row][vc_column][vc_column_text css=&#8221;&#8221;]<strong>Kazali\u0161na dru\u017eina Pinklec<br \/>\n<\/strong><strong>\u201dDO VI\u0110ENJA\u201d<br \/>\n<\/strong><em>(Lutkarska predstava)<\/em><\/p>\n<p><strong>8.4. 2018. u 16 sati u Centru za kulturu \u010cakovec \u2013 1. PREMIJERA<br \/>\n15.4. 2018. u 16 sati u Centru za kulturu \u010cakovec \u2013 2. PREMIJERA<\/strong><\/p>\n<p>Redatelj: Romano Bogdan<br \/>\nDramaturgija: Tanja Novak<br \/>\nScenografija i oblikovanje lutaka: Lidija Matulin<br \/>\nGlazba: Bojan Miljan\u010di\u0107<br \/>\nOblikovanje rasvjete: Neven Taradi<br \/>\nIzrada scenografije: Davor Tkalec<\/p>\n<p>Igraju: Davor Dokleja, Karolina Horvat i Mario Jak\u0161i\u0107<\/p>\n<p>O predstavi:<\/p>\n<p>\u201eDo vi\u0111enja\u201c, lutkarska predstava Kazali\u0161ne dru\u017eine Pinklec, donosi pri\u010du o prijateljstvu. Kroz topao sadr\u017eaj o zbli\u017eavanju i rastanku glavnih likova, lava i pti\u010dice, na djeci razumljiv i katarzi\u010dan na\u010din, predstava problematizira klju\u010dne razvojne faze u \u017eivotu svakog djeteta \u2013\u00a0 privr\u017eenost i separaciju.<br \/>\nNastala po motivima slikovnice \u201eLav i ptica\u201c kanadske autorice Marianne Dubuc, predstava na nenametljiv na\u010din nosi poruku: \u201e\u0160to u\u010dini\u0161 nekome drugome dar je samome sebi.\u201c<br \/>\nKada jednog jesenjeg dana u blizini svoga vrta lav prona\u0111e ozlije\u0111enu pti\u010dicu, odlu\u010di joj pomo\u0107i.\u00a0 Budu\u0107i da su sve ptice ve\u0107 odletjele na jug, ponudi joj zajedni\u010dki su\u017eivot, te je odvede svojoj ku\u0107i. Ure\u0111ena biranim detaljima, ku\u0107ica je udoban i topao dom, u kojem pratimo tijek njihove svakodnevice, ure\u0111ene oko dnevnih i ve\u010dernjih rituala. Postepeno postajemo svjedoci ra\u0111anja divnog prijateljstva. Ipak, na prolje\u0107e, kad se vrate ptice s dalekog juga, pti\u010dica odlazi s jatom. \u0160to \u0107e se dogoditi s lavom i \u0161to \u0107e biti od njihovog prijateljstva?<br \/>\nU ovoj predstavi, vi\u0161e desetlje\u0107a njegovana estetika Kazali\u0161ne dru\u017eine Pinklec, usmjerena je na likovnost i animaciju, pa se radnja bazira na \u010daroliji stvaranja i rastvaranja lijepih slika\u00a0<em>in situ.\u00a0<\/em>Slike su to svakodnevice, repetitivnih radnji koje se u na\u0161im \u017eivotima ponavljaju nebrojeno puta, kao npr. spremanje za po\u010dinak, a \u010dije sivilo, zahvaljuju\u0107i dijeljenju trenutka s drugim, poprima sasvim novi kolorit. Tekst je oskudan, slu\u017ei kao smjerokaz za linearno poslo\u017eenu naraciju u kojoj jednostavni, ali topli i dirljivi prizori govore za sebe.<\/p>\n<p><strong>Trajanje: 40 minuta<br \/>\n<\/strong><strong>Dob: 4+ (pred\u0161kolska dob i ni\u017ei razredi osnovne \u0161kole)<\/strong><\/p>\n<p>NAGRADE:<\/p>\n<p><strong><u>21. Susret profesionalnih kazali\u0161ta za djecu i mlade Assitej, \u010cakovec 2018.<br \/>\n<\/u><\/strong><strong>Nagrada za re\u017eiju:<br \/>\n<\/strong>Romano Bogdan za predstavu \u201dDO VI\u0110ENJA\u201d u izvedbi Kazali\u0161ne dru\u017eine Pinklec<\/p>\n<p><strong>KRITIKA:<br \/>\n<a href=\"http:\/\/kritikaz.com\/vijesti\/kritike\/36729\/Prijateljstvo-ja%C4%8De-od-naravi\">Prijateljstvo ja\u010de od naravi \u2013 KRITIKAZ<\/a><\/strong><\/p>\n<p><strong>\u00a0<\/strong><\/p>\n<p>Tehni\u010dki rider \/ Technical rider:<br \/>\n<a href=\"http:\/\/kdpinklec.com\/wp-content\/uploads\/2018\/03\/TECHNICAL-REQUIREMENTS-SO-LONG.pdf\">TECHNICAL REQUIREMENTS SO LONG<\/a>[\/vc_column_text][\/vc_column][\/vc_row]\n<\/div>","protected":false},"excerpt":{"rendered":"<p>[vc_row equal_height=&#8221;yes&#8221; content_placement=&#8221;middle&#8221;][vc_column width=&#8221;1\/3&#8243;][vc_single_image image=&#8221;48458&#8243; img_size=&#8221;full&#8221; alignment=&#8221;center&#8221; css=&#8221;&#8221;][\/vc_column][vc_column width=&#8221;2\/3&#8243;][vc_custom_heading text=&#8221;Do vi\u0111enja (2018.)&#8221; css=&#8221;&#8221;][vc_column_text css=&#8221;&#8221;]30. O\u017eujka 2018.[\/vc_column_text][\/vc_column][\/vc_row][vc_row][vc_column][vc_column_text css=&#8221;&#8221;]Kazali\u0161na dru\u017eina Pinklec \u201dDO VI\u0110ENJA\u201d (Lutkarska predstava) 8.4. 2018. u 16 sati u Centru za kulturu \u010cakovec \u2013 1. PREMIJERA 15.4. 2018. u 16 sati u Centru za kulturu \u010cakovec \u2013 2. PREMIJERA Redatelj: Romano Bogdan Dramaturgija: Tanja Novak Scenografija i oblikovanje lutaka: Lidija [&hellip;]<\/p>\n","protected":false},"author":2,"featured_media":0,"parent":0,"menu_order":0,"comment_status":"closed","ping_status":"closed","template":"","meta":{"inline_featured_image":false,"footnotes":""},"class_list":["post-48913","page","type-page","status-publish","hentry"],"ulaznica_data":null,"_links":{"self":[{"href":"https:\/\/czk-cakovec.hr\/saturn\/wp-json\/wp\/v2\/pages\/48913","targetHints":{"allow":["GET"]}}],"collection":[{"href":"https:\/\/czk-cakovec.hr\/saturn\/wp-json\/wp\/v2\/pages"}],"about":[{"href":"https:\/\/czk-cakovec.hr\/saturn\/wp-json\/wp\/v2\/types\/page"}],"author":[{"embeddable":true,"href":"https:\/\/czk-cakovec.hr\/saturn\/wp-json\/wp\/v2\/users\/2"}],"replies":[{"embeddable":true,"href":"https:\/\/czk-cakovec.hr\/saturn\/wp-json\/wp\/v2\/comments?post=48913"}],"version-history":[{"count":4,"href":"https:\/\/czk-cakovec.hr\/saturn\/wp-json\/wp\/v2\/pages\/48913\/revisions"}],"predecessor-version":[{"id":49261,"href":"https:\/\/czk-cakovec.hr\/saturn\/wp-json\/wp\/v2\/pages\/48913\/revisions\/49261"}],"wp:attachment":[{"href":"https:\/\/czk-cakovec.hr\/saturn\/wp-json\/wp\/v2\/media?parent=48913"}],"curies":[{"name":"wp","href":"https:\/\/api.w.org\/{rel}","templated":true}]}}