{"id":48918,"date":"2025-12-23T10:49:44","date_gmt":"2025-12-23T09:49:44","guid":{"rendered":"https:\/\/czk-cakovec.hr\/?page_id=48918"},"modified":"2025-12-23T13:54:13","modified_gmt":"2025-12-23T12:54:13","slug":"petrica-kerempuh","status":"publish","type":"page","link":"https:\/\/czk-cakovec.hr\/saturn\/petrica-kerempuh\/","title":{"rendered":"Petrica kerempuh"},"content":{"rendered":"<div class=\"wpb-content-wrapper\">[vc_row equal_height=&#8221;yes&#8221; content_placement=&#8221;middle&#8221;][vc_column width=&#8221;1\/3&#8243;][vc_single_image image=&#8221;48459&#8243; img_size=&#8221;large&#8221; alignment=&#8221;center&#8221; css=&#8221;&#8221;][\/vc_column][vc_column width=&#8221;2\/3&#8243;][vc_custom_heading text=&#8221;Petrica Kerempuh (2017.)&#8221; css=&#8221;&#8221;][vc_column_text css=&#8221;&#8221;]28.rujna 2017[\/vc_column_text][\/vc_column][\/vc_row][vc_row][vc_column][vc_column_text css=&#8221;&#8221;]<strong>Kazali\u0161na dru\u017eina Pinklec u koprodukciji s Medley teatrom iz Zagreba<\/strong><\/p>\n<p><strong>PETRICA KEREMPUH<br \/>\n<em>(Mono-mjuzikl)<\/em><\/strong><\/p>\n<p><em>Premijera 1.10.2017. u Centru za kulturu \u010cakovec<br \/>\n<\/em><em>Premijera 2.11. 2017. u Kazali\u0161tu Tre\u0161nja, Zagreb<\/em><\/p>\n<p><strong>Tekst<\/strong>: Igor Weidlich (prema motivima Slavka Mihali\u0107a i hrvatskih narodnih pripovjedaka)<\/p>\n<p><strong>Re\u017eija<\/strong>: Lovro Krsnik<\/p>\n<p><strong>Igra<\/strong>: Igor Baksa<\/p>\n<p><strong>Dramaturgija i autor teksta<\/strong>: Igor Weidlich<\/p>\n<p><strong>Dramatizacija:<\/strong>\u00a0Igor Weidlich i Igor Baksa<br \/>\n<strong>Likovno oblikovanje predstave:<\/strong>\u00a0Katarina Rado\u0161evi\u0107 Gali\u0107<\/p>\n<p><strong>Glazba<\/strong>: Trpimir Jerkovi\u0107, Igor Baksa<\/p>\n<p><strong>Grafi\u010dki dizajn<\/strong>: Darko Kri\u017enik<\/p>\n<p><strong>Oblikovanje rasvjete:<\/strong>\u00a0Zdenko Trandler<\/p>\n<p><strong>O predstavi:<\/strong><\/p>\n<p>Petrica Kerempuh kroz svoju glazbeno-scensku avanturu pri\u010da pri\u010du o sebi i svojim stalnim borbama protiv ljudske zlo\u0107e. Predmete iz svog kofera, pa \u010dak i dijelove svog tijela pretvara u lutke svog urnebesnog cabareta. Ne samo da svira tamburu, ve\u0107 i pjeva na razli\u010ditim narje\u010djima Lijepe Na\u0161e, o\u017eivljavaju\u0107i dogodov\u0161tine sa svojih putovanja. A uza sve to jo\u0161 stigne biti zaljubljen. Ima ritam, ima sluh, za dobre dobar kao kruh, za zlo\u010deste je gadni bruh \u2013 Petrica Kerempuh!<\/p>\n<p>Lik Petrice Kerempuha europske je knji\u017eevne provenijencije, jer je svojevrsna varijanta Tilla Eulenspiegela iz njema\u010dke knji\u017eevne tradicije, ali je u kajkavskim pu\u010dkim legendama i predajama poprimio mnogobrojne zna\u010dajke kajkavske sredine i podneblja koje ga je pod svojim imenom i prihvatilo, daju\u0107i mu, osim jezika svoj duh i mentalitet.<\/p>\n<p>Kao pu\u010dki zabavlja\u010d, \u00bbprok\u0161enjak\u00ab, dovitljivac, lakrdija\u0161, otkriva\u010d i ka\u017enjavatelj ljudske gluposti i, sve u svemu, vrlo \u017eivopisni lik iz narodne predaje, on je istovremeno i personifikacija vedrog, domi\u0161ljatog i buntovnog duha \u201emalog \u010dovjeka\u201c iz naroda. Slijedom toga, a sasvim logi\u010dno, Petrica se bavi svim i sva\u010dim da bi pre\u017eivio. Pa zato kazali\u0161na forma koja prikazuje jednu takvu \u017eivopisnu osobnost u ovom projektu objedinjuje dramski, gluma\u010dki, likovni, glazbeni, lutkarski, plesni i instrumentalni vid umjetnosti.<\/p>\n<p>Monolo\u0161koj formi kroz koju Petrica pri\u010da, prikazuje i u\u017eivljava se u autobiografsku pri\u010du te\u0161ko je odrediti \u017eanr budu\u0107i da je pro\u017eeta mnogim elementima koje ina\u010de ne susre\u0107emo zajedno u sklopu jedne te iste predstave, dok u ovoj predstavi meandriraju\u0107i tvore zabavno-pou\u010dnu interaktivnu dramsko-scensku igru za djecu: storytelling, lutkarstvo, mjuzikl, \u017eiva glazba, interakcija s djecom, cabaret.<\/p>\n<p><strong>Trajanje:<\/strong>\u00a045 min<br \/>\n<strong>Dob<\/strong>: 4+ (pred\u0161kolci i ni\u017ei razredi osnovne \u0161kole)[\/vc_column_text][\/vc_column][\/vc_row][vc_row][vc_column][vc_gallery type=&#8221;image_grid&#8221; images=&#8221;48920,48921,48922,48923,48924,48925,48926,48927,48928,48929,48930,48931,48932,48933,48934,48935&#8243; css=&#8221;&#8221;][\/vc_column][\/vc_row]\n<\/div>","protected":false},"excerpt":{"rendered":"<p>[vc_row equal_height=&#8221;yes&#8221; content_placement=&#8221;middle&#8221;][vc_column width=&#8221;1\/3&#8243;][vc_single_image image=&#8221;48459&#8243; img_size=&#8221;large&#8221; alignment=&#8221;center&#8221; css=&#8221;&#8221;][\/vc_column][vc_column width=&#8221;2\/3&#8243;][vc_custom_heading text=&#8221;Petrica Kerempuh (2017.)&#8221; css=&#8221;&#8221;][vc_column_text css=&#8221;&#8221;]28.rujna 2017[\/vc_column_text][\/vc_column][\/vc_row][vc_row][vc_column][vc_column_text css=&#8221;&#8221;]Kazali\u0161na dru\u017eina Pinklec u koprodukciji s Medley teatrom iz Zagreba PETRICA KEREMPUH (Mono-mjuzikl) Premijera 1.10.2017. u Centru za kulturu \u010cakovec Premijera 2.11. 2017. u Kazali\u0161tu Tre\u0161nja, Zagreb Tekst: Igor Weidlich (prema motivima Slavka Mihali\u0107a i hrvatskih narodnih pripovjedaka) Re\u017eija: Lovro Krsnik Igra: Igor Baksa Dramaturgija [&hellip;]<\/p>\n","protected":false},"author":2,"featured_media":0,"parent":0,"menu_order":0,"comment_status":"closed","ping_status":"closed","template":"","meta":{"inline_featured_image":false,"footnotes":""},"class_list":["post-48918","page","type-page","status-publish","hentry"],"ulaznica_data":null,"_links":{"self":[{"href":"https:\/\/czk-cakovec.hr\/saturn\/wp-json\/wp\/v2\/pages\/48918","targetHints":{"allow":["GET"]}}],"collection":[{"href":"https:\/\/czk-cakovec.hr\/saturn\/wp-json\/wp\/v2\/pages"}],"about":[{"href":"https:\/\/czk-cakovec.hr\/saturn\/wp-json\/wp\/v2\/types\/page"}],"author":[{"embeddable":true,"href":"https:\/\/czk-cakovec.hr\/saturn\/wp-json\/wp\/v2\/users\/2"}],"replies":[{"embeddable":true,"href":"https:\/\/czk-cakovec.hr\/saturn\/wp-json\/wp\/v2\/comments?post=48918"}],"version-history":[{"count":4,"href":"https:\/\/czk-cakovec.hr\/saturn\/wp-json\/wp\/v2\/pages\/48918\/revisions"}],"predecessor-version":[{"id":49262,"href":"https:\/\/czk-cakovec.hr\/saturn\/wp-json\/wp\/v2\/pages\/48918\/revisions\/49262"}],"wp:attachment":[{"href":"https:\/\/czk-cakovec.hr\/saturn\/wp-json\/wp\/v2\/media?parent=48918"}],"curies":[{"name":"wp","href":"https:\/\/api.w.org\/{rel}","templated":true}]}}