{"id":48939,"date":"2025-12-23T10:54:46","date_gmt":"2025-12-23T09:54:46","guid":{"rendered":"https:\/\/czk-cakovec.hr\/?page_id=48939"},"modified":"2025-12-23T13:54:59","modified_gmt":"2025-12-23T12:54:59","slug":"superjunaci","status":"publish","type":"page","link":"https:\/\/czk-cakovec.hr\/saturn\/superjunaci\/","title":{"rendered":"Superjunaci"},"content":{"rendered":"<div class=\"wpb-content-wrapper\">[vc_row equal_height=&#8221;yes&#8221; content_placement=&#8221;middle&#8221;][vc_column width=&#8221;1\/3&#8243;][vc_single_image image=&#8221;48461&#8243; img_size=&#8221;full&#8221; alignment=&#8221;center&#8221; css=&#8221;&#8221;][\/vc_column][vc_column width=&#8221;2\/3&#8243;][vc_custom_heading text=&#8221;Superjunaci (2017.)&#8221; css=&#8221;&#8221;][vc_column_text css=&#8221;&#8221;]21.kolovoza 2017[\/vc_column_text][\/vc_column][\/vc_row][vc_row][vc_column][vc_column_text css=&#8221;&#8221;]<strong>SUPERJUNACI<\/strong><br \/>\nRakhal Herrero<br \/>\n1. Premijera 3.9.2017., Centar za kulturu \u010cakovec<br \/>\n2. Premijera 15.9.2017., KNAP, Zagreb<br \/>\nDramsko-plesna predstava<\/p>\n<p><strong>Koreografija<\/strong>: Rakhal Herrero i Damian Cortes Alberti<br \/>\n<strong>Redatelj<\/strong>: Renata Carola Gatica<br \/>\n<strong>Dramaturgija<\/strong>: Dunja Fajdi\u0107<br \/>\n<strong>Asistentica koreografije i re\u017eije:<\/strong>\u00a0Laura Aguerreberry<br \/>\n<strong>Prijevod<\/strong>: Nikolina \u017didek<br \/>\n<strong>Glazba<\/strong>: Rakhal Herrero<br \/>\n<strong>Oblikovanje zvuka:<\/strong>\u00a0Luka Vrbani\u0107<br \/>\n<strong>Scenografija:<\/strong>\u00a0Rakhal Herrero<br \/>\n<strong>Kostimografija<\/strong>: Hana Letica<br \/>\n<strong>Oblikovanje rasvjete:<\/strong>\u00a0Rakhal Herrero<br \/>\n<strong>Fotografija<\/strong>: Mario Jak\u0161i\u0107<br \/>\n<strong>Grafi\u010dko oblikovanje:<\/strong>\u00a0Bruno Kontrec<br \/>\n<strong>Igraju<\/strong>: Karolina Horvat, Maja Kova\u010d, Dunja Fajdi\u0107, Bruno Kontrec, Mario Jak\u0161i\u0107, Jurica Mar\u010dec<\/p>\n<p><strong>Produkcija<\/strong>: Kazali\u0161na dru\u017eina Pinklec i Teatar Poco Loco<br \/>\n<strong>Umjetni\u010dki ravnatelj KD Pinklec:<\/strong>\u00a0Romano Bogdan<br \/>\n<strong>Ravnateljice Teatra Poco Loco:<\/strong>\u00a0Maja Kati\u0107 i Zrinka Ku\u0161evi\u0107<br \/>\n<strong>Asistenti produkcije:<\/strong>\u00a0Ivana Cirimoti\u0107 i Davor Dokleja<\/p>\n<p><strong>O predstavi<\/strong>:<br \/>\nTeatar Poco Loco i Kazali\u0161na dru\u017eina Pinklec predstavljaju novu predstavu za velike i male: Superjunake. Banda Zli na \u010delu sa opakim Kobrom ima samo jedan cilj \u2013 apsolutno uni\u0161tenje umjetnosti na Zemlji. Koja je svrha kazali\u0161ta? \u010cemu knji\u017eevnost? Za\u0161to ples? Tko pjeva zlo ne misli? Zbilja?! Uzvi\u0161eni Kosmos i njegovi sljedbenici, banda Dobri, jedini mogu spasiti Zemlju od namjera Zlih. Dobri i zli superjunaci suprotstavit \u0107e svoje fantasti\u010dne mo\u0107i, a mi \u0107emo saznati odgovore na mnoga pitanja va\u017ena za opstanak Zemlje: ima li mjesta za umjetnost u budu\u0107nosti \u010dovje\u010danstva, je li ljubav zaista najsna\u017enija sila i tko je misti\u010dni Miljenko?!<br \/>\nSuperjunaci nova je predstava Teatra Poco Loco i Kazali\u0161ne dru\u017eine Pinklec, nezavisnih kazali\u0161ta koji nastavljaju istra\u017eivati nove kazali\u0161ne oblike i teme va\u017ene za mladu publiku.<br \/>\nRedateljica Renata Carola Gatica (Pipi Duga\u010darapa, Mala djeca veliki ljudi, Pri\u010da mi se pri\u010da, Oto\u010di\u0107i, Som na cilom svitu, Pola Pola, Ritam Tam, Durica, Ljubiti samo ljubiti) predvodi tim argentinskih autora. Raqhal Herrero idejni je autor predstave i glazbe, dok koreogafiju supotpisuje s Damianom Cortesom Albertijem (hrvatskoj publici poznat po predstavama Argentina i Durica). Asistentica autorske ekipe je Laura Aguerreberry. Posebnost ove predstave su koreografirane borbe superjunaka stvorene iz elemenata plesa i razli\u010ditih borila\u010dkih vje\u0161tina. Uz ples, cijelu predstavu prati i atraktivna glazba razli\u010ditih \u017eanrova (opera, hip hop, tehno) stvaraju\u0107i atmosferu svijeta na granici realnosti i fikcije. Cijela pri\u010da parafrazira filmove i crti\u0107e o superjunacima koje djeca svakodnevno prate, stvaraju\u0107i vrlo tanku granicu izme\u0111u igre i stvarnosti, borbe i plesa, s vrlo jasnom porukom o tome da nasilju treba re\u0107i NE. Dijalog, stvarala\u0161tvo, ljubav i po\u0161tovanje prema drugima \u2013 to su supermo\u0107i koje spa\u0161avaju \u017eivote.<\/p>\n<p><strong>Trajanje:<\/strong>\u00a050 minuta<br \/>\n<strong>Dob:<\/strong>\u00a08 + (ni\u017ei i vi\u0161i razredi osnovne \u0161kole)<\/p>\n<p><strong>NAGRADE:<\/strong><br \/>\n<strong>Nominacija hrvatskog glumi\u0161ta<\/strong>\u00a0za najbolja gluma\u010dka ostvarenja u lutkarskim predstavama ili predstavama za djecu i mlade 2018.<br \/>\n<strong>Jurica Mar\u010dec<\/strong>\u00a0za ulogu Kozmosa u predstavi Superjunaci<\/p>\n<p>KRITIKA:<br \/>\n<strong><a href=\"http:\/\/kritikaz.com\/vijesti\/kritike\/34579\/Predstava-igra-koja-se-igra-samom-sobom\">Predstava-igra koja se igra samom sobom \u2013 KRITIKAZ<\/a><br \/>\n<a href=\"http:\/\/kritikaz.com\/vijesti\/Kritike\/34578\/Umjetnost_spa%C5%A1ava_%C5%BEivot\">Umjetnost spa\u0161ava \u017eivot \u2013 KRITIKAZ<\/a><\/strong>[\/vc_column_text][\/vc_column][\/vc_row][vc_row][vc_column][vc_gallery type=&#8221;image_grid&#8221; images=&#8221;48941,48942,48943,48944,48945,48946,48947,48948,48949,48950&#8243; css=&#8221;&#8221;][\/vc_column][\/vc_row]\n<\/div>","protected":false},"excerpt":{"rendered":"<p>[vc_row equal_height=&#8221;yes&#8221; content_placement=&#8221;middle&#8221;][vc_column width=&#8221;1\/3&#8243;][vc_single_image image=&#8221;48461&#8243; img_size=&#8221;full&#8221; alignment=&#8221;center&#8221; css=&#8221;&#8221;][\/vc_column][vc_column width=&#8221;2\/3&#8243;][vc_custom_heading text=&#8221;Superjunaci (2017.)&#8221; css=&#8221;&#8221;][vc_column_text css=&#8221;&#8221;]21.kolovoza 2017[\/vc_column_text][\/vc_column][\/vc_row][vc_row][vc_column][vc_column_text css=&#8221;&#8221;]SUPERJUNACI Rakhal Herrero 1. Premijera 3.9.2017., Centar za kulturu \u010cakovec 2. Premijera 15.9.2017., KNAP, Zagreb Dramsko-plesna predstava Koreografija: Rakhal Herrero i Damian Cortes Alberti Redatelj: Renata Carola Gatica Dramaturgija: Dunja Fajdi\u0107 Asistentica koreografije i re\u017eije:\u00a0Laura Aguerreberry Prijevod: Nikolina \u017didek Glazba: Rakhal Herrero Oblikovanje zvuka:\u00a0Luka Vrbani\u0107 Scenografija:\u00a0Rakhal [&hellip;]<\/p>\n","protected":false},"author":2,"featured_media":0,"parent":0,"menu_order":0,"comment_status":"closed","ping_status":"closed","template":"","meta":{"inline_featured_image":false,"footnotes":""},"class_list":["post-48939","page","type-page","status-publish","hentry"],"ulaznica_data":null,"_links":{"self":[{"href":"https:\/\/czk-cakovec.hr\/saturn\/wp-json\/wp\/v2\/pages\/48939","targetHints":{"allow":["GET"]}}],"collection":[{"href":"https:\/\/czk-cakovec.hr\/saturn\/wp-json\/wp\/v2\/pages"}],"about":[{"href":"https:\/\/czk-cakovec.hr\/saturn\/wp-json\/wp\/v2\/types\/page"}],"author":[{"embeddable":true,"href":"https:\/\/czk-cakovec.hr\/saturn\/wp-json\/wp\/v2\/users\/2"}],"replies":[{"embeddable":true,"href":"https:\/\/czk-cakovec.hr\/saturn\/wp-json\/wp\/v2\/comments?post=48939"}],"version-history":[{"count":4,"href":"https:\/\/czk-cakovec.hr\/saturn\/wp-json\/wp\/v2\/pages\/48939\/revisions"}],"predecessor-version":[{"id":49263,"href":"https:\/\/czk-cakovec.hr\/saturn\/wp-json\/wp\/v2\/pages\/48939\/revisions\/49263"}],"wp:attachment":[{"href":"https:\/\/czk-cakovec.hr\/saturn\/wp-json\/wp\/v2\/media?parent=48939"}],"curies":[{"name":"wp","href":"https:\/\/api.w.org\/{rel}","templated":true}]}}