{"id":48971,"date":"2025-12-23T11:04:15","date_gmt":"2025-12-23T10:04:15","guid":{"rendered":"https:\/\/czk-cakovec.hr\/?page_id=48971"},"modified":"2025-12-23T13:56:14","modified_gmt":"2025-12-23T12:56:14","slug":"puz-muz","status":"publish","type":"page","link":"https:\/\/czk-cakovec.hr\/saturn\/puz-muz\/","title":{"rendered":"Pu\u017e mu\u017e"},"content":{"rendered":"<div class=\"wpb-content-wrapper\">[vc_row equal_height=&#8221;yes&#8221; content_placement=&#8221;middle&#8221;][vc_column width=&#8221;1\/3&#8243;][vc_single_image image=&#8221;48464&#8243; img_size=&#8221;full&#8221; alignment=&#8221;center&#8221; css=&#8221;&#8221;][\/vc_column][vc_column width=&#8221;2\/3&#8243;][vc_custom_heading text=&#8221;Pu\u017e mu\u017e (2016.)&#8221; css=&#8221;&#8221;][vc_column_text css=&#8221;&#8221;]10. studenoga 2016[\/vc_column_text][\/vc_column][\/vc_row][vc_row][vc_column][vc_column_text css=&#8221;&#8221;]<strong>PU\u017d MU\u017d<br \/>\nTanja Novak<br \/>\n<\/strong><em>Premijera 20. studenog 2016. u Centru za kulturu \u010cakovec<\/em><br \/>\n<em>Dramska predstava<br \/>\n<\/em><strong><br \/>\nRe\u017eija:\u00a0<\/strong>Romano Bogdan<br \/>\n<strong>Dramaturgija:<\/strong>\u00a0Tanja Novak<br \/>\n<strong>Scenografija:<\/strong>\u00a0Kristina\u00a0Pongrac<br \/>\n<strong>Glazba:\u00a0<\/strong>Bojan Miljan\u010di\u0107<br \/>\n<strong>Kostimografija:<\/strong>\u00a0Patrik Dolenc<br \/>\n<strong>Oblikovanje rasvjete:<\/strong>\u00a0Neven Taradi<br \/>\n<strong>Igraju:<\/strong>\u00a0Mario Jak\u0161i\u0107, Davor Dokleja, Igor Baksa i Bruno Kontrec<\/p>\n<p><strong>\u00a0<\/strong><strong>O predstavi:<br \/>\n<\/strong>\u201ePu\u017e mu\u017e\u201c, nova predstava Kazali\u0161ne dru\u017eine Pinklec, u formi interaktivne 3D slikovnice donosi pri\u010du o prijateljstvu i tri \u017eabe koje u sku\u010denom svijetu vlastite bare susre\u0107u druge \u017eivotinje, pu\u017ea, crnog kosa, vjevericu, zeca, mi\u0161a te se sa svakom od njih upu\u0161taju u igru i sklapaju prijateljstva.<\/p>\n<p>To je predstava koja u informati\u010dkom dobu kada djeca od najranijih dana barataju raznim\u00a0<em>gadgetima<\/em>\u00a0i provode sate i sate u individualnim igrama u virtualnom svijetu, govori o vrijednosti neposredne igre. Takva je igra, koja je posljedica interakcije djeteta s djetetom \u2013istra\u017eivanje, zadovoljstvo, potreba i aktivnost u kojoj dijete razvije sebe i svoje emocije.<\/p>\n<p>U predstavi se na inovativan na\u010din o\u017eivljavaju razne brojalice, koje su ne tako davno sna\u017eno obilje\u017eile na\u0161a djetinjstva i koja u suvremenoj kulturi pomalo padaju u zaborav \u2013 brojalice su sredstvo igre, poticaj za igru, dopuna igri i igra sama.<\/p>\n<p>\u201ePu\u017e mu\u017e\u201c duhovitim peripetijama svojih protagonista, kroz smijeh i zabavu donosi pouku da je igra ta koja donosi radost, a ne igra\u010dka, upu\u0107uje na prihva\u0107anje razli\u010ditosti i u\u010di pravila me\u0111uljudskih odnosa.<\/p>\n<p><strong>Trajanje:\u00a0<\/strong>45 minuta<br \/>\n<strong>Dob:\u00a0<\/strong>3 + (pred\u0161kolski uzrast i ni\u017ei razredi osnovne \u0161kole)<\/p>\n<p><strong>NAGRADE:<br \/>\n<\/strong><\/p>\n<p><strong><u>11. Festival hrvatske drame za djecu i mlade \u201dMali Maruli\u0107\u201d, Split<br \/>\n<\/u><\/strong><strong>Nagrada za najbolji tekst:<\/strong>\u00a0Tanja Novak za predstavu \u201dPU\u017d MU\u017d\u201d u izvedbi Kazali\u0161ne dru\u017eine Pinklec u re\u017eiji Romana Bogdana<br \/>\n<strong>Nagrada za najbolje kolektivno gluma\u010dko ostvarenje:<\/strong>\u00a0 Ansambl predstave \u201dPU\u017d MU\u017d\u201d (Igor Baksa, Davor Dokleja, Mario Jak\u0161i\u0107 i Bruno Kontrec).<\/p>\n<p><strong>KRITIKA<\/strong>:<br \/>\n<strong><a href=\"http:\/\/kritikaz.com\/vijesti\/kritike\/36713\/Totalni-teatar-igre\">Totalni teatar igre \u2013 KRITIKAZ<\/a><\/strong>[\/vc_column_text][\/vc_column][\/vc_row][vc_row][vc_column][vc_gallery type=&#8221;image_grid&#8221; images=&#8221;48973,48974,48975,48976,48977&#8243; css=&#8221;&#8221;][\/vc_column][\/vc_row]\n<\/div>","protected":false},"excerpt":{"rendered":"<p>[vc_row equal_height=&#8221;yes&#8221; content_placement=&#8221;middle&#8221;][vc_column width=&#8221;1\/3&#8243;][vc_single_image image=&#8221;48464&#8243; img_size=&#8221;full&#8221; alignment=&#8221;center&#8221; css=&#8221;&#8221;][\/vc_column][vc_column width=&#8221;2\/3&#8243;][vc_custom_heading text=&#8221;Pu\u017e mu\u017e (2016.)&#8221; css=&#8221;&#8221;][vc_column_text css=&#8221;&#8221;]10. studenoga 2016[\/vc_column_text][\/vc_column][\/vc_row][vc_row][vc_column][vc_column_text css=&#8221;&#8221;]PU\u017d MU\u017d Tanja Novak Premijera 20. studenog 2016. u Centru za kulturu \u010cakovec Dramska predstava Re\u017eija:\u00a0Romano Bogdan Dramaturgija:\u00a0Tanja Novak Scenografija:\u00a0Kristina\u00a0Pongrac Glazba:\u00a0Bojan Miljan\u010di\u0107 Kostimografija:\u00a0Patrik Dolenc Oblikovanje rasvjete:\u00a0Neven Taradi Igraju:\u00a0Mario Jak\u0161i\u0107, Davor Dokleja, Igor Baksa i Bruno Kontrec \u00a0O predstavi: \u201ePu\u017e mu\u017e\u201c, nova predstava Kazali\u0161ne dru\u017eine [&hellip;]<\/p>\n","protected":false},"author":2,"featured_media":0,"parent":0,"menu_order":0,"comment_status":"closed","ping_status":"closed","template":"","meta":{"inline_featured_image":false,"footnotes":""},"class_list":["post-48971","page","type-page","status-publish","hentry"],"ulaznica_data":null,"_links":{"self":[{"href":"https:\/\/czk-cakovec.hr\/saturn\/wp-json\/wp\/v2\/pages\/48971","targetHints":{"allow":["GET"]}}],"collection":[{"href":"https:\/\/czk-cakovec.hr\/saturn\/wp-json\/wp\/v2\/pages"}],"about":[{"href":"https:\/\/czk-cakovec.hr\/saturn\/wp-json\/wp\/v2\/types\/page"}],"author":[{"embeddable":true,"href":"https:\/\/czk-cakovec.hr\/saturn\/wp-json\/wp\/v2\/users\/2"}],"replies":[{"embeddable":true,"href":"https:\/\/czk-cakovec.hr\/saturn\/wp-json\/wp\/v2\/comments?post=48971"}],"version-history":[{"count":4,"href":"https:\/\/czk-cakovec.hr\/saturn\/wp-json\/wp\/v2\/pages\/48971\/revisions"}],"predecessor-version":[{"id":49265,"href":"https:\/\/czk-cakovec.hr\/saturn\/wp-json\/wp\/v2\/pages\/48971\/revisions\/49265"}],"wp:attachment":[{"href":"https:\/\/czk-cakovec.hr\/saturn\/wp-json\/wp\/v2\/media?parent=48971"}],"curies":[{"name":"wp","href":"https:\/\/api.w.org\/{rel}","templated":true}]}}