{"id":49055,"date":"2025-12-23T11:18:36","date_gmt":"2025-12-23T10:18:36","guid":{"rendered":"https:\/\/czk-cakovec.hr\/?page_id=49055"},"modified":"2025-12-23T11:20:22","modified_gmt":"2025-12-23T10:20:22","slug":"pola-pola","status":"publish","type":"page","link":"https:\/\/czk-cakovec.hr\/saturn\/pola-pola\/","title":{"rendered":"Pola &#8211; pola"},"content":{"rendered":"<div class=\"wpb-content-wrapper\">[vc_row equal_height=&#8221;yes&#8221; content_placement=&#8221;middle&#8221;][vc_column width=&#8221;1\/3&#8243;][vc_single_image image=&#8221;48466&#8243; img_size=&#8221;full&#8221; alignment=&#8221;center&#8221; css=&#8221;&#8221;][\/vc_column][vc_column width=&#8221;2\/3&#8243;][vc_custom_heading text=&#8221;Pola &#8211; pola (2016.)&#8221; css=&#8221;&#8221;][vc_column_text css=&#8221;&#8221;]14. velja\u010de 2016.[\/vc_column_text][\/vc_column][\/vc_row][vc_row][vc_column][vc_column_text css=&#8221;&#8221;]<strong>Kazali\u0161na dru\u017eina Pinklec, Teatar Poco Loco i Teatar Exit<\/strong><\/p>\n<p><strong>POLA-POLA<\/strong><\/p>\n<p><em>Premijera 18.2.2016. u Centru za kulturu \u010cakovec<br \/>\n<\/em><em>Premijera 20.2.2016. u Teatru Exit<br \/>\n<\/em><em>(Dramska predstava)<\/em><\/p>\n<p><strong>Tekst<\/strong>: Milena Bogavac<br \/>\n<strong>Re\u017eija<\/strong>: Renata Carola Gatica<br \/>\n<strong>Igraju<\/strong>:<br \/>\nDunja Fajdi\u0107 \/ Karolina Horvat<\/p>\n<p>Mario Jak\u0161i\u0107 \/ Bruno Kontrec<\/p>\n<p>Maja Kati\u0107 \/Zrinka Ku\u0161evi\u0107<\/p>\n<p>Igor Baksa \/ Davor Dokleja<\/p>\n<p><strong>Prijevod<\/strong>: Tanja Radovi\u0107<br \/>\n<strong>Dramaturgija<\/strong>: Maja Kati\u0107, Dunja Fajdi\u0107<br \/>\n<strong>Glazba<\/strong>: Mario Mirkovi\u0107<br \/>\n<strong>Tekstovi songova:<\/strong>\u00a0autorska ekipa<br \/>\n<strong>Graficki dizajn<\/strong>: Bruno Kontrec<br \/>\n<strong>Fotografija<\/strong>: Mario Jak\u0161i\u0107<br \/>\n<strong>Stru\u010dna suradnica:<\/strong>\u00a0Martina Feri\u0107, dr.sc.<br \/>\n<strong>Majstor rasvjete:<\/strong>\u00a0Mario Zelenbaba \/ Dragan Mici\u0107<br \/>\n<strong>Ton majstor:<\/strong>\u00a0Mario Dvanaj\u0161\u010dak \/ Ivan Biondi\u0107<\/p>\n<p><strong>O predstavi:<\/strong><\/p>\n<p>Nika ima 12 godina i njeni roditelji se razvode. Andrija je njen prijatelj iz razreda, i on je to iskustvo ve\u0107 pro\u0161ao sa svojim roditeljima koji se cijeli \u017eivot sva\u0111aju i mire. Prijateljstva koja se ra\u0111aju u toj dobi ostaju za cijeli \u017eivot, tako \u0107e i Niku i Andriju obilje\u017eiti bliskost koju su razvili poku\u0161avaju\u0107i shvatiti za\u0161to ljudi uop\u0107e sklapaju brakove, budu\u0107i da \u010dim se vjen\u010da\u0161, ve\u0107 ima\u0161 pravo razvesti se!<br \/>\nPredstava progovara o problemu razvoda iz perspektive djece koja to uskoro ne\u0107e vi\u0161e biti jer im se pribli\u017eava pubertet, jer imaju svoje brige, svoje tajne, i te\u017enje da se odcijepe od roditelja, te postanu samostalne li\u010dnosti. Uz sve to, moraju se nositi s problemima i tajnama svojih roditelja. \u201ePola-pola\u201c nastaje kao koprodukcija tri posve razli\u010dita kazali\u0161ta: Kazali\u0161ne dru\u017eine Pinklec, Teatra Exit i Teatra Poco Loco. Slijede\u0107i tradicije tra\u017eenja za\u010dudnosti, izravnosti, surovosti te istovremeno nje\u017enosti u poruci koju \u0161alje, predstava kroz bu\u010dnu punk glazbu vri\u0161ti: \u201eLJUBAV!\u201c Ljubav koja nam svima treba i ljubav kao spas. Predstava je namijenjena djeci od 11 godina navi\u0161e, onoj koja su do\u017eivjela razvod svojih roditelja, kao i onoj koja u svojoj blizini imaju prijatelja koji to pro\u017eivljava. Ovo je predstava za roditelje, za mlade, za djecu, za sve koji se snalaze u Zemlji odraslih, za djecu koja mo\u017eda i prerano moraju odrasti, jednom rije\u010dju za svakoga, jer svatko od nas ipak ima nekog tko ga voli \u2013 bez obzira na sve. Roditelje, baku, djeda ili barem jednog prijatelja koji \u0107e sjediti s nama u ku\u0107ici u parku i dati nam svoju \u0161mrkavu papirnatu maramicu.<\/p>\n<p><strong>Trajanje:<\/strong>\u00a060 min<br \/>\n<strong>Dob<\/strong>: 11+ (vi\u0161i razredi osnovne \u0161kole i srednjo\u0161kolci)<\/p>\n<p><strong>KRITIKA<br \/>\n<\/strong><strong>http:\/\/kritikaz.com\/vijesti\/Kritike\/14198\/Punokrvni_kazali\u0161ni_punk_za_mlade<\/strong><br \/>\n<strong>http:\/\/kazaliste.hr\/index.php?p=article&amp;id=2207<\/strong><br \/>\n<strong>http:\/\/www.portalnovosti.com\/djeca-sivilo-i-razvodi<\/strong><br \/>\n<strong>http:\/\/www.kritikaz.com\/vijesti\/Kritike\/13196\/Pola-pola_polovicne_kvalitete<br \/>\nhttp:\/\/www.ziher.hr\/pola-pola-teatar-exit-pinklec-poco-loco\/<\/strong><\/p>\n<p><strong>NAGRADE:\u00a0<\/strong><\/p>\n<p><strong><u>17. Naj, naj, naj festival, Zagreb (2017.)<\/u><\/strong><\/p>\n<p><strong>Nagrada za najbolju \u017eensku ulogu:<\/strong>\u00a0Dunja Fajdi\u0107 za predstavu \u201dPOLA-POLA\u201d u izvedbi Kazali\u0161ne dru\u017eine Pinklec iz \u010cakovca u koprodukciji s Teatrom Poco loco u re\u017eiji Renate Carole Gatice<\/p>\n<p><strong>Nagrada za najbolju sporednu \u017eensku ulogu:<\/strong>\u00a0Maja Kati\u0107 za predstavu \u201dPOLA-POLA\u201d u izvedbi Kazali\u0161ne dru\u017eine Pinklec iz \u010cakovca u koprodukciji s Teatrom Poco loco u re\u017eiji Renate Carole Gatice<\/p>\n<p><strong>Nagrada za najbolji tekst:<\/strong>\u00a0Milena Bogavac za predstavu \u201dPOLA-POLA\u201d u izvedbi Kazali\u0161ne dru\u017eine Pinklec iz \u010cakovca u koprodukciji s Teatrom Poco loco u re\u017eiji Renate Carole Gatice<br \/>\n<strong><u><br \/>\n19. Kotorski festival pozori\u0161ta za djecu, Kotor \u2013 Crna Gora (2016.)<br \/>\n<\/u>Prva nagrada dje\u010djeg \u017eirija:<\/strong>\u00a0\u201dPOLA-POLA\u201d u izvedbi Kazali\u0161ne dru\u017eine Pinklec iz \u010cakovca i re\u017eiji Renate Carole Gatica[\/vc_column_text][\/vc_column][\/vc_row][vc_row][vc_column][vc_gallery type=&#8221;image_grid&#8221; images=&#8221;49059,49060,49061,49062,49063,49064,49065,49066,49067,49068,49069,49070,49071,49072,49073,49074,49075,49076,49077,49078,49079,49080,49081,49082,49083,49084,49085,49086,49087,49088,49089,49090,49091,49092,49093,49094,49095&#8243; css=&#8221;&#8221;][\/vc_column][\/vc_row]\n<\/div>","protected":false},"excerpt":{"rendered":"<p>[vc_row equal_height=&#8221;yes&#8221; content_placement=&#8221;middle&#8221;][vc_column width=&#8221;1\/3&#8243;][vc_single_image image=&#8221;48466&#8243; img_size=&#8221;full&#8221; alignment=&#8221;center&#8221; css=&#8221;&#8221;][\/vc_column][vc_column width=&#8221;2\/3&#8243;][vc_custom_heading text=&#8221;Pola &#8211; pola (2016.)&#8221; css=&#8221;&#8221;][vc_column_text css=&#8221;&#8221;]14. velja\u010de 2016.[\/vc_column_text][\/vc_column][\/vc_row][vc_row][vc_column][vc_column_text css=&#8221;&#8221;]Kazali\u0161na dru\u017eina Pinklec, Teatar Poco Loco i Teatar Exit POLA-POLA Premijera 18.2.2016. u Centru za kulturu \u010cakovec Premijera 20.2.2016. u Teatru Exit (Dramska predstava) Tekst: Milena Bogavac Re\u017eija: Renata Carola Gatica Igraju: Dunja Fajdi\u0107 \/ Karolina Horvat Mario Jak\u0161i\u0107 \/ Bruno Kontrec Maja [&hellip;]<\/p>\n","protected":false},"author":2,"featured_media":0,"parent":0,"menu_order":0,"comment_status":"closed","ping_status":"closed","template":"","meta":{"inline_featured_image":false,"footnotes":""},"class_list":["post-49055","page","type-page","status-publish","hentry"],"ulaznica_data":null,"_links":{"self":[{"href":"https:\/\/czk-cakovec.hr\/saturn\/wp-json\/wp\/v2\/pages\/49055","targetHints":{"allow":["GET"]}}],"collection":[{"href":"https:\/\/czk-cakovec.hr\/saturn\/wp-json\/wp\/v2\/pages"}],"about":[{"href":"https:\/\/czk-cakovec.hr\/saturn\/wp-json\/wp\/v2\/types\/page"}],"author":[{"embeddable":true,"href":"https:\/\/czk-cakovec.hr\/saturn\/wp-json\/wp\/v2\/users\/2"}],"replies":[{"embeddable":true,"href":"https:\/\/czk-cakovec.hr\/saturn\/wp-json\/wp\/v2\/comments?post=49055"}],"version-history":[{"count":3,"href":"https:\/\/czk-cakovec.hr\/saturn\/wp-json\/wp\/v2\/pages\/49055\/revisions"}],"predecessor-version":[{"id":49098,"href":"https:\/\/czk-cakovec.hr\/saturn\/wp-json\/wp\/v2\/pages\/49055\/revisions\/49098"}],"wp:attachment":[{"href":"https:\/\/czk-cakovec.hr\/saturn\/wp-json\/wp\/v2\/media?parent=49055"}],"curies":[{"name":"wp","href":"https:\/\/api.w.org\/{rel}","templated":true}]}}