{"id":49100,"date":"2025-12-23T11:28:43","date_gmt":"2025-12-23T10:28:43","guid":{"rendered":"https:\/\/czk-cakovec.hr\/?page_id=49100"},"modified":"2025-12-23T11:29:02","modified_gmt":"2025-12-23T10:29:02","slug":"vucje-srce","status":"publish","type":"page","link":"https:\/\/czk-cakovec.hr\/saturn\/vucje-srce\/","title":{"rendered":"Vu\u010dje srce"},"content":{"rendered":"<div class=\"wpb-content-wrapper\">[vc_row equal_height=&#8221;yes&#8221; content_placement=&#8221;middle&#8221;][vc_column width=&#8221;1\/3&#8243;][vc_single_image image=&#8221;48468&#8243; img_size=&#8221;large&#8221; alignment=&#8221;center&#8221; css=&#8221;&#8221;][\/vc_column][vc_column width=&#8221;2\/3&#8243;][vc_custom_heading text=&#8221;Vu\u010dje srce (2015.)&#8221; css=&#8221;&#8221;][vc_column_text css=&#8221;&#8221;]23. studenoga.2015[\/vc_column_text][\/vc_column][\/vc_row][vc_row][vc_column][vc_column_text css=&#8221;&#8221;]Nova predstava Kazali\u0161ne dru\u017eine Pinklec u koprodukciji s Zavodom federacija Ljubljana ubrzano se dovr\u0161ava. Premijera ove predstave biti \u0107e 29.11. 2015. u 16 sati u Centru za kulturu \u010cakovec. Do\u0111ite i u\u017eivajte u odli\u010dnom i nesvakida\u0161njem kazali\u0161tu sjena u re\u017eiji Petera Kusa.<\/p>\n<p>Tekst (po motivima istinite pri\u010de):\u00a0<strong>Nana Mil\u010dinski, Peter Kus<\/strong><\/p>\n<p>Re\u017eija i glazba:\u00a0<strong>Peter Kus<\/strong><\/p>\n<p>Dramaturgija:\u00a0<strong>Nana Mil\u010dinski<\/strong><\/p>\n<p>Likovno oblikovanje predstave:\u00a0<strong>Morana Dolenc<\/strong><\/p>\n<p>Likovni predlo\u017eak lutaka:\u00a0<strong>Boris Sekuli\u0107<\/strong><\/p>\n<p>Kostimi:\u00a0<strong>Patrik Dolenc<\/strong><\/p>\n<p>Oblikovanje svjetla:<strong>\u00a0Borut Bu\u010dinel<\/strong><\/p>\n<p>Scenski pokret:\u00a0<strong>Bruno Kontrec<\/strong><\/p>\n<p>Majstori tona i svjetla:<strong>\u00a0Emil Laki\u0107 i Neven Taradi<\/strong><\/p>\n<p>Izrada scenografije i rekvizita:<strong>\u00a0Davor Tkalec<\/strong><\/p>\n<p>Igraju:\u00a0<strong>Igor Baksa, Davor Dokleja, Karolina Horvat, Bruno Kontrec<\/strong><\/p>\n<p>O predstavi:<\/p>\n<p>Kada se mladi vuk odvaja od \u010dopora i zapo\u010dinje samostalni \u017eivot, on se suo\u010dava s izazovima koji su sli\u010dni izazovima mladih u ljudskim kulturama. On se opra\u0161ta od sigurnog uto\u010di\u0161ta svoje obitelji (\u010dopora) i po\u010dinje \u017eivjeti s iskustvima koje mu je prenijela ta obitelj u novom okru\u017eenju, koje je strano i ponekad neprijateljsko. Mora prevladati strah, biti snala\u017eljiv, skupiti snagu i hrabrost i zapo\u010deti novi \u017eivot u svom \u010doporu. Pri\u010da o vu\u010djem odrastanju je pri\u010da o nama samima. Izvorni tekst nastao je po motivima istinitih zgoda vuka Slavca, kojeg su biolozi sa Sveu\u010dili\u0161ta u Ljubljani (u sklopu projekta Slowolf) pratili pomo\u0107u telemetrijskog ovratnika izme\u0111u lipnja 2011. i kolovoza 2012. Nakon toga su rekonstruirali njegovo putovanje od brda Slavnik u Sloveniji do planine Lessinia na sjeveru Italije.<\/p>\n<p>Va\u017ean zadatak ove predstave je razotkriti misti\u010dnu narav vuka, koja je u zapadnoj kulturi (posebno u dje\u010djoj literaturi) predstavljena kao mra\u010dna, zlobna i krvolo\u010dna. Kroz pri\u010du saznajemo osnovne zna\u010dajke vuka i njegovog odnosa prema \u010dovjeku kako bi ga bolje razumjeli. Vuk lako postaje na\u0161 u\u010ditelj u \u0161to su bili sasvim sigurni sjevernoameri\u010dki Indijanci. Umjesto da uni\u0161timo vuka i ostalu divlju prirodu, poku\u0161ajmo u njoj otkriti izvor inspiracije. Optimizam pri\u010de o \u201eVu\u010djem srcu\u201c predstavlja kontrast uni\u0161tavanju prirode i na\u0161oj nesposobnosti su\u017eivota s njom ali i jednih s drugima \u2013 kataklizmi planeta koja se nazire na horizontu.<br \/>\nTrajanje:<strong>\u00a045 min<br \/>\n<\/strong>Dob:<strong>\u00a04+ (pred\u0161kolska dob i ni\u017ei razredi osnovne \u0161kole)<\/strong><\/p>\n<p>Produkcija:\u00a0<strong>Kazali\u0161na dru\u017eina Pinklec (\u010cakovec, Hrvatska) i Zavod Federacija Ljubljana<\/strong>\u00a0Partner:\u00a0<strong>Zavod Bunker (Ljubljana)<\/strong><\/p>\n<p><strong>\u00a0<\/strong>Predstavu su financirali\u00a0<em>Ministarstvo kulture Republike Hrvatske<\/em>,\u00a0<em>Grad \u010cakovec<\/em>,\u00a0<em>Ministarstvo za kulturo Republike Slovenije<\/em>,\u00a0<em>Mjesna op\u0107ina Ljubljana<\/em>[\/vc_column_text][\/vc_column][\/vc_row][vc_row][vc_column][vc_video link=&#8221;https:\/\/vimeo.com\/148475583?fl=pl&amp;fe=cm&#8221; el_width=&#8221;50&#8243; align=&#8221;center&#8221; css=&#8221;&#8221;][\/vc_column][\/vc_row][vc_row][vc_column][vc_gallery type=&#8221;image_grid&#8221; images=&#8221;49102,49103,49104,49105,49106,49107,49108,49109,49110,49111,49112,49113,49114,49115,49116,49117,49118&#8243; css=&#8221;&#8221;][\/vc_column][\/vc_row]\n<\/div>","protected":false},"excerpt":{"rendered":"<p>[vc_row equal_height=&#8221;yes&#8221; content_placement=&#8221;middle&#8221;][vc_column width=&#8221;1\/3&#8243;][vc_single_image image=&#8221;48468&#8243; img_size=&#8221;large&#8221; alignment=&#8221;center&#8221; css=&#8221;&#8221;][\/vc_column][vc_column width=&#8221;2\/3&#8243;][vc_custom_heading text=&#8221;Vu\u010dje srce (2015.)&#8221; css=&#8221;&#8221;][vc_column_text css=&#8221;&#8221;]23. studenoga.2015[\/vc_column_text][\/vc_column][\/vc_row][vc_row][vc_column][vc_column_text css=&#8221;&#8221;]Nova predstava Kazali\u0161ne dru\u017eine Pinklec u koprodukciji s Zavodom federacija Ljubljana ubrzano se dovr\u0161ava. Premijera ove predstave biti \u0107e 29.11. 2015. u 16 sati u Centru za kulturu \u010cakovec. Do\u0111ite i u\u017eivajte u odli\u010dnom i nesvakida\u0161njem kazali\u0161tu sjena u re\u017eiji Petera Kusa. Tekst (po motivima [&hellip;]<\/p>\n","protected":false},"author":2,"featured_media":0,"parent":0,"menu_order":0,"comment_status":"closed","ping_status":"closed","template":"","meta":{"inline_featured_image":false,"footnotes":""},"class_list":["post-49100","page","type-page","status-publish","hentry"],"ulaznica_data":null,"_links":{"self":[{"href":"https:\/\/czk-cakovec.hr\/saturn\/wp-json\/wp\/v2\/pages\/49100","targetHints":{"allow":["GET"]}}],"collection":[{"href":"https:\/\/czk-cakovec.hr\/saturn\/wp-json\/wp\/v2\/pages"}],"about":[{"href":"https:\/\/czk-cakovec.hr\/saturn\/wp-json\/wp\/v2\/types\/page"}],"author":[{"embeddable":true,"href":"https:\/\/czk-cakovec.hr\/saturn\/wp-json\/wp\/v2\/users\/2"}],"replies":[{"embeddable":true,"href":"https:\/\/czk-cakovec.hr\/saturn\/wp-json\/wp\/v2\/comments?post=49100"}],"version-history":[{"count":3,"href":"https:\/\/czk-cakovec.hr\/saturn\/wp-json\/wp\/v2\/pages\/49100\/revisions"}],"predecessor-version":[{"id":49121,"href":"https:\/\/czk-cakovec.hr\/saturn\/wp-json\/wp\/v2\/pages\/49100\/revisions\/49121"}],"wp:attachment":[{"href":"https:\/\/czk-cakovec.hr\/saturn\/wp-json\/wp\/v2\/media?parent=49100"}],"curies":[{"name":"wp","href":"https:\/\/api.w.org\/{rel}","templated":true}]}}