{"id":49178,"date":"2025-12-23T12:41:01","date_gmt":"2025-12-23T11:41:01","guid":{"rendered":"https:\/\/czk-cakovec.hr\/?page_id=49178"},"modified":"2025-12-23T12:41:40","modified_gmt":"2025-12-23T11:41:40","slug":"cetiri-psica","status":"publish","type":"page","link":"https:\/\/czk-cakovec.hr\/saturn\/cetiri-psica\/","title":{"rendered":"\u010cetiri psi\u0107a"},"content":{"rendered":"<div class=\"wpb-content-wrapper\">[vc_row equal_height=&#8221;yes&#8221; content_placement=&#8221;middle&#8221;][vc_column width=&#8221;1\/3&#8243;][vc_single_image image=&#8221;48473&#8243; img_size=&#8221;large&#8221; alignment=&#8221;center&#8221; css=&#8221;&#8221;][\/vc_column][vc_column width=&#8221;2\/3&#8243;][vc_custom_heading text=&#8221;\u010cetiri psi\u0107a (2014.)&#8221; css=&#8221;&#8221;][vc_column_text css=&#8221;&#8221;]12. lipnja 2014.[\/vc_column_text][\/vc_column][\/vc_row][vc_row][vc_column][vc_column_text css=&#8221;&#8221;]Redatelj: Romano Bogdan<\/p>\n<p>Dramaturgija: Tanja Novak<br \/>\nKoreografija: Sanja Tropp Fr\u00fchwald<br \/>\nGlazba: Igor Baksa<br \/>\nOblikovanje rasvjete: Neven Taradi<br \/>\nScenografija: Bruno Kontrec<br \/>\nIzrada scenografije: Davor Tkalec<\/p>\n<p>Igraju: Karolina Horvat, Mario Jak\u0161i\u0107, Davor Dokleja, Bruno Kontrec<\/p>\n<p>Nova predstava K. D. Pinklec, ra\u0111ena po motivima pri\u010de \u201e\u010cetiri psi\u0107a\u201c Anne Heathers, alegorija je o odrastanju. Namijenjena je prvenstveno djeci vrti\u0107ke dobi od tri do \u0161est godina, stoga se na ilustrativan i simboli\u010dki na\u010din doti\u010de nezaobilaznih tema odrastanja: straha od nepoznatog, negodovanja radi promjena te ulazaka u nova iskustva.<\/p>\n<p>Proces odrastanja \u0161tenaca od njihovog ro\u0111enja popra\u0107en je izmjenom godi\u0161njih doba, od prolje\u0107a do jeseni i ponovnog prolje\u0107a, analogno \u0161irenju njihove svijesti. Zaokupljeni svojim igrama u sigurnom okoli\u0161u \u010detiri psi\u0107a postupno po\u010dinju razumijevati svijet koji ih okru\u017euje. Predstava se i nehotice sa\u017eima oko stiha Petra Preradovi\u0107a: \u201eStalna na tom svijetu samo mijena jest\u201c. Ali, poruka ide i dalje od izreke \u201eNi\u0161ta nije postojano \u2013 sve se mijenja\u201c: svjedo\u010de\u0107i ciklusu izmjene godi\u0161njih doba protagonisti pri\u010de odrastaju u \u010detiri odva\u017ena psa, te se poanta neusiljeno izmje\u0161ta prema onoj \u2013 \u201eVrijeme je najkorisniji \u010dovjekov savjetnik\u201c.<\/p>\n<p>U sredi\u0161tu intimisti\u010dke trodimenzionalne slikovnice u kojoj je naglasak na estetizirani i bri\u017eno oblikovani pokret, a mizanscen do krajnje mjere podlo\u017ean koreografskim zakonima lijepih slika, likovi su \u017eivotinje koje misle, osje\u0107aju i postupaju kao ljudi.<\/p>\n<p>Gluma\u010dki ansambl na neposredan i inovativan na\u010din produbljuje svoje istra\u017eivanje fizi\u010dkog teatra i komunikacije s najmla\u0111om publikom, oprezno donose\u0107i slojevitu inscenaciju kako je ne bi zagu\u0161ila hermeti\u010dkom odgojno-obrazovnom nakanom, pri tom paze\u0107i i na to da joj ne podilazi.<\/p>\n<p>Trajanje: 40 minuta<br \/>\nUzrast: 3 + (pred\u0161kolci i ni\u017ei razredi osnovne \u0161kole)[\/vc_column_text][\/vc_column][\/vc_row][vc_row][vc_column][vc_video link=&#8221;https:\/\/vimeo.com\/98616665?fl=pl&amp;fe=cm&#8221; el_width=&#8221;50&#8243; align=&#8221;center&#8221; css=&#8221;&#8221;][\/vc_column][\/vc_row]\n<\/div>","protected":false},"excerpt":{"rendered":"<p>[vc_row equal_height=&#8221;yes&#8221; content_placement=&#8221;middle&#8221;][vc_column width=&#8221;1\/3&#8243;][vc_single_image image=&#8221;48473&#8243; img_size=&#8221;large&#8221; alignment=&#8221;center&#8221; css=&#8221;&#8221;][\/vc_column][vc_column width=&#8221;2\/3&#8243;][vc_custom_heading text=&#8221;\u010cetiri psi\u0107a (2014.)&#8221; css=&#8221;&#8221;][vc_column_text css=&#8221;&#8221;]12. lipnja 2014.[\/vc_column_text][\/vc_column][\/vc_row][vc_row][vc_column][vc_column_text css=&#8221;&#8221;]Redatelj: Romano Bogdan Dramaturgija: Tanja Novak Koreografija: Sanja Tropp Fr\u00fchwald Glazba: Igor Baksa Oblikovanje rasvjete: Neven Taradi Scenografija: Bruno Kontrec Izrada scenografije: Davor Tkalec Igraju: Karolina Horvat, Mario Jak\u0161i\u0107, Davor Dokleja, Bruno Kontrec Nova predstava K. D. Pinklec, ra\u0111ena po motivima pri\u010de \u201e\u010cetiri psi\u0107a\u201c [&hellip;]<\/p>\n","protected":false},"author":2,"featured_media":0,"parent":0,"menu_order":0,"comment_status":"closed","ping_status":"closed","template":"","meta":{"inline_featured_image":false,"footnotes":""},"class_list":["post-49178","page","type-page","status-publish","hentry"],"ulaznica_data":null,"_links":{"self":[{"href":"https:\/\/czk-cakovec.hr\/saturn\/wp-json\/wp\/v2\/pages\/49178","targetHints":{"allow":["GET"]}}],"collection":[{"href":"https:\/\/czk-cakovec.hr\/saturn\/wp-json\/wp\/v2\/pages"}],"about":[{"href":"https:\/\/czk-cakovec.hr\/saturn\/wp-json\/wp\/v2\/types\/page"}],"author":[{"embeddable":true,"href":"https:\/\/czk-cakovec.hr\/saturn\/wp-json\/wp\/v2\/users\/2"}],"replies":[{"embeddable":true,"href":"https:\/\/czk-cakovec.hr\/saturn\/wp-json\/wp\/v2\/comments?post=49178"}],"version-history":[{"count":3,"href":"https:\/\/czk-cakovec.hr\/saturn\/wp-json\/wp\/v2\/pages\/49178\/revisions"}],"predecessor-version":[{"id":49185,"href":"https:\/\/czk-cakovec.hr\/saturn\/wp-json\/wp\/v2\/pages\/49178\/revisions\/49185"}],"wp:attachment":[{"href":"https:\/\/czk-cakovec.hr\/saturn\/wp-json\/wp\/v2\/media?parent=49178"}],"curies":[{"name":"wp","href":"https:\/\/api.w.org\/{rel}","templated":true}]}}