{"id":49196,"date":"2025-12-23T12:52:02","date_gmt":"2025-12-23T11:52:02","guid":{"rendered":"https:\/\/czk-cakovec.hr\/?page_id=49196"},"modified":"2025-12-23T12:53:11","modified_gmt":"2025-12-23T11:53:11","slug":"snjeguljica-mora-umrijeti","status":"publish","type":"page","link":"https:\/\/czk-cakovec.hr\/saturn\/snjeguljica-mora-umrijeti\/","title":{"rendered":"Snjeguljica mora umrijeti"},"content":{"rendered":"<div class=\"wpb-content-wrapper\">[vc_row equal_height=&#8221;yes&#8221; content_placement=&#8221;middle&#8221;][vc_column width=&#8221;1\/3&#8243;][vc_single_image image=&#8221;48476&#8243; img_size=&#8221;large&#8221; alignment=&#8221;center&#8221; css=&#8221;&#8221;][\/vc_column][vc_column width=&#8221;2\/3&#8243;][vc_custom_heading text=&#8221;Snjeguljica mora umrijeti (2012.)&#8221; css=&#8221;&#8221;][vc_column_text css=&#8221;&#8221;]28. kolovoza 2012.[\/vc_column_text][\/vc_column][\/vc_row][vc_row][vc_column][vc_column_text css=&#8221;&#8221;]\n<p style=\"font-weight: 400;\"><strong style=\"font-style: inherit; font-weight: 600;\">KAZALI\u0160NA DRU\u017dINA \u201cPINKLEC\u201d \u010cAKOVEC U KOPRODUKCIJI<br \/>\nSA<\/strong><strong style=\"font-style: inherit; font-weight: 600;\">\u00a0DJE\u010cJOM I LUTKARSKOM SCENOM HNK U VARA\u017dDINU<br \/>\nPremijera: \u010cakovec (29.09.2012.) Vara\u017edin (05.10.2012.)<br \/>\n<\/strong><\/p>\n<p style=\"font-weight: 400;\"><strong style=\"font-style: inherit; font-weight: 600;\">SNJEGULJICA MORA UMRIJETI<\/strong><br \/>\ndramska predstava za djecu i mlade<\/p>\n<p style=\"font-weight: 400;\"><strong style=\"font-style: inherit; font-weight: 600;\">Re\u017eija:<\/strong>\u00a0 Miran Kurspahi\u0107<strong style=\"font-style: inherit; font-weight: 600;\"><br \/>\nDramaturgija<\/strong>: Rona \u017dulj<strong style=\"font-style: inherit; font-weight: 600;\"><br \/>\nKostimi:<\/strong>\u00a0Ivica Skoko<strong style=\"font-style: inherit; font-weight: 600;\"><br \/>\nGlazba<\/strong>: Nik\u0161a Marinovi\u0107<strong style=\"font-style: inherit; font-weight: 600;\"><br \/>\nRasvjeta<\/strong>: Neven Taradi<\/p>\n<p style=\"font-weight: 400;\"><strong style=\"font-style: inherit; font-weight: 600;\">Igraju:<\/strong><\/p>\n<p style=\"font-weight: 400;\"><strong style=\"font-style: inherit; font-weight: 600;\">Snjeguljica<\/strong>\u00a0\u2013 Nancy Abdel- Sakhi<strong style=\"font-style: inherit; font-weight: 600;\"><br \/>\nAvatar\/Junak<\/strong>\u00a0\u2013 Davor Dokleja<strong style=\"font-style: inherit; font-weight: 600;\"><br \/>\nKraljica, slu\u017eavka<\/strong>\u00a0\u2013 Karolina Horvat<strong style=\"font-style: inherit; font-weight: 600;\"><br \/>\nLovac, kuhar, patuljak<\/strong>\u00a0\u2013 Mario Jak\u0161i\u0107<strong style=\"font-style: inherit; font-weight: 600;\"><br \/>\nOgledalce, stjuard, patuljak<\/strong>\u00a0\u2013 Matija Kezele<\/p>\n<p style=\"font-weight: 400;\">Cilj ovoga projekta je na interaktivan i doga\u0111ajan na\u010din naglasiti didakti\u010dni aspekt bajke. Gledatelju prepoznatljiva bajka, uz pomo\u0107 dramatur\u0161kih umetaka i odvojaka, dobiva sasvim novo ruho i koncept, koji bi zaintrigirao gledatelja i naveo ga na participaciju u igri. Bitna stavka je da ta pri\u010da mora biti dobro poznata gledatelju, kako se ne bi tro\u0161ilo suvi\u0161no vrijeme na obja\u0161njavanje fabule, te kako bi se gledatelj osje\u0107ao sigurno u strukturi pri\u010de koju poznaje. Uz pomo\u0107 avatara, lika iz svijeta bajke, publika postaje aktivni sudionik i junak pri\u010de te putem vlastitih odluka usmjerava sam daljnji tijek zbivanja i mogu\u0107i zavr\u0161etak bajke. Publika putem glasovanja donosi odluke koje njihov avatar sprovodi u pri\u010di (predstavi) te na razli\u010ditim punktovima pri\u010de odvodi njen razvoj u posve novim smjerovima. Sve \u0161to se doga\u0111a u pri\u010di, ovisi o njihovoj grupnoj odluci. To je ujedno i zanimljiv i pou\u010dan na\u010din da se djeci (a i roditeljima) pribli\u017ei i objasni koncept demokracije, koncept glasovanja te ideja odlu\u010divanja ve\u0107ine. Pri\u010da se dakle mo\u017ee granati u raznim smjerovima, no nisu svi zavr\u0161eci sretni po glavne junake ili po samog avatara. Stvari jednako tako mogu po\u0107i po zlu te dovesti pri\u010du, preuranjenom ili nesretnom zavr\u0161etku. Na taj se na\u010din spoznaje kako odluka ve\u0107ine nije nu\u017eno najbolja mogu\u0107a odluka. Na odre\u0111enim punktovima u pri\u010di, pred avatara su stavljene dvije mogu\u0107e radnje i odluke o kojima se on konzultira sa publikom. Publika glasuje za jednu od te dvije opcije i avatar po\u0161tuju\u0107i njihovu odluku prione tom smjeru radnje. Na glumcu\/avataru je da svojom vje\u0161tinom vo\u0111enja utje\u010de na publiku te da u slu\u010daju prevelikog lutanja pri\u010du usmjeri u pravome smjeru i privede ju u razumnom vremenskome trajanju \u017eeljenom svr\u0161etku.<\/p>\n<p style=\"font-weight: 400;\"><strong style=\"font-style: inherit; font-weight: 600;\"><i><em style=\"font-weight: inherit;\">Trajanje: 50 minuta<br \/>\nDob: 10+ (vi\u0161i razredi osnovne \u0161kole te srednjo\u0161kolci)<\/em><\/i><\/strong><\/p>\n<p style=\"font-weight: 400;\"><strong style=\"font-style: inherit; font-weight: 600;\"><span style=\"font-style: inherit; font-weight: inherit;\">FESTIVALI:<\/span><\/strong><\/p>\n<p style=\"font-weight: 400;\">PROLOG, Sisak 2012.<br \/>\nNaj, naj, naj festival, Zagreb 2013.<br \/>\nMali Marul, Split 2013.<br \/>\nKotar Fest, Delnice 2013.<br \/>\nASSITEJ, \u010cakovec 2013.<\/p>\n<p style=\"font-weight: 400;\">NAGRADE:<\/p>\n<p style=\"font-weight: 400;\"><strong style=\"font-style: inherit; font-weight: 600;\"><span style=\"font-style: inherit; font-weight: inherit;\">ASSITEJ, \u010cakovec 2013. \u2013 Najbolje gluma\u010dko ostvarenje \u2013 Karolina Horvat<\/span><\/strong><\/p>\n[\/vc_column_text][\/vc_column][\/vc_row]\n<\/div>","protected":false},"excerpt":{"rendered":"<p>[vc_row equal_height=&#8221;yes&#8221; content_placement=&#8221;middle&#8221;][vc_column width=&#8221;1\/3&#8243;][vc_single_image image=&#8221;48476&#8243; img_size=&#8221;large&#8221; alignment=&#8221;center&#8221; css=&#8221;&#8221;][\/vc_column][vc_column width=&#8221;2\/3&#8243;][vc_custom_heading text=&#8221;Snjeguljica mora umrijeti (2012.)&#8221; css=&#8221;&#8221;][vc_column_text css=&#8221;&#8221;]28. kolovoza 2012.[\/vc_column_text][\/vc_column][\/vc_row][vc_row][vc_column][vc_column_text css=&#8221;&#8221;] KAZALI\u0160NA DRU\u017dINA \u201cPINKLEC\u201d \u010cAKOVEC U KOPRODUKCIJI SA\u00a0DJE\u010cJOM I LUTKARSKOM SCENOM HNK U VARA\u017dDINU Premijera: \u010cakovec (29.09.2012.) Vara\u017edin (05.10.2012.) SNJEGULJICA MORA UMRIJETI dramska predstava za djecu i mlade Re\u017eija:\u00a0 Miran Kurspahi\u0107 Dramaturgija: Rona \u017dulj Kostimi:\u00a0Ivica Skoko Glazba: Nik\u0161a Marinovi\u0107 Rasvjeta: Neven Taradi Igraju: [&hellip;]<\/p>\n","protected":false},"author":2,"featured_media":0,"parent":0,"menu_order":0,"comment_status":"closed","ping_status":"closed","template":"","meta":{"inline_featured_image":false,"footnotes":""},"class_list":["post-49196","page","type-page","status-publish","hentry"],"ulaznica_data":null,"_links":{"self":[{"href":"https:\/\/czk-cakovec.hr\/saturn\/wp-json\/wp\/v2\/pages\/49196","targetHints":{"allow":["GET"]}}],"collection":[{"href":"https:\/\/czk-cakovec.hr\/saturn\/wp-json\/wp\/v2\/pages"}],"about":[{"href":"https:\/\/czk-cakovec.hr\/saturn\/wp-json\/wp\/v2\/types\/page"}],"author":[{"embeddable":true,"href":"https:\/\/czk-cakovec.hr\/saturn\/wp-json\/wp\/v2\/users\/2"}],"replies":[{"embeddable":true,"href":"https:\/\/czk-cakovec.hr\/saturn\/wp-json\/wp\/v2\/comments?post=49196"}],"version-history":[{"count":3,"href":"https:\/\/czk-cakovec.hr\/saturn\/wp-json\/wp\/v2\/pages\/49196\/revisions"}],"predecessor-version":[{"id":49199,"href":"https:\/\/czk-cakovec.hr\/saturn\/wp-json\/wp\/v2\/pages\/49196\/revisions\/49199"}],"wp:attachment":[{"href":"https:\/\/czk-cakovec.hr\/saturn\/wp-json\/wp\/v2\/media?parent=49196"}],"curies":[{"name":"wp","href":"https:\/\/api.w.org\/{rel}","templated":true}]}}