{"id":49201,"date":"2025-12-23T13:03:59","date_gmt":"2025-12-23T12:03:59","guid":{"rendered":"https:\/\/czk-cakovec.hr\/?page_id=49201"},"modified":"2025-12-23T13:04:29","modified_gmt":"2025-12-23T12:04:29","slug":"a-tko-si-ti","status":"publish","type":"page","link":"https:\/\/czk-cakovec.hr\/saturn\/a-tko-si-ti\/","title":{"rendered":"A tko si ti?"},"content":{"rendered":"<div class=\"wpb-content-wrapper\">[vc_row equal_height=&#8221;yes&#8221; content_placement=&#8221;middle&#8221;][vc_column width=&#8221;1\/3&#8243;][vc_single_image image=&#8221;48477&#8243; img_size=&#8221;large&#8221; alignment=&#8221;center&#8221; css=&#8221;&#8221;][\/vc_column][vc_column width=&#8221;2\/3&#8243;][vc_custom_heading text=&#8221;A tko si ti? (2012.)&#8221; css=&#8221;&#8221;][vc_column_text css=&#8221;&#8221;]14. o\u017eujka 2012[\/vc_column_text][\/vc_column][\/vc_row][vc_row][vc_column][vc_column_text css=&#8221;&#8221;]Trajanje:\u00a035 minuta<\/p>\n<p>Uzrast:\u00a0od 3 do 10 godina<\/p>\n<p align=\"CENTER\"><strong>Redatelj:\u00a0<a href=\"http:\/\/kdpinklec.com\/2009\/05\/02\/bogdan-romano\/\" target=\"_blank\" rel=\"noopener noreferrer\">Romano Bogdan<\/a><\/strong><br \/>\n<strong>Dramatizacija:\u00a0<\/strong>Romano Bogdan (prema motivima pri\u010de Neposlu\u0161no ma\u010de, I. Bjeli\u0161eva)<br \/>\n<strong>Likovno oblikovanje (lutke, scenografija i kostimi):\u00a0<\/strong>Rusa Trajkova<br \/>\n<strong>Glazba:\u00a0<\/strong>Bojan Miljan\u010di\u0107<br \/>\n<strong>Oblikovanje rasvjete:\u00a0<\/strong>Neven Taradi<br \/>\n<strong>Igraju:<br \/>\n<\/strong>Tina \u2013\u00a0<strong><a href=\"http:\/\/kdpinklec.com\/2009\/05\/02\/horvat-karolina\/\" target=\"_blank\" rel=\"noopener noreferrer\">Karolina Horvat<\/a><\/strong><br \/>\nLuka \u2013<strong>\u00a0<a href=\"http:\/\/kdpinklec.com\/2009\/05\/02\/jaksic-mario\/\" target=\"_blank\" rel=\"noopener noreferrer\">Mario Jak\u0161i\u0107<\/a><\/strong><br \/>\nMatko \u2013\u00a0<strong><a href=\"http:\/\/kdpinklec.com\/2009\/05\/02\/dokleja-davor\/\" target=\"_blank\" rel=\"noopener noreferrer\">Davor Dokleja<\/a><\/strong><\/p>\n<p align=\"CENTER\">U predstavi se po motivima iz bajke\u00a0<em>Neposlu\u0161no ma\u010de<\/em>\u00a0I. Bjeli\u0161eva, u dramatizaciji Romana Bogdana, propituju odnosi jednakosti i razli\u010ditosti.<br \/>\nIz amorfnih mekanih jastuka nastaje pri\u010da o likovima koji se me\u0111usobno prepoznaju. U tome prepoznavanju oni su po ne\u010demu isti, a po ne\u010demu razli\u010diti. To je prepoznavanje osmi\u0161ljeno u scenskoj igri lutaka i glumaca, koji uvijek postaju netko drugi, igraju\u0107i se svojom formom, glasovima, jezikom i smislom.<\/p>\n<p>Igraju se Matko, Tina i Luka, ma\u010dkica, je\u017ei\u0107, vjeverica, ze\u010di\u0107, bukva, hrast, jablan\u2026 i jedno ma\u010de, koje je oti\u0161lo predaleko od ku\u0107e i zalutalo.<\/p>\n<p><strong>Nagrade:<\/strong><br \/>\n24. SUSRETA LUTKARA I LUTKARSKIH KAZALI\u0160TA HRVATSKE \u2013 SLUK \u2013 Nagrada za najbolju animaciju Karolini Horvat<br \/>\n24. ME\u0110UNARODNI LUTKARSKI FESTIVAL \u2013 POLETNI LUTKOVNI PRISTAN, MARIBOR \u2013 Nagrada dje\u010djeg \u017eirija \u2013 \u201d25 zlatih zvezdic\u201d<\/p>\n<p>&nbsp;<\/p>\n<p><b><span lang=\"HR\">FESTIVALI:<\/span><\/b><\/p>\n<p><b><span lang=\"HR\">\u00a0<\/span><\/b><\/p>\n<p><b><span lang=\"HR\">Assitej, \u010cakovec 2012.<\/span><\/b><\/p>\n<p><b><span lang=\"HR\">Virkaz, Virovitica 2013.<\/span><\/b><\/p>\n<p><b><span lang=\"HR\">Vukovarsko lutkarsko prolje\u0107e, Vukovar 2013.<\/span><\/b><\/p>\n<p><b><span lang=\"HR\">Mali Bok, Bjelovar 2013.<\/span><\/b><\/p>\n<p><b><span lang=\"HR\">SLUK, Osijek 2013.<\/span><\/b><\/p>\n<p><b><span lang=\"HR\">Me\u0111unarodni dje\u010dji festival u \u0160ibeniku, 2013.<\/span><\/b><\/p>\n<p><b><span lang=\"HR\">Kotar Fest, Delnice 2013.<\/span><\/b><\/p>\n<p><b><span lang=\"HR\">Poletni lutkovni pristan, Maribor 2013.<\/span><\/b><\/p>\n<p><b><span lang=\"HR\">18. Revija lutkarskih kazali\u0161ta, Rijeka 2013.<\/span><\/b><\/p>\n<p><b><span lang=\"HR\">Euro Kids festival, Washington 2013.<\/span><\/b><\/p>\n<p><b><span lang=\"HR\">PROLOG, Sisak 2013.<\/span><\/b><\/p>\n<p>NAGRADE:<br \/>\nSLUK, Osijek \u2013 Nagrada za najbolju animaciju (Karolina Horvat)<br \/>\n24. Me\u0111unarodni lutkarski festival POLETNI LUTKOVNI PRISTAN, MARIBOR<br \/>\nNagrada dje\u010djeg \u017eirija \u201d25 zlatih zvezdic\u201d\u00a0 za predstavu \u201dA TKO SI TI?\u201d[\/vc_column_text][\/vc_column][\/vc_row][vc_row][vc_column][vc_video link=&#8221;https:\/\/vimeo.com\/76447971?fl=pl&amp;fe=cm&#8221; el_width=&#8221;50&#8243; align=&#8221;center&#8221; css=&#8221;&#8221;][\/vc_column][\/vc_row][vc_row][vc_column][vc_gallery type=&#8221;image_grid&#8221; images=&#8221;49203,49204,49205,49206,49207,49208,49209,49210,49211,49212,49213&#8243; css=&#8221;&#8221;][\/vc_column][\/vc_row]\n<\/div>","protected":false},"excerpt":{"rendered":"<p>[vc_row equal_height=&#8221;yes&#8221; content_placement=&#8221;middle&#8221;][vc_column width=&#8221;1\/3&#8243;][vc_single_image image=&#8221;48477&#8243; img_size=&#8221;large&#8221; alignment=&#8221;center&#8221; css=&#8221;&#8221;][\/vc_column][vc_column width=&#8221;2\/3&#8243;][vc_custom_heading text=&#8221;A tko si ti? (2012.)&#8221; css=&#8221;&#8221;][vc_column_text css=&#8221;&#8221;]14. o\u017eujka 2012[\/vc_column_text][\/vc_column][\/vc_row][vc_row][vc_column][vc_column_text css=&#8221;&#8221;]Trajanje:\u00a035 minuta Uzrast:\u00a0od 3 do 10 godina Redatelj:\u00a0Romano Bogdan Dramatizacija:\u00a0Romano Bogdan (prema motivima pri\u010de Neposlu\u0161no ma\u010de, I. Bjeli\u0161eva) Likovno oblikovanje (lutke, scenografija i kostimi):\u00a0Rusa Trajkova Glazba:\u00a0Bojan Miljan\u010di\u0107 Oblikovanje rasvjete:\u00a0Neven Taradi Igraju: Tina \u2013\u00a0Karolina Horvat Luka \u2013\u00a0Mario Jak\u0161i\u0107 Matko \u2013\u00a0Davor Dokleja U predstavi [&hellip;]<\/p>\n","protected":false},"author":2,"featured_media":0,"parent":0,"menu_order":0,"comment_status":"closed","ping_status":"closed","template":"","meta":{"inline_featured_image":false,"footnotes":""},"class_list":["post-49201","page","type-page","status-publish","hentry"],"ulaznica_data":null,"_links":{"self":[{"href":"https:\/\/czk-cakovec.hr\/saturn\/wp-json\/wp\/v2\/pages\/49201","targetHints":{"allow":["GET"]}}],"collection":[{"href":"https:\/\/czk-cakovec.hr\/saturn\/wp-json\/wp\/v2\/pages"}],"about":[{"href":"https:\/\/czk-cakovec.hr\/saturn\/wp-json\/wp\/v2\/types\/page"}],"author":[{"embeddable":true,"href":"https:\/\/czk-cakovec.hr\/saturn\/wp-json\/wp\/v2\/users\/2"}],"replies":[{"embeddable":true,"href":"https:\/\/czk-cakovec.hr\/saturn\/wp-json\/wp\/v2\/comments?post=49201"}],"version-history":[{"count":3,"href":"https:\/\/czk-cakovec.hr\/saturn\/wp-json\/wp\/v2\/pages\/49201\/revisions"}],"predecessor-version":[{"id":49216,"href":"https:\/\/czk-cakovec.hr\/saturn\/wp-json\/wp\/v2\/pages\/49201\/revisions\/49216"}],"wp:attachment":[{"href":"https:\/\/czk-cakovec.hr\/saturn\/wp-json\/wp\/v2\/media?parent=49201"}],"curies":[{"name":"wp","href":"https:\/\/api.w.org\/{rel}","templated":true}]}}