{"id":49218,"date":"2025-12-23T13:07:58","date_gmt":"2025-12-23T12:07:58","guid":{"rendered":"https:\/\/czk-cakovec.hr\/?page_id=49218"},"modified":"2025-12-23T13:09:02","modified_gmt":"2025-12-23T12:09:02","slug":"oko-pola-jedan","status":"publish","type":"page","link":"https:\/\/czk-cakovec.hr\/saturn\/oko-pola-jedan\/","title":{"rendered":"Oko pola jedan"},"content":{"rendered":"<div class=\"wpb-content-wrapper\">[vc_row equal_height=&#8221;yes&#8221; content_placement=&#8221;middle&#8221;][vc_column width=&#8221;1\/3&#8243;][vc_single_image image=&#8221;48478&#8243; img_size=&#8221;large&#8221; alignment=&#8221;center&#8221; css=&#8221;&#8221;][\/vc_column][vc_column width=&#8221;2\/3&#8243;][vc_custom_heading text=&#8221;Oko pola jedan (2012.)&#8221; css=&#8221;&#8221;][vc_column_text css=&#8221;&#8221;]3.velja\u010de 2012[\/vc_column_text][\/vc_column][\/vc_row][vc_row][vc_column][vc_column_text css=&#8221;&#8221;]Trajanje: 40 min<\/p>\n<p>Uzrast: 14+<\/p>\n<p><strong>Autori:<\/strong>\u00a0Azra ibrahimovi\u0107, Bruno Kontrec, Davor Dokleja<br \/>\n<strong>Dramaturgija<\/strong>: autorski tim<br \/>\n<strong>Re\u017eija:<\/strong><a href=\"http:\/\/kdpinklec.com\/2009\/05\/02\/dokleja-davor\/\" target=\"_blank\" rel=\"noopener noreferrer\">\u00a0Davor Dokleja<\/a><br \/>\n<strong>Pokret:<\/strong>\u00a0Azra ibrahimovi\u0107 i Bruno Kontrec<br \/>\n<strong>Scenografija:<\/strong>\u00a0Bruno Kontrec<br \/>\n<strong>Kostimografija:<\/strong>\u00a0autorski tim<br \/>\n<strong>Odabir glazbe:<\/strong>\u00a0autorski tim<br \/>\n<strong>Igraju:<\/strong>\u00a0Azra Ibrahimovi\u0107 i<a href=\"http:\/\/kdpinklec.com\/2009\/05\/02\/kontrec-bruno\/\" target=\"_blank\" rel=\"noopener noreferrer\">\u00a0Bruno Kontrec<\/a><\/p>\n<p>Projekt \u02ddOko pola jedan\u02dd se bavi pitanjem sukoba, njegovim aspektima i\u00a0manifestacijama. Pozitivno shva\u0107anje sukoba obja\u0161njava sukob kao\u00a0dio ljudske prirode i neminovnost njegove pojave tj. sudjeluju\u0107i u sukobu ispunjavamo na\u0161u prirodnu du\u017enost. Pozitivnost pojave sukoba je ljudsko nala\u017eenje inspiracije u nasilju i oporbi. Ali \u0161to kada sukob nadma\u0161uje svoju pozitivnu svrhu i poprima negativne\u00a0karakteristike, tj, kada sukob postaje nepotreban ili samom sebi dovoljan? Igraju\u0107i se apsurdom sukoba, uzimaju\u0107i u obzir njegove globalne komponente, u sredi\u0161te na\u0161e pa\u017enje stavili smo pojedinca. Polje unutar kojeg istra\u017eujemo pojavu sukoba ome\u0111ili smo karakternim crtama jedne osobe, a radnju smjestili unutar jednog uma. Osoba \u010dije\u00a0procese nastojimo prikazati nalazi se u \u00a0svakodnevnoj \u017eivotnoj situaciji koja u\u00a0svojoj pretpostavci\u00a0mo\u017ee imati dva krajnja ishoda. Pozitivan i negativan.[\/vc_column_text][\/vc_column][\/vc_row]\n<\/div>","protected":false},"excerpt":{"rendered":"<p>[vc_row equal_height=&#8221;yes&#8221; content_placement=&#8221;middle&#8221;][vc_column width=&#8221;1\/3&#8243;][vc_single_image image=&#8221;48478&#8243; img_size=&#8221;large&#8221; alignment=&#8221;center&#8221; css=&#8221;&#8221;][\/vc_column][vc_column width=&#8221;2\/3&#8243;][vc_custom_heading text=&#8221;Oko pola jedan (2012.)&#8221; css=&#8221;&#8221;][vc_column_text css=&#8221;&#8221;]3.velja\u010de 2012[\/vc_column_text][\/vc_column][\/vc_row][vc_row][vc_column][vc_column_text css=&#8221;&#8221;]Trajanje: 40 min Uzrast: 14+ Autori:\u00a0Azra ibrahimovi\u0107, Bruno Kontrec, Davor Dokleja Dramaturgija: autorski tim Re\u017eija:\u00a0Davor Dokleja Pokret:\u00a0Azra ibrahimovi\u0107 i Bruno Kontrec Scenografija:\u00a0Bruno Kontrec Kostimografija:\u00a0autorski tim Odabir glazbe:\u00a0autorski tim Igraju:\u00a0Azra Ibrahimovi\u0107 i\u00a0Bruno Kontrec Projekt \u02ddOko pola jedan\u02dd se bavi pitanjem sukoba, njegovim aspektima i\u00a0manifestacijama. Pozitivno [&hellip;]<\/p>\n","protected":false},"author":2,"featured_media":0,"parent":0,"menu_order":0,"comment_status":"closed","ping_status":"closed","template":"","meta":{"inline_featured_image":false,"footnotes":""},"class_list":["post-49218","page","type-page","status-publish","hentry"],"ulaznica_data":null,"_links":{"self":[{"href":"https:\/\/czk-cakovec.hr\/saturn\/wp-json\/wp\/v2\/pages\/49218","targetHints":{"allow":["GET"]}}],"collection":[{"href":"https:\/\/czk-cakovec.hr\/saturn\/wp-json\/wp\/v2\/pages"}],"about":[{"href":"https:\/\/czk-cakovec.hr\/saturn\/wp-json\/wp\/v2\/types\/page"}],"author":[{"embeddable":true,"href":"https:\/\/czk-cakovec.hr\/saturn\/wp-json\/wp\/v2\/users\/2"}],"replies":[{"embeddable":true,"href":"https:\/\/czk-cakovec.hr\/saturn\/wp-json\/wp\/v2\/comments?post=49218"}],"version-history":[{"count":3,"href":"https:\/\/czk-cakovec.hr\/saturn\/wp-json\/wp\/v2\/pages\/49218\/revisions"}],"predecessor-version":[{"id":49221,"href":"https:\/\/czk-cakovec.hr\/saturn\/wp-json\/wp\/v2\/pages\/49218\/revisions\/49221"}],"wp:attachment":[{"href":"https:\/\/czk-cakovec.hr\/saturn\/wp-json\/wp\/v2\/media?parent=49218"}],"curies":[{"name":"wp","href":"https:\/\/api.w.org\/{rel}","templated":true}]}}