{"id":49238,"date":"2025-12-23T13:25:23","date_gmt":"2025-12-23T12:25:23","guid":{"rendered":"https:\/\/czk-cakovec.hr\/?page_id=49238"},"modified":"2025-12-23T13:25:39","modified_gmt":"2025-12-23T12:25:39","slug":"matilda","status":"publish","type":"page","link":"https:\/\/czk-cakovec.hr\/saturn\/matilda\/","title":{"rendered":"Matilda"},"content":{"rendered":"<div class=\"wpb-content-wrapper\">[vc_row equal_height=&#8221;yes&#8221; content_placement=&#8221;middle&#8221;][vc_column width=&#8221;1\/3&#8243;][vc_single_image image=&#8221;48485&#8243; img_size=&#8221;large&#8221; alignment=&#8221;center&#8221; css=&#8221;&#8221;][\/vc_column][vc_column width=&#8221;2\/3&#8243;][vc_custom_heading text=&#8221;Matilda (2010.)&#8221; css=&#8221;&#8221;][vc_column_text css=&#8221;&#8221;]16. studenoga 2009.[\/vc_column_text][\/vc_column][\/vc_row][vc_row][vc_column][vc_column_text css=&#8221;&#8221;]<strong>\u2013 u koprodukciji sa\u00a0<a href=\"http:\/\/kazalistedubrava.hr\/\" target=\"_blank\" rel=\"noopener noreferrer\">DK Dubrava<\/a>, Zagreb<\/strong><\/p>\n<p>Trajanje: 50 min<\/p>\n<p>Uzrast: 6 \u2013 11 godin<\/p>\n<p><strong>Dramatizacija i re\u017eija:<\/strong>\u00a0<a href=\"http:\/\/kazalistedubrava.hr\/oliver-frljic\/\" target=\"_blank\" rel=\"noopener noreferrer\"><strong>Oliver Frlji\u0107<\/strong><\/a><br \/>\n<strong>Asistent redatelja:<\/strong>\u00a0Paolo Ti\u0161ljari\u0107<br \/>\n<strong>Scenografija:<\/strong>\u00a0Mirta Veki\u0107<br \/>\n<strong>Kostimografija:<\/strong>\u00a0Modni studio Arti\u0111ana<br \/>\n<strong>Scenski pokret:<\/strong>\u00a0Sandra Bani\u0107 Naumovski<br \/>\n<strong>Autor glazbe<\/strong>: Damir \u0160imunovi\u0107<br \/>\n<strong>Igraju:<a href=\"http:\/\/kdpinklec.com\/2009\/05\/02\/horvat-karolina\/\" target=\"_blank\" rel=\"noopener noreferrer\">\u00a0Karolina Horvat<\/a><\/strong>\u00a0(Matilda),\u00a0<a href=\"http:\/\/kazalistedubrava.hr\/marija-kolb\/\" target=\"_blank\" rel=\"noopener noreferrer\"><strong>Marija Kolb<\/strong><\/a>\u00a0(Majka, g\u0111ica Grdobina),\u00a0<a href=\"http:\/\/kdpinklec.com\/2009\/05\/02\/kontrec-bruno\/\" target=\"_blank\" rel=\"noopener noreferrer\"><strong>Bruno Kontrec<\/strong><\/a>\u00a0(Otac, u\u010denik),\u00a0<a href=\"http:\/\/kazalistedubrava.hr\/petar-atanasoski\/\" target=\"_blank\" rel=\"noopener noreferrer\"><strong>Petar Atanasoski<\/strong><\/a>\u00a0(Brat, U\u010denik, Policajac),\u00a0<a href=\"http:\/\/www.zekaem.hr\/osoblje-ucilista\/lada-bonacci\/?id=14\" target=\"_parent\" rel=\"noopener noreferrer\"><strong>Lada Bonacci<\/strong><\/a>\u00a0(U\u010diteljica)<\/p>\n<p>Poznati roman Roalda Dahla MATILDA, na\u0161oj publici poznatiji po filmu Dannya DeVita, sada dobiva i svoje prvo hrvatsko kazali\u0161no uprizorenje. Pri\u010da je to o iznimno darovitoj djevoj\u010dici koja ima nadnaravne mo\u0107i. Me\u0111utim, u obiteljskom krugu njezina darovitost nije dobrodo\u0161la. I tako \u0107e ostati sve do prvog dana \u0161kole kada Matilda upoznaje svoju u\u010diteljicu. Od tada se Matildin \u017eivot naglo mijenja. Kako se odnos u\u010denice i u\u010diteljice pretvara u iskreno prijateljstvo, doga\u0111aju se i velike promjene u Matildinoj obitelji.<\/p>\n<p>U brzom tempu, prolaze\u0107i kroz najva\u017enije epizode Dahlova romana, ova predstava govori o onome \u0161to je ve\u0107 odavno dio dje\u010dje svakodnevice \u2013 roditelji zaokupljeni poslom i egzistencijom, ali ovdje dovedeni do karikature i ekstrema. Ispod naoko duhovite povr\u0161ine, krije se pri\u010da o zanemarivanju djeteta. Na sre\u0107u, ovo je pri\u010da sa sretnim zavr\u0161etkom. Ono \u0161to ne dobiva u obitelji, Matilda \u0107e prona\u0107i u liku u\u010diteljice. I tu po\u010dinje jedna nova pri\u010da \u2013 pri\u010da o razumijevanju, potpori i ljubavi.<\/p>\n<p>NAGRADE:<\/p>\n<p>Festival Pozori\u0161te Zvezdari\u0161te u Beogradu:<br \/>\n1. nagrada dje\u010djeg \u017eirija za najbolju predstavu<br \/>\n1. nagrada stru\u010dnog \u017eirija za najbolju re\u017eiju (Oliver Frlji\u0107)<\/p>\n<p>Na 14. susretu profesionalnih kazali\u0161ta za djecu i mlade Hrvatskog centra ASSITEJ:<br \/>\n\u2013 nagrada za najbolju re\u017eiju \u2013 OLIVER FRLJI\u0106 za predstavu\u00a0MATILDA<br \/>\n\u2013 nagrada za najbolju \u017eensku ulogu \u2013 MARIJA KOLB<br \/>\n\u2013 nagrada za najbolju mu\u0161ku ulogu \u2013 BRUNO KONTREC<\/p>\n<p><a href=\"http:\/\/kdpinklec.com\/2009\/05\/02\/o-matildi-na-kulisa-eu\/\" target=\"_blank\" rel=\"noopener noreferrer\"><strong>PRO\u010cITAJTE KRITIKU<\/strong><\/a>[\/vc_column_text][\/vc_column][\/vc_row]\n<\/div>","protected":false},"excerpt":{"rendered":"<p>[vc_row equal_height=&#8221;yes&#8221; content_placement=&#8221;middle&#8221;][vc_column width=&#8221;1\/3&#8243;][vc_single_image image=&#8221;48485&#8243; img_size=&#8221;large&#8221; alignment=&#8221;center&#8221; css=&#8221;&#8221;][\/vc_column][vc_column width=&#8221;2\/3&#8243;][vc_custom_heading text=&#8221;Matilda (2010.)&#8221; css=&#8221;&#8221;][vc_column_text css=&#8221;&#8221;]16. studenoga 2009.[\/vc_column_text][\/vc_column][\/vc_row][vc_row][vc_column][vc_column_text css=&#8221;&#8221;]\u2013 u koprodukciji sa\u00a0DK Dubrava, Zagreb Trajanje: 50 min Uzrast: 6 \u2013 11 godin Dramatizacija i re\u017eija:\u00a0Oliver Frlji\u0107 Asistent redatelja:\u00a0Paolo Ti\u0161ljari\u0107 Scenografija:\u00a0Mirta Veki\u0107 Kostimografija:\u00a0Modni studio Arti\u0111ana Scenski pokret:\u00a0Sandra Bani\u0107 Naumovski Autor glazbe: Damir \u0160imunovi\u0107 Igraju:\u00a0Karolina Horvat\u00a0(Matilda),\u00a0Marija Kolb\u00a0(Majka, g\u0111ica Grdobina),\u00a0Bruno Kontrec\u00a0(Otac, u\u010denik),\u00a0Petar Atanasoski\u00a0(Brat, U\u010denik, Policajac),\u00a0Lada Bonacci\u00a0(U\u010diteljica) [&hellip;]<\/p>\n","protected":false},"author":2,"featured_media":0,"parent":0,"menu_order":0,"comment_status":"closed","ping_status":"closed","template":"","meta":{"inline_featured_image":false,"footnotes":""},"class_list":["post-49238","page","type-page","status-publish","hentry"],"ulaznica_data":null,"_links":{"self":[{"href":"https:\/\/czk-cakovec.hr\/saturn\/wp-json\/wp\/v2\/pages\/49238","targetHints":{"allow":["GET"]}}],"collection":[{"href":"https:\/\/czk-cakovec.hr\/saturn\/wp-json\/wp\/v2\/pages"}],"about":[{"href":"https:\/\/czk-cakovec.hr\/saturn\/wp-json\/wp\/v2\/types\/page"}],"author":[{"embeddable":true,"href":"https:\/\/czk-cakovec.hr\/saturn\/wp-json\/wp\/v2\/users\/2"}],"replies":[{"embeddable":true,"href":"https:\/\/czk-cakovec.hr\/saturn\/wp-json\/wp\/v2\/comments?post=49238"}],"version-history":[{"count":3,"href":"https:\/\/czk-cakovec.hr\/saturn\/wp-json\/wp\/v2\/pages\/49238\/revisions"}],"predecessor-version":[{"id":49241,"href":"https:\/\/czk-cakovec.hr\/saturn\/wp-json\/wp\/v2\/pages\/49238\/revisions\/49241"}],"wp:attachment":[{"href":"https:\/\/czk-cakovec.hr\/saturn\/wp-json\/wp\/v2\/media?parent=49238"}],"curies":[{"name":"wp","href":"https:\/\/api.w.org\/{rel}","templated":true}]}}