{"id":49253,"date":"2025-12-23T13:43:31","date_gmt":"2025-12-23T12:43:31","guid":{"rendered":"https:\/\/czk-cakovec.hr\/?page_id=49253"},"modified":"2025-12-23T13:46:03","modified_gmt":"2025-12-23T12:46:03","slug":"povijestkdpinklec","status":"publish","type":"page","link":"https:\/\/czk-cakovec.hr\/saturn\/povijestkdpinklec\/","title":{"rendered":"Povijest KD Pinklec"},"content":{"rendered":"<div class=\"wpb-content-wrapper\">[vc_row][vc_column][vc_custom_heading text=&#8221;Povijest KD Pinklec&#8221; font_container=&#8221;tag:h2|text_align:center&#8221; css=&#8221;&#8221;][vc_column_text css=&#8221;&#8221;]\n<p style=\"text-align: center;\">13. sije\u010dnja 2000.<\/p>\n[\/vc_column_text][\/vc_column][\/vc_row][vc_row][vc_column][vc_column_text css=&#8221;&#8221;]<strong>POVIJEST:<\/strong><\/p>\n<div>\n<div>\n<p>POVIJEST:<br \/>\n1982. ISPOVIJEST U DELIRIJUMU \/\u00a0R. Bogdan \/ Redatelj: Romano Bogdan<\/p>\n<p>1983. \u017dIVOTINJSKA FARMA \/\u00a0G. Orwel \/ Redatelj: Romano Bogdan<\/p>\n<p>1984. POSLJEDNJA KRAPOVA VRPCA \/\u00a0S. Beckett \/ Redatelj: Romano Bogdan<\/p>\n<p>1985. NEOBI\u010cNA PRI\u010cA \/\u00a0R. Bogdan \/ Redatelj: Romano Bogdan<\/p>\n<p>1986. NEKA PREDSTAVA PO\u010cNE \/\u00a0R. Bogdan \/ Redatelj: Romano Bogdan<\/p>\n<p>1987. KROKODIL TURIST\u00a0\/\u00a0 J. \u010cun\u010di\u0107 \/ Redatelj: Romano Bogdan \u2013 PRVA PREDSTAVA KAZALI\u0160NE DRU\u017dINE PINKLEC<\/p>\n<p>1987. \u017dUTOKAPA\u00a0\/ R. Pavlovi\u0107 \/ Redatelj: Romano Bogdan<\/p>\n<p>1987. ALGAZY &amp; GRUMMER ( DOGA\u0110AJI NA SMETLISTU )\u00a0\/ razni autori \/ Redatelj: Romano Bogdan<\/p>\n<p>1987. KOJI JE PRAVI?\u00a0\/ D. J. Buzimski \/ Redatelj: Romano Bogdan<\/p>\n<p>1988. MASKA CRVENE SMRTI\u00a0\/ E. A. Poe \/ Redatelj: Romano Bogdan<\/p>\n<p>1988. OH KAKAV DAN\u00a0\/\u00a0osmislili i napisali Pinkleci \/ Redatelj: Romano Bogdan<\/p>\n<p>1989. AD OCULUM\u00a0\/\u00a0osmislili i napisali Pinkleci \/ Redatelj: Romano Bogdan<\/p>\n<p>1989. NEUSPJELA PODVALA\u00a0\/ Mladen Bjazi\u0107 \/ Redatelj: Romano Bogdan<\/p>\n<p>1990. KRVOSKOK\u00a0\/ A. Artaud \/ Redatelj: Romano Bogdan<\/p>\n<p>1990. LOPTICA HOPSICA\u00a0\/ J. Malik \/ Redatelj: Romano Bogdan<\/p>\n<p>1991. HAMLET\u00a0\/ L. Bunuel \/ Redatelj: Romano Bogdan<\/p>\n<p>1991. NESTA\u0160NA PULCINELLA\u00a0\/\u00a0osmislili i napisali Pinkleci \/ Redatelj: Romano Bogdan<\/p>\n<p>1992. POSTOJANI KOSITRENI VOJNIK\u00a0\/ H.C. Andersen \/ Redatelj: Romano Bogdan<\/p>\n<p>1992. GA\u0160PAR U AKCIJI\u00a0\/\u00a0osmislili i napisali Pinkleci \/ Redatelj: Romano Bogdan<\/p>\n<p>1993. PRVA VELIKA HRVATSKA IZLO\u017dBA\u00a0\/ osmislili i napisali Pinkleci \/ Redatelj: Romano Bogdan<\/p>\n<p>1993. SNJEGULJICA\u00a0\/\u00a0osmislili i napisali Pinkleci \/ Redatelj: Romano Bogdan<\/p>\n<p>1994. STAZA SVAKA VODI NAS DO DJEDA BO\u017dI\u0106NJAKA\u00a0\/ V. Lisjak \/ Redatelj: Romano Bogdan<\/p>\n<p>1995. MACBETH\u00a0\/ W. Shakespeare \/ Redatelj: Romano Bogdan<\/p>\n<p>1995. SNJE\u017dNA KRALJICA\u00a0\/ V. Stojsavljevi\u0107 \/ Redatelj: Romano Bogdan<\/p>\n<p>1996. PODRUMSKA PRI\u010cA\u00a0\/ osmislili i napisali Pinkleci\/ Redatelj: Romano Bogdan<\/p>\n<p>1997. GDJE SE SAKRIO NANAQUI?\u00a0\/ A. Artaud \/ Redatelj: Romano Bogdan<\/p>\n<p>1997. SRETNI PRINC\u00a0\/ O. Wilde \/ Redatelj: Romano Bogdan<\/p>\n<p>1998. KOZMI\u010cKI \u017dONGLERI\u00a0\/ K. Mesaric \/ Redatelj: Romano Bogdan<\/p>\n<p>1998. PINOKIO\u00a0\/ V. Stojsavljevi\u0107 \/ Redatelj: Romano Bogdan<\/p>\n<p>1999. \u010cAROLIJA\u00a0\/ osmislili i napisali Pinkleci \/ Redatelj: Romano Bogdan<\/p>\n<p>2000. NEVA NEVI\u010cICA\u00a0\/ prema I.B.Ma\u017eurani\u0107 \/ Redatelj: Romano Bogdan<\/p>\n<p>2001. BAGAN\u00a0\/ V. Stojsavljevi\u0107 \/ Redatelj: Romano Bogdan<\/p>\n<p>2002. ROMEO &amp; JULIETA\u00a0\/ W. Shakespeare \/ E.G. Craig \/ Redatelj: Romano Bogdan<\/p>\n<p>2002. PRICE TATE MI\u0160A\u00a0\/ A. Lobel \/ Redatelj: Romano Bogdan<\/p>\n<p>2003. DOGA\u0110AJ U MJESTU GOGA \/ S. Grum \/ Redatelj: Romano Bogdan<\/p>\n<p>2003. \u0160U\u0106-MU\u0106-PRI\u010cA \/ Z. Ladika \/ Redatelj: Romano Bogdan<\/p>\n<p>2004. OSVAJANJE MEKSIKA\u00a0\/ A. Artaud \/ Redatelj: Romano Bogdan<\/p>\n<p>2004. BREMENSKI SVIRA\u010cI\u00a0\/ prema pri\u010di bra\u0107e Grimm \/ Redatelj: Romano Bogdan<\/p>\n<p>2005. HELIOGABAL\u00a0\/ A. Artaud \/ Redatelj: R.Bogdan<\/p>\n<p>2005. VELIKI NIKOLA I MALI NIKOLA \/ prema pri\u010di H.C. Andersena \/ Redatelj: Romano Bogdan<\/p>\n<p>2006. KRALJ GORDOGAN \/ prema Radovanu Iv\u0161i\u0107u \/ Redatelj: Romano Bogdan<\/p>\n<p>2006. POBUNA IGRA\u010cAKA\u00a0\/\u00a0V. Lisjak \/ Redatelj: Romano Bogdan<\/p>\n<p>2007. VJERODOSTOJNI DO\u017dIVLJAJI SA PSIMA\u00a0\/ I.Bakmaz \/ Redatelj: Romano Bogdan<\/p>\n<p>2007. KRIVA KOZA \/ prema bra\u0107i Grimm \/ koprodukcija s Dramskim studijom Dada \/ Redatelj: Davor Dokleja<\/p>\n<p>2007. VUK I TRI PRA\u0160\u010cI\u0106A \/ prema pri\u010di bra\u0107e Grimm \/ Redatelj: Romano Bogdan<\/p>\n<p>2007. MO\u017d I \u017dENA \/ Vesna Kosec \u2013 Torjanac \/ Redatelj: Dubravko Torjanac \u2013 PRVA PROFESIONALNA PRODUKCIJA KAZALI\u0160NE DRU\u017dINE PINKLEC<\/p>\n<p>2008. PERIKLO \/ prema W.Shakespeareu \/ Redatelj: Romano Bogdan<\/p>\n<p>2008. GA\u0160PAR U AKCIJI \/ R.Bogdan \/ Redatelj: Romano Bogdan<\/p>\n<p>2008. PSIMA ULAZ ZABRANJEN \/ M.Rundek \/ Redatelj: Lana Bitenc<\/p>\n<p>2008. NIKOLA SEDMI \/\u00a0V.Stojsavljevi\u0107 \/ Redatelj: Romano Bogdan<\/p>\n<p>2008. VATROSLAV GROM \/ prema motivima Jody Bergsma napisao Igor Baksa, za\u010dinili Pinkleci \/ Redatelj: Romano Bogdan<\/p>\n<p>2009. VE\u010cERAS SE IMPROVIZIRA \/ L. Pirandello \/ koprodukcija s Dramskim studijom Dada \/\u00a0Redatelj: Davor Dokleja<\/p>\n<p>2009. MALI \u010cAROBNJAK \/ prema motivima Jody Bergsma napisao Igor Baksa, za\u010dinili Pinkleci \/ Redatelj: Romano Bogdan<\/p>\n<p>2009. DJE\u010cAK IVEK I PAS CVILEK \/ prema motivima \u0110ure Vilovi\u0107a \u2013 Jelena Kova\u010di\u0107 \/ Redatelj: Anica Tomi\u0107<\/p>\n<p>2009. GA\u0160PAROVA PODVALA \/ osmislili i napisali Pinkleci \/ Redatelj: R.Bogdan<\/p>\n<p>2010. MATILDA \/ Roald Dahl \/ Redatelj: Oliver Frlji\u0107<\/p>\n<p>2010. PTI\u010cICA \/ osmislili i dramatizirali Pinkleci \/ Redatelj: Romano Bogdan<\/p>\n<p>2010. SVAKI PUT I SVAKA STAZA VODE NAS DO DJEDA MRAZA \/ Vinko Lisjak \/ Redatelj: Romano Bogdan<\/p>\n<p>2011. MI SE \u010cESI ZIME NE BOJIME \/ prema Sverak-Smoljak \/ Redatelj Davor Dokleja<\/p>\n<p>2011. TATA LAV I NJEGOVA SRETNA DJECA \/ Redatelj: Paolo Ti\u0161ljari\u0107<\/p>\n<p>2011. KLUPICA \/ J. Kova\u010di\u0107 \/ Redatelj: Mario Kova\u010d<\/p>\n<p>2012. OKO POLA JEDAN \/ autorski projekt Azre Ibrahimovi\u0107, Brune Kontreca i Davora Dokleje \/ Redatelj: Davor Dokleja<\/p>\n<p>2012. A TKO SI TI? \/ prema motivima pri\u010de Neposlu\u0161no ma\u010de, I. Bjeli\u0161eva \/ Redatelj: Romano Bogdan<\/p>\n<p>2012. \u0160TA? \/ I. Turkovi\u0107 Krnjak \/ Redatelj: Davor Dokleja<\/p>\n<p>2012. SNJEGULJICA MORA UMRIJETI \/ R. \u017dulj \/ Redatelj: Miran Kurspahi\u0107<\/p>\n<p>2012. VJETROPLJUS \/ A. Wendt \/ Redatelj: Davor Dokleja<\/p>\n<p>2013. KAKO JE JE\u0160KO POBIJEDIO PREHLADU\u00a0\/ S. PAL \/ Redatelj: Davor Dokleja<\/p>\n<p>2013. KU\u0106NI DUHOVI ili nevidljivi recept za sre\u0107u \/ T. Ku\u010dinovi\u0107 \/ Redateljica: T. Ku\u010dinovi\u0107<\/p>\n<p>2013. \u0160EGRT HLAPI\u0106 KAKO BI GA IGRALA KAZALI\u0160NA DRU\u017dINA PINKLEC \/ T. Novak \/ Redatelj: Romano Bogdan<\/p>\n<p>2014. GENERAL KIRO MI\u0160 \/ H. Kova\u010devi\u0107 \/ Redatelj: Davor Dokleja<\/p>\n<p>2014. \u010cETIRI PSI\u0106A \/ T. Novak \/ Koreografija: Sanja Tropp Fruhwald \/ Redatelj: Romano Bogdan<\/p>\n<p>2014. JE\u017dEVA KU\u0106ICA \/ M. Sviben \/ Redateljica: Tamara Ku\u010dinovi\u0107<\/p>\n<p>2015. ZOO! \/ S. Rakef \/ Redatelj: Davor Dokleja<\/p>\n<p>2015. BREMENSKI SVIRA\u010cI \/ R. Bogdan \/ Redatelj: Romano Bogdan<\/p>\n<p>2015. THE KILLER IN ME IS THE KILLER IN YOU MY LOVE \/ A. Beyeler \/ Redatelji: Sanja i Till Fruhwald<\/p>\n<p>2015. VU\u010cJE SRCE \/ N. Mil\u010dinski \/ Redatelj: Peter Kus<\/p>\n<p>2015. DJE\u010cAK VUK I TRI PRASICE \/ D. Dokleja \/ Redatelj: Davor Dokleja<\/p>\n<p>2016. POLA-POLA \/ M. Bogavac \/ Redateljica: Renata Carola Gatica<\/p>\n<p>2016. S RAZLOGOM \/ Autorski tim predstave \/ Redateljica: Morana Dolenc<\/p>\n<p>2016. PU\u017d MU\u017d \/ T. Novak \/ redatelj: Romano Bogdan<\/p>\n<p>2016. IVICA I MARICA, pse\u0107a pri\u010da\u00a0\/\u00a0inspirirano pri\u010dom bra\u0107e\u00a0Grimm \/ Redatelj: Davor Dokleja<\/p>\n<p>2017. PREKO SEDAM MORA, PREKO SEDAM GORA \/ J. Kova\u010di\u0107 \/ Redateljica: Anica Tomi\u0107<\/p>\n<p>2017. THE WALL \/ Kristina \u0160tebih \/ Redatelj: Davor Dokleja<\/p>\n<p>2017. PETRICA KEREMPUH \/ Igor Weidlich \/ Redatelj: Lovro Krsnik<\/p>\n<p>2017. SUPERJUNACI \/ Rakhal Herrero i Damian Cortes Alberti \/ Redateljica: Renata Carola Gatica<\/p>\n<p>2017. SNJEGULJICA \/ B. Grimm \/ Redatelj: Davor Dokleja<\/p>\n<p>2018. DO VI\u0110ENJA \/ Tanja Novak \/ Redatelj: Romano Bogdan<\/p>\n<p>2018. ROBINSON CRUSOE ili o usamljenosti \/ Bruno Margeti\u0107 \/ Redateljica: Morana Dolenc<\/p>\n<p>2018. RU\u010cAK ZA \u0160ESTERO \/ Tamara Ku\u010dinovi\u0107 \/ Redateljica: Tamara Ku\u010dinovi\u0107<\/p>\n<p>2018. BIJELI KLAUN \/ Damir Milo\u0161 \/ Redatelj: Davor Dokleja<\/p>\n<p>2019. KRPIMIRCI \/ Autorski projekt Ksenije Zec i Sa\u0161e Bo\u017ei\u0107a<\/p>\n<p>2019. VUKA SE NE BOJIM JA \/ Tanja Novak \/ Redatelj: Romano Bogdan<\/p>\n<p>2019. KRALJ LEAR \/ W. Shakespeare i U. Hub \/ Redatelj: Davor Dokleja<\/p>\n<p>2019. KAO VODA \/ Ana Proli\u0107 \/ Redatelj: Romano Bogdan<\/p>\n<p>2019. DOK TE NIJE BILO \/ Elif Temu\u00e7in \/ Redatelj: Davor Dokleja<\/p>\n<p>2020. \u0160AMRLEK \/ Mojca Redjko \/ Redatelj: Romano Bogdan<\/p>\n<p>&nbsp;<\/p>\n<\/div>\n<\/div>\n<p>PROFESIONALNA PRODUKCIJA<\/p>\n<p>DRAMSKI STUDIO<\/p>\n<p>AMATERSKA PRODUKCIJA[\/vc_column_text][\/vc_column][\/vc_row]\n<\/div>","protected":false},"excerpt":{"rendered":"<p>[vc_row][vc_column][vc_custom_heading text=&#8221;Povijest KD Pinklec&#8221; font_container=&#8221;tag:h2|text_align:center&#8221; css=&#8221;&#8221;][vc_column_text css=&#8221;&#8221;] 13. sije\u010dnja 2000. [\/vc_column_text][\/vc_column][\/vc_row][vc_row][vc_column][vc_column_text css=&#8221;&#8221;]POVIJEST: POVIJEST: 1982. ISPOVIJEST U DELIRIJUMU \/\u00a0R. Bogdan \/ Redatelj: Romano Bogdan 1983. \u017dIVOTINJSKA FARMA \/\u00a0G. Orwel \/ Redatelj: Romano Bogdan 1984. POSLJEDNJA KRAPOVA VRPCA \/\u00a0S. Beckett \/ Redatelj: Romano Bogdan 1985. NEOBI\u010cNA PRI\u010cA \/\u00a0R. Bogdan \/ Redatelj: Romano Bogdan 1986. NEKA PREDSTAVA PO\u010cNE \/\u00a0R. Bogdan \/ Redatelj: Romano [&hellip;]<\/p>\n","protected":false},"author":2,"featured_media":0,"parent":0,"menu_order":0,"comment_status":"closed","ping_status":"closed","template":"","meta":{"inline_featured_image":false,"footnotes":""},"class_list":["post-49253","page","type-page","status-publish","hentry"],"ulaznica_data":null,"_links":{"self":[{"href":"https:\/\/czk-cakovec.hr\/saturn\/wp-json\/wp\/v2\/pages\/49253","targetHints":{"allow":["GET"]}}],"collection":[{"href":"https:\/\/czk-cakovec.hr\/saturn\/wp-json\/wp\/v2\/pages"}],"about":[{"href":"https:\/\/czk-cakovec.hr\/saturn\/wp-json\/wp\/v2\/types\/page"}],"author":[{"embeddable":true,"href":"https:\/\/czk-cakovec.hr\/saturn\/wp-json\/wp\/v2\/users\/2"}],"replies":[{"embeddable":true,"href":"https:\/\/czk-cakovec.hr\/saturn\/wp-json\/wp\/v2\/comments?post=49253"}],"version-history":[{"count":3,"href":"https:\/\/czk-cakovec.hr\/saturn\/wp-json\/wp\/v2\/pages\/49253\/revisions"}],"predecessor-version":[{"id":49256,"href":"https:\/\/czk-cakovec.hr\/saturn\/wp-json\/wp\/v2\/pages\/49253\/revisions\/49256"}],"wp:attachment":[{"href":"https:\/\/czk-cakovec.hr\/saturn\/wp-json\/wp\/v2\/media?parent=49253"}],"curies":[{"name":"wp","href":"https:\/\/api.w.org\/{rel}","templated":true}]}}