{"id":49272,"date":"2025-12-24T10:23:48","date_gmt":"2025-12-24T09:23:48","guid":{"rendered":"https:\/\/czk-cakovec.hr\/?page_id=49272"},"modified":"2025-12-24T11:37:16","modified_gmt":"2025-12-24T10:37:16","slug":"kontakti-kdpinklec","status":"publish","type":"page","link":"https:\/\/czk-cakovec.hr\/saturn\/kontakti-kdpinklec\/","title":{"rendered":"Pinklec kontakt"},"content":{"rendered":"<div class=\"wpb-content-wrapper\">[vc_row][vc_column][vc_custom_heading text=&#8221;Kontakt&#8221; css=&#8221;&#8221;][\/vc_column][\/vc_row][vc_row][vc_column width=&#8221;1\/2&#8243;][vc_custom_heading text=&#8221;CENTAR ZA KULTURU \u010cAKOVEC Kazali\u0161na dru\u017eina &#8220;Pinklec&#8220;&#8221; font_container=&#8221;tag:h3|text_align:left&#8221; css=&#8221;&#8221;][vc_column_text css=&#8221;.vc_custom_1766567143027{margin-bottom: 30px !important;}&#8221;]Trg Republike 3, 40000 \u010cakovec<\/p>\n<p>T: +385 40 314 775<\/p>\n<p>F: 385 40 312 770[\/vc_column_text][vc_custom_heading text=&#8221;Umjetni\u010dki ravnatelj KD Pinklec&#8221; font_container=&#8221;tag:h3|text_align:left&#8221; css=&#8221;&#8221;][vc_column_text css=&#8221;&#8221;]<strong>Romano Bogdan<\/strong><\/p>\n<p>+385 98 24 24 39<\/p>\n<p>theatrepinklec@gmail.com[\/vc_column_text][vc_custom_heading text=&#8221;Prodaja i organizacija predstava&#8221; font_container=&#8221;tag:h3|text_align:left&#8221; css=&#8221;&#8221;][vc_column_text css=&#8221;&#8221;]<strong>Tasjenka \u017dnidar\u00a0<\/strong><\/p>\n<p>+385 9314 775<\/p>\n<p>+385 98 989 0242<\/p>\n<p>pinklecpropaganda@gmail.com[\/vc_column_text][vc_custom_heading text=&#8221;\u0160ef tehnike&#8221; font_container=&#8221;tag:h3|text_align:left&#8221; css=&#8221;&#8221;][vc_column_text css=&#8221;&#8221;]<strong>Neven Taradi<\/strong><\/p>\n<p>+385 97 694 5533<\/p>\n<p>neven.taradi@gmail.com[\/vc_column_text][vc_custom_heading text=&#8221;Voditelj Dramskog studija Dada&#8221; font_container=&#8221;tag:h3|text_align:left&#8221; css=&#8221;&#8221;][vc_column_text css=&#8221;&#8221;]<strong>Davor Dokleja<\/strong><\/p>\n<p>+385 97 694 5533<\/p>\n<p>kdpinklec@gmail.com[\/vc_column_text][vc_column_text css=&#8221;&#8221;]Kazali\u0161na dru\u017eina Pinklec kreira predstave namijenjene djeci i mladima do 18 godina, koje govore o svakodnevnim \u017eivotnim temama i o bajkovitom mitolo\u0161kom svijetu koji je djeci u dana\u0161njem dru\u0161tvu nasu\u0161no potreban.<\/p>\n<p>Time im omogu\u0107avamo da u slojevitoj, edukativnoj i ma\u0161tovitoj kazali\u0161noj estetici prona\u0111u mirni kutak djetinjstva, da razvijaju kreativnost, ma\u0161tu , kulturu javnog nastupa i komuniciranja, te da stje\u010du kulturne navike.[\/vc_column_text][\/vc_column][vc_column width=&#8221;1\/2&#8243;][vc_goo_maps location=&#8221;Centar za kulturu \u010cakovec&#8221; zoom=&#8221;15&#8243; css=&#8221;&#8221;][\/vc_column][\/vc_row]\n<\/div>","protected":false},"excerpt":{"rendered":"<p>[vc_row][vc_column][vc_custom_heading text=&#8221;Kontakt&#8221; css=&#8221;&#8221;][\/vc_column][\/vc_row][vc_row][vc_column width=&#8221;1\/2&#8243;][vc_custom_heading text=&#8221;CENTAR ZA KULTURU \u010cAKOVEC Kazali\u0161na dru\u017eina &#8220;Pinklec&#8220;&#8221; font_container=&#8221;tag:h3|text_align:left&#8221; css=&#8221;&#8221;][vc_column_text css=&#8221;.vc_custom_1766567143027{margin-bottom: 30px !important;}&#8221;]Trg Republike 3, 40000 \u010cakovec T: +385 40 314 775 F: 385 40 312 770[\/vc_column_text][vc_custom_heading text=&#8221;Umjetni\u010dki ravnatelj KD Pinklec&#8221; font_container=&#8221;tag:h3|text_align:left&#8221; css=&#8221;&#8221;][vc_column_text css=&#8221;&#8221;]Romano Bogdan +385 98 24 24 39 theatrepinklec@gmail.com[\/vc_column_text][vc_custom_heading text=&#8221;Prodaja i organizacija predstava&#8221; font_container=&#8221;tag:h3|text_align:left&#8221; css=&#8221;&#8221;][vc_column_text css=&#8221;&#8221;]Tasjenka \u017dnidar\u00a0 +385 9314 775 +385 98 989 0242 pinklecpropaganda@gmail.com[\/vc_column_text][vc_custom_heading [&hellip;]<\/p>\n","protected":false},"author":2,"featured_media":0,"parent":0,"menu_order":0,"comment_status":"closed","ping_status":"closed","template":"","meta":{"inline_featured_image":false,"footnotes":""},"class_list":["post-49272","page","type-page","status-publish","hentry"],"ulaznica_data":null,"_links":{"self":[{"href":"https:\/\/czk-cakovec.hr\/saturn\/wp-json\/wp\/v2\/pages\/49272","targetHints":{"allow":["GET"]}}],"collection":[{"href":"https:\/\/czk-cakovec.hr\/saturn\/wp-json\/wp\/v2\/pages"}],"about":[{"href":"https:\/\/czk-cakovec.hr\/saturn\/wp-json\/wp\/v2\/types\/page"}],"author":[{"embeddable":true,"href":"https:\/\/czk-cakovec.hr\/saturn\/wp-json\/wp\/v2\/users\/2"}],"replies":[{"embeddable":true,"href":"https:\/\/czk-cakovec.hr\/saturn\/wp-json\/wp\/v2\/comments?post=49272"}],"version-history":[{"count":7,"href":"https:\/\/czk-cakovec.hr\/saturn\/wp-json\/wp\/v2\/pages\/49272\/revisions"}],"predecessor-version":[{"id":49279,"href":"https:\/\/czk-cakovec.hr\/saturn\/wp-json\/wp\/v2\/pages\/49272\/revisions\/49279"}],"wp:attachment":[{"href":"https:\/\/czk-cakovec.hr\/saturn\/wp-json\/wp\/v2\/media?parent=49272"}],"curies":[{"name":"wp","href":"https:\/\/api.w.org\/{rel}","templated":true}]}}