{"id":49283,"date":"2025-12-29T11:35:18","date_gmt":"2025-12-29T10:35:18","guid":{"rendered":"https:\/\/czk-cakovec.hr\/?page_id=49283"},"modified":"2025-12-29T14:55:01","modified_gmt":"2025-12-29T13:55:01","slug":"dada-predstave","status":"publish","type":"page","link":"https:\/\/czk-cakovec.hr\/saturn\/dada-predstave\/","title":{"rendered":"Dramski studio Dada &#8211; predstave"},"content":{"rendered":"<div class=\"wpb-content-wrapper\">[vc_row][vc_column width=&#8221;1\/4&#8243;][vc_hoverbox image=&#8221;49285&#8243; primary_title=&#8221;20 godina dramskog studija Dada&#8221; hover_title=&#8221;20 godina dramskog studija Dada&#8221; hover_background_color=&#8221;custom&#8221; hover_btn_title=&#8221;Saznaj vi\u0161e&#8221; hover_add_button=&#8221;true&#8221; hover_custom_background=&#8221;#333030&#8243; hover_btn_link=&#8221;url:https%3A%2F%2Fczk-cakovec.hr%2Fpetar-pan%2F&#8221;]1.velja\u010de 2024[\/vc_hoverbox][\/vc_column][vc_column width=&#8221;1\/4&#8243;][vc_hoverbox image=&#8221;49286&#8243; primary_title=&#8221;Posljednja pahulja&#8221; hover_title=&#8221;Posljednja pahulja&#8221; hover_background_color=&#8221;custom&#8221; hover_btn_title=&#8221;Saznaj vi\u0161e&#8221; hover_add_button=&#8221;true&#8221; hover_custom_background=&#8221;#333030&#8243; hover_btn_link=&#8221;url:https%3A%2F%2Fczk-cakovec.hr%2Fposljednja-pahulja%2F&#8221;]&nbsp;<\/p>\n<p>10.svibnja 2023.[\/vc_hoverbox][\/vc_column][vc_column width=&#8221;1\/4&#8243;][vc_hoverbox image=&#8221;49287&#8243; primary_title=&#8221;Premijera Mala seoska priredba&#8221; hover_title=&#8221;Premijera Mala seoska priredba&#8221; hover_background_color=&#8221;custom&#8221; hover_btn_title=&#8221;Saznaj vi\u0161e&#8221; hover_add_button=&#8221;true&#8221; hover_custom_background=&#8221;#333030&#8243; hover_btn_link=&#8221;url:https%3A%2F%2Fczk-cakovec.hr%2Fmala-seoska-priredba%2F&#8221;]27. svibnja 2022.[\/vc_hoverbox][\/vc_column][vc_column width=&#8221;1\/4&#8243;][vc_hoverbox image=&#8221;49288&#8243; primary_title=&#8221;Julija &#038; Julija&#8221; hover_title=&#8221;Julija &#038; Julija&#8221; hover_background_color=&#8221;custom&#8221; hover_btn_title=&#8221;Saznaj vi\u0161e&#8221; hover_add_button=&#8221;true&#8221; hover_custom_background=&#8221;#333030&#8243; hover_btn_link=&#8221;url:https%3A%2F%2Fczk-cakovec.hr%2Fjulija-i-julija%2F&#8221;]&nbsp;<\/p>\n<p>21. travnja 2022[\/vc_hoverbox][\/vc_column][\/vc_row][vc_row equal_height=&#8221;yes&#8221;][vc_column width=&#8221;1\/4&#8243;][vc_hoverbox image=&#8221;49289&#8243; primary_title=&#8221;Bra\u0107a istih hla\u010da&#8221; hover_title=&#8221;Bra\u0107a istih hla\u010da&#8221; hover_background_color=&#8221;custom&#8221; hover_btn_title=&#8221;Saznaj vi\u0161e&#8221; hover_add_button=&#8221;true&#8221; hover_custom_background=&#8221;#333030&#8243; hover_btn_link=&#8221;url:https%3A%2F%2Fczk-cakovec.hr%2Fbraca-istih-hlaca%2F&#8221;]&nbsp;<\/p>\n<p>31. svibnja 2021[\/vc_hoverbox][\/vc_column][vc_column width=&#8221;1\/4&#8243;][vc_hoverbox image=&#8221;49290&#8243; primary_title=&#8221;Dok te nije bilo &#8211; dramski studio Dada&#8221; hover_title=&#8221;Dok te nije bilo &#8211; dramski studio Dada&#8221; hover_background_color=&#8221;custom&#8221; hover_btn_title=&#8221;Saznaj vi\u0161e&#8221; hover_add_button=&#8221;true&#8221; hover_custom_background=&#8221;#333030&#8243; hover_btn_link=&#8221;url:https%3A%2F%2Fczk-cakovec.hr%2Fdok-te-nije-bilo%2F&#8221;]3. prosinca 2019.[\/vc_hoverbox][\/vc_column][vc_column width=&#8221;1\/4&#8243;][vc_hoverbox image=&#8221;49291&#8243; primary_title=&#8221;Kralj Lear &#8211; dramski studio Dada KD Pinklec&#8221; hover_title=&#8221;Kralj Lear &#8211; Dramski studio Dada KD Pinklec&#8221; hover_background_color=&#8221;custom&#8221; hover_btn_title=&#8221;Saznaj vi\u0161e&#8221; hover_add_button=&#8221;true&#8221; hover_custom_background=&#8221;#333030&#8243; hover_btn_link=&#8221;url:https%3A%2F%2Fczk-cakovec.hr%2Fkralj-lear%2F&#8221;]6. lipnja 2019[\/vc_hoverbox][\/vc_column][vc_column width=&#8221;1\/4&#8243;][vc_hoverbox primary_title=&#8221;Bijeli klaun &#8211; premijera&#8221; hover_title=&#8221;Bijeli klaun premijera&#8221; hover_background_color=&#8221;custom&#8221; hover_btn_title=&#8221;Saznaj vi\u0161e&#8221; hover_add_button=&#8221;true&#8221; hover_custom_background=&#8221;#333030&#8243; hover_btn_link=&#8221;url:https%3A%2F%2Fczk-cakovec.hr%2Fbijeli-klaun%2F&#8221;]20. studenog 2018[\/vc_hoverbox][\/vc_column][\/vc_row][vc_row][vc_column width=&#8221;1\/4&#8243;][vc_hoverbox image=&#8221;49300&#8243; primary_title=&#8221;Snjeguljica dramski sudio Dada (2017.)&#8221; hover_title=&#8221;Snjeguljica &#8211; dramski studio Dada&#8221; hover_background_color=&#8221;custom&#8221; hover_btn_title=&#8221;Saznaj vi\u0161e&#8221; hover_add_button=&#8221;true&#8221; hover_custom_background=&#8221;#333030&#8243; hover_btn_link=&#8221;url:https%3A%2F%2Fczk-cakovec.hr%2Fsnjeguljica%2F&#8221;]9.prosinca 2017.[\/vc_hoverbox][\/vc_column][vc_column width=&#8221;1\/4&#8243;][vc_hoverbox image=&#8221;49301&#8243; primary_title=&#8221;The wall &#8211; dramski studio Dada&#8221; hover_title=&#8221;The wall &#8211; dramski studio Dada&#8221; hover_background_color=&#8221;custom&#8221; hover_btn_title=&#8221;Saznaj vi\u0161e&#8221; hover_add_button=&#8221;true&#8221; hover_custom_background=&#8221;#333030&#8243; hover_btn_link=&#8221;url:https%3A%2F%2Fczk-cakovec.hr%2Fthe-wall%2F&#8221;]7. svibnja 2017[\/vc_hoverbox][\/vc_column][vc_column width=&#8221;1\/4&#8243;][vc_hoverbox image=&#8221;49302&#8243; primary_title=&#8221;Ivica i Marica , pse\u0107a pri\u010da &#8211; Premijera&#8221; hover_title=&#8221;Ivica i Marica, pse\u0107a pri\u010da &#8211; Premijera&#8221; hover_background_color=&#8221;custom&#8221; hover_btn_title=&#8221;Saznaj vi\u0161e&#8221; hover_add_button=&#8221;true&#8221; hover_custom_background=&#8221;#333030&#8243; hover_btn_link=&#8221;url:https%3A%2F%2Fczk-cakovec.hr%2Fivica-i-marica-pseca-prica%2F&#8221;]28. studenoga 2016.[\/vc_hoverbox][\/vc_column][vc_column width=&#8221;1\/4&#8243;][vc_hoverbox image=&#8221;49303&#8243; primary_title=&#8221;Kako je je\u0161ko pobijedio prehladu &#8211; dramski studio Dada (2013.)&#8221; hover_title=&#8221;Kako je Je\u0161ko pobijedio prehladu&#8221; hover_background_color=&#8221;custom&#8221; hover_btn_title=&#8221;Saznaj vi\u0161e&#8221; hover_add_button=&#8221;true&#8221; hover_custom_background=&#8221;#333030&#8243; hover_btn_link=&#8221;url:https%3A%2F%2Fczk-cakovec.hr%2Fkako-je-jesko-pobijedio-prehladu%2F&#8221;]29. sije\u010dnja 2013[\/vc_hoverbox][\/vc_column][\/vc_row][vc_row][vc_column width=&#8221;1\/4&#8243;][vc_hoverbox image=&#8221;49304&#8243; primary_title=&#8221;Dje\u010dak Vuk i tri prasice&#8221; hover_title=&#8221;Dje\u010dak vuk i tri prasice&#8221; hover_background_color=&#8221;custom&#8221; hover_btn_title=&#8221;Saznaj vi\u0161e&#8221; hover_add_button=&#8221;true&#8221; hover_custom_background=&#8221;#333030&#8243; hover_btn_link=&#8221;url:https%3A%2F%2Fczk-cakovec.hr%2Fdjecak-vuk-i-tri-prasice%2F&#8221;]1.prosinca 2015[\/vc_hoverbox][\/vc_column][vc_column width=&#8221;1\/4&#8243;][vc_hoverbox image=&#8221;49305&#8243; primary_title=&#8221;ZOO! &#8211; dramski studio Dada&#8221; hover_title=&#8221;ZOO! &#8211; dramski studio Dada&#8221; hover_background_color=&#8221;custom&#8221; hover_btn_title=&#8221;Saznaj vi\u0161e&#8221; hover_add_button=&#8221;true&#8221; hover_custom_background=&#8221;#333030&#8243; hover_btn_link=&#8221;url:https%3A%2F%2Fczk-cakovec.hr%2Fzoo%2F&#8221;]25.svibnja 2015.[\/vc_hoverbox][\/vc_column][vc_column width=&#8221;1\/4&#8243;][vc_hoverbox image=&#8221;49306&#8243; primary_title=&#8221;General Kiro mi\u0161 &#8211; dramski studio Dada (2014)&#8221; hover_title=&#8221;General Kiro mi\u0161 &#8211; dramski studio Dada&#8221; hover_background_color=&#8221;custom&#8221; hover_btn_title=&#8221;Saznaj vi\u0161e&#8221; hover_add_button=&#8221;true&#8221; hover_custom_background=&#8221;#333030&#8243; hover_btn_link=&#8221;url:https%3A%2F%2Fczk-cakovec.hr%2Fgeneral-kiro-mis%2F&#8221;]25. studenoga 2014[\/vc_hoverbox][\/vc_column][vc_column width=&#8221;1\/4&#8243;][vc_hoverbox image=&#8221;49307&#8243; primary_title=&#8221;\u0160ta! &#8211; dramski studio Dada(2014.)&#8221; hover_title=&#8221;\u0160ta? &#8211; dramski studio Dada (2014.)&#8221; hover_background_color=&#8221;custom&#8221; hover_btn_title=&#8221;Saznaj vi\u0161e&#8221; hover_add_button=&#8221;true&#8221; hover_custom_background=&#8221;#333030&#8243; hover_btn_link=&#8221;url:https%3A%2F%2Fczk-cakovec.hr%2Fsta%2F&#8221;]20. studenoga 2013.[\/vc_hoverbox][\/vc_column][\/vc_row][vc_row][vc_column width=&#8221;1\/4&#8243;][vc_hoverbox image=&#8221;49308&#8243; primary_title=&#8221;Vjetropljus &#8211; dramski studio Dada (2012.)&#8221; hover_title=&#8221;Vjetropljus &#8211; dramski studio Dada(2012.)&#8221; hover_background_color=&#8221;custom&#8221; hover_btn_title=&#8221;Saznaj vi\u0161e&#8221; hover_add_button=&#8221;true&#8221; hover_custom_background=&#8221;#333030&#8243; hover_btn_link=&#8221;url:https%3A%2F%2Fczk-cakovec.hr%2Fvjetropljus%2F&#8221;]26. studenoga 2012.[\/vc_hoverbox][\/vc_column][vc_column width=&#8221;1\/4&#8243;][vc_hoverbox image=&#8221;49309&#8243; primary_title=&#8221;Vor\u017ei\u0161ek &#8211; dramski studio Dada(2006.)&#8221; hover_title=&#8221;Vor\u017ei\u0161ek &#8211; dramski studio Dada&#8221; hover_background_color=&#8221;custom&#8221; hover_btn_title=&#8221;Saznaj vi\u0161e&#8221; hover_add_button=&#8221;true&#8221; hover_custom_background=&#8221;#333030&#8243; hover_btn_link=&#8221;url:https%3A%2F%2Fczk-cakovec.hr%2Fvorzisek%2F&#8221;]17. prosinca 2006.[\/vc_hoverbox][\/vc_column][vc_column width=&#8221;1\/4&#8243;][vc_hoverbox primary_title=&#8221;Premijere dramskog studija Dada&#8221; hover_title=&#8221;Premijere dramskog studija Dada&#8221; hover_background_color=&#8221;custom&#8221; hover_btn_title=&#8221;Saznaj vi\u0161e&#8221; hover_add_button=&#8221;true&#8221; hover_custom_background=&#8221;#333030&#8243; hover_btn_link=&#8221;url:https%3A%2F%2Fczk-cakovec.hr%2Fdada-premijere%2F&#8221;]3. rujna 2000.[\/vc_hoverbox][\/vc_column][\/vc_row]\n<\/div>","protected":false},"excerpt":{"rendered":"<p>[vc_row][vc_column width=&#8221;1\/4&#8243;][vc_hoverbox image=&#8221;49285&#8243; primary_title=&#8221;20 godina dramskog studija Dada&#8221; hover_title=&#8221;20 godina dramskog studija Dada&#8221; hover_background_color=&#8221;custom&#8221; hover_btn_title=&#8221;Saznaj vi\u0161e&#8221; hover_add_button=&#8221;true&#8221; hover_custom_background=&#8221;#333030&#8243; hover_btn_link=&#8221;url:https%3A%2F%2Fczk-cakovec.hr%2Fpetar-pan%2F&#8221;]1.velja\u010de 2024[\/vc_hoverbox][\/vc_column][vc_column width=&#8221;1\/4&#8243;][vc_hoverbox image=&#8221;49286&#8243; primary_title=&#8221;Posljednja pahulja&#8221; hover_title=&#8221;Posljednja pahulja&#8221; hover_background_color=&#8221;custom&#8221; hover_btn_title=&#8221;Saznaj vi\u0161e&#8221; hover_add_button=&#8221;true&#8221; hover_custom_background=&#8221;#333030&#8243; hover_btn_link=&#8221;url:https%3A%2F%2Fczk-cakovec.hr%2Fposljednja-pahulja%2F&#8221;]&nbsp; 10.svibnja 2023.[\/vc_hoverbox][\/vc_column][vc_column width=&#8221;1\/4&#8243;][vc_hoverbox image=&#8221;49287&#8243; primary_title=&#8221;Premijera Mala seoska priredba&#8221; hover_title=&#8221;Premijera Mala seoska priredba&#8221; hover_background_color=&#8221;custom&#8221; hover_btn_title=&#8221;Saznaj vi\u0161e&#8221; hover_add_button=&#8221;true&#8221; hover_custom_background=&#8221;#333030&#8243; hover_btn_link=&#8221;url:https%3A%2F%2Fczk-cakovec.hr%2Fmala-seoska-priredba%2F&#8221;]27. svibnja 2022.[\/vc_hoverbox][\/vc_column][vc_column width=&#8221;1\/4&#8243;][vc_hoverbox image=&#8221;49288&#8243; primary_title=&#8221;Julija &#038; Julija&#8221; hover_title=&#8221;Julija &#038; Julija&#8221; [&hellip;]<\/p>\n","protected":false},"author":2,"featured_media":0,"parent":0,"menu_order":0,"comment_status":"closed","ping_status":"closed","template":"","meta":{"inline_featured_image":false,"footnotes":""},"class_list":["post-49283","page","type-page","status-publish","hentry"],"ulaznica_data":null,"_links":{"self":[{"href":"https:\/\/czk-cakovec.hr\/saturn\/wp-json\/wp\/v2\/pages\/49283","targetHints":{"allow":["GET"]}}],"collection":[{"href":"https:\/\/czk-cakovec.hr\/saturn\/wp-json\/wp\/v2\/pages"}],"about":[{"href":"https:\/\/czk-cakovec.hr\/saturn\/wp-json\/wp\/v2\/types\/page"}],"author":[{"embeddable":true,"href":"https:\/\/czk-cakovec.hr\/saturn\/wp-json\/wp\/v2\/users\/2"}],"replies":[{"embeddable":true,"href":"https:\/\/czk-cakovec.hr\/saturn\/wp-json\/wp\/v2\/comments?post=49283"}],"version-history":[{"count":9,"href":"https:\/\/czk-cakovec.hr\/saturn\/wp-json\/wp\/v2\/pages\/49283\/revisions"}],"predecessor-version":[{"id":49567,"href":"https:\/\/czk-cakovec.hr\/saturn\/wp-json\/wp\/v2\/pages\/49283\/revisions\/49567"}],"wp:attachment":[{"href":"https:\/\/czk-cakovec.hr\/saturn\/wp-json\/wp\/v2\/media?parent=49283"}],"curies":[{"name":"wp","href":"https:\/\/api.w.org\/{rel}","templated":true}]}}