{"id":49312,"date":"2025-12-29T13:04:35","date_gmt":"2025-12-29T12:04:35","guid":{"rendered":"https:\/\/czk-cakovec.hr\/?page_id=49312"},"modified":"2025-12-29T13:05:14","modified_gmt":"2025-12-29T12:05:14","slug":"petar-pan","status":"publish","type":"page","link":"https:\/\/czk-cakovec.hr\/saturn\/petar-pan\/","title":{"rendered":"20 godina dramskog studija Dada"},"content":{"rendered":"<div class=\"wpb-content-wrapper\">[vc_row equal_height=&#8221;yes&#8221; content_placement=&#8221;middle&#8221;][vc_column width=&#8221;1\/3&#8243;][vc_single_image image=&#8221;49285&#8243; img_size=&#8221;medium&#8221; alignment=&#8221;center&#8221; css=&#8221;&#8221;][\/vc_column][vc_column width=&#8221;2\/3&#8243;][vc_custom_heading text=&#8221;20 godina dramskog studija Dada&#8221; font_container=&#8221;tag:h1|text_align:left&#8221; css=&#8221;&#8221;][\/vc_column][\/vc_row][vc_row][vc_column][vc_column_text css=&#8221;&#8221;]<strong>DRAMSKI STUDIO DADA KD PINKLEC<\/strong><\/p>\n<p><strong>PETAR PAN<br \/>\n<\/strong><em>(proslava 20 godina neprekidnog rada)<\/em><br \/>\n1. Premijera 28. sije\u010dnja 2024. u Centru za kulturu \u010cakovec<br \/>\n2. Premijera 30. sije\u010dnja 2024. u Centru za kulturu \u010cakovec<br \/>\nDramsko lutkarska predstava<\/p>\n<p>Dokumentarnu reporta\u017eu o tome kako smo radili predstavu<br \/>\nmo\u017eete vidjeti ovdje \u2013\u00a0<a href=\"https:\/\/youtu.be\/Rf7jVo-JnRU\" data-type=\"URL\" data-id=\"https:\/\/youtu.be\/Rf7jVo-JnRU\"><strong>Petar Pan \u2013 making off<\/strong><\/a><\/p>\n<p><strong>O predstavi:<\/strong><\/p>\n<p>\u0160iroko poznata pri\u010da Petar Pan, dugi je niz godina predmet ekranizacija te je \u010desto odabir za kazali\u0161nu izvedbu. Radnja je malo kome nepoznata. Petar Pan je dje\u010dak bez sjene koji ne \u017eeli odrasti. Jedna od njegovih zanimacija je sjedenje na prozoru obitelji Darling i slu\u0161anje bajki. Kada slu\u010dajno upadne u dje\u010dju sobu i sjena mu se otrgne, sprijatelji se s Wendy i njenom bra\u0107om \u2013 Johnom i Michaelom. Oni \u0107e se tada, uz pomo\u0107 vilinskog praha, popeti vjetru na le\u0111a i zaputiti u Nigdjezemsku gdje \u0107e ih do\u010dekati Izgubljena djeca, Indijanci, vile, \u017eivotinje i naravno, gusari, a posebno neprijatelj Petra Pana \u2013 Kapetan Kuka. Dru\u0161tvo \u0107e se ve\u0107 na po\u010detku suo\u010diti s Wedyinom ozljedom, a kasnije i otmicom. No, Petar Pan, uvijek hrabar i spreman za avanturu, \u0107e uz pomo\u0107 vile Zvon\u010dice, Indijanaca i \u017eivotinja osloboditi djecu te Wendy i njezinu bra\u0107u od Kapetana Kuke. Postat \u0107e istinski heroj i kapetan broda. No, ubrzo \u0107e se Wendy i bra\u0107a morati vratiti jer ih kod ku\u0107e \u010dekaju zabrinuti roditelji. Pa ipak, ovakvu avanturu i ste\u010dena prijateljstva pamtit \u0107e cijeli \u017eivot.<\/p>\n<p><strong>Trajanje<\/strong>: 60 min.<br \/>\n<strong>Dob<\/strong>: 4 + (pred\u0161kolci, ni\u017ei i vi\u0161i razredi osnovne \u0161kole)<\/p>\n<p>&nbsp;<\/p>\n<p><strong>AUTORSKI TIM<\/strong><br \/>\n<strong>Redatelj<\/strong>: Davor Dokleja<br \/>\n<strong>Adaptacija:<\/strong>\u00a0Mateja Posedi\u00a0<em>(prema romanu J. M. Barrie)<\/em><br \/>\n<strong>Glazba<\/strong>: Igor Baksa<br \/>\n<strong>Kostimografija<\/strong>: Gospodarska \u0161kola \u010cakovec \u2013 sektor Moda, tekstil i ko\u017ea<br \/>\n<strong>Scenografija<\/strong>: Iva-Matija Bitanga<br \/>\n<strong>Suradnici na scenografiji:\u00a0<\/strong>Studenti kolegija Scenografija, III godina preddiplomskog kolegija Medijski dizajn, Sveu\u010dili\u0161te sjever<br \/>\n<strong>Suradnica za scenski pokret:<\/strong>\u00a0Ena Jagec<br \/>\n<strong>Oslikavanje lica:<\/strong>\u00a0Marija Vugrinec Bobek<br \/>\n<strong>Oblikovanje rasvjete:<\/strong>\u00a0Mario Zelenbaba<br \/>\n<strong>Majstor zvuka:<\/strong>\u00a0Mario Dvanaj\u0161\u010dak<br \/>\n<strong>Oblikovanje plakata:<\/strong>\u00a0Nadja Orki\u0107<br \/>\n<strong>Scenski radnici:<\/strong>\u00a0Zvonko Toti\u0107 i Tomica Gojnik<br \/>\n<strong>Voditelji grupa u Dadi:\u00a0<\/strong>Jelena Dokleja, Aleksandra Pleh, Ena Jagec, Alen Barbi\u0107, Bruno Kontrec, Mario Jak\u0161i\u0107, Aleksandar Filo i Davor Dokleja<\/p>\n<p><strong>Igraju<\/strong>:<\/p>\n<p><em>Polaznici svih grupa Dramskog studija Dada i njihovi voditelji.<\/em><\/p>\n<p>Matija \u0160venda (Petar Pan), Neven Mato\u0161a (Kapetan Kuka), Franka Bene (Wendy Darling), Izak Golenko (John Darling), Mara Barbi\u0107 (Zvon\u010dica), Petar Mavrin (Michael Darling), Jelena Dokleja (G\u0111a Darling), Alen Barbi\u0107 (Gdin Darling)<\/p>\n<p>Aleksandra Mihoci, Amy Farka\u0161, Ana Pintari\u0107, Anabella Mesari\u0107, Anela Kr\u010dmar, Antonija Vinkovi\u0107, Asja Pintari\u0107, Bruna Fodor, Dina Dobo\u0161i\u0107, Dora Kova\u010di\u0107, Dora Vujani\u0107, Dora Zvo\u0161ec, Elena Abramovi\u0107, Ena Lopari\u0107, Eni Vibovi\u0107, Franka Vukina, Gracia Lesjak, Greta \u0160imuni\u0107, Helena Taka\u010d, Hermina Ostoja, Ida Lajtman, Isabela Panam, Ivan Stan\u010din, Ivna Suboti\u0107, Ivona Belovi\u0107 Ter, Ivor Krajcer, Jan Gregorec, Jana Hlap\u010di\u0107, Juraj Vi\u010devi\u0107, Karla Kralji\u0107, Karlo Zeman, Lana Kramar, Lara Braji\u0107, Laura Smilovi\u0107, Lena Mar\u010dec, Leona Pokos, Lorena Jugovi\u0107, Lovro Bla\u017eon, Lui Trstenjak, Luka Lehkec, Luka Smilovi\u0107, Luna \u0160ari\u0107, Magdalena Pinc, Matej Peras, Matilda Klju\u010dari\u0107, Marin Medi\u0107, Martin Zadravec, Mia Kramar, Mia Palfi, Naomi Cimerman, Nika Bajkovec, Nola Ivanovi\u0107, Nola Jan\u010dec, Olivia Ble\u0161\u0107, Pavla Tratnjak, Pia Babi\u0107, Rita Bo\u017ei\u0107, Rose Farka\u0161, Rubi Mu\u010di\u0107, Sana Cimerman, Sara Hassan, Simon Varo\u0161anec, Tena Perenc, Tia Kosi\u0107, Tia \u0160arkanj, Tia Toplek, Tija \u0160imi\u010d, Tonka Ko\u0161ak, Una \u010conka\u0161, Vida Ha\u010dek, Vito Ivan\u010di\u0107, Viktor Ken\u0111el, Vito Kramar, Zara Nedeljko<\/p>\n<p>Aleksandar Filo, Aleksandra Pleh, Bruno Kontrec, Ena Jagec, Mario Jak\u0161i\u0107<\/p>\n<p><strong>Suradnici na kostimografiji u\u010denici Gospodarske \u0161kole \u010cakovec i njihove mentorice<\/strong><\/p>\n<p><em>Izabrana idejna rje\u0161enja skica u\u010denica:<\/em><br \/>\nVanessa Golubi\u0107 (za Johna, Michaela, tatu Darling i Izgubljenu djecu)<br \/>\nDora Kova\u010di\u0107 (za Petra Pana, Wendy i mamu Darling)<br \/>\nAna Kavran (Gusari)<br \/>\nNika Vabec (Zvon\u010dica)<br \/>\nTaisa Helena Toma\u0161i\u0107 (Kapetan Kuka)<br \/>\n<em>Konstrukcija kostima i izrada kostima za Gusare, Indijance i Izgubljenu djecu \u2013\u00a0 Modni tehni\u010dar\u00a03. AM:<\/em><br \/>\nKarla Zanjko, Larisa \u017divko, Nika Vabec, Taisa Helena Toma\u0161i\u0107, Noema Plevnjak, Valerija Pintari\u0107, Sanja Petrov, Lorena Mari\u0107, Ana Levani\u0107 i Antonija Jaklin.<br \/>\n<em>Konstrukcija kostima i izrada kostima za obitelj Darling, Vile i Zvon\u010dicu<\/em>: 2. KO: Paola \u0160kvorc, Branka Karloci i Marina Balog. 3. KO: Lorena Cesar i Filipa Horvat.<br \/>\n<em>Izrada obu\u0107e za Petra Pana, Wendy, Zvon\u010dicu, Michaela i Johna \u2013 Obu\u0107ar 3. KO:<\/em><br \/>\nJosipa Folder, Lea Granatir, Gabrijela Horvat, Lana Lastavec, Marija Nesti\u0107, Silvija Pavi\u0107, Sara Sabol, Josip \u0160ardi,<\/p>\n<p><em>Mentorice:<\/em><br \/>\nJadranka Pro\u0161ev, Ivana \u0110ebi\u0107 Danenhauer, Ana-Marija Bogdanovi\u0107, Marija Lisjak, Andreja Modrinjak i Ines Ciglari\u0107[\/vc_column_text][\/vc_column][\/vc_row][vc_row][vc_column][vc_gallery type=&#8221;image_grid&#8221; images=&#8221;49314,49315,49316,49317&#8243; css=&#8221;&#8221;][\/vc_column][\/vc_row]\n<\/div>","protected":false},"excerpt":{"rendered":"<p>[vc_row equal_height=&#8221;yes&#8221; content_placement=&#8221;middle&#8221;][vc_column width=&#8221;1\/3&#8243;][vc_single_image image=&#8221;49285&#8243; img_size=&#8221;medium&#8221; alignment=&#8221;center&#8221; css=&#8221;&#8221;][\/vc_column][vc_column width=&#8221;2\/3&#8243;][vc_custom_heading text=&#8221;20 godina dramskog studija Dada&#8221; font_container=&#8221;tag:h1|text_align:left&#8221; css=&#8221;&#8221;][\/vc_column][\/vc_row][vc_row][vc_column][vc_column_text css=&#8221;&#8221;]DRAMSKI STUDIO DADA KD PINKLEC PETAR PAN (proslava 20 godina neprekidnog rada) 1. Premijera 28. sije\u010dnja 2024. u Centru za kulturu \u010cakovec 2. Premijera 30. sije\u010dnja 2024. u Centru za kulturu \u010cakovec Dramsko lutkarska predstava Dokumentarnu reporta\u017eu o tome kako smo radili predstavu mo\u017eete [&hellip;]<\/p>\n","protected":false},"author":2,"featured_media":0,"parent":0,"menu_order":0,"comment_status":"closed","ping_status":"closed","template":"","meta":{"inline_featured_image":false,"footnotes":""},"class_list":["post-49312","page","type-page","status-publish","hentry"],"ulaznica_data":null,"_links":{"self":[{"href":"https:\/\/czk-cakovec.hr\/saturn\/wp-json\/wp\/v2\/pages\/49312","targetHints":{"allow":["GET"]}}],"collection":[{"href":"https:\/\/czk-cakovec.hr\/saturn\/wp-json\/wp\/v2\/pages"}],"about":[{"href":"https:\/\/czk-cakovec.hr\/saturn\/wp-json\/wp\/v2\/types\/page"}],"author":[{"embeddable":true,"href":"https:\/\/czk-cakovec.hr\/saturn\/wp-json\/wp\/v2\/users\/2"}],"replies":[{"embeddable":true,"href":"https:\/\/czk-cakovec.hr\/saturn\/wp-json\/wp\/v2\/comments?post=49312"}],"version-history":[{"count":3,"href":"https:\/\/czk-cakovec.hr\/saturn\/wp-json\/wp\/v2\/pages\/49312\/revisions"}],"predecessor-version":[{"id":49319,"href":"https:\/\/czk-cakovec.hr\/saturn\/wp-json\/wp\/v2\/pages\/49312\/revisions\/49319"}],"wp:attachment":[{"href":"https:\/\/czk-cakovec.hr\/saturn\/wp-json\/wp\/v2\/media?parent=49312"}],"curies":[{"name":"wp","href":"https:\/\/api.w.org\/{rel}","templated":true}]}}