{"id":49381,"date":"2025-12-29T13:27:41","date_gmt":"2025-12-29T12:27:41","guid":{"rendered":"https:\/\/czk-cakovec.hr\/?page_id=49381"},"modified":"2025-12-29T13:32:26","modified_gmt":"2025-12-29T12:32:26","slug":"julija-i-julija","status":"publish","type":"page","link":"https:\/\/czk-cakovec.hr\/saturn\/julija-i-julija\/","title":{"rendered":"Julija i Julija"},"content":{"rendered":"<div class=\"wpb-content-wrapper\">[vc_row equal_height=&#8221;yes&#8221; content_placement=&#8221;middle&#8221;][vc_column width=&#8221;1\/3&#8243;][vc_single_image image=&#8221;49288&#8243; img_size=&#8221;medium&#8221; alignment=&#8221;center&#8221; css=&#8221;&#8221;][\/vc_column][vc_column width=&#8221;2\/3&#8243;][vc_custom_heading text=&#8221;Julija &amp; Julija&#8221; font_container=&#8221;tag:h1|text_align:left&#8221; css=&#8221;&#8221;][\/vc_column][\/vc_row][vc_row][vc_column][vc_column_text css=&#8221;&#8221;]Dramski studio Dada KD Pinklec<\/p>\n<p>\u2026 O dvije Julije iz dvije razli\u010dite civilizacije.<br \/>\n\u2026 Julije koje su prona\u0161le zajedni\u010dki jezik u dodiru koji se nije smio dogoditi.<br \/>\n\u2026 Ljubavi koja poku\u0161ava prona\u0107i pukotinu u kojoj \u0107e opstati, izme\u0111u prostora koji ispunjavaju konvencije i du\u017enosti.<br \/>\n\u2026 Prema roditeljima i dru\u0161tvu, u razlikama civilizacija iz kojih dolaze.<br \/>\n\u2026 O djevojkama koje su samo \u017eeljele hodati zajedno, ali su znale su da \u0107e se jednom \u00a0poskliznuti.<br \/>\n\u2026 Ne svojom krivicom.<\/p>\n<p><strong>Redatelj i dramaturg:<\/strong>\u00a0Davor Dokleja<br \/>\n<strong>Tekst:<\/strong>\u00a0Ivona Marciu\u0161<br \/>\n<strong>Scenografija i kostimografija:<\/strong>\u00a0Ines \u010ci\u017eme\u0161ija<br \/>\n<strong>Glazba<\/strong>:\u017deljko Posavec (Udruga Baraka)<br \/>\n<strong>Suradnica za scenski pokret:\u00a0<\/strong>Ena Jagec<strong><br \/>\nOblikovanje rasvjete:<\/strong>\u00a0Mario Zelenbaba<br \/>\n<strong>Oblikovanje plakata:<\/strong>\u00a0Ena Jagec<\/p>\n<p>Igraju: Mara Barbi\u0107, Magdalena Pinc, Jakov Feher, Dora Sr\u0111enovi\u0107, Franka Bene, Sara Hassan, Simon Varo\u0161anec, Martin Zadravec i Vida Ha\u010dek<\/p>\n<p><strong>Trajanje<\/strong>:\u00a050 minuta<\/p>\n<p><strong>Uzrast<\/strong>:\u00a012+ (vi\u0161i razredi osnovne \u0161kole i srednjo\u0161kolci)[\/vc_column_text][\/vc_column][\/vc_row][vc_row][vc_column][vc_gallery type=&#8221;image_grid&#8221; images=&#8221;49394,49395,49396,49397,49398,49399,49400,49401,49402,49403,49404,49405,49406&#8243; css=&#8221;&#8221;][\/vc_column][\/vc_row]\n<\/div>","protected":false},"excerpt":{"rendered":"<p>[vc_row equal_height=&#8221;yes&#8221; content_placement=&#8221;middle&#8221;][vc_column width=&#8221;1\/3&#8243;][vc_single_image image=&#8221;49288&#8243; img_size=&#8221;medium&#8221; alignment=&#8221;center&#8221; css=&#8221;&#8221;][\/vc_column][vc_column width=&#8221;2\/3&#8243;][vc_custom_heading text=&#8221;Julija &amp; Julija&#8221; font_container=&#8221;tag:h1|text_align:left&#8221; css=&#8221;&#8221;][\/vc_column][\/vc_row][vc_row][vc_column][vc_column_text css=&#8221;&#8221;]Dramski studio Dada KD Pinklec \u2026 O dvije Julije iz dvije razli\u010dite civilizacije. \u2026 Julije koje su prona\u0161le zajedni\u010dki jezik u dodiru koji se nije smio dogoditi. \u2026 Ljubavi koja poku\u0161ava prona\u0107i pukotinu u kojoj \u0107e opstati, izme\u0111u prostora koji ispunjavaju konvencije i du\u017enosti. \u2026 Prema [&hellip;]<\/p>\n","protected":false},"author":2,"featured_media":0,"parent":0,"menu_order":0,"comment_status":"closed","ping_status":"closed","template":"","meta":{"inline_featured_image":false,"footnotes":""},"class_list":["post-49381","page","type-page","status-publish","hentry"],"ulaznica_data":null,"_links":{"self":[{"href":"https:\/\/czk-cakovec.hr\/saturn\/wp-json\/wp\/v2\/pages\/49381","targetHints":{"allow":["GET"]}}],"collection":[{"href":"https:\/\/czk-cakovec.hr\/saturn\/wp-json\/wp\/v2\/pages"}],"about":[{"href":"https:\/\/czk-cakovec.hr\/saturn\/wp-json\/wp\/v2\/types\/page"}],"author":[{"embeddable":true,"href":"https:\/\/czk-cakovec.hr\/saturn\/wp-json\/wp\/v2\/users\/2"}],"replies":[{"embeddable":true,"href":"https:\/\/czk-cakovec.hr\/saturn\/wp-json\/wp\/v2\/comments?post=49381"}],"version-history":[{"count":3,"href":"https:\/\/czk-cakovec.hr\/saturn\/wp-json\/wp\/v2\/pages\/49381\/revisions"}],"predecessor-version":[{"id":49412,"href":"https:\/\/czk-cakovec.hr\/saturn\/wp-json\/wp\/v2\/pages\/49381\/revisions\/49412"}],"wp:attachment":[{"href":"https:\/\/czk-cakovec.hr\/saturn\/wp-json\/wp\/v2\/media?parent=49381"}],"curies":[{"name":"wp","href":"https:\/\/api.w.org\/{rel}","templated":true}]}}